{"id":14802,"date":"2018-05-03T14:23:33","date_gmt":"2018-05-03T13:23:33","guid":{"rendered":"https:\/\/lottohoy.com\/?page_id=14802"},"modified":"2025-03-17T16:59:30","modified_gmt":"2025-03-17T16:59:30","slug":"%e6%ad%90%e6%b4%b2%e5%a4%a7%e7%8d%8e%e8%b3%87%e8%a8%8a","status":"publish","type":"page","link":"https:\/\/lottohoy.com\/zh-hans\/%e9%97%9c%e6%96%bc%e5%9c%a8%e7%b7%9a%e5%bd%a9%e7%a5%a8%e7%9a%84%e6%89%80%e6%9c%89%e4%bf%a1%e6%81%af\/%e6%ad%90%e6%b4%b2%e5%a4%a7%e7%8d%8e%e8%b3%87%e8%a8%8a\/","title":{"rendered":"\u6b50\u6d32\u5927\u734e\u8cc7\u8a0a"},"content":{"rendered":"<p>\u6b50\u6d32\u5927\u734e\u904a\u6232\u81ea 2012 \u5e74\u958b\u59cb\u8209\u8fa6\uff0c\u6709 17 \u500b\u6b50\u6d32\u570b\u5bb6\u53c3\u52a0\u3002<strong>\u62bd\u734e\u6642\u9593\u70ba\u6bcf\u9031\u4e8c\u3001\u4e94<\/strong>\uff0c\u60a8\u53ef\u4ee5\u900f\u904e\u8207\u6211\u5011\u4e00\u8d77\u73a9\u5be6\u9ad4\u6216\u5728\u7dda\u8cfc\u8cb7\u5f69\u7968\u3002<\/p>\n<h2>ONCE \u6b50\u6d32\u5927\u734e\u5f69\u7968<\/h2>\n<p>\u897f\u73ed\u7259\u7684 Eurojackpot \u5f69\u7968\u901a\u5e38\u8207 ONCE\uff08\u897f\u73ed\u7259\u570b\u5bb6\u76f2\u4eba\u7d44\u7e54\uff09\u76f8\u95dc\uff0c\u56e0\u70ba\u5b83\u662f\u53c3\u8207\u8a72\u5f69\u7968\u7684\u7d44\u7e54\u4e4b\u4e00\u3002<\/p>\n<p>2005 \u5e74\uff0c<span style=\"color: #3366ff;\"><a style=\"color: #3366ff;\" href=\"https:\/\/lottohoy.com\/zh-hans\/\u5728\u7dda\u8cfc\u8cb7\u5f69\u7968\/\u73a9\u6b50\u6d32\u6a02\u900f\u5f69\/\">\u7531\u65bc\u6b50\u6d32\u767e\u842c\u5f69\u7968<\/a><\/span>\u53d6\u5f97\u4e86\u5de8\u5927\u6210\u529f\uff0c\u5275\u5efa\u65b0\u7684\u6b50\u6d32\u5f69\u7968\u7684\u53ef\u80fd\u6027\u958b\u59cb\u5f62\u6210\u3002<\/p>\n<p>\u4f46\u76f4\u5230 2011 \u5e74\u624d\u9054\u6210\u767c\u5e03\u904a\u6232\u7684\u6700\u7d42\u5354\u8b70\u3002<\/p>\n<p>\u6700\u521d\u7c3d\u7f72\u5354\u8b70\u7684\u570b\u5bb6\u6709\uff1a\u5fb7\u570b\u3001\u4e39\u9ea5\u3001\u611b\u6c99\u5c3c\u4e9e\u3001\u65af\u6d1b\u7dad\u5c3c\u4e9e\u3001\u82ac\u862d\u548c\u8377\u862d\u3002\u7fa9\u5927\u5229\u5f8c\u4f86\u52a0\u5165\uff0c\u76f4\u52302012\u5e746\u670830\u65e5\u897f\u73ed\u7259\u624d\u4ee5ONCE\u52a0\u5165\u3002<\/p>\n<p>2013\u5e742\u6708\uff0c\u514b\u7f85\u57c3\u897f\u4e9e\u3001\u51b0\u5cf6\u3001\u62c9\u812b\u7dad\u4e9e\u3001\u7acb\u9676\u5b9b\u3001\u632a\u5a01\u548c\u745e\u5178\u7b49\u570b\u52a0\u5165\u70ba\u7d44\u7e54\u8005\u3002 2014 \u5e74 10 \u6708\uff0c\u4ed6\u5011\u662f\u5308\u7259\u5229\u548c\u6377\u514b\u5171\u548c\u570b\uff0c2015 \u5e74\u662f\u65af\u6d1b\u4f10\u514b\uff0c\u6700\u5f8c\u662f 2017 \u5e74\u6ce2\u862d\uff0c\u5b8c\u6210\u4e86 18 \u500b\u53c3\u52a0 Eurojackpot \u7684\u570b\u5bb6\u3002<\/p>\n<p>\u8a72\u5f69\u7968\u8207\u6b50\u6d32\u767e\u842c\u5f69\u7968\u5177\u6709\u76f8\u4f3c\u7684\u7279\u5fb5\uff0c\u4f46\u5176\u4e0d\u540c\u4e4b\u8655\u5728\u65bc\uff0c\u5b83\u5c07\u6700\u5927\u982d\u734e\u9650\u5236\u70ba 9000 \u842c\u6b50\u5143\uff0c\u622a\u81f3 2021 \u5e74 3 \u6708 19 \u65e5\u70ba 1.2 \u5104\u6b50\u5143\uff0c\u800c\u6b50\u6d32\u767e\u842c\u5f69\u7968\u7684\u4e0a\u9650\u70ba 2.5 \u5104\u6b50\u5143\u3002<\/p>\n<p>\u7136\u800c\uff0c\u5728\u6b50\u6d32\u5927\u734e\u4e2d\u8d0f\u5f97\u6700\u9ad8\u985e\u5225\u734e\u91d1\u7684\u5e7e\u7387\u6bd4\u5728\u6b50\u6d32\u767e\u842c\u5f69\u7968\u751a\u81f3\u5176\u4ed6\u5f69\u7968\u4e2d\u66f4\u9ad8\u3002<\/p>\n<h2>EuroJackpot \u7684\u6bd4\u8cfd\u65e5\u671f\u662f\u54ea\u5e7e\u5929\uff1f<\/h2>\n<p>Eurojackpot \u62bd\u734e\u6bcf\u9031\u4e8c\u548c\u9031\u4e94\u665a\u4e0a 9:00 GTM \u5f9e\u8d6b\u723e\u8f9b\u57fa\u5e02\u8209\u884c\u3002\u5728\u897f\u73ed\u7259\uff0c\u8a72\u7bc0\u76ee\u6bcf\u9031\u4e94\u665a\u4e0a 10 \u9ede 15 \u5206\u5728\u96fb\u8996\u4e0a\u5ef6\u9072\u64ad\u51fa\u3002<\/p>\n<h2>\u6b50\u6d32\u5927\u734e\u50f9\u683c<\/h2>\n<p>\u5728\u53c3\u8207\u8a72\u6b50\u6d32\u5f69\u7968\u7684 18 \u500b\u570b\u5bb6\u4e2d\u7684 16 \u500b\u570b\u5bb6\u4e2d\uff0c\u6bcf\u5f35 Eurojackpot \u5f69\u7968\u7684\u5b98\u65b9\u50f9\u683c\u70ba 2 \u6b50\u5143\uff08\u5728\u51b0\u5cf6\u548c\u632a\u5a01\uff0c\u8a72\u50f9\u683c\u4ee5\u5404\u81ea\u7684\u8ca8\u5e63\u8a08\u7b97\uff09\u3002<\/p>\n<p>\u5728 LottoHoy.com\uff0c\u60a8\u53ef\u4ee5\u5f9e 3.95 \u6b50\u5143\u8d77\u73a9 Eurojackpot\uff08\u53ef\u80fd\u662f\u8207\u5176\u4ed6\u7dda\u4e0a\u5f69\u7968\u5e73\u53f0\u76f8\u6bd4\u7684\u6700\u4f4e\u50f9\u683c\uff09<\/p>\n<p>\u9580\u7968\u5b98\u65b9\u50f9\u683c\u8207\u7db2\u4e0a\u63d0\u4f9b\u7684\u50f9\u683c\u4e4b\u9593\u7684\u5dee\u7570\u4e3b\u8981\u662f\u7531\u65bc\u5728\u4e3b\u8fa6\u570b\u5883\u5916\u8cfc\u8cb7\u6642\u7522\u751f\u7684\u7ba1\u7406\u6210\u672c<a href=\"https:\/\/lottohoy.com\/zh-hans\/\u95dc\u65bc\u5728\u7dda\u5f69\u7968\u7684\u6240\u6709\u4fe1\u606f\/\"><span style=\"color: #3366ff;\">\u4ee5\u53ca\u5728\u7dda\u5f69\u7968\u5e73\u53f0<\/span><\/a>\u63d0\u4f9b\u7684\u9644\u52a0\u670d\u52d9\u3002<\/p>\n<h2>Eurojackpot\uff1a\u8207\u5176\u4ed6\u5f69\u5238\u76f8\u6bd4\u7684\u982d\u734e\u548c\u8ce0\u7387\u3002<\/h2>\n<p>\u5728\u4e0b\u9762\u7684\u65b9\u6846\u4e2d\uff0c\u6211\u5011\u53ef\u4ee5\u770b\u5230\u6b50\u6d32\u5927\u734e\u8207\u6700\u53d7\u6b61\u8fce\u7684\u5f69\u7968\u7684\u6bd4\u8f03\uff1a\u539f\u7522\u570b\u5be6\u9ad4\u8cfc\u8cb7\u5f69\u7968\u7684\u50f9\u683c\u3001\u7db2\u4e0a\u8cfc\u8cb7\u7684\u8cbb\u7528\u4ee5\u53ca\u7372\u5f97\u6bcf\u7a2e\u5f69\u7968\u7684\u4e00\u7b49\u734e\u6216\u982d\u734e\u7684\u6982\u7387\uff0c\u4ee5\u4fbf\u60a8\u6c7a\u5b9a\u54ea\u7a2e\u5f69\u7968\u6700\u9069\u5408\u60a8\u3002<\/p>\n<table class=\"t1\" style=\"width: 551px;\" cellspacing=\"0\" cellpadding=\"0\">\n<tbody>\n<tr>\n<td class=\"td1\" style=\"width: 119.422px;\" valign=\"top\">\n<p class=\"p1\">\u62bd\u7c64<\/p>\n<\/td>\n<td class=\"td1\" style=\"width: 80.2812px;\" valign=\"top\">\n<p class=\"p1\">\u50f9\u683c<\/p>\n<\/td>\n<td class=\"td1\" style=\"width: 88.8594px;\" valign=\"top\">\n<p class=\"p1\">\u7db2\u8def\u50f9\u683c<\/p>\n<\/td>\n<td class=\"td1\" style=\"width: 124.828px;\" valign=\"top\">\n<p class=\"p1\">\u6700\u9ad8\u734e\u91d1<\/p>\n<\/td>\n<td class=\"td1\" style=\"width: 125.609px;\" valign=\"top\">\n<p class=\"p1\">\u8ce0\u7387<\/p>\n<\/td>\n<\/tr>\n<tr>\n<td class=\"td1\" style=\"width: 119.422px;\" valign=\"top\">\n<p class=\"p2\">Eurojackpot<\/p>\n<\/td>\n<td class=\"td1\" style=\"width: 80.2812px;\" valign=\"top\">\n<p class=\"p3\">2,00 \u20ac<\/p>\n<\/td>\n<td class=\"td1\" style=\"width: 88.8594px;\" valign=\"top\">\n<p class=\"p3\">3,95 \u20ac<\/p>\n<\/td>\n<td class=\"td1\" style=\"width: 124.828px;\" valign=\"top\">\n<p class=\"p3\">120.000.000 \u20ac<\/p>\n<\/td>\n<td class=\"td1\" style=\"width: 125.609px;\" valign=\"top\">\n<p class=\"p3\">1 em 95.344.200<\/p>\n<\/td>\n<\/tr>\n<tr>\n<td class=\"td1\" style=\"width: 119.422px;\" valign=\"top\">\n<p class=\"p2\">Euromillones<\/p>\n<\/td>\n<td class=\"td1\" style=\"width: 80.2812px;\" valign=\"top\">\n<p class=\"p3\">2,50 \u20ac<\/p>\n<\/td>\n<td class=\"td1\" style=\"width: 88.8594px;\" valign=\"top\">\n<p class=\"p3\">3,95 \u20ac<\/p>\n<\/td>\n<td class=\"td1\" style=\"width: 124.828px;\" valign=\"top\">\n<p class=\"p3\">250.000.000 \u20ac<\/p>\n<\/td>\n<td class=\"td1\" style=\"width: 125.609px;\" valign=\"top\">\n<p class=\"p3\">1 em 139.838.160<\/p>\n<\/td>\n<\/tr>\n<tr>\n<td class=\"td1\" style=\"width: 119.422px;\" valign=\"top\">\n<p class=\"p2\">SuperEnalotto<\/p>\n<\/td>\n<td class=\"td1\" style=\"width: 80.2812px;\" valign=\"top\">\n<p class=\"p3\">1,00 \u20ac<\/p>\n<\/td>\n<td class=\"td1\" style=\"width: 88.8594px;\" valign=\"top\">\n<p class=\"p3\">3,00 \u20ac<\/p>\n<\/td>\n<td class=\"td1\" style=\"width: 124.828px;\" valign=\"top\">\n<p class=\"p3\">sem limites<\/p>\n<\/td>\n<td class=\"td1\" style=\"width: 125.609px;\" valign=\"top\">\n<p class=\"p3\">1 em 622.614.630<\/p>\n<\/td>\n<\/tr>\n<tr>\n<td class=\"td1\" style=\"width: 119.422px;\" valign=\"top\">\n<p class=\"p2\">PowerBall US<\/p>\n<\/td>\n<td class=\"td1\" style=\"width: 80.2812px;\" valign=\"top\">\n<p class=\"p3\">2,00 $<\/p>\n<\/td>\n<td class=\"td1\" style=\"width: 88.8594px;\" valign=\"top\">\n<p class=\"p3\">3,95 \u20ac<\/p>\n<\/td>\n<td class=\"td1\" style=\"width: 124.828px;\" valign=\"top\">\n<p class=\"p3\">sem limites<\/p>\n<\/td>\n<td class=\"td1\" style=\"width: 125.609px;\" valign=\"top\">\n<p class=\"p3\">1 em 292.201.338<\/p>\n<\/td>\n<\/tr>\n<tr>\n<td class=\"td1\" style=\"width: 119.422px;\" valign=\"top\">\n<p class=\"p2\">MegaMillions<\/p>\n<\/td>\n<td class=\"td1\" style=\"width: 80.2812px;\" valign=\"top\">\n<p class=\"p3\">2,00 $<\/p>\n<\/td>\n<td class=\"td1\" style=\"width: 88.8594px;\" valign=\"top\">\n<p class=\"p3\">3.95 \u20ac<\/p>\n<\/td>\n<td class=\"td1\" style=\"width: 124.828px;\" valign=\"top\">\n<p class=\"p3\">sem limites<\/p>\n<\/td>\n<td class=\"td1\" style=\"width: 125.609px;\" valign=\"top\">\n<p class=\"p3\">1 em 302.575.350<\/p>\n<\/td>\n<\/tr>\n<tr>\n<td class=\"td1\" style=\"width: 119.422px;\" valign=\"top\">\n<p class=\"p2\">La Primitiva<\/p>\n<\/td>\n<td class=\"td1\" style=\"width: 80.2812px;\" valign=\"top\">\n<p class=\"p3\">1,00 \u20ac<\/p>\n<\/td>\n<td class=\"td1\" style=\"width: 88.8594px;\" valign=\"top\">\n<p class=\"p3\">2,00 \u20ac<\/p>\n<\/td>\n<td class=\"td1\" style=\"width: 124.828px;\" valign=\"top\">\n<p class=\"p3\">sem limites<\/p>\n<\/td>\n<td class=\"td1\" style=\"width: 125.609px;\" valign=\"top\">\n<p class=\"p3\">1 em 139.838.160<\/p>\n<\/td>\n<\/tr>\n<tr>\n<td class=\"td1\" style=\"width: 119.422px;\" valign=\"top\">\n<p class=\"p2\">PowerBall AU<\/p>\n<\/td>\n<td class=\"td1\" style=\"width: 80.2812px;\" valign=\"top\">\n<p class=\"p3\">1,20 $<\/p>\n<\/td>\n<td class=\"td1\" style=\"width: 88.8594px;\" valign=\"top\">\n<p class=\"p3\">2,00 \u20ac<\/p>\n<\/td>\n<td class=\"td1\" style=\"width: 124.828px;\" valign=\"top\">\n<p class=\"p3\">sem limites<\/p>\n<\/td>\n<td class=\"td1\" style=\"width: 125.609px;\" valign=\"top\">\n<p class=\"p3\">1 em 134.490.400<\/p>\n<\/td>\n<\/tr>\n<tr>\n<td class=\"td1\" style=\"width: 119.422px;\" valign=\"top\">\n<p class=\"p2\">UK Lottery<\/p>\n<\/td>\n<td class=\"td1\" style=\"width: 80.2812px;\" valign=\"top\">\n<p class=\"p3\">2,00 \u00a3<\/p>\n<\/td>\n<td class=\"td1\" style=\"width: 88.8594px;\" valign=\"top\">\n<p class=\"p3\">4,00 \u20ac<\/p>\n<\/td>\n<td class=\"td1\" style=\"width: 124.828px;\" valign=\"top\">\n<p class=\"p3\">22.000.000 \u00a3<\/p>\n<\/td>\n<td class=\"td1\" style=\"width: 125.609px;\" valign=\"top\">\n<p class=\"p3\">1 em 45.057.474<\/p>\n<\/td>\n<\/tr>\n<tr>\n<td class=\"td1\" style=\"width: 119.422px;\" valign=\"top\">\n<p class=\"p2\">French Lotto<\/p>\n<\/td>\n<td class=\"td1\" style=\"width: 80.2812px;\" valign=\"top\">\n<p class=\"p3\">2,20 \u20ac<\/p>\n<\/td>\n<td class=\"td1\" style=\"width: 88.8594px;\" valign=\"top\">\n<p class=\"p3\">3,50 \u20ac<\/p>\n<\/td>\n<td class=\"td1\" style=\"width: 124.828px;\" valign=\"top\">\n<p class=\"p3\">Jackpot At\u00e9 34 acumula\u00e7\u00f5es<\/p>\n<\/td>\n<td class=\"td1\" style=\"width: 125.609px;\" valign=\"top\">\n<p class=\"p3\">1 em 19.068.840<\/p>\n<\/td>\n<\/tr>\n<\/tbody>\n<\/table>\n<p>&nbsp;<\/p>\n","protected":false},"excerpt":{"rendered":"<p>\u6b50\u6d32\u5927\u734e\u904a\u6232\u81ea 2012 \u5e74\u958b\u59cb\u8209\u8fa6\uff0c\u6709 17 \u500b\u6b50\u6d32\u570b\u5bb6\u53c3\u52a0\u3002\u62bd\u734e\u6642\u9593\u70ba\u6bcf\u9031\u4e8c\u3001\u4e94\uff0c\u60a8\u53ef\u4ee5\u900f\u904e\u8207\u6211\u5011\u4e00\u8d77\u73a9\u5be6 [&hellip;]<\/p>\n","protected":false},"author":2,"featured_media":0,"parent":14724,"menu_order":4,"comment_status":"closed","ping_status":"closed","template":"eurojackpot-info.php","meta":{"_et_pb_use_builder":"","_et_pb_old_content":"","_et_gb_content_width":"","exclude_from_search":false,"footnotes":""},"class_list":["post-14802","page","type-page","status-publish","hentry"],"yoast_head":"<!-- This site is optimized with the Yoast SEO plugin v23.7 - https:\/\/yoast.com\/wordpress\/plugins\/seo\/ -->\n<title>\u6b50\u6d32\u5927\u734e\u8cc7\u8a0a - Lottohoy<\/title>\n<meta name=\"description\" content=\"\u4e86\u89e3 Eurojackpot\uff0c\u6700\u53d7\u6b61\u8fce\u7684\u5f69\u7968\u4e4b\u4e00\u3002\u73fe\u5728\u60a8\u53ef\u4ee5\u900f\u904e\u6211\u5011\u7684\u904a\u6232\u7dda\u4e0a\u8cfc\u8cb7\u5f69\u7968\u3002\" \/>\n<meta name=\"robots\" content=\"index, follow, max-snippet:-1, max-image-preview:large, max-video-preview:-1\" \/>\n<link rel=\"canonical\" href=\"https:\/\/lottohoy.com\/zh-hans\/%e9%97%9c%e6%96%bc%e5%9c%a8%e7%b7%9a%e5%bd%a9%e7%a5%a8%e7%9a%84%e6%89%80%e6%9c%89%e4%bf%a1%e6%81%af\/%e6%ad%90%e6%b4%b2%e5%a4%a7%e7%8d%8e%e8%b3%87%e8%a8%8a\/\" \/>\n<meta property=\"og:locale\" content=\"zh_CN\" \/>\n<meta property=\"og:type\" content=\"article\" \/>\n<meta property=\"og:title\" content=\"\u6b50\u6d32\u5927\u734e\u8cc7\u8a0a - Lottohoy\" \/>\n<meta property=\"og:description\" content=\"\u4e86\u89e3 Eurojackpot\uff0c\u6700\u53d7\u6b61\u8fce\u7684\u5f69\u7968\u4e4b\u4e00\u3002\u73fe\u5728\u60a8\u53ef\u4ee5\u900f\u904e\u6211\u5011\u7684\u904a\u6232\u7dda\u4e0a\u8cfc\u8cb7\u5f69\u7968\u3002\" \/>\n<meta property=\"og:url\" content=\"https:\/\/lottohoy.com\/zh-hans\/%e9%97%9c%e6%96%bc%e5%9c%a8%e7%b7%9a%e5%bd%a9%e7%a5%a8%e7%9a%84%e6%89%80%e6%9c%89%e4%bf%a1%e6%81%af\/%e6%ad%90%e6%b4%b2%e5%a4%a7%e7%8d%8e%e8%b3%87%e8%a8%8a\/\" \/>\n<meta property=\"og:site_name\" content=\"Lottohoy\" \/>\n<meta property=\"article:modified_time\" content=\"2025-03-17T16:59:30+00:00\" \/>\n<meta name=\"twitter:card\" content=\"summary_large_image\" \/>\n<meta name=\"twitter:label1\" content=\"\u9884\u8ba1\u9605\u8bfb\u65f6\u95f4\" \/>\n\t<meta name=\"twitter:data1\" content=\"1 \u5206\" \/>\n<script type=\"application\/ld+json\" class=\"yoast-schema-graph\">{\"@context\":\"https:\/\/schema.org\",\"@graph\":[{\"@type\":\"WebPage\",\"@id\":\"https:\/\/lottohoy.com\/zh-hans\/%e9%97%9c%e6%96%bc%e5%9c%a8%e7%b7%9a%e5%bd%a9%e7%a5%a8%e7%9a%84%e6%89%80%e6%9c%89%e4%bf%a1%e6%81%af\/%e6%ad%90%e6%b4%b2%e5%a4%a7%e7%8d%8e%e8%b3%87%e8%a8%8a\/\",\"url\":\"https:\/\/lottohoy.com\/zh-hans\/%e9%97%9c%e6%96%bc%e5%9c%a8%e7%b7%9a%e5%bd%a9%e7%a5%a8%e7%9a%84%e6%89%80%e6%9c%89%e4%bf%a1%e6%81%af\/%e6%ad%90%e6%b4%b2%e5%a4%a7%e7%8d%8e%e8%b3%87%e8%a8%8a\/\",\"name\":\"\u6b50\u6d32\u5927\u734e\u8cc7\u8a0a - Lottohoy\",\"isPartOf\":{\"@id\":\"https:\/\/lottohoy.com\/zh-hans\/#website\"},\"datePublished\":\"2018-05-03T13:23:33+00:00\",\"dateModified\":\"2025-03-17T16:59:30+00:00\",\"description\":\"\u4e86\u89e3 Eurojackpot\uff0c\u6700\u53d7\u6b61\u8fce\u7684\u5f69\u7968\u4e4b\u4e00\u3002\u73fe\u5728\u60a8\u53ef\u4ee5\u900f\u904e\u6211\u5011\u7684\u904a\u6232\u7dda\u4e0a\u8cfc\u8cb7\u5f69\u7968\u3002\",\"breadcrumb\":{\"@id\":\"https:\/\/lottohoy.com\/zh-hans\/%e9%97%9c%e6%96%bc%e5%9c%a8%e7%b7%9a%e5%bd%a9%e7%a5%a8%e7%9a%84%e6%89%80%e6%9c%89%e4%bf%a1%e6%81%af\/%e6%ad%90%e6%b4%b2%e5%a4%a7%e7%8d%8e%e8%b3%87%e8%a8%8a\/#breadcrumb\"},\"inLanguage\":\"zh-Hans\",\"potentialAction\":[{\"@type\":\"ReadAction\",\"target\":[\"https:\/\/lottohoy.com\/zh-hans\/%e9%97%9c%e6%96%bc%e5%9c%a8%e7%b7%9a%e5%bd%a9%e7%a5%a8%e7%9a%84%e6%89%80%e6%9c%89%e4%bf%a1%e6%81%af\/%e6%ad%90%e6%b4%b2%e5%a4%a7%e7%8d%8e%e8%b3%87%e8%a8%8a\/\"]}]},{\"@type\":\"BreadcrumbList\",\"@id\":\"https:\/\/lottohoy.com\/zh-hans\/%e9%97%9c%e6%96%bc%e5%9c%a8%e7%b7%9a%e5%bd%a9%e7%a5%a8%e7%9a%84%e6%89%80%e6%9c%89%e4%bf%a1%e6%81%af\/%e6%ad%90%e6%b4%b2%e5%a4%a7%e7%8d%8e%e8%b3%87%e8%a8%8a\/#breadcrumb\",\"itemListElement\":[{\"@type\":\"ListItem\",\"position\":1,\"name\":\"Home\",\"item\":\"https:\/\/lottohoy.com\/zh-hans\/\"},{\"@type\":\"ListItem\",\"position\":2,\"name\":\"\u95dc\u65bc\u5728\u7dda\u5f69\u7968\u7684\u6240\u6709\u4fe1\u606f\",\"item\":\"https:\/\/lottohoy.com\/zh-hans\/%e9%97%9c%e6%96%bc%e5%9c%a8%e7%b7%9a%e5%bd%a9%e7%a5%a8%e7%9a%84%e6%89%80%e6%9c%89%e4%bf%a1%e6%81%af\/\"},{\"@type\":\"ListItem\",\"position\":3,\"name\":\"\u6b50\u6d32\u5927\u734e\u8cc7\u8a0a\"}]},{\"@type\":\"WebSite\",\"@id\":\"https:\/\/lottohoy.com\/zh-hans\/#website\",\"url\":\"https:\/\/lottohoy.com\/zh-hans\/\",\"name\":\"Lottohoy\",\"description\":\"\",\"potentialAction\":[{\"@type\":\"SearchAction\",\"target\":{\"@type\":\"EntryPoint\",\"urlTemplate\":\"https:\/\/lottohoy.com\/zh-hans\/?s={search_term_string}\"},\"query-input\":{\"@type\":\"PropertyValueSpecification\",\"valueRequired\":true,\"valueName\":\"search_term_string\"}}],\"inLanguage\":\"zh-Hans\"}]}<\/script>\n<!-- \/ Yoast SEO plugin. -->","yoast_head_json":{"title":"\u6b50\u6d32\u5927\u734e\u8cc7\u8a0a - Lottohoy","description":"\u4e86\u89e3 Eurojackpot\uff0c\u6700\u53d7\u6b61\u8fce\u7684\u5f69\u7968\u4e4b\u4e00\u3002\u73fe\u5728\u60a8\u53ef\u4ee5\u900f\u904e\u6211\u5011\u7684\u904a\u6232\u7dda\u4e0a\u8cfc\u8cb7\u5f69\u7968\u3002","robots":{"index":"index","follow":"follow","max-snippet":"max-snippet:-1","max-image-preview":"max-image-preview:large","max-video-preview":"max-video-preview:-1"},"canonical":"https:\/\/lottohoy.com\/zh-hans\/%e9%97%9c%e6%96%bc%e5%9c%a8%e7%b7%9a%e5%bd%a9%e7%a5%a8%e7%9a%84%e6%89%80%e6%9c%89%e4%bf%a1%e6%81%af\/%e6%ad%90%e6%b4%b2%e5%a4%a7%e7%8d%8e%e8%b3%87%e8%a8%8a\/","og_locale":"zh_CN","og_type":"article","og_title":"\u6b50\u6d32\u5927\u734e\u8cc7\u8a0a - Lottohoy","og_description":"\u4e86\u89e3 Eurojackpot\uff0c\u6700\u53d7\u6b61\u8fce\u7684\u5f69\u7968\u4e4b\u4e00\u3002\u73fe\u5728\u60a8\u53ef\u4ee5\u900f\u904e\u6211\u5011\u7684\u904a\u6232\u7dda\u4e0a\u8cfc\u8cb7\u5f69\u7968\u3002","og_url":"https:\/\/lottohoy.com\/zh-hans\/%e9%97%9c%e6%96%bc%e5%9c%a8%e7%b7%9a%e5%bd%a9%e7%a5%a8%e7%9a%84%e6%89%80%e6%9c%89%e4%bf%a1%e6%81%af\/%e6%ad%90%e6%b4%b2%e5%a4%a7%e7%8d%8e%e8%b3%87%e8%a8%8a\/","og_site_name":"Lottohoy","article_modified_time":"2025-03-17T16:59:30+00:00","twitter_card":"summary_large_image","twitter_misc":{"\u9884\u8ba1\u9605\u8bfb\u65f6\u95f4":"1 \u5206"},"schema":{"@context":"https:\/\/schema.org","@graph":[{"@type":"WebPage","@id":"https:\/\/lottohoy.com\/zh-hans\/%e9%97%9c%e6%96%bc%e5%9c%a8%e7%b7%9a%e5%bd%a9%e7%a5%a8%e7%9a%84%e6%89%80%e6%9c%89%e4%bf%a1%e6%81%af\/%e6%ad%90%e6%b4%b2%e5%a4%a7%e7%8d%8e%e8%b3%87%e8%a8%8a\/","url":"https:\/\/lottohoy.com\/zh-hans\/%e9%97%9c%e6%96%bc%e5%9c%a8%e7%b7%9a%e5%bd%a9%e7%a5%a8%e7%9a%84%e6%89%80%e6%9c%89%e4%bf%a1%e6%81%af\/%e6%ad%90%e6%b4%b2%e5%a4%a7%e7%8d%8e%e8%b3%87%e8%a8%8a\/","name":"\u6b50\u6d32\u5927\u734e\u8cc7\u8a0a - Lottohoy","isPartOf":{"@id":"https:\/\/lottohoy.com\/zh-hans\/#website"},"datePublished":"2018-05-03T13:23:33+00:00","dateModified":"2025-03-17T16:59:30+00:00","description":"\u4e86\u89e3 Eurojackpot\uff0c\u6700\u53d7\u6b61\u8fce\u7684\u5f69\u7968\u4e4b\u4e00\u3002\u73fe\u5728\u60a8\u53ef\u4ee5\u900f\u904e\u6211\u5011\u7684\u904a\u6232\u7dda\u4e0a\u8cfc\u8cb7\u5f69\u7968\u3002","breadcrumb":{"@id":"https:\/\/lottohoy.com\/zh-hans\/%e9%97%9c%e6%96%bc%e5%9c%a8%e7%b7%9a%e5%bd%a9%e7%a5%a8%e7%9a%84%e6%89%80%e6%9c%89%e4%bf%a1%e6%81%af\/%e6%ad%90%e6%b4%b2%e5%a4%a7%e7%8d%8e%e8%b3%87%e8%a8%8a\/#breadcrumb"},"inLanguage":"zh-Hans","potentialAction":[{"@type":"ReadAction","target":["https:\/\/lottohoy.com\/zh-hans\/%e9%97%9c%e6%96%bc%e5%9c%a8%e7%b7%9a%e5%bd%a9%e7%a5%a8%e7%9a%84%e6%89%80%e6%9c%89%e4%bf%a1%e6%81%af\/%e6%ad%90%e6%b4%b2%e5%a4%a7%e7%8d%8e%e8%b3%87%e8%a8%8a\/"]}]},{"@type":"BreadcrumbList","@id":"https:\/\/lottohoy.com\/zh-hans\/%e9%97%9c%e6%96%bc%e5%9c%a8%e7%b7%9a%e5%bd%a9%e7%a5%a8%e7%9a%84%e6%89%80%e6%9c%89%e4%bf%a1%e6%81%af\/%e6%ad%90%e6%b4%b2%e5%a4%a7%e7%8d%8e%e8%b3%87%e8%a8%8a\/#breadcrumb","itemListElement":[{"@type":"ListItem","position":1,"name":"Home","item":"https:\/\/lottohoy.com\/zh-hans\/"},{"@type":"ListItem","position":2,"name":"\u95dc\u65bc\u5728\u7dda\u5f69\u7968\u7684\u6240\u6709\u4fe1\u606f","item":"https:\/\/lottohoy.com\/zh-hans\/%e9%97%9c%e6%96%bc%e5%9c%a8%e7%b7%9a%e5%bd%a9%e7%a5%a8%e7%9a%84%e6%89%80%e6%9c%89%e4%bf%a1%e6%81%af\/"},{"@type":"ListItem","position":3,"name":"\u6b50\u6d32\u5927\u734e\u8cc7\u8a0a"}]},{"@type":"WebSite","@id":"https:\/\/lottohoy.com\/zh-hans\/#website","url":"https:\/\/lottohoy.com\/zh-hans\/","name":"Lottohoy","description":"","potentialAction":[{"@type":"SearchAction","target":{"@type":"EntryPoint","urlTemplate":"https:\/\/lottohoy.com\/zh-hans\/?s={search_term_string}"},"query-input":{"@type":"PropertyValueSpecification","valueRequired":true,"valueName":"search_term_string"}}],"inLanguage":"zh-Hans"}]}},"_links":{"self":[{"href":"https:\/\/lottohoy.com\/zh-hans\/wp-json\/wp\/v2\/pages\/14802","targetHints":{"allow":["GET"]}}],"collection":[{"href":"https:\/\/lottohoy.com\/zh-hans\/wp-json\/wp\/v2\/pages"}],"about":[{"href":"https:\/\/lottohoy.com\/zh-hans\/wp-json\/wp\/v2\/types\/page"}],"author":[{"embeddable":true,"href":"https:\/\/lottohoy.com\/zh-hans\/wp-json\/wp\/v2\/users\/2"}],"replies":[{"embeddable":true,"href":"https:\/\/lottohoy.com\/zh-hans\/wp-json\/wp\/v2\/comments?post=14802"}],"version-history":[{"count":3,"href":"https:\/\/lottohoy.com\/zh-hans\/wp-json\/wp\/v2\/pages\/14802\/revisions"}],"predecessor-version":[{"id":15636,"href":"https:\/\/lottohoy.com\/zh-hans\/wp-json\/wp\/v2\/pages\/14802\/revisions\/15636"}],"up":[{"embeddable":true,"href":"https:\/\/lottohoy.com\/zh-hans\/wp-json\/wp\/v2\/pages\/14724"}],"wp:attachment":[{"href":"https:\/\/lottohoy.com\/zh-hans\/wp-json\/wp\/v2\/media?parent=14802"}],"curies":[{"name":"wp","href":"https:\/\/api.w.org\/{rel}","templated":true}]}}