{"id":20633,"date":"2025-06-13T13:21:14","date_gmt":"2025-06-13T12:21:14","guid":{"rendered":"https:\/\/lottohoy.com\/?page_id=20633"},"modified":"2025-06-14T17:16:01","modified_gmt":"2025-06-14T16:16:01","slug":"euromillions-uk-resultat","status":"publish","type":"page","link":"https:\/\/lottohoy.com\/sv\/lotteri-resultat\/euromillions-uk-resultat\/","title":{"rendered":"EuroMillions UK-resultat"},"content":{"rendered":"<h1 data-start=\"276\" data-end=\"328\">EuroMillions UK-resultat \u2013 Kontrollera din lott direkt<\/h1>\n<p data-start=\"330\" data-end=\"544\">F\u00f6r att kontrollera resultatet av EuroMillions UK-dragningen \u2014 inklusive vinstkoden fr\u00e5n <strong data-start=\"419\" data-end=\"443\">UK Millionaire Maker<\/strong> \u2014 beh\u00f6ver du bara j\u00e4mf\u00f6ra numren p\u00e5 din lott med den vinnande kombinationen som visas p\u00e5 denna sida.<\/p>\n<p data-start=\"546\" data-end=\"788\">Om du har k\u00f6pt din lott offline rekommenderar vi starkt att du dubbelkollar resultaten flera g\u00e5nger. Det \u00e4r inte ovanligt att spelare av misstag kastar bort en vinnande lott och d\u00e4rmed g\u00e5r miste om stora vinster eller till och med jackpottar.<\/p>\n<p data-start=\"790\" data-end=\"956\">P\u00e5 LottoHoy kan du ocks\u00e5 se <strong data-start=\"818\" data-end=\"846\">dagens aktuella jackpott<\/strong>, antal vinnare i varje vinstkategori och ta del av tidigare dragningar med upp till <strong data-start=\"931\" data-end=\"955\">24 m\u00e5naders historik<\/strong>.<\/p>\n<h2 data-start=\"963\" data-end=\"1040\">F\u00f6rdelar med att kontrollera EuroMillions UK-resultat online via LottoHoy<\/h2>\n<p data-start=\"1042\" data-end=\"1194\">Genom att skapa ett kostnadsfritt anv\u00e4ndarkonto p\u00e5 v\u00e5r plattform f\u00e5r du automatiskt veta om du har vunnit \u2013 utan att beh\u00f6va leta efter resultaten sj\u00e4lv.<\/p>\n<p data-start=\"1196\" data-end=\"1374\">Om du vinner i tisdagens eller fredagens dragning och beloppet \u00e4r <strong data-start=\"1264\" data-end=\"1285\">h\u00f6gst 2 500 \u20ac \/ \u00a3<\/strong>, s\u00e4tts vinsten <strong data-start=\"1301\" data-end=\"1319\">automatiskt in<\/strong> p\u00e5 ditt anv\u00e4ndarkonto och blir omedelbart tillg\u00e4nglig.<\/p>\n<p data-start=\"1376\" data-end=\"1602\">F\u00f6r st\u00f6rre vinster kommer v\u00e5rt juridiska team att kontakta dig och hj\u00e4lpa dig genom hela processen med <strong data-start=\"1483\" data-end=\"1514\">verifiering och utbetalning<\/strong>. Vi erbjuder <strong data-start=\"1528\" data-end=\"1570\">personlig och konfidentiell r\u00e5dgivning<\/strong> f\u00f6r att du ska k\u00e4nna dig trygg.<\/p>\n<h2 data-start=\"1609\" data-end=\"1646\">Vinstf\u00f6rdelning i EuroMillions UK<\/h2>\n<p data-start=\"1648\" data-end=\"1832\">Nedan visas tabellen med <strong data-start=\"1673\" data-end=\"1747\">den vinnande kombinationen fr\u00e5n den senaste EuroMillions UK-dragningen<\/strong>, samt <strong data-start=\"1754\" data-end=\"1775\">vinstf\u00f6rdelningen<\/strong> f\u00f6r var och en av de <strong data-start=\"1797\" data-end=\"1831\">13 officiella priskategorierna<\/strong>.<\/p>\n<p data-start=\"1834\" data-end=\"1849\">Tabellen visar:<\/p>\n<ul data-start=\"1851\" data-end=\"2036\">\n<li data-start=\"1851\" data-end=\"1914\">\n<p data-start=\"1853\" data-end=\"1914\">Antalet huvudnummer och stj\u00e4rnor som kr\u00e4vs i varje kategori<\/p>\n<\/li>\n<li data-start=\"1915\" data-end=\"1951\">\n<p data-start=\"1917\" data-end=\"1951\">Antalet vinnare i varje kategori<\/p>\n<\/li>\n<li data-start=\"1952\" data-end=\"2036\">\n<p data-start=\"1954\" data-end=\"2036\">Vinstbeloppet per vinnare i <strong data-start=\"1982\" data-end=\"1994\">euro (\u20ac)<\/strong> (<em data-start=\"1996\" data-end=\"2035\">utbetalningen sker i brittiska pund \u00a3<\/em>)<\/p>\n<\/li>\n<\/ul>\n<p data-start=\"2038\" data-end=\"2171\">\ud83d\udc49 Du kan \u00e4ven se den senaste jackpothistoriken via denna l\u00e4nk:<\/p>\n<p data-start=\"2173\" data-end=\"2359\">\ud83d\udc49 Har du inget konto \u00e4n? <a href=\"https:\/\/lottohoy.com\/sv\/registrering\/\">Registrera dig kostnadsfritt h\u00e4r<\/a>:<br data-start=\"2229\" data-end=\"2232\" \/><\/p>\n","protected":false},"excerpt":{"rendered":"<p>EuroMillions UK-resultat \u2013 Kontrollera din lott direkt F\u00f6r att kontrollera resultatet av EuroMillions UK-dragningen \u2014 inklusive vinstkoden fr\u00e5n UK Millionaire Maker \u2014 beh\u00f6ver du bara j\u00e4mf\u00f6ra numren p\u00e5 din lott med den vinnande kombinationen som visas p\u00e5 denna sida. Om du har k\u00f6pt din lott offline rekommenderar vi starkt att du dubbelkollar resultaten flera g\u00e5nger. [&hellip;]<\/p>\n","protected":false},"author":8,"featured_media":0,"parent":16892,"menu_order":0,"comment_status":"closed","ping_status":"closed","template":"euromillions-results.php","meta":{"_et_pb_use_builder":"","_et_pb_old_content":"","_et_gb_content_width":"","exclude_from_search":false,"footnotes":""},"class_list":["post-20633","page","type-page","status-publish","hentry"],"yoast_head":"<!-- This site is optimized with the Yoast SEO plugin v23.7 - https:\/\/yoast.com\/wordpress\/plugins\/seo\/ -->\n<title>Se EuroMillions UK-resultat online \u2013 Ta reda p\u00e5 om du har vunnit<\/title>\n<meta name=\"description\" content=\"Kontrollera EuroMillions UK-resultat online. J\u00e4mf\u00f6r din lott, ta ut vinster och se upp till 24 m\u00e5naders historik p\u00e5 LottoHoy.\" \/>\n<meta name=\"robots\" content=\"index, follow, max-snippet:-1, max-image-preview:large, max-video-preview:-1\" \/>\n<link rel=\"canonical\" href=\"https:\/\/lottohoy.com\/sv\/lotteri-resultat\/euromillions-uk-resultat\/\" \/>\n<meta property=\"og:locale\" content=\"sv_SE\" \/>\n<meta property=\"og:type\" content=\"article\" \/>\n<meta property=\"og:title\" content=\"Se EuroMillions UK-resultat online \u2013 Ta reda p\u00e5 om du har vunnit\" \/>\n<meta property=\"og:description\" content=\"Kontrollera EuroMillions UK-resultat online. J\u00e4mf\u00f6r din lott, ta ut vinster och se upp till 24 m\u00e5naders historik p\u00e5 LottoHoy.\" \/>\n<meta property=\"og:url\" content=\"https:\/\/lottohoy.com\/sv\/lotteri-resultat\/euromillions-uk-resultat\/\" \/>\n<meta property=\"og:site_name\" content=\"Lottohoy\" \/>\n<meta property=\"article:modified_time\" content=\"2025-06-14T16:16:01+00:00\" \/>\n<meta name=\"twitter:card\" content=\"summary_large_image\" \/>\n<meta name=\"twitter:label1\" content=\"Ber\u00e4knad l\u00e4stid\" \/>\n\t<meta name=\"twitter:data1\" content=\"2 minuter\" \/>\n<script type=\"application\/ld+json\" class=\"yoast-schema-graph\">{\"@context\":\"https:\/\/schema.org\",\"@graph\":[{\"@type\":\"WebPage\",\"@id\":\"https:\/\/lottohoy.com\/sv\/lotteri-resultat\/euromillions-uk-resultat\/\",\"url\":\"https:\/\/lottohoy.com\/sv\/lotteri-resultat\/euromillions-uk-resultat\/\",\"name\":\"Se EuroMillions UK-resultat online \u2013 Ta reda p\u00e5 om du har vunnit\",\"isPartOf\":{\"@id\":\"https:\/\/lottohoy.com\/sv\/#website\"},\"datePublished\":\"2025-06-13T12:21:14+00:00\",\"dateModified\":\"2025-06-14T16:16:01+00:00\",\"description\":\"Kontrollera EuroMillions UK-resultat online. J\u00e4mf\u00f6r din lott, ta ut vinster och se upp till 24 m\u00e5naders historik p\u00e5 LottoHoy.\",\"breadcrumb\":{\"@id\":\"https:\/\/lottohoy.com\/sv\/lotteri-resultat\/euromillions-uk-resultat\/#breadcrumb\"},\"inLanguage\":\"sv-SE\",\"potentialAction\":[{\"@type\":\"ReadAction\",\"target\":[\"https:\/\/lottohoy.com\/sv\/lotteri-resultat\/euromillions-uk-resultat\/\"]}]},{\"@type\":\"BreadcrumbList\",\"@id\":\"https:\/\/lottohoy.com\/sv\/lotteri-resultat\/euromillions-uk-resultat\/#breadcrumb\",\"itemListElement\":[{\"@type\":\"ListItem\",\"position\":1,\"name\":\"Home\",\"item\":\"https:\/\/lottohoy.com\/sv\/\"},{\"@type\":\"ListItem\",\"position\":2,\"name\":\"Lotteri resultat\",\"item\":\"https:\/\/lottohoy.com\/sv\/lotteri-resultat\/\"},{\"@type\":\"ListItem\",\"position\":3,\"name\":\"EuroMillions UK-resultat\"}]},{\"@type\":\"WebSite\",\"@id\":\"https:\/\/lottohoy.com\/sv\/#website\",\"url\":\"https:\/\/lottohoy.com\/sv\/\",\"name\":\"Lottohoy\",\"description\":\"\",\"potentialAction\":[{\"@type\":\"SearchAction\",\"target\":{\"@type\":\"EntryPoint\",\"urlTemplate\":\"https:\/\/lottohoy.com\/sv\/?s={search_term_string}\"},\"query-input\":{\"@type\":\"PropertyValueSpecification\",\"valueRequired\":true,\"valueName\":\"search_term_string\"}}],\"inLanguage\":\"sv-SE\"}]}<\/script>\n<!-- \/ Yoast SEO plugin. -->","yoast_head_json":{"title":"Se EuroMillions UK-resultat online \u2013 Ta reda p\u00e5 om du har vunnit","description":"Kontrollera EuroMillions UK-resultat online. J\u00e4mf\u00f6r din lott, ta ut vinster och se upp till 24 m\u00e5naders historik p\u00e5 LottoHoy.","robots":{"index":"index","follow":"follow","max-snippet":"max-snippet:-1","max-image-preview":"max-image-preview:large","max-video-preview":"max-video-preview:-1"},"canonical":"https:\/\/lottohoy.com\/sv\/lotteri-resultat\/euromillions-uk-resultat\/","og_locale":"sv_SE","og_type":"article","og_title":"Se EuroMillions UK-resultat online \u2013 Ta reda p\u00e5 om du har vunnit","og_description":"Kontrollera EuroMillions UK-resultat online. J\u00e4mf\u00f6r din lott, ta ut vinster och se upp till 24 m\u00e5naders historik p\u00e5 LottoHoy.","og_url":"https:\/\/lottohoy.com\/sv\/lotteri-resultat\/euromillions-uk-resultat\/","og_site_name":"Lottohoy","article_modified_time":"2025-06-14T16:16:01+00:00","twitter_card":"summary_large_image","twitter_misc":{"Ber\u00e4knad l\u00e4stid":"2 minuter"},"schema":{"@context":"https:\/\/schema.org","@graph":[{"@type":"WebPage","@id":"https:\/\/lottohoy.com\/sv\/lotteri-resultat\/euromillions-uk-resultat\/","url":"https:\/\/lottohoy.com\/sv\/lotteri-resultat\/euromillions-uk-resultat\/","name":"Se EuroMillions UK-resultat online \u2013 Ta reda p\u00e5 om du har vunnit","isPartOf":{"@id":"https:\/\/lottohoy.com\/sv\/#website"},"datePublished":"2025-06-13T12:21:14+00:00","dateModified":"2025-06-14T16:16:01+00:00","description":"Kontrollera EuroMillions UK-resultat online. J\u00e4mf\u00f6r din lott, ta ut vinster och se upp till 24 m\u00e5naders historik p\u00e5 LottoHoy.","breadcrumb":{"@id":"https:\/\/lottohoy.com\/sv\/lotteri-resultat\/euromillions-uk-resultat\/#breadcrumb"},"inLanguage":"sv-SE","potentialAction":[{"@type":"ReadAction","target":["https:\/\/lottohoy.com\/sv\/lotteri-resultat\/euromillions-uk-resultat\/"]}]},{"@type":"BreadcrumbList","@id":"https:\/\/lottohoy.com\/sv\/lotteri-resultat\/euromillions-uk-resultat\/#breadcrumb","itemListElement":[{"@type":"ListItem","position":1,"name":"Home","item":"https:\/\/lottohoy.com\/sv\/"},{"@type":"ListItem","position":2,"name":"Lotteri resultat","item":"https:\/\/lottohoy.com\/sv\/lotteri-resultat\/"},{"@type":"ListItem","position":3,"name":"EuroMillions UK-resultat"}]},{"@type":"WebSite","@id":"https:\/\/lottohoy.com\/sv\/#website","url":"https:\/\/lottohoy.com\/sv\/","name":"Lottohoy","description":"","potentialAction":[{"@type":"SearchAction","target":{"@type":"EntryPoint","urlTemplate":"https:\/\/lottohoy.com\/sv\/?s={search_term_string}"},"query-input":{"@type":"PropertyValueSpecification","valueRequired":true,"valueName":"search_term_string"}}],"inLanguage":"sv-SE"}]}},"_links":{"self":[{"href":"https:\/\/lottohoy.com\/sv\/wp-json\/wp\/v2\/pages\/20633","targetHints":{"allow":["GET"]}}],"collection":[{"href":"https:\/\/lottohoy.com\/sv\/wp-json\/wp\/v2\/pages"}],"about":[{"href":"https:\/\/lottohoy.com\/sv\/wp-json\/wp\/v2\/types\/page"}],"author":[{"embeddable":true,"href":"https:\/\/lottohoy.com\/sv\/wp-json\/wp\/v2\/users\/8"}],"replies":[{"embeddable":true,"href":"https:\/\/lottohoy.com\/sv\/wp-json\/wp\/v2\/comments?post=20633"}],"version-history":[{"count":1,"href":"https:\/\/lottohoy.com\/sv\/wp-json\/wp\/v2\/pages\/20633\/revisions"}],"predecessor-version":[{"id":20634,"href":"https:\/\/lottohoy.com\/sv\/wp-json\/wp\/v2\/pages\/20633\/revisions\/20634"}],"up":[{"embeddable":true,"href":"https:\/\/lottohoy.com\/sv\/wp-json\/wp\/v2\/pages\/16892"}],"wp:attachment":[{"href":"https:\/\/lottohoy.com\/sv\/wp-json\/wp\/v2\/media?parent=20633"}],"curies":[{"name":"wp","href":"https:\/\/api.w.org\/{rel}","templated":true}]}}