{"id":20557,"date":"2025-06-13T12:40:52","date_gmt":"2025-06-13T11:40:52","guid":{"rendered":"https:\/\/lottohoy.com\/?page_id=20557"},"modified":"2025-06-13T19:00:56","modified_gmt":"2025-06-13T18:00:56","slug":"spela-euromillions-uk","status":"publish","type":"page","link":"https:\/\/lottohoy.com\/sv\/spela\/spela-euromillions-uk\/","title":{"rendered":"Spela EuroMillions UK"},"content":{"rendered":"<h1 data-start=\"236\" data-end=\"276\">Spela EuroMillions UK \u2013 Introduktion<\/h1>\n<p data-start=\"278\" data-end=\"669\">EuroMillions \u00e4r ett lotterispel som drivs oberoende i varje deltagande land.<br data-start=\"354\" data-end=\"357\" \/>Det lanserades \u00e5r 2004 av \u201cFran\u00e7aise des Jeux\u201d (Frankrike), \u201cLoter\u00edas y Apuestas del Estado\u201d (Spanien) och \u201cCamelot\u201d (Storbritannien). D\u00e4refter ansl\u00f6t sig andra nationella lotterier och antalet l\u00e4nder blev totalt 9: Frankrike, Spanien, Storbritannien, \u00d6sterrike, Belgien, Irland, Luxemburg, Portugal och Schweiz.<\/p>\n<p data-start=\"671\" data-end=\"835\">Efter Brexit har Storbritannien l\u00e4mnat EU, men forts\u00e4tter delta i EuroMillions med samma regler som \u00f6vriga l\u00e4nder, med n\u00e5gra mindre skillnader. (Se mer information)<\/p>\n<p data-start=\"837\" data-end=\"1021\">I Storbritannien inkluderar varje EuroMillions-kupong \u00e4ven spelet UK Millionaire Maker \u2013 ett spel med en unik kod d\u00e4r en vinnare garanteras varje dragning, med ett pris p\u00e5 1 000 000 \u00a3.<\/p>\n<h2 data-start=\"1028\" data-end=\"1067\">Hur spelar man EuroMillions online?<\/h2>\n<p data-start=\"1069\" data-end=\"1243\">Det \u00e4r mycket enkelt. Skapa ett anv\u00e4ndarkonto p\u00e5 <a class=\"\" href=\"https:\/\/lottohoy.com\/sv\/registrering\/\" target=\"_new\" rel=\"noopener\" data-start=\"1118\" data-end=\"1153\">lottohoy.com<\/a> f\u00f6r att f\u00e5 tillg\u00e5ng till spelpanelen, information om lotteriet, resultat och nyhetsfl\u00f6de.<\/p>\n<p data-start=\"1245\" data-end=\"1379\">I spelpanelen finns 5 rutor (varje ruta \u00e4r ett spel) med nummer uppdelade i tv\u00e5 sektioner: huvudnummer (1\u201350) och stj\u00e4rnnummer (1\u201312).<\/p>\n<p data-start=\"1381\" data-end=\"1461\">Du kan fylla i dina val manuellt eller l\u00e5ta systemet slumpa fram en kombination.<\/p>\n<p data-start=\"1463\" data-end=\"1506\">Det \u00e4r viktigt att f\u00f6rst\u00e5 olika spelformat:<\/p>\n<h3 data-start=\"1513\" data-end=\"1541\">Enkelrad EuroMillions UK<\/h3>\n<p data-start=\"1543\" data-end=\"1643\">Varje ruta motsvarar en enkelrad.<br data-start=\"1576\" data-end=\"1579\" \/>Du v\u00e4ljer 5 nummer fr\u00e5n 1 till 50 och 2 stj\u00e4rnor fr\u00e5n 1 till 12.<\/p>\n<h3 data-start=\"1650\" data-end=\"1685\">Flerkombination EuroMillions UK<\/h3>\n<p data-start=\"1687\" data-end=\"1817\">F\u00f6r n\u00e4rvarande kan du inte spela flerkombo online via v\u00e5r plattform, men&#8230;<br data-start=\"1762\" data-end=\"1765\" \/>V\u00e5rt tekniska team arbetar p\u00e5 att inf\u00f6ra funktionen.<\/p>\n<p data-start=\"1819\" data-end=\"1934\">Offline \u00e4r det dock m\u00f6jligt.<br data-start=\"1847\" data-end=\"1850\" \/>Anv\u00e4nd endast den f\u00f6rsta rutan och v\u00e4lj 6 till 10 huvudnummer och 2 till 6 stj\u00e4rnor.<\/p>\n<p data-start=\"1936\" data-end=\"2014\">Ju fler kombinationer, desto h\u00f6gre totalpris. H\u00e4r \u00e4r en tabell som v\u00e4gledning:<\/p>\n<div class=\"_tableContainer_16hzy_1\">\n<div class=\"_tableWrapper_16hzy_14 group flex w-fit flex-col-reverse\">\n<table class=\"w-fit min-w-(--thread-content-width)\" data-start=\"2016\" data-end=\"2387\">\n<thead data-start=\"2016\" data-end=\"2077\">\n<tr data-start=\"2016\" data-end=\"2077\">\n<th data-start=\"2016\" data-end=\"2036\" data-col-size=\"sm\">Stj\u00e4rnor \\ Nummer<\/th>\n<th data-start=\"2036\" data-end=\"2041\" data-col-size=\"sm\">5<\/th>\n<th data-start=\"2041\" data-end=\"2046\" data-col-size=\"sm\">6<\/th>\n<th data-start=\"2046\" data-end=\"2052\" data-col-size=\"sm\">7<\/th>\n<th data-start=\"2052\" data-end=\"2059\" data-col-size=\"sm\">8<\/th>\n<th data-start=\"2059\" data-end=\"2067\" data-col-size=\"sm\">9<\/th>\n<th data-start=\"2067\" data-end=\"2077\" data-col-size=\"sm\">10<\/th>\n<\/tr>\n<\/thead>\n<tbody data-start=\"2140\" data-end=\"2387\">\n<tr data-start=\"2140\" data-end=\"2201\">\n<td data-start=\"2140\" data-end=\"2160\" data-col-size=\"sm\">2<\/td>\n<td data-start=\"2160\" data-end=\"2165\" data-col-size=\"sm\">\u2013<\/td>\n<td data-start=\"2165\" data-end=\"2170\" data-col-size=\"sm\">6<\/td>\n<td data-start=\"2170\" data-end=\"2176\" data-col-size=\"sm\">21<\/td>\n<td data-start=\"2176\" data-end=\"2183\" data-col-size=\"sm\">56<\/td>\n<td data-start=\"2183\" data-end=\"2191\" data-col-size=\"sm\">126<\/td>\n<td data-start=\"2191\" data-end=\"2201\" data-col-size=\"sm\">252<\/td>\n<\/tr>\n<tr data-start=\"2202\" data-end=\"2263\">\n<td data-start=\"2202\" data-end=\"2222\" data-col-size=\"sm\">3<\/td>\n<td data-start=\"2222\" data-end=\"2227\" data-col-size=\"sm\">3<\/td>\n<td data-start=\"2227\" data-end=\"2232\" data-col-size=\"sm\">18<\/td>\n<td data-start=\"2232\" data-end=\"2238\" data-col-size=\"sm\">63<\/td>\n<td data-start=\"2238\" data-end=\"2245\" data-col-size=\"sm\">168<\/td>\n<td data-start=\"2245\" data-end=\"2253\" data-col-size=\"sm\">378<\/td>\n<td data-start=\"2253\" data-end=\"2263\" data-col-size=\"sm\">756<\/td>\n<\/tr>\n<tr data-start=\"2264\" data-end=\"2325\">\n<td data-start=\"2264\" data-end=\"2284\" data-col-size=\"sm\">4<\/td>\n<td data-start=\"2284\" data-end=\"2289\" data-col-size=\"sm\">6<\/td>\n<td data-start=\"2289\" data-end=\"2294\" data-col-size=\"sm\">36<\/td>\n<td data-start=\"2294\" data-end=\"2300\" data-col-size=\"sm\">126<\/td>\n<td data-start=\"2300\" data-end=\"2307\" data-col-size=\"sm\">336<\/td>\n<td data-start=\"2307\" data-end=\"2315\" data-col-size=\"sm\">756<\/td>\n<td data-start=\"2315\" data-end=\"2325\" data-col-size=\"sm\">1 512<\/td>\n<\/tr>\n<tr data-start=\"2326\" data-end=\"2387\">\n<td data-start=\"2326\" data-end=\"2346\" data-col-size=\"sm\">5<\/td>\n<td data-start=\"2346\" data-end=\"2351\" data-col-size=\"sm\">10<\/td>\n<td data-start=\"2351\" data-end=\"2356\" data-col-size=\"sm\">60<\/td>\n<td data-start=\"2356\" data-end=\"2362\" data-col-size=\"sm\">210<\/td>\n<td data-start=\"2362\" data-end=\"2369\" data-col-size=\"sm\">560<\/td>\n<td data-start=\"2369\" data-end=\"2377\" data-col-size=\"sm\">1 260<\/td>\n<td data-start=\"2377\" data-end=\"2387\" data-col-size=\"sm\">2 520<\/td>\n<\/tr>\n<\/tbody>\n<\/table>\n<div class=\"sticky end-(--thread-content-margin) h-0 self-end select-none\">\n<div class=\"absolute end-0 flex items-end\"><\/div>\n<\/div>\n<\/div>\n<\/div>\n<h3 data-start=\"2394\" data-end=\"2430\">Reducerat system EuroMillions UK<\/h3>\n<p data-start=\"2432\" data-end=\"2514\">Detta alternativ finns endast offline, men vi presenterar det h\u00e4r som information.<\/p>\n<p data-start=\"2516\" data-end=\"2634\">Det kombinerar enkelrader och flerkombo och g\u00f6r det m\u00f6jligt att spela flera kombinationer med vissa gemensamma nummer.<\/p>\n<p data-start=\"2636\" data-end=\"2644\">Exempel:<\/p>\n<ul data-start=\"2646\" data-end=\"2950\">\n<li data-start=\"2646\" data-end=\"2721\">\n<p data-start=\"2648\" data-end=\"2721\">10 nummer + 2 stj\u00e4rnor = 14 rader (j\u00e4mf\u00f6rt med 252 fulla kombinationer)<\/p>\n<\/li>\n<li data-start=\"2722\" data-end=\"2778\">\n<p data-start=\"2724\" data-end=\"2778\">10 nummer + 4 stj\u00e4rnor = 28 rader (j\u00e4mf\u00f6rt med 1512)<\/p>\n<\/li>\n<li data-start=\"2779\" data-end=\"2835\">\n<p data-start=\"2781\" data-end=\"2835\">10 nummer + 3 stj\u00e4rnor = 84 rader (j\u00e4mf\u00f6rt med 1512)<\/p>\n<\/li>\n<li data-start=\"2836\" data-end=\"2893\">\n<p data-start=\"2838\" data-end=\"2893\">12 nummer + 3 stj\u00e4rnor = 114 rader (j\u00e4mf\u00f6rt med 2376)<\/p>\n<\/li>\n<li data-start=\"2894\" data-end=\"2950\">\n<p data-start=\"2896\" data-end=\"2950\">15 nummer + 4 stj\u00e4rnor = 30 rader (j\u00e4mf\u00f6rt med 18 018)<\/p>\n<\/li>\n<\/ul>\n<h2 data-start=\"2957\" data-end=\"2998\">N\u00e4r sker dragningarna i EuroMillions?<\/h2>\n<p data-start=\"3000\" data-end=\"3087\">EuroMillions-dragningar h\u00e5lls varje tisdag och fredag kl. 21:30 (Centraleuropeisk tid).<\/p>\n<p data-start=\"3089\" data-end=\"3223\">V\u00e5r plattform st\u00e4nger biljettk\u00f6pen n\u00e5gra timmar innan dragningen (tid visas i spelpanelen) s\u00e5 att v\u00e5ra ombud kan validera biljetterna.<\/p>\n<p data-start=\"3225\" data-end=\"3316\">Om du k\u00f6per efter den utsatta tiden g\u00e4ller biljetten f\u00f6r n\u00e4sta dragning \u2013 p\u00e5 samma villkor.<\/p>\n<p data-start=\"3318\" data-end=\"3418\">Vid \u00e5terkommande spel beh\u00f6ver endast f\u00f6rsta dragningen k\u00f6pas i tid \u2013 resten schemal\u00e4ggs automatiskt.<\/p>\n<h2 data-start=\"3425\" data-end=\"3470\">F\u00f6rdelar med att k\u00f6pa EuroMillions online<\/h2>\n<p data-start=\"3472\" data-end=\"3526\">Nya spelvanor och bekv\u00e4mlighet inneb\u00e4r m\u00e5nga f\u00f6rdelar:<\/p>\n<ul data-start=\"3528\" data-end=\"4024\">\n<li data-start=\"3528\" data-end=\"3573\">\n<p data-start=\"3530\" data-end=\"3573\"><strong data-start=\"3530\" data-end=\"3571\">S\u00e4kra betalningar via HTTPS-protokoll<\/strong><\/p>\n<\/li>\n<li data-start=\"3574\" data-end=\"3624\">\n<p data-start=\"3576\" data-end=\"3624\"><strong data-start=\"3576\" data-end=\"3622\">Flera trygga betalnings- och uttagsmetoder<\/strong><\/p>\n<\/li>\n<li data-start=\"3625\" data-end=\"3661\">\n<p data-start=\"3627\" data-end=\"3661\"><strong data-start=\"3627\" data-end=\"3659\">Tillg\u00e4ngligt 24\/7, \u00e5ret runt<\/strong><\/p>\n<\/li>\n<li data-start=\"3662\" data-end=\"3712\">\n<p data-start=\"3664\" data-end=\"3712\"><strong data-start=\"3664\" data-end=\"3710\">Spela var du \u00e4n \u00e4r \u2013 inga k\u00f6er, inga resor<\/strong><\/p>\n<\/li>\n<li data-start=\"3713\" data-end=\"3781\">\n<p data-start=\"3715\" data-end=\"3781\"><strong data-start=\"3715\" data-end=\"3779\">Ingen risk att f\u00f6rlora biljetten \u2013 allt sparas p\u00e5 ditt konto<\/strong><\/p>\n<\/li>\n<li data-start=\"3782\" data-end=\"3833\">\n<p data-start=\"3784\" data-end=\"3833\"><strong data-start=\"3784\" data-end=\"3831\">Vinster betalas automatiskt till ditt konto<\/strong><\/p>\n<\/li>\n<li data-start=\"3834\" data-end=\"3969\">\n<p data-start=\"3836\" data-end=\"3969\"><strong data-start=\"3836\" data-end=\"3896\">Information om jackpottar, specialdragningar och nyheter<\/strong><br data-start=\"3896\" data-end=\"3899\" \/>\u27a4 <a class=\"\" href=\"https:\/\/lottohoy.com\/sv\/lotterijackpottar\/\" target=\"_new\" rel=\"noopener\" data-start=\"3903\" data-end=\"3967\">https:\/\/lottohoy.com\/jackpots<\/a><\/p>\n<\/li>\n<li data-start=\"3970\" data-end=\"4024\">\n<p data-start=\"3972\" data-end=\"4024\"><strong data-start=\"3972\" data-end=\"4024\">Resultat skickas till dig via e-post automatiskt<\/strong><\/p>\n<\/li>\n<\/ul>\n","protected":false},"excerpt":{"rendered":"<p>Spela EuroMillions UK \u2013 Introduktion EuroMillions \u00e4r ett lotterispel som drivs oberoende i varje deltagande land.Det lanserades \u00e5r 2004 av \u201cFran\u00e7aise des Jeux\u201d (Frankrike), \u201cLoter\u00edas y Apuestas del Estado\u201d (Spanien) och \u201cCamelot\u201d (Storbritannien). D\u00e4refter ansl\u00f6t sig andra nationella lotterier och antalet l\u00e4nder blev totalt 9: Frankrike, Spanien, Storbritannien, \u00d6sterrike, Belgien, Irland, Luxemburg, Portugal och Schweiz. [&hellip;]<\/p>\n","protected":false},"author":8,"featured_media":0,"parent":16589,"menu_order":0,"comment_status":"closed","ping_status":"closed","template":"euromillions.php","meta":{"_et_pb_use_builder":"","_et_pb_old_content":"","_et_gb_content_width":"","exclude_from_search":false,"footnotes":""},"class_list":["post-20557","page","type-page","status-publish","hentry"],"yoast_head":"<!-- This site is optimized with the Yoast SEO plugin v23.7 - https:\/\/yoast.com\/wordpress\/plugins\/seo\/ -->\n<title>Spela EuroMillions UK online \u2013 Regler, dragningar och vinster | LottoHoy<\/title>\n<meta name=\"description\" content=\"L\u00e4r dig hur du spelar EuroMillions UK online. Regler, dragningstider och UK Millionaire Maker. Spela tryggt och smidigt med LottoHoy.\" \/>\n<meta name=\"robots\" content=\"index, follow, max-snippet:-1, max-image-preview:large, max-video-preview:-1\" \/>\n<link rel=\"canonical\" href=\"https:\/\/lottohoy.com\/sv\/spela\/spela-euromillions-uk\/\" \/>\n<meta property=\"og:locale\" content=\"sv_SE\" \/>\n<meta property=\"og:type\" content=\"article\" \/>\n<meta property=\"og:title\" content=\"Spela EuroMillions UK online \u2013 Regler, dragningar och vinster | LottoHoy\" \/>\n<meta property=\"og:description\" content=\"L\u00e4r dig hur du spelar EuroMillions UK online. Regler, dragningstider och UK Millionaire Maker. Spela tryggt och smidigt med LottoHoy.\" \/>\n<meta property=\"og:url\" content=\"https:\/\/lottohoy.com\/sv\/spela\/spela-euromillions-uk\/\" \/>\n<meta property=\"og:site_name\" content=\"Lottohoy\" \/>\n<meta property=\"article:modified_time\" content=\"2025-06-13T18:00:56+00:00\" \/>\n<meta name=\"twitter:card\" content=\"summary_large_image\" \/>\n<meta name=\"twitter:label1\" content=\"Ber\u00e4knad l\u00e4stid\" \/>\n\t<meta name=\"twitter:data1\" content=\"3 minuter\" \/>\n<script type=\"application\/ld+json\" class=\"yoast-schema-graph\">{\"@context\":\"https:\/\/schema.org\",\"@graph\":[{\"@type\":\"WebPage\",\"@id\":\"https:\/\/lottohoy.com\/sv\/spela\/spela-euromillions-uk\/\",\"url\":\"https:\/\/lottohoy.com\/sv\/spela\/spela-euromillions-uk\/\",\"name\":\"Spela EuroMillions UK online \u2013 Regler, dragningar och vinster | LottoHoy\",\"isPartOf\":{\"@id\":\"https:\/\/lottohoy.com\/sv\/#website\"},\"datePublished\":\"2025-06-13T11:40:52+00:00\",\"dateModified\":\"2025-06-13T18:00:56+00:00\",\"description\":\"L\u00e4r dig hur du spelar EuroMillions UK online. Regler, dragningstider och UK Millionaire Maker. Spela tryggt och smidigt med LottoHoy.\",\"breadcrumb\":{\"@id\":\"https:\/\/lottohoy.com\/sv\/spela\/spela-euromillions-uk\/#breadcrumb\"},\"inLanguage\":\"sv-SE\",\"potentialAction\":[{\"@type\":\"ReadAction\",\"target\":[\"https:\/\/lottohoy.com\/sv\/spela\/spela-euromillions-uk\/\"]}]},{\"@type\":\"BreadcrumbList\",\"@id\":\"https:\/\/lottohoy.com\/sv\/spela\/spela-euromillions-uk\/#breadcrumb\",\"itemListElement\":[{\"@type\":\"ListItem\",\"position\":1,\"name\":\"Home\",\"item\":\"https:\/\/lottohoy.com\/sv\/\"},{\"@type\":\"ListItem\",\"position\":2,\"name\":\"Spela lotteri online\",\"item\":\"https:\/\/lottohoy.com\/sv\/spela\/\"},{\"@type\":\"ListItem\",\"position\":3,\"name\":\"Spela EuroMillions UK\"}]},{\"@type\":\"WebSite\",\"@id\":\"https:\/\/lottohoy.com\/sv\/#website\",\"url\":\"https:\/\/lottohoy.com\/sv\/\",\"name\":\"Lottohoy\",\"description\":\"\",\"potentialAction\":[{\"@type\":\"SearchAction\",\"target\":{\"@type\":\"EntryPoint\",\"urlTemplate\":\"https:\/\/lottohoy.com\/sv\/?s={search_term_string}\"},\"query-input\":{\"@type\":\"PropertyValueSpecification\",\"valueRequired\":true,\"valueName\":\"search_term_string\"}}],\"inLanguage\":\"sv-SE\"}]}<\/script>\n<!-- \/ Yoast SEO plugin. -->","yoast_head_json":{"title":"Spela EuroMillions UK online \u2013 Regler, dragningar och vinster | LottoHoy","description":"L\u00e4r dig hur du spelar EuroMillions UK online. Regler, dragningstider och UK Millionaire Maker. Spela tryggt och smidigt med LottoHoy.","robots":{"index":"index","follow":"follow","max-snippet":"max-snippet:-1","max-image-preview":"max-image-preview:large","max-video-preview":"max-video-preview:-1"},"canonical":"https:\/\/lottohoy.com\/sv\/spela\/spela-euromillions-uk\/","og_locale":"sv_SE","og_type":"article","og_title":"Spela EuroMillions UK online \u2013 Regler, dragningar och vinster | LottoHoy","og_description":"L\u00e4r dig hur du spelar EuroMillions UK online. Regler, dragningstider och UK Millionaire Maker. Spela tryggt och smidigt med LottoHoy.","og_url":"https:\/\/lottohoy.com\/sv\/spela\/spela-euromillions-uk\/","og_site_name":"Lottohoy","article_modified_time":"2025-06-13T18:00:56+00:00","twitter_card":"summary_large_image","twitter_misc":{"Ber\u00e4knad l\u00e4stid":"3 minuter"},"schema":{"@context":"https:\/\/schema.org","@graph":[{"@type":"WebPage","@id":"https:\/\/lottohoy.com\/sv\/spela\/spela-euromillions-uk\/","url":"https:\/\/lottohoy.com\/sv\/spela\/spela-euromillions-uk\/","name":"Spela EuroMillions UK online \u2013 Regler, dragningar och vinster | LottoHoy","isPartOf":{"@id":"https:\/\/lottohoy.com\/sv\/#website"},"datePublished":"2025-06-13T11:40:52+00:00","dateModified":"2025-06-13T18:00:56+00:00","description":"L\u00e4r dig hur du spelar EuroMillions UK online. Regler, dragningstider och UK Millionaire Maker. Spela tryggt och smidigt med LottoHoy.","breadcrumb":{"@id":"https:\/\/lottohoy.com\/sv\/spela\/spela-euromillions-uk\/#breadcrumb"},"inLanguage":"sv-SE","potentialAction":[{"@type":"ReadAction","target":["https:\/\/lottohoy.com\/sv\/spela\/spela-euromillions-uk\/"]}]},{"@type":"BreadcrumbList","@id":"https:\/\/lottohoy.com\/sv\/spela\/spela-euromillions-uk\/#breadcrumb","itemListElement":[{"@type":"ListItem","position":1,"name":"Home","item":"https:\/\/lottohoy.com\/sv\/"},{"@type":"ListItem","position":2,"name":"Spela lotteri online","item":"https:\/\/lottohoy.com\/sv\/spela\/"},{"@type":"ListItem","position":3,"name":"Spela EuroMillions UK"}]},{"@type":"WebSite","@id":"https:\/\/lottohoy.com\/sv\/#website","url":"https:\/\/lottohoy.com\/sv\/","name":"Lottohoy","description":"","potentialAction":[{"@type":"SearchAction","target":{"@type":"EntryPoint","urlTemplate":"https:\/\/lottohoy.com\/sv\/?s={search_term_string}"},"query-input":{"@type":"PropertyValueSpecification","valueRequired":true,"valueName":"search_term_string"}}],"inLanguage":"sv-SE"}]}},"_links":{"self":[{"href":"https:\/\/lottohoy.com\/sv\/wp-json\/wp\/v2\/pages\/20557","targetHints":{"allow":["GET"]}}],"collection":[{"href":"https:\/\/lottohoy.com\/sv\/wp-json\/wp\/v2\/pages"}],"about":[{"href":"https:\/\/lottohoy.com\/sv\/wp-json\/wp\/v2\/types\/page"}],"author":[{"embeddable":true,"href":"https:\/\/lottohoy.com\/sv\/wp-json\/wp\/v2\/users\/8"}],"replies":[{"embeddable":true,"href":"https:\/\/lottohoy.com\/sv\/wp-json\/wp\/v2\/comments?post=20557"}],"version-history":[{"count":1,"href":"https:\/\/lottohoy.com\/sv\/wp-json\/wp\/v2\/pages\/20557\/revisions"}],"predecessor-version":[{"id":20558,"href":"https:\/\/lottohoy.com\/sv\/wp-json\/wp\/v2\/pages\/20557\/revisions\/20558"}],"up":[{"embeddable":true,"href":"https:\/\/lottohoy.com\/sv\/wp-json\/wp\/v2\/pages\/16589"}],"wp:attachment":[{"href":"https:\/\/lottohoy.com\/sv\/wp-json\/wp\/v2\/media?parent=20557"}],"curies":[{"name":"wp","href":"https:\/\/api.w.org\/{rel}","templated":true}]}}