{"id":17034,"date":"2024-10-23T09:10:38","date_gmt":"2024-10-23T08:10:38","guid":{"rendered":"https:\/\/lottohoy.com\/lotterijackpottar\/"},"modified":"2024-10-23T09:10:38","modified_gmt":"2024-10-23T08:10:38","slug":"lotterijackpottar","status":"publish","type":"page","link":"https:\/\/lottohoy.com\/sv\/lotterijackpottar\/","title":{"rendered":"Lotterijackpottar"},"content":{"rendered":"<p>Nedan hittar du en sammanfattande tabell med alla <strong>lotterijackpottar<\/strong> f\u00f6r idag och den kommande veckan. Detta avsnitt uppdateras automatiskt efter varje dragning och visar de senaste jackpottarna<\/p>\n<h2><b>Vad \u00e4r en jackpot och hur de fungerar?<\/b><\/h2>\n<p>I spel och lotterier h\u00e4nvisar ordet \u201d<strong>jackpot<\/strong>\u201d till en summa pengar som ackumulerats fr\u00e5n priser som inte tilldelats i tidigare dragningar.<\/p>\n<p>Alla moderna <strong>lotterier<\/strong> har anpassat sina regler f\u00f6r att locka spelare och \u00f6ka deltagandet, p\u00e5 det h\u00e4r s\u00e4ttet, g\u00f6r frestelsen att spela oemotst\u00e5ndlig.<\/p>\n<p>En jackpot startar n\u00e4r det inte finns n\u00e5gon vinnare i n\u00e5gon av kategorierna i en lotteridragning. Varje spel har sitt eget s\u00e4tt att best\u00e4mma m\u00e4ngden m\u00f6jliga jackpottar f\u00f6r varje dragning, hur pengarna f\u00f6rdelas, vilken del som g\u00e5r till varje priskategori, om det finns ett <strong>garanterat minimum,<\/strong> eller om det finns ett <strong>maximalt antal g\u00e5nger<\/strong> som priset kan rulla \u00f6ver.<\/p>\n<h2><b>Minsta och h\u00f6gsta garanterade lotteri jackpottar<\/b><\/h2>\n<p>N\u00e4r vi granskar de lotterier som ackumulerar <strong>st\u00f6rre jackpottar<\/strong> kan vi se att vissa har ett garanterat minimibelopp f\u00f6r f\u00f6rsta priset till vilket motsvarande belopp p\u00e5 samlingen f\u00f6r dragningen l\u00e4ggs till. Varje organiserande enhet beslutar om minimibeloppet beroende p\u00e5 de ber\u00e4knade int\u00e4kterna. <strong>Amerikanska lotterier<\/strong> tenderar att b\u00f6rja med de st\u00f6rsta jackpottarna.<\/p>\n<p><b>Minsta garanterade Maximun jackpot Rollover<\/b><\/p>\n<p>PowerBall jackpott $ 40 miljoner Ingen gr\u00e4ns Ingen gr\u00e4ns<\/p>\n<p>MegaMillions jackpott $ 40 miljoner* Ingen gr\u00e4ns Ingen gr\u00e4ns<\/p>\n<p>Euromillones jackpot \u20ac 20 miljoner \u20ac 250 miljoner 4<\/p>\n<p>Eurojackpot-jackpott \u20ac 10 miljoner \u20ac 120 miljoner 1<\/p>\n<p>SuperEnalotto jackpott \u20ac 2 miljoner Ingen gr\u00e4ns Ingen gr\u00e4ns<\/p>\n<p>La Primitiva jackpot \u20ac 2 miljoner Ingen gr\u00e4ns Ingen gr\u00e4ns Ingen gr\u00e4ns<\/p>\n<p>OZ PowerBall jackpot AU $ 3 miljoner Ingen gr\u00e4ns Ingen gr\u00e4ns Ingen gr\u00e4ns<\/p>\n<p>BonoLoto jackpott \u20ac 0,400 miljoner Ingen gr\u00e4ns Ingen gr\u00e4ns<\/p>\n<p>Gordo Primitiva jackpot \u20ac 5 Miljoner Ingen gr\u00e4ns Ingen gr\u00e4ns<\/p>\n<p>UK Lottery jackpot \u00a3 2 Miljoner** \u00a3 22 miljoner 4<\/p>\n<p>Polsk Lotto jackpot z\u0142 2 Miljoner Ingen gr\u00e4ns Ingen gr\u00e4ns<\/p>\n<p>*<em> Under COVID 19-pandemin s\u00e4nktes det garanterade minimivinsten till 20 miljoner dollar.<\/em><\/p>\n<p><em>** Inte garanterad, minimibeloppet \u00e4r uppskattat.<\/em><\/p>\n<h2><b>Hur lotterijackpottar ackumuleras<\/b><\/h2>\n<p>Oberoende av det faktum att varje lotteri i fr\u00e5ga har ett <strong>garanterat minimum<\/strong> f\u00f6r huvudpriset, \u00e4r de insamlingsprocent som best\u00e4ms av varje f\u00f6rordning f\u00f6r de \u00e5terst\u00e5ende kategorierna ocks\u00e5 en del av dessa miljon\u00e4rpriser.<\/p>\n<p>Det finns dock lotterier som <a href=\"https:\/\/lottohoy.com\/play\/powerball\/\"><strong>PowerBall<\/strong><\/a>, MegaMillions och andra som har <strong>fasta belopp<\/strong> f\u00f6r andraplatsen och efterf\u00f6ljande priskategorier.<\/p>\n<h3>F\u00f6rdelning p\u00e5 lotteri jackpot samling<\/h3>\n<p>I allm\u00e4nhet, n\u00e4r det redan finns en befintlig jackpot fr\u00e5n tidigare lotterier, l\u00e4ggs <strong>insamlingsprocenten<\/strong> f\u00f6r n\u00e4sta till den befintliga jackpotten.<\/p>\n<p>Det finns lotterier som f\u00f6rdelar en <strong>h\u00f6g andel<\/strong> av varje dragningssamling f\u00f6r att \u00f6ka potten, och andra f\u00f6redrar att f\u00f6rdela det mellan de olika kategorierna som tillhandah\u00e5lls.<\/p>\n<p>L\u00e5t oss se hur de lotterier som har de h\u00f6gsta jackpottarna ackumuleras:<\/p>\n<p><b>Procentandel av samlingen f\u00f6r jackpotten<\/b><\/p>\n<p><b>PowerBall <\/b>68,01% av insamlingen + jackpott<\/p>\n<p><b>MegaMillion <\/b>65,15% av insamlingen + jackpott<\/p>\n<p><b>Euromillones EU <\/b>43,20% 6 dragningar, och 27% efter<\/p>\n<p><b>Eurojackpot <\/b>18% av insamlingen +<b>jackpott<\/b><\/p>\n<p><b>SuperEnalotto <\/b>17,4 procent <\/p>\n<p><b>La Primitiva.<\/b> <b>ES <\/b>6,18 % %.<\/p>\n<p><b>OZ PowerBall AU <\/b>35 <\/p>\n<p><b>Bono Loto.<\/b> <b>ES <\/b>45 PROCENT <\/p>\n<p><b>El Gordo ES <\/b>22% <\/p>\n<p><b>UK Lottery <\/b>83% initialt, och 27% efter<\/p>\n<p><b>Polska Lotto PL <\/b>44% initialt, och 27% efter<\/p>\n<h2>St\u00f6rsta jackpottar som vunnits hittills<\/h2>\n<h4>H\u00e4r l\u00e4mnar vi en lista \u00f6ver de st\u00f6rsta jackpottarna i amerikanska lotterihistoria:<\/h4>\n<p><strong>$2,04 miljard<\/strong>, f\u00f6r n\u00e4rvarande i 2025, den st\u00f6rsta jackpotten som tilldelats av <strong>Powerball-lotteriet<\/strong>, i november 2022<\/p>\n<p><strong>$1,6 miljarder<\/strong>. Nytt rekord satt i oktober 23, 2018 i MegaMillions.<\/p>\n<p>De st\u00f6rsta priserna i europeiska lotterier<\/p>\n<p>Till skillnad fr\u00e5n amerikanska lotterier, Europeiska lotteripriser fr\u00e5n EuroMillions, Eurojackpot och andra \u00e4r i allm\u00e4nhet inte skattepliktiga, utom i vissa l\u00e4nder, som Spanien, Portugal eller Italien.<\/p>\n<h4>De st\u00f6rsta europeiska lotterijackpottarna hittills har varit f\u00f6ljande:<\/h4>\n<p>Den st\u00f6rsta <strong>EuroMillions Lottery-jackpotten <\/strong>\u00e4r <strong>240 miljoner euro<\/strong> den 8 december, 2023 till en vinnare fr\u00e5n \u00d6sterrike.<\/p>\n<p>Den st\u00f6rsta jackpotten i <strong>SuperEnalotto-lotteriet<\/strong>. har varit <strong>371,1 miljoner euro<\/strong> p\u00e5 2\/16\/2023<\/p>\n<p><strong>Eurojackpot-lotteriet<\/strong>, f\u00f6r n\u00e4rvarande \u00e4r den maximala <strong>jackpotten<\/strong> <strong>120 miljoner euro<\/strong>, och under 2024, det har tilldelats upp till 4 g\u00e5nger.\u201d<em>Tidigare var den maximala jackpotten 90 miljoner euro, och det hade tilldelats fem g\u00e5nger\u201d<\/em><\/p>\n<p>Den h\u00f6gsta <strong>BonoLoto-jackpotten<\/strong> \u00e4r <strong>10,6 miljoner<\/strong> euro, den 1\/17\/2024<\/p>\n<p><strong>La Primitiva Lottery<\/strong> <strong>101,7 miljoner euro<\/strong>, fr\u00e5n och med idag, i 10 \u00e5r har det inte \u00f6verskridits<\/p>\n<p><strong>66 070 646 \u00a3<\/strong> den 9\/1\/2016 i det <strong>brittiska lotteriet.<\/strong> Det begr\u00e4nsades senare till \u00a3 22 miljoner.<\/p>\n<p><strong>Z\u0142 56 miljon<\/strong> (n\u00e4stan 13 miljoner euro) i september 2011 i det <strong>polska lotteriet<\/strong>.<\/p>\n<p>Om du vill prova lyckan och delta i n\u00e4sta dragning av v\u00e4rldens st\u00f6rsta lotterier f\u00f6r att vinna n\u00e4sta jackpot, klicka bara p\u00e5 n\u00e5gon av \u201dSpela\u201d -l\u00e4nkarna som du hittar i tabellen h\u00f6gst upp p\u00e5 denna sida.<\/p>\n<p>Vad v\u00e4ntar du p\u00e5? Du kan bli n\u00e4sta vinnare av en av dessa <strong>lotterijackpottar<\/strong>.<\/p>\n","protected":false},"excerpt":{"rendered":"<p>Nedan hittar du en sammanfattande tabell med alla lotterijackpottar f\u00f6r idag och den kommande veckan. Detta avsnitt uppdateras automatiskt efter varje dragning och visar de senaste jackpottarna Vad \u00e4r en jackpot och hur de fungerar? I spel och lotterier h\u00e4nvisar ordet \u201djackpot\u201d till en summa pengar som ackumulerats fr\u00e5n priser som inte tilldelats i tidigare [&hellip;]<\/p>\n","protected":false},"author":1,"featured_media":0,"parent":0,"menu_order":6,"comment_status":"closed","ping_status":"closed","template":"","meta":{"_et_pb_use_builder":"","_et_pb_old_content":"","_et_gb_content_width":"","exclude_from_search":false,"footnotes":""},"class_list":["post-17034","page","type-page","status-publish","hentry"],"yoast_head":"<!-- This site is optimized with the Yoast SEO plugin v23.7 - https:\/\/yoast.com\/wordpress\/plugins\/seo\/ -->\n<title>St\u00f6rsta lotterijackpottar - Spela online lotteri - LottoHoy<\/title>\n<meta name=\"description\" content=\"Letar du efter n\u00e4sta stora jackpott? Hitta de st\u00f6rsta lotterijackpottarna och k\u00f6p din lotteri online. 100% s\u00e4ker!\" \/>\n<meta name=\"robots\" content=\"index, follow, max-snippet:-1, max-image-preview:large, max-video-preview:-1\" \/>\n<link rel=\"canonical\" href=\"https:\/\/lottohoy.com\/sv\/lotterijackpottar\/\" \/>\n<meta property=\"og:locale\" content=\"sv_SE\" \/>\n<meta property=\"og:type\" content=\"article\" \/>\n<meta property=\"og:title\" content=\"St\u00f6rsta lotterijackpottar - Spela online lotteri - LottoHoy\" \/>\n<meta property=\"og:description\" content=\"Letar du efter n\u00e4sta stora jackpott? Hitta de st\u00f6rsta lotterijackpottarna och k\u00f6p din lotteri online. 100% s\u00e4ker!\" \/>\n<meta property=\"og:url\" content=\"https:\/\/lottohoy.com\/sv\/lotterijackpottar\/\" \/>\n<meta property=\"og:site_name\" content=\"Lottohoy\" \/>\n<meta name=\"twitter:card\" content=\"summary_large_image\" \/>\n<meta name=\"twitter:label1\" content=\"Ber\u00e4knad l\u00e4stid\" \/>\n\t<meta name=\"twitter:data1\" content=\"4 minuter\" \/>\n<script type=\"application\/ld+json\" class=\"yoast-schema-graph\">{\"@context\":\"https:\/\/schema.org\",\"@graph\":[{\"@type\":\"WebPage\",\"@id\":\"https:\/\/lottohoy.com\/sv\/lotterijackpottar\/\",\"url\":\"https:\/\/lottohoy.com\/sv\/lotterijackpottar\/\",\"name\":\"St\u00f6rsta lotterijackpottar - Spela online lotteri - LottoHoy\",\"isPartOf\":{\"@id\":\"https:\/\/lottohoy.com\/sv\/#website\"},\"datePublished\":\"2024-10-23T08:10:38+00:00\",\"dateModified\":\"2024-10-23T08:10:38+00:00\",\"description\":\"Letar du efter n\u00e4sta stora jackpott? Hitta de st\u00f6rsta lotterijackpottarna och k\u00f6p din lotteri online. 100% s\u00e4ker!\",\"breadcrumb\":{\"@id\":\"https:\/\/lottohoy.com\/sv\/lotterijackpottar\/#breadcrumb\"},\"inLanguage\":\"sv-SE\",\"potentialAction\":[{\"@type\":\"ReadAction\",\"target\":[\"https:\/\/lottohoy.com\/sv\/lotterijackpottar\/\"]}]},{\"@type\":\"BreadcrumbList\",\"@id\":\"https:\/\/lottohoy.com\/sv\/lotterijackpottar\/#breadcrumb\",\"itemListElement\":[{\"@type\":\"ListItem\",\"position\":1,\"name\":\"Home\",\"item\":\"https:\/\/lottohoy.com\/sv\/\"},{\"@type\":\"ListItem\",\"position\":2,\"name\":\"Lotterijackpottar\"}]},{\"@type\":\"WebSite\",\"@id\":\"https:\/\/lottohoy.com\/sv\/#website\",\"url\":\"https:\/\/lottohoy.com\/sv\/\",\"name\":\"Lottohoy\",\"description\":\"\",\"potentialAction\":[{\"@type\":\"SearchAction\",\"target\":{\"@type\":\"EntryPoint\",\"urlTemplate\":\"https:\/\/lottohoy.com\/sv\/?s={search_term_string}\"},\"query-input\":{\"@type\":\"PropertyValueSpecification\",\"valueRequired\":true,\"valueName\":\"search_term_string\"}}],\"inLanguage\":\"sv-SE\"}]}<\/script>\n<!-- \/ Yoast SEO plugin. -->","yoast_head_json":{"title":"St\u00f6rsta lotterijackpottar - Spela online lotteri - LottoHoy","description":"Letar du efter n\u00e4sta stora jackpott? Hitta de st\u00f6rsta lotterijackpottarna och k\u00f6p din lotteri online. 100% s\u00e4ker!","robots":{"index":"index","follow":"follow","max-snippet":"max-snippet:-1","max-image-preview":"max-image-preview:large","max-video-preview":"max-video-preview:-1"},"canonical":"https:\/\/lottohoy.com\/sv\/lotterijackpottar\/","og_locale":"sv_SE","og_type":"article","og_title":"St\u00f6rsta lotterijackpottar - Spela online lotteri - LottoHoy","og_description":"Letar du efter n\u00e4sta stora jackpott? Hitta de st\u00f6rsta lotterijackpottarna och k\u00f6p din lotteri online. 100% s\u00e4ker!","og_url":"https:\/\/lottohoy.com\/sv\/lotterijackpottar\/","og_site_name":"Lottohoy","twitter_card":"summary_large_image","twitter_misc":{"Ber\u00e4knad l\u00e4stid":"4 minuter"},"schema":{"@context":"https:\/\/schema.org","@graph":[{"@type":"WebPage","@id":"https:\/\/lottohoy.com\/sv\/lotterijackpottar\/","url":"https:\/\/lottohoy.com\/sv\/lotterijackpottar\/","name":"St\u00f6rsta lotterijackpottar - Spela online lotteri - LottoHoy","isPartOf":{"@id":"https:\/\/lottohoy.com\/sv\/#website"},"datePublished":"2024-10-23T08:10:38+00:00","dateModified":"2024-10-23T08:10:38+00:00","description":"Letar du efter n\u00e4sta stora jackpott? Hitta de st\u00f6rsta lotterijackpottarna och k\u00f6p din lotteri online. 100% s\u00e4ker!","breadcrumb":{"@id":"https:\/\/lottohoy.com\/sv\/lotterijackpottar\/#breadcrumb"},"inLanguage":"sv-SE","potentialAction":[{"@type":"ReadAction","target":["https:\/\/lottohoy.com\/sv\/lotterijackpottar\/"]}]},{"@type":"BreadcrumbList","@id":"https:\/\/lottohoy.com\/sv\/lotterijackpottar\/#breadcrumb","itemListElement":[{"@type":"ListItem","position":1,"name":"Home","item":"https:\/\/lottohoy.com\/sv\/"},{"@type":"ListItem","position":2,"name":"Lotterijackpottar"}]},{"@type":"WebSite","@id":"https:\/\/lottohoy.com\/sv\/#website","url":"https:\/\/lottohoy.com\/sv\/","name":"Lottohoy","description":"","potentialAction":[{"@type":"SearchAction","target":{"@type":"EntryPoint","urlTemplate":"https:\/\/lottohoy.com\/sv\/?s={search_term_string}"},"query-input":{"@type":"PropertyValueSpecification","valueRequired":true,"valueName":"search_term_string"}}],"inLanguage":"sv-SE"}]}},"_links":{"self":[{"href":"https:\/\/lottohoy.com\/sv\/wp-json\/wp\/v2\/pages\/17034","targetHints":{"allow":["GET"]}}],"collection":[{"href":"https:\/\/lottohoy.com\/sv\/wp-json\/wp\/v2\/pages"}],"about":[{"href":"https:\/\/lottohoy.com\/sv\/wp-json\/wp\/v2\/types\/page"}],"author":[{"embeddable":true,"href":"https:\/\/lottohoy.com\/sv\/wp-json\/wp\/v2\/users\/1"}],"replies":[{"embeddable":true,"href":"https:\/\/lottohoy.com\/sv\/wp-json\/wp\/v2\/comments?post=17034"}],"version-history":[{"count":0,"href":"https:\/\/lottohoy.com\/sv\/wp-json\/wp\/v2\/pages\/17034\/revisions"}],"wp:attachment":[{"href":"https:\/\/lottohoy.com\/sv\/wp-json\/wp\/v2\/media?parent=17034"}],"curies":[{"name":"wp","href":"https:\/\/api.w.org\/{rel}","templated":true}]}}