{"id":17033,"date":"2018-08-23T10:31:30","date_gmt":"2018-08-23T09:31:30","guid":{"rendered":"https:\/\/lottohoy.com\/lotteri-resultat\/lordag-lotto-resultat\/"},"modified":"2018-08-23T10:31:30","modified_gmt":"2018-08-23T09:31:30","slug":"lordag-lotto-resultat","status":"publish","type":"page","link":"https:\/\/lottohoy.com\/sv\/lotteri-resultat\/lordag-lotto-resultat\/","title":{"rendered":"L\u00f6rdag Lotto resultat"},"content":{"rendered":"<p>Denna sida visar en detaljerad uppdelning av <b>l\u00f6rdagens Lotto-resultat<\/b>, f\u00f6rutom den ber\u00e4knade jackpotten f\u00f6r dragningen och annan information av intresse.<\/p>\n<h2>Dagens AU-l\u00f6rdagslotterieresultat<\/h2>\n<p>P\u00e5 den h\u00e4r sk\u00e4rmen kan du se en tabell som visar resultaten fr\u00e5n den f\u00f6reg\u00e5ende dragningen och f\u00f6rdelningen av priser f\u00f6r var och en av kategorierna. Det ber\u00e4knade antalet vinnare per kategori och det belopp som ska f\u00f6rdelas mellan dem alla.<\/p>\n<h2>Alla resultat fr\u00e5n Australia Saturday Lotto<\/h2>\n<p>F\u00f6rutom de resultat som visas i rutan f\u00f6r f\u00f6reg\u00e5ende dragning, samt tillg\u00e5ng till resultat fr\u00e5n alla tidigare dragningar som h\u00e5llits s\u00e5 l\u00e5ngt tillbaka som sex \u00e5r<\/p>\n<p>Till h\u00f6ger om den vinnande kombinationen, vissa pilar l\u00e5ter dig se tidigare dragningar.<\/p>\n","protected":false},"excerpt":{"rendered":"<p>Denna sida visar en detaljerad uppdelning av l\u00f6rdagens Lotto-resultat, f\u00f6rutom den ber\u00e4knade jackpotten f\u00f6r dragningen och annan information av intresse. Dagens AU-l\u00f6rdagslotterieresultat P\u00e5 den h\u00e4r sk\u00e4rmen kan du se en tabell som visar resultaten fr\u00e5n den f\u00f6reg\u00e5ende dragningen och f\u00f6rdelningen av priser f\u00f6r var och en av kategorierna. Det ber\u00e4knade antalet vinnare per kategori och [&hellip;]<\/p>\n","protected":false},"author":2,"featured_media":0,"parent":16892,"menu_order":19,"comment_status":"closed","ping_status":"closed","template":"saturday-lotto-results.php","meta":{"_et_pb_use_builder":"","_et_pb_old_content":"","_et_gb_content_width":"","exclude_from_search":false,"footnotes":""},"class_list":["post-17033","page","type-page","status-publish","hentry"],"yoast_head":"<!-- This site is optimized with the Yoast SEO plugin v23.7 - https:\/\/yoast.com\/wordpress\/plugins\/seo\/ -->\n<title>\u25b7 L\u00f6rdag Lotto resultat | L\u00f6rdag Lotto vinnande nummer<\/title>\n<meta name=\"description\" content=\"Hitta en detaljerad uppdelning av l\u00f6rdagens Lotto-resultat , f\u00f6rutom den ber\u00e4knade jackpotten f\u00f6r dragningen och annan information av intresse.\" \/>\n<meta name=\"robots\" content=\"index, follow, max-snippet:-1, max-image-preview:large, max-video-preview:-1\" \/>\n<link rel=\"canonical\" href=\"https:\/\/lottohoy.com\/sv\/lotteri-resultat\/lordag-lotto-resultat\/\" \/>\n<meta property=\"og:locale\" content=\"sv_SE\" \/>\n<meta property=\"og:type\" content=\"article\" \/>\n<meta property=\"og:title\" content=\"\u25b7 L\u00f6rdag Lotto resultat | L\u00f6rdag Lotto vinnande nummer\" \/>\n<meta property=\"og:description\" content=\"Hitta en detaljerad uppdelning av l\u00f6rdagens Lotto-resultat , f\u00f6rutom den ber\u00e4knade jackpotten f\u00f6r dragningen och annan information av intresse.\" \/>\n<meta property=\"og:url\" content=\"https:\/\/lottohoy.com\/sv\/lotteri-resultat\/lordag-lotto-resultat\/\" \/>\n<meta property=\"og:site_name\" content=\"Lottohoy\" \/>\n<meta name=\"twitter:card\" content=\"summary_large_image\" \/>\n<meta name=\"twitter:label1\" content=\"Ber\u00e4knad l\u00e4stid\" \/>\n\t<meta name=\"twitter:data1\" content=\"1 minut\" \/>\n<script type=\"application\/ld+json\" class=\"yoast-schema-graph\">{\"@context\":\"https:\/\/schema.org\",\"@graph\":[{\"@type\":\"WebPage\",\"@id\":\"https:\/\/lottohoy.com\/sv\/lotteri-resultat\/lordag-lotto-resultat\/\",\"url\":\"https:\/\/lottohoy.com\/sv\/lotteri-resultat\/lordag-lotto-resultat\/\",\"name\":\"\u25b7 L\u00f6rdag Lotto resultat | L\u00f6rdag Lotto vinnande nummer\",\"isPartOf\":{\"@id\":\"https:\/\/lottohoy.com\/sv\/#website\"},\"datePublished\":\"2018-08-23T09:31:30+00:00\",\"dateModified\":\"2018-08-23T09:31:30+00:00\",\"description\":\"Hitta en detaljerad uppdelning av l\u00f6rdagens Lotto-resultat , f\u00f6rutom den ber\u00e4knade jackpotten f\u00f6r dragningen och annan information av intresse.\",\"breadcrumb\":{\"@id\":\"https:\/\/lottohoy.com\/sv\/lotteri-resultat\/lordag-lotto-resultat\/#breadcrumb\"},\"inLanguage\":\"sv-SE\",\"potentialAction\":[{\"@type\":\"ReadAction\",\"target\":[\"https:\/\/lottohoy.com\/sv\/lotteri-resultat\/lordag-lotto-resultat\/\"]}]},{\"@type\":\"BreadcrumbList\",\"@id\":\"https:\/\/lottohoy.com\/sv\/lotteri-resultat\/lordag-lotto-resultat\/#breadcrumb\",\"itemListElement\":[{\"@type\":\"ListItem\",\"position\":1,\"name\":\"Home\",\"item\":\"https:\/\/lottohoy.com\/sv\/\"},{\"@type\":\"ListItem\",\"position\":2,\"name\":\"Lotteri resultat\",\"item\":\"https:\/\/lottohoy.com\/sv\/lotteri-resultat\/\"},{\"@type\":\"ListItem\",\"position\":3,\"name\":\"L\u00f6rdag Lotto resultat\"}]},{\"@type\":\"WebSite\",\"@id\":\"https:\/\/lottohoy.com\/sv\/#website\",\"url\":\"https:\/\/lottohoy.com\/sv\/\",\"name\":\"Lottohoy\",\"description\":\"\",\"potentialAction\":[{\"@type\":\"SearchAction\",\"target\":{\"@type\":\"EntryPoint\",\"urlTemplate\":\"https:\/\/lottohoy.com\/sv\/?s={search_term_string}\"},\"query-input\":{\"@type\":\"PropertyValueSpecification\",\"valueRequired\":true,\"valueName\":\"search_term_string\"}}],\"inLanguage\":\"sv-SE\"}]}<\/script>\n<!-- \/ Yoast SEO plugin. -->","yoast_head_json":{"title":"\u25b7 L\u00f6rdag Lotto resultat | L\u00f6rdag Lotto vinnande nummer","description":"Hitta en detaljerad uppdelning av l\u00f6rdagens Lotto-resultat , f\u00f6rutom den ber\u00e4knade jackpotten f\u00f6r dragningen och annan information av intresse.","robots":{"index":"index","follow":"follow","max-snippet":"max-snippet:-1","max-image-preview":"max-image-preview:large","max-video-preview":"max-video-preview:-1"},"canonical":"https:\/\/lottohoy.com\/sv\/lotteri-resultat\/lordag-lotto-resultat\/","og_locale":"sv_SE","og_type":"article","og_title":"\u25b7 L\u00f6rdag Lotto resultat | L\u00f6rdag Lotto vinnande nummer","og_description":"Hitta en detaljerad uppdelning av l\u00f6rdagens Lotto-resultat , f\u00f6rutom den ber\u00e4knade jackpotten f\u00f6r dragningen och annan information av intresse.","og_url":"https:\/\/lottohoy.com\/sv\/lotteri-resultat\/lordag-lotto-resultat\/","og_site_name":"Lottohoy","twitter_card":"summary_large_image","twitter_misc":{"Ber\u00e4knad l\u00e4stid":"1 minut"},"schema":{"@context":"https:\/\/schema.org","@graph":[{"@type":"WebPage","@id":"https:\/\/lottohoy.com\/sv\/lotteri-resultat\/lordag-lotto-resultat\/","url":"https:\/\/lottohoy.com\/sv\/lotteri-resultat\/lordag-lotto-resultat\/","name":"\u25b7 L\u00f6rdag Lotto resultat | L\u00f6rdag Lotto vinnande nummer","isPartOf":{"@id":"https:\/\/lottohoy.com\/sv\/#website"},"datePublished":"2018-08-23T09:31:30+00:00","dateModified":"2018-08-23T09:31:30+00:00","description":"Hitta en detaljerad uppdelning av l\u00f6rdagens Lotto-resultat , f\u00f6rutom den ber\u00e4knade jackpotten f\u00f6r dragningen och annan information av intresse.","breadcrumb":{"@id":"https:\/\/lottohoy.com\/sv\/lotteri-resultat\/lordag-lotto-resultat\/#breadcrumb"},"inLanguage":"sv-SE","potentialAction":[{"@type":"ReadAction","target":["https:\/\/lottohoy.com\/sv\/lotteri-resultat\/lordag-lotto-resultat\/"]}]},{"@type":"BreadcrumbList","@id":"https:\/\/lottohoy.com\/sv\/lotteri-resultat\/lordag-lotto-resultat\/#breadcrumb","itemListElement":[{"@type":"ListItem","position":1,"name":"Home","item":"https:\/\/lottohoy.com\/sv\/"},{"@type":"ListItem","position":2,"name":"Lotteri resultat","item":"https:\/\/lottohoy.com\/sv\/lotteri-resultat\/"},{"@type":"ListItem","position":3,"name":"L\u00f6rdag Lotto resultat"}]},{"@type":"WebSite","@id":"https:\/\/lottohoy.com\/sv\/#website","url":"https:\/\/lottohoy.com\/sv\/","name":"Lottohoy","description":"","potentialAction":[{"@type":"SearchAction","target":{"@type":"EntryPoint","urlTemplate":"https:\/\/lottohoy.com\/sv\/?s={search_term_string}"},"query-input":{"@type":"PropertyValueSpecification","valueRequired":true,"valueName":"search_term_string"}}],"inLanguage":"sv-SE"}]}},"_links":{"self":[{"href":"https:\/\/lottohoy.com\/sv\/wp-json\/wp\/v2\/pages\/17033","targetHints":{"allow":["GET"]}}],"collection":[{"href":"https:\/\/lottohoy.com\/sv\/wp-json\/wp\/v2\/pages"}],"about":[{"href":"https:\/\/lottohoy.com\/sv\/wp-json\/wp\/v2\/types\/page"}],"author":[{"embeddable":true,"href":"https:\/\/lottohoy.com\/sv\/wp-json\/wp\/v2\/users\/2"}],"replies":[{"embeddable":true,"href":"https:\/\/lottohoy.com\/sv\/wp-json\/wp\/v2\/comments?post=17033"}],"version-history":[{"count":0,"href":"https:\/\/lottohoy.com\/sv\/wp-json\/wp\/v2\/pages\/17033\/revisions"}],"up":[{"embeddable":true,"href":"https:\/\/lottohoy.com\/sv\/wp-json\/wp\/v2\/pages\/16892"}],"wp:attachment":[{"href":"https:\/\/lottohoy.com\/sv\/wp-json\/wp\/v2\/media?parent=17033"}],"curies":[{"name":"wp","href":"https:\/\/api.w.org\/{rel}","templated":true}]}}