{"id":17015,"date":"2018-08-22T10:28:14","date_gmt":"2018-08-22T09:28:14","guid":{"rendered":"https:\/\/lottohoy.com\/?page_id=17015"},"modified":"2025-03-26T06:04:22","modified_gmt":"2025-03-26T06:04:22","slug":"powerball-au-resultat","status":"publish","type":"page","link":"https:\/\/lottohoy.com\/sv\/lotteri-resultat\/powerball-au-resultat\/","title":{"rendered":"Powerball AU-resultat"},"content":{"rendered":"<p>Denna sida visar oss alla resultat fr\u00e5n det australiensiska Powerball-lotteriet, samt den ber\u00e4knade jackpotten f\u00f6r dragningen och annan information av intresse.<\/p>\n<h2>Dagens PowerBall AU-resultat<\/h2>\n<p>Rutan visar resultatet av den senaste dragningen som h\u00f6lls och f\u00f6rdelningen av priser f\u00f6r var och en av kategorierna.<\/p>\n<p>Dessutom, det ber\u00e4knade antalet vinnare per kategori och det belopp som ska f\u00f6rdelas mellan dem, med tanke p\u00e5 att l\u00e4gre kategorier inte har ett fast belopp tilldelat.<\/p>\n<h2>Alla australiska PowerBall-resultat<\/h2>\n<p>F\u00f6rutom de resultat som visas i rutan f\u00f6r den senaste dragningen, p\u00e5 den h\u00e4r sidan kan du ocks\u00e5 komma \u00e5t resultat fr\u00e5n alla tidigare dragningar som h\u00e5llits, sedan den senaste uppdateringen den<sup>19<\/sup> april 2018.<\/p>\n<p>Till h\u00f6ger om den vinnande kombinationen som visas i den senaste dragningen, det finns n\u00e5gra gr\u00e5 rutor med riktningspilar som l\u00e5ter dig kontrollera resultat fr\u00e5n tidigare dragningar.<\/p>\n","protected":false},"excerpt":{"rendered":"<p>Denna sida visar oss alla resultat fr\u00e5n det australiensiska Powerball-lotteriet, samt den ber\u00e4knade jackpotten f\u00f6r dragningen och annan information av intresse. Dagens PowerBall AU-resultat Rutan visar resultatet av den senaste dragningen som h\u00f6lls och f\u00f6rdelningen av priser f\u00f6r var och en av kategorierna. Dessutom, det ber\u00e4knade antalet vinnare per kategori och det belopp som ska [&hellip;]<\/p>\n","protected":false},"author":7,"featured_media":0,"parent":16892,"menu_order":17,"comment_status":"closed","ping_status":"closed","template":"powerball-au-results.php","meta":{"_et_pb_use_builder":"","_et_pb_old_content":"","_et_gb_content_width":"","exclude_from_search":false,"footnotes":""},"class_list":["post-17015","page","type-page","status-publish","hentry"],"yoast_head":"<!-- This site is optimized with the Yoast SEO plugin v23.7 - https:\/\/yoast.com\/wordpress\/plugins\/seo\/ -->\n<title>PowerBall AU Resultat - Kontrollera dina nummer - LottoHoy<\/title>\n<meta name=\"description\" content=\"Denna sida visar oss alla resultat fr\u00e5n det australiensiska Powerball-lotteriet, samt den ber\u00e4knade jackpotten f\u00f6r dragningen och annan information av intresse.\" \/>\n<meta name=\"robots\" content=\"index, follow, max-snippet:-1, max-image-preview:large, max-video-preview:-1\" \/>\n<link rel=\"canonical\" href=\"https:\/\/lottohoy.com\/sv\/lotteri-resultat\/powerball-au-resultat\/\" \/>\n<meta property=\"og:locale\" content=\"sv_SE\" \/>\n<meta property=\"og:type\" content=\"article\" \/>\n<meta property=\"og:title\" content=\"PowerBall AU Resultat - Kontrollera dina nummer - LottoHoy\" \/>\n<meta property=\"og:description\" content=\"Denna sida visar oss alla resultat fr\u00e5n det australiensiska Powerball-lotteriet, samt den ber\u00e4knade jackpotten f\u00f6r dragningen och annan information av intresse.\" \/>\n<meta property=\"og:url\" content=\"https:\/\/lottohoy.com\/sv\/lotteri-resultat\/powerball-au-resultat\/\" \/>\n<meta property=\"og:site_name\" content=\"Lottohoy\" \/>\n<meta property=\"article:modified_time\" content=\"2025-03-26T06:04:22+00:00\" \/>\n<meta name=\"twitter:card\" content=\"summary_large_image\" \/>\n<meta name=\"twitter:label1\" content=\"Ber\u00e4knad l\u00e4stid\" \/>\n\t<meta name=\"twitter:data1\" content=\"1 minut\" \/>\n<script type=\"application\/ld+json\" class=\"yoast-schema-graph\">{\"@context\":\"https:\/\/schema.org\",\"@graph\":[{\"@type\":\"WebPage\",\"@id\":\"https:\/\/lottohoy.com\/sv\/lotteri-resultat\/powerball-au-resultat\/\",\"url\":\"https:\/\/lottohoy.com\/sv\/lotteri-resultat\/powerball-au-resultat\/\",\"name\":\"PowerBall AU Resultat - Kontrollera dina nummer - LottoHoy\",\"isPartOf\":{\"@id\":\"https:\/\/lottohoy.com\/sv\/#website\"},\"datePublished\":\"2018-08-22T09:28:14+00:00\",\"dateModified\":\"2025-03-26T06:04:22+00:00\",\"description\":\"Denna sida visar oss alla resultat fr\u00e5n det australiensiska Powerball-lotteriet, samt den ber\u00e4knade jackpotten f\u00f6r dragningen och annan information av intresse.\",\"breadcrumb\":{\"@id\":\"https:\/\/lottohoy.com\/sv\/lotteri-resultat\/powerball-au-resultat\/#breadcrumb\"},\"inLanguage\":\"sv-SE\",\"potentialAction\":[{\"@type\":\"ReadAction\",\"target\":[\"https:\/\/lottohoy.com\/sv\/lotteri-resultat\/powerball-au-resultat\/\"]}]},{\"@type\":\"BreadcrumbList\",\"@id\":\"https:\/\/lottohoy.com\/sv\/lotteri-resultat\/powerball-au-resultat\/#breadcrumb\",\"itemListElement\":[{\"@type\":\"ListItem\",\"position\":1,\"name\":\"Home\",\"item\":\"https:\/\/lottohoy.com\/sv\/\"},{\"@type\":\"ListItem\",\"position\":2,\"name\":\"Lotteri resultat\",\"item\":\"https:\/\/lottohoy.com\/sv\/lotteri-resultat\/\"},{\"@type\":\"ListItem\",\"position\":3,\"name\":\"Powerball AU-resultat\"}]},{\"@type\":\"WebSite\",\"@id\":\"https:\/\/lottohoy.com\/sv\/#website\",\"url\":\"https:\/\/lottohoy.com\/sv\/\",\"name\":\"Lottohoy\",\"description\":\"\",\"potentialAction\":[{\"@type\":\"SearchAction\",\"target\":{\"@type\":\"EntryPoint\",\"urlTemplate\":\"https:\/\/lottohoy.com\/sv\/?s={search_term_string}\"},\"query-input\":{\"@type\":\"PropertyValueSpecification\",\"valueRequired\":true,\"valueName\":\"search_term_string\"}}],\"inLanguage\":\"sv-SE\"}]}<\/script>\n<!-- \/ Yoast SEO plugin. -->","yoast_head_json":{"title":"PowerBall AU Resultat - Kontrollera dina nummer - LottoHoy","description":"Denna sida visar oss alla resultat fr\u00e5n det australiensiska Powerball-lotteriet, samt den ber\u00e4knade jackpotten f\u00f6r dragningen och annan information av intresse.","robots":{"index":"index","follow":"follow","max-snippet":"max-snippet:-1","max-image-preview":"max-image-preview:large","max-video-preview":"max-video-preview:-1"},"canonical":"https:\/\/lottohoy.com\/sv\/lotteri-resultat\/powerball-au-resultat\/","og_locale":"sv_SE","og_type":"article","og_title":"PowerBall AU Resultat - Kontrollera dina nummer - LottoHoy","og_description":"Denna sida visar oss alla resultat fr\u00e5n det australiensiska Powerball-lotteriet, samt den ber\u00e4knade jackpotten f\u00f6r dragningen och annan information av intresse.","og_url":"https:\/\/lottohoy.com\/sv\/lotteri-resultat\/powerball-au-resultat\/","og_site_name":"Lottohoy","article_modified_time":"2025-03-26T06:04:22+00:00","twitter_card":"summary_large_image","twitter_misc":{"Ber\u00e4knad l\u00e4stid":"1 minut"},"schema":{"@context":"https:\/\/schema.org","@graph":[{"@type":"WebPage","@id":"https:\/\/lottohoy.com\/sv\/lotteri-resultat\/powerball-au-resultat\/","url":"https:\/\/lottohoy.com\/sv\/lotteri-resultat\/powerball-au-resultat\/","name":"PowerBall AU Resultat - Kontrollera dina nummer - LottoHoy","isPartOf":{"@id":"https:\/\/lottohoy.com\/sv\/#website"},"datePublished":"2018-08-22T09:28:14+00:00","dateModified":"2025-03-26T06:04:22+00:00","description":"Denna sida visar oss alla resultat fr\u00e5n det australiensiska Powerball-lotteriet, samt den ber\u00e4knade jackpotten f\u00f6r dragningen och annan information av intresse.","breadcrumb":{"@id":"https:\/\/lottohoy.com\/sv\/lotteri-resultat\/powerball-au-resultat\/#breadcrumb"},"inLanguage":"sv-SE","potentialAction":[{"@type":"ReadAction","target":["https:\/\/lottohoy.com\/sv\/lotteri-resultat\/powerball-au-resultat\/"]}]},{"@type":"BreadcrumbList","@id":"https:\/\/lottohoy.com\/sv\/lotteri-resultat\/powerball-au-resultat\/#breadcrumb","itemListElement":[{"@type":"ListItem","position":1,"name":"Home","item":"https:\/\/lottohoy.com\/sv\/"},{"@type":"ListItem","position":2,"name":"Lotteri resultat","item":"https:\/\/lottohoy.com\/sv\/lotteri-resultat\/"},{"@type":"ListItem","position":3,"name":"Powerball AU-resultat"}]},{"@type":"WebSite","@id":"https:\/\/lottohoy.com\/sv\/#website","url":"https:\/\/lottohoy.com\/sv\/","name":"Lottohoy","description":"","potentialAction":[{"@type":"SearchAction","target":{"@type":"EntryPoint","urlTemplate":"https:\/\/lottohoy.com\/sv\/?s={search_term_string}"},"query-input":{"@type":"PropertyValueSpecification","valueRequired":true,"valueName":"search_term_string"}}],"inLanguage":"sv-SE"}]}},"_links":{"self":[{"href":"https:\/\/lottohoy.com\/sv\/wp-json\/wp\/v2\/pages\/17015","targetHints":{"allow":["GET"]}}],"collection":[{"href":"https:\/\/lottohoy.com\/sv\/wp-json\/wp\/v2\/pages"}],"about":[{"href":"https:\/\/lottohoy.com\/sv\/wp-json\/wp\/v2\/types\/page"}],"author":[{"embeddable":true,"href":"https:\/\/lottohoy.com\/sv\/wp-json\/wp\/v2\/users\/7"}],"replies":[{"embeddable":true,"href":"https:\/\/lottohoy.com\/sv\/wp-json\/wp\/v2\/comments?post=17015"}],"version-history":[{"count":1,"href":"https:\/\/lottohoy.com\/sv\/wp-json\/wp\/v2\/pages\/17015\/revisions"}],"predecessor-version":[{"id":17016,"href":"https:\/\/lottohoy.com\/sv\/wp-json\/wp\/v2\/pages\/17015\/revisions\/17016"}],"up":[{"embeddable":true,"href":"https:\/\/lottohoy.com\/sv\/wp-json\/wp\/v2\/pages\/16892"}],"wp:attachment":[{"href":"https:\/\/lottohoy.com\/sv\/wp-json\/wp\/v2\/media?parent=17015"}],"curies":[{"name":"wp","href":"https:\/\/api.w.org\/{rel}","templated":true}]}}