{"id":17012,"date":"2020-08-10T15:58:35","date_gmt":"2020-08-10T14:58:35","guid":{"rendered":"https:\/\/lottohoy.com\/lotteri-resultat\/mega-sena-lotteri-resultat\/"},"modified":"2020-08-10T15:58:35","modified_gmt":"2020-08-10T14:58:35","slug":"mega-sena-lotteri-resultat","status":"publish","type":"page","link":"https:\/\/lottohoy.com\/sv\/lotteri-resultat\/mega-sena-lotteri-resultat\/","title":{"rendered":"Mega Sena Lotteri Resultat"},"content":{"rendered":"<h2>Kontrollera resultaten av Mega Sena<\/h2>\n<p>F\u00f6r att kontrollera den vinnande kombinationen av Mega Sena-lotteriteckningarna, j\u00e4mf\u00f6r helt enkelt siffrorna i kombinationen som visas p\u00e5 din biljett med resultatet som visas p\u00e5 denna sida.<\/p>\n<p>Du kan ocks\u00e5 komma \u00e5t anv\u00e4ndarkontot, d\u00e4r alla r\u00f6relser kommer att \u00e5terspeglas, inklusive erh\u00e5llna priser<\/p>\n<p>P\u00e5 samma sida kan du ocks\u00e5 se det ackumulerade, vinnarna och priserna i var och en av kategorierna och de tidigare dragningarna upp till 24 m\u00e5nader gammal.<\/p>\n<h2>Hur \u00e4r utdelningen av priser?<\/h2>\n<p>P\u00e5 den h\u00e4r sidan, du kan se den vinnande kombinationen av den senaste dragningen och f\u00f6rdelningen av priser som motsvarar var och en av kategorierna.<\/p>\n<p>Om du \u00e4r en registrerad anv\u00e4ndare, de erh\u00e5llna priserna deponeras direkt p\u00e5 anv\u00e4ndarkontot, och du kan ha pengar i ditt saldo, s\u00e5 att du kan spela igen eller be om uttag<\/p>\n<h2>Topppriser och Mega Sena lotteri jackpottar<\/h2>\n<p>Det minsta garanterade priset \u00e4r R $ 2.000.000. Den f\u00f6rsta priskategorin \u00e4r kumulativ om det inte finns n\u00e5gon vinnare i dragningen, och priset forts\u00e4tter att ackumuleras utan gr\u00e4ns.<\/p>\n<p>Den st\u00f6rsta ackumulerade jackpotten i detta lotteris historia var i 2017, som n\u00e5dde ett rekord p\u00e5 306,718,743, R $ 71 (motsvarande 49,074,999)<\/p>\n<p>Mega Sena, \u00e4r ett lotteri som vi kan betrakta som \u201dl\u00e4tt\u201d och \u00e4ven om det har ett garanterat minimipris p\u00e5 2.000.000 euro f\u00f6r de f\u00f6rsta kategorivinnarna (6 tr\u00e4ffar), du f\u00e5r vanligtvis inte kumulativa jackpottar av supermiljon\u00e4rbelopp som andra europeiska eller amerikanska lotterier.<\/p>\n<p>Detta beror p\u00e5 att det ofta \u00e4r framg\u00e5ngsrikt och det finns m\u00e5nga miljon\u00e4rer som har skapat detta lotteri.<\/p>\n<h2>De mest frekventa siffrorna i Mega Sena<\/h2>\n<p>Sedan b\u00f6rjan av dragningarna i mars 1996, de nummer som har dragits oftast har varit<\/p>\n<p>De s\u00e5 kallade \u201d<strong>heta siffrorna<\/strong>\u201d 10, 53, 23, 5, 4 och 33<\/p>\n<p>De s\u00e5 kallade \u201d<strong>kalla siffrorna<\/strong>\u201d 25, 55, 21, 22, 3 och 15<\/p>\n<p>Av huvudnumren \u00e4r de som har haft flest framtr\u00e4danden<\/p>\n<p>&#8211; Nummer 10, med 262 uppenbarelser<\/p>\n<p>&#8211; Nummer 55, med 261 framtr\u00e4danden<\/p>\n<p>Tv\u00e4rtom, n\u00e4r vi tittar p\u00e5 de nummer som har kommit upp minst, ser vi att nummer 26, bara har haft 187 framtr\u00e4danden<\/p>\n<p>Och f\u00f6r de av er som \u00e4lskar statistik:<\/p>\n<p>&#8211; De vanligaste paren har varit 5 och 33 eller 5 och 27<\/p>\n<p>&#8211; Paren i f\u00f6ljd var 51 och 52 eller 41 och 42<\/p>\n<p>&#8211; De vanligaste trios har varit: 24-25 och 42<\/p>\n<p>&#8211; Och slutligen var de p\u00e5 varandra f\u00f6ljande trios: 6-7 och 8<\/p>\n","protected":false},"excerpt":{"rendered":"<p>Kontrollera resultaten av Mega Sena F\u00f6r att kontrollera den vinnande kombinationen av Mega Sena-lotteriteckningarna, j\u00e4mf\u00f6r helt enkelt siffrorna i kombinationen som visas p\u00e5 din biljett med resultatet som visas p\u00e5 denna sida. Du kan ocks\u00e5 komma \u00e5t anv\u00e4ndarkontot, d\u00e4r alla r\u00f6relser kommer att \u00e5terspeglas, inklusive erh\u00e5llna priser P\u00e5 samma sida kan du ocks\u00e5 se det [&hellip;]<\/p>\n","protected":false},"author":2,"featured_media":0,"parent":16892,"menu_order":16,"comment_status":"closed","ping_status":"closed","template":"megasena-results.php","meta":{"_et_pb_use_builder":"","_et_pb_old_content":"","_et_gb_content_width":"","exclude_from_search":false,"footnotes":""},"class_list":["post-17012","page","type-page","status-publish","hentry"],"yoast_head":"<!-- This site is optimized with the Yoast SEO plugin v23.7 - https:\/\/yoast.com\/wordpress\/plugins\/seo\/ -->\n<title>Mega Sena-resultat visas - LottoHoy.com<\/title>\n<meta name=\"description\" content=\"Kontrollera om du har vunnit ett pris i dragningarna och j\u00e4mf\u00f6r den insats du har gjort, Mega Sena-resultaten fr\u00e5n den senaste dragningen visas.\" \/>\n<meta name=\"robots\" content=\"index, follow, max-snippet:-1, max-image-preview:large, max-video-preview:-1\" \/>\n<link rel=\"canonical\" href=\"https:\/\/lottohoy.com\/sv\/lotteri-resultat\/mega-sena-lotteri-resultat\/\" \/>\n<meta property=\"og:locale\" content=\"sv_SE\" \/>\n<meta property=\"og:type\" content=\"article\" \/>\n<meta property=\"og:title\" content=\"Mega Sena-resultat visas - LottoHoy.com\" \/>\n<meta property=\"og:description\" content=\"Kontrollera om du har vunnit ett pris i dragningarna och j\u00e4mf\u00f6r den insats du har gjort, Mega Sena-resultaten fr\u00e5n den senaste dragningen visas.\" \/>\n<meta property=\"og:url\" content=\"https:\/\/lottohoy.com\/sv\/lotteri-resultat\/mega-sena-lotteri-resultat\/\" \/>\n<meta property=\"og:site_name\" content=\"Lottohoy\" \/>\n<meta name=\"twitter:card\" content=\"summary_large_image\" \/>\n<meta name=\"twitter:label1\" content=\"Ber\u00e4knad l\u00e4stid\" \/>\n\t<meta name=\"twitter:data1\" content=\"2 minuter\" \/>\n<script type=\"application\/ld+json\" class=\"yoast-schema-graph\">{\"@context\":\"https:\/\/schema.org\",\"@graph\":[{\"@type\":\"WebPage\",\"@id\":\"https:\/\/lottohoy.com\/sv\/lotteri-resultat\/mega-sena-lotteri-resultat\/\",\"url\":\"https:\/\/lottohoy.com\/sv\/lotteri-resultat\/mega-sena-lotteri-resultat\/\",\"name\":\"Mega Sena-resultat visas - LottoHoy.com\",\"isPartOf\":{\"@id\":\"https:\/\/lottohoy.com\/sv\/#website\"},\"datePublished\":\"2020-08-10T14:58:35+00:00\",\"dateModified\":\"2020-08-10T14:58:35+00:00\",\"description\":\"Kontrollera om du har vunnit ett pris i dragningarna och j\u00e4mf\u00f6r den insats du har gjort, Mega Sena-resultaten fr\u00e5n den senaste dragningen visas.\",\"breadcrumb\":{\"@id\":\"https:\/\/lottohoy.com\/sv\/lotteri-resultat\/mega-sena-lotteri-resultat\/#breadcrumb\"},\"inLanguage\":\"sv-SE\",\"potentialAction\":[{\"@type\":\"ReadAction\",\"target\":[\"https:\/\/lottohoy.com\/sv\/lotteri-resultat\/mega-sena-lotteri-resultat\/\"]}]},{\"@type\":\"BreadcrumbList\",\"@id\":\"https:\/\/lottohoy.com\/sv\/lotteri-resultat\/mega-sena-lotteri-resultat\/#breadcrumb\",\"itemListElement\":[{\"@type\":\"ListItem\",\"position\":1,\"name\":\"Home\",\"item\":\"https:\/\/lottohoy.com\/sv\/\"},{\"@type\":\"ListItem\",\"position\":2,\"name\":\"Lotteri resultat\",\"item\":\"https:\/\/lottohoy.com\/sv\/lotteri-resultat\/\"},{\"@type\":\"ListItem\",\"position\":3,\"name\":\"Mega Sena Lotteri Resultat\"}]},{\"@type\":\"WebSite\",\"@id\":\"https:\/\/lottohoy.com\/sv\/#website\",\"url\":\"https:\/\/lottohoy.com\/sv\/\",\"name\":\"Lottohoy\",\"description\":\"\",\"potentialAction\":[{\"@type\":\"SearchAction\",\"target\":{\"@type\":\"EntryPoint\",\"urlTemplate\":\"https:\/\/lottohoy.com\/sv\/?s={search_term_string}\"},\"query-input\":{\"@type\":\"PropertyValueSpecification\",\"valueRequired\":true,\"valueName\":\"search_term_string\"}}],\"inLanguage\":\"sv-SE\"}]}<\/script>\n<!-- \/ Yoast SEO plugin. -->","yoast_head_json":{"title":"Mega Sena-resultat visas - LottoHoy.com","description":"Kontrollera om du har vunnit ett pris i dragningarna och j\u00e4mf\u00f6r den insats du har gjort, Mega Sena-resultaten fr\u00e5n den senaste dragningen visas.","robots":{"index":"index","follow":"follow","max-snippet":"max-snippet:-1","max-image-preview":"max-image-preview:large","max-video-preview":"max-video-preview:-1"},"canonical":"https:\/\/lottohoy.com\/sv\/lotteri-resultat\/mega-sena-lotteri-resultat\/","og_locale":"sv_SE","og_type":"article","og_title":"Mega Sena-resultat visas - LottoHoy.com","og_description":"Kontrollera om du har vunnit ett pris i dragningarna och j\u00e4mf\u00f6r den insats du har gjort, Mega Sena-resultaten fr\u00e5n den senaste dragningen visas.","og_url":"https:\/\/lottohoy.com\/sv\/lotteri-resultat\/mega-sena-lotteri-resultat\/","og_site_name":"Lottohoy","twitter_card":"summary_large_image","twitter_misc":{"Ber\u00e4knad l\u00e4stid":"2 minuter"},"schema":{"@context":"https:\/\/schema.org","@graph":[{"@type":"WebPage","@id":"https:\/\/lottohoy.com\/sv\/lotteri-resultat\/mega-sena-lotteri-resultat\/","url":"https:\/\/lottohoy.com\/sv\/lotteri-resultat\/mega-sena-lotteri-resultat\/","name":"Mega Sena-resultat visas - LottoHoy.com","isPartOf":{"@id":"https:\/\/lottohoy.com\/sv\/#website"},"datePublished":"2020-08-10T14:58:35+00:00","dateModified":"2020-08-10T14:58:35+00:00","description":"Kontrollera om du har vunnit ett pris i dragningarna och j\u00e4mf\u00f6r den insats du har gjort, Mega Sena-resultaten fr\u00e5n den senaste dragningen visas.","breadcrumb":{"@id":"https:\/\/lottohoy.com\/sv\/lotteri-resultat\/mega-sena-lotteri-resultat\/#breadcrumb"},"inLanguage":"sv-SE","potentialAction":[{"@type":"ReadAction","target":["https:\/\/lottohoy.com\/sv\/lotteri-resultat\/mega-sena-lotteri-resultat\/"]}]},{"@type":"BreadcrumbList","@id":"https:\/\/lottohoy.com\/sv\/lotteri-resultat\/mega-sena-lotteri-resultat\/#breadcrumb","itemListElement":[{"@type":"ListItem","position":1,"name":"Home","item":"https:\/\/lottohoy.com\/sv\/"},{"@type":"ListItem","position":2,"name":"Lotteri resultat","item":"https:\/\/lottohoy.com\/sv\/lotteri-resultat\/"},{"@type":"ListItem","position":3,"name":"Mega Sena Lotteri Resultat"}]},{"@type":"WebSite","@id":"https:\/\/lottohoy.com\/sv\/#website","url":"https:\/\/lottohoy.com\/sv\/","name":"Lottohoy","description":"","potentialAction":[{"@type":"SearchAction","target":{"@type":"EntryPoint","urlTemplate":"https:\/\/lottohoy.com\/sv\/?s={search_term_string}"},"query-input":{"@type":"PropertyValueSpecification","valueRequired":true,"valueName":"search_term_string"}}],"inLanguage":"sv-SE"}]}},"_links":{"self":[{"href":"https:\/\/lottohoy.com\/sv\/wp-json\/wp\/v2\/pages\/17012","targetHints":{"allow":["GET"]}}],"collection":[{"href":"https:\/\/lottohoy.com\/sv\/wp-json\/wp\/v2\/pages"}],"about":[{"href":"https:\/\/lottohoy.com\/sv\/wp-json\/wp\/v2\/types\/page"}],"author":[{"embeddable":true,"href":"https:\/\/lottohoy.com\/sv\/wp-json\/wp\/v2\/users\/2"}],"replies":[{"embeddable":true,"href":"https:\/\/lottohoy.com\/sv\/wp-json\/wp\/v2\/comments?post=17012"}],"version-history":[{"count":0,"href":"https:\/\/lottohoy.com\/sv\/wp-json\/wp\/v2\/pages\/17012\/revisions"}],"up":[{"embeddable":true,"href":"https:\/\/lottohoy.com\/sv\/wp-json\/wp\/v2\/pages\/16892"}],"wp:attachment":[{"href":"https:\/\/lottohoy.com\/sv\/wp-json\/wp\/v2\/media?parent=17012"}],"curies":[{"name":"wp","href":"https:\/\/api.w.org\/{rel}","templated":true}]}}