{"id":17000,"date":"2020-08-10T21:40:33","date_gmt":"2020-08-10T20:40:33","guid":{"rendered":"https:\/\/lottohoy.com\/lotteri-resultat\/lotto-america-resultat\/"},"modified":"2020-08-10T21:40:33","modified_gmt":"2020-08-10T20:40:33","slug":"lotto-america-resultat","status":"publish","type":"page","link":"https:\/\/lottohoy.com\/sv\/lotteri-resultat\/lotto-america-resultat\/","title":{"rendered":"Lotto America resultat"},"content":{"rendered":"<p>Denna sida visar en detaljerad uppdelning av Lotto America-dragningsresultaten samt den ber\u00e4knade jackpotten (i v\u00e4ntan p\u00e5 slutlig granskning) f\u00f6r den h\u00e5llna dragningen och annan information av intresse.<\/p>\n<h2>Senaste Lotto America-resultaten<\/h2>\n<p>P\u00e5 den h\u00e4r sk\u00e4rmen kan du se en tabell som visar resultaten fr\u00e5n den senaste dragningen som h\u00f6lls och f\u00f6rdelningen av priser f\u00f6r var och en av priskategorierna, det ber\u00e4knade antalet vinnare per kategori och det belopp som ska f\u00f6rdelas mellan dem.<\/p>\n<h2>Alla Lotto America-resultat<\/h2>\n<p>F\u00f6rutom de resultat som visas i rutan f\u00f6r den senaste dragningen, du kan ocks\u00e5 komma \u00e5t den h\u00e4r sidan f\u00f6r att se resultaten fr\u00e5n alla tidigare dragningar som h\u00e5llits under det senaste 2 \u00e5r.<\/p>\n<p>Du kan v\u00e4lja det specifika datum d\u00e5 du vill kontrollera resultatet och de priser som delas ut i varje prisniv\u00e5.<\/p>\n","protected":false},"excerpt":{"rendered":"<p>Denna sida visar en detaljerad uppdelning av Lotto America-dragningsresultaten samt den ber\u00e4knade jackpotten (i v\u00e4ntan p\u00e5 slutlig granskning) f\u00f6r den h\u00e5llna dragningen och annan information av intresse. Senaste Lotto America-resultaten P\u00e5 den h\u00e4r sk\u00e4rmen kan du se en tabell som visar resultaten fr\u00e5n den senaste dragningen som h\u00f6lls och f\u00f6rdelningen av priser f\u00f6r var och [&hellip;]<\/p>\n","protected":false},"author":2,"featured_media":0,"parent":16892,"menu_order":15,"comment_status":"closed","ping_status":"closed","template":"lotto-america-results.php","meta":{"_et_pb_use_builder":"","_et_pb_old_content":"","_et_gb_content_width":"","exclude_from_search":false,"footnotes":""},"class_list":["post-17000","page","type-page","status-publish","hentry"],"yoast_head":"<!-- This site is optimized with the Yoast SEO plugin v23.7 - https:\/\/yoast.com\/wordpress\/plugins\/seo\/ -->\n<title>Lotto America, lotteriresultat - LottoHoy.com<\/title>\n<meta name=\"description\" content=\"Kontrollera Lotto America-resultaten, uppdelningen av de \u00e5tta fasta priskategorierna och jackpotten\" \/>\n<meta name=\"robots\" content=\"index, follow, max-snippet:-1, max-image-preview:large, max-video-preview:-1\" \/>\n<link rel=\"canonical\" href=\"https:\/\/lottohoy.com\/sv\/lotteri-resultat\/lotto-america-resultat\/\" \/>\n<meta property=\"og:locale\" content=\"sv_SE\" \/>\n<meta property=\"og:type\" content=\"article\" \/>\n<meta property=\"og:title\" content=\"Lotto America, lotteriresultat - LottoHoy.com\" \/>\n<meta property=\"og:description\" content=\"Kontrollera Lotto America-resultaten, uppdelningen av de \u00e5tta fasta priskategorierna och jackpotten\" \/>\n<meta property=\"og:url\" content=\"https:\/\/lottohoy.com\/sv\/lotteri-resultat\/lotto-america-resultat\/\" \/>\n<meta property=\"og:site_name\" content=\"Lottohoy\" \/>\n<meta name=\"twitter:card\" content=\"summary_large_image\" \/>\n<meta name=\"twitter:label1\" content=\"Ber\u00e4knad l\u00e4stid\" \/>\n\t<meta name=\"twitter:data1\" content=\"1 minut\" \/>\n<script type=\"application\/ld+json\" class=\"yoast-schema-graph\">{\"@context\":\"https:\/\/schema.org\",\"@graph\":[{\"@type\":\"WebPage\",\"@id\":\"https:\/\/lottohoy.com\/sv\/lotteri-resultat\/lotto-america-resultat\/\",\"url\":\"https:\/\/lottohoy.com\/sv\/lotteri-resultat\/lotto-america-resultat\/\",\"name\":\"Lotto America, lotteriresultat - LottoHoy.com\",\"isPartOf\":{\"@id\":\"https:\/\/lottohoy.com\/sv\/#website\"},\"datePublished\":\"2020-08-10T20:40:33+00:00\",\"dateModified\":\"2020-08-10T20:40:33+00:00\",\"description\":\"Kontrollera Lotto America-resultaten, uppdelningen av de \u00e5tta fasta priskategorierna och jackpotten\",\"breadcrumb\":{\"@id\":\"https:\/\/lottohoy.com\/sv\/lotteri-resultat\/lotto-america-resultat\/#breadcrumb\"},\"inLanguage\":\"sv-SE\",\"potentialAction\":[{\"@type\":\"ReadAction\",\"target\":[\"https:\/\/lottohoy.com\/sv\/lotteri-resultat\/lotto-america-resultat\/\"]}]},{\"@type\":\"BreadcrumbList\",\"@id\":\"https:\/\/lottohoy.com\/sv\/lotteri-resultat\/lotto-america-resultat\/#breadcrumb\",\"itemListElement\":[{\"@type\":\"ListItem\",\"position\":1,\"name\":\"Home\",\"item\":\"https:\/\/lottohoy.com\/sv\/\"},{\"@type\":\"ListItem\",\"position\":2,\"name\":\"Lotteri resultat\",\"item\":\"https:\/\/lottohoy.com\/sv\/lotteri-resultat\/\"},{\"@type\":\"ListItem\",\"position\":3,\"name\":\"Lotto America resultat\"}]},{\"@type\":\"WebSite\",\"@id\":\"https:\/\/lottohoy.com\/sv\/#website\",\"url\":\"https:\/\/lottohoy.com\/sv\/\",\"name\":\"Lottohoy\",\"description\":\"\",\"potentialAction\":[{\"@type\":\"SearchAction\",\"target\":{\"@type\":\"EntryPoint\",\"urlTemplate\":\"https:\/\/lottohoy.com\/sv\/?s={search_term_string}\"},\"query-input\":{\"@type\":\"PropertyValueSpecification\",\"valueRequired\":true,\"valueName\":\"search_term_string\"}}],\"inLanguage\":\"sv-SE\"}]}<\/script>\n<!-- \/ Yoast SEO plugin. -->","yoast_head_json":{"title":"Lotto America, lotteriresultat - LottoHoy.com","description":"Kontrollera Lotto America-resultaten, uppdelningen av de \u00e5tta fasta priskategorierna och jackpotten","robots":{"index":"index","follow":"follow","max-snippet":"max-snippet:-1","max-image-preview":"max-image-preview:large","max-video-preview":"max-video-preview:-1"},"canonical":"https:\/\/lottohoy.com\/sv\/lotteri-resultat\/lotto-america-resultat\/","og_locale":"sv_SE","og_type":"article","og_title":"Lotto America, lotteriresultat - LottoHoy.com","og_description":"Kontrollera Lotto America-resultaten, uppdelningen av de \u00e5tta fasta priskategorierna och jackpotten","og_url":"https:\/\/lottohoy.com\/sv\/lotteri-resultat\/lotto-america-resultat\/","og_site_name":"Lottohoy","twitter_card":"summary_large_image","twitter_misc":{"Ber\u00e4knad l\u00e4stid":"1 minut"},"schema":{"@context":"https:\/\/schema.org","@graph":[{"@type":"WebPage","@id":"https:\/\/lottohoy.com\/sv\/lotteri-resultat\/lotto-america-resultat\/","url":"https:\/\/lottohoy.com\/sv\/lotteri-resultat\/lotto-america-resultat\/","name":"Lotto America, lotteriresultat - LottoHoy.com","isPartOf":{"@id":"https:\/\/lottohoy.com\/sv\/#website"},"datePublished":"2020-08-10T20:40:33+00:00","dateModified":"2020-08-10T20:40:33+00:00","description":"Kontrollera Lotto America-resultaten, uppdelningen av de \u00e5tta fasta priskategorierna och jackpotten","breadcrumb":{"@id":"https:\/\/lottohoy.com\/sv\/lotteri-resultat\/lotto-america-resultat\/#breadcrumb"},"inLanguage":"sv-SE","potentialAction":[{"@type":"ReadAction","target":["https:\/\/lottohoy.com\/sv\/lotteri-resultat\/lotto-america-resultat\/"]}]},{"@type":"BreadcrumbList","@id":"https:\/\/lottohoy.com\/sv\/lotteri-resultat\/lotto-america-resultat\/#breadcrumb","itemListElement":[{"@type":"ListItem","position":1,"name":"Home","item":"https:\/\/lottohoy.com\/sv\/"},{"@type":"ListItem","position":2,"name":"Lotteri resultat","item":"https:\/\/lottohoy.com\/sv\/lotteri-resultat\/"},{"@type":"ListItem","position":3,"name":"Lotto America resultat"}]},{"@type":"WebSite","@id":"https:\/\/lottohoy.com\/sv\/#website","url":"https:\/\/lottohoy.com\/sv\/","name":"Lottohoy","description":"","potentialAction":[{"@type":"SearchAction","target":{"@type":"EntryPoint","urlTemplate":"https:\/\/lottohoy.com\/sv\/?s={search_term_string}"},"query-input":{"@type":"PropertyValueSpecification","valueRequired":true,"valueName":"search_term_string"}}],"inLanguage":"sv-SE"}]}},"_links":{"self":[{"href":"https:\/\/lottohoy.com\/sv\/wp-json\/wp\/v2\/pages\/17000","targetHints":{"allow":["GET"]}}],"collection":[{"href":"https:\/\/lottohoy.com\/sv\/wp-json\/wp\/v2\/pages"}],"about":[{"href":"https:\/\/lottohoy.com\/sv\/wp-json\/wp\/v2\/types\/page"}],"author":[{"embeddable":true,"href":"https:\/\/lottohoy.com\/sv\/wp-json\/wp\/v2\/users\/2"}],"replies":[{"embeddable":true,"href":"https:\/\/lottohoy.com\/sv\/wp-json\/wp\/v2\/comments?post=17000"}],"version-history":[{"count":0,"href":"https:\/\/lottohoy.com\/sv\/wp-json\/wp\/v2\/pages\/17000\/revisions"}],"up":[{"embeddable":true,"href":"https:\/\/lottohoy.com\/sv\/wp-json\/wp\/v2\/pages\/16892"}],"wp:attachment":[{"href":"https:\/\/lottohoy.com\/sv\/wp-json\/wp\/v2\/media?parent=17000"}],"curies":[{"name":"wp","href":"https:\/\/api.w.org\/{rel}","templated":true}]}}