{"id":16998,"date":"2020-08-10T22:51:41","date_gmt":"2020-08-10T21:51:41","guid":{"rendered":"https:\/\/lottohoy.com\/lotteri-resultat\/lotto-6aus49-resultat\/"},"modified":"2020-08-10T22:51:41","modified_gmt":"2020-08-10T21:51:41","slug":"lotto-6aus49-resultat","status":"publish","type":"page","link":"https:\/\/lottohoy.com\/sv\/lotteri-resultat\/lotto-6aus49-resultat\/","title":{"rendered":"Lotto 6aus49 resultat"},"content":{"rendered":"<p>F\u00f6r att se om du har vunnit Lotto 6aus49, kontrollera bara siffrorna f\u00f6r den kombination som valts p\u00e5 din biljett mot det resultat som visas p\u00e5 denna sida.<\/p>\n<p>Om du vinner ett pris i n\u00e5gon av de kategorier som anges p\u00e5 6aus49, dina vinster l\u00e4ggs automatiskt till p\u00e5 ditt konto.<\/p>\n<h2>Lotto 6aus49 resultat<\/h2>\n<p>P\u00e5 den h\u00e4r sidan hittar du detaljerad information om Lotto 6aus49-dragningsresultaten, den ber\u00e4knade jackpotten f\u00f6r denna dragning, samt andra detaljer av h\u00f6gsta intresse f\u00f6r att f\u00f6ruts\u00e4ga dina framtida spel.<\/p>\n<p>Du kan ocks\u00e5 kontrollera den ackumulerade jackpotten, vinnarna och priserna i var och en av kategorierna och de tidigare ritningarna upp till 24 m\u00e5nader gammal.<\/p>\n<p>Till h\u00f6ger om den vinnande kombinationen av den senaste dragningen finns det tre rutor. Den centrala rutan visar datumet f\u00f6r den senaste dragningen, och p\u00e5 b\u00e5da sidor om denna centrala ruta finns pilar till h\u00f6ger och till v\u00e4nster f\u00f6r att bes\u00f6ka datum f\u00f6r tidigare dragningar och f\u00f6r att g\u00e5 vidare fr\u00e5n dessa dragningar till det senaste datumet.<\/p>\n<h3>Kontrollera resultat och priser f\u00f6r den senaste dragningen<\/h3>\n<p>En stor tabell visas med resultat och prisf\u00f6rdelning per kategori i den sista Lotto 6aus49-dragningen idag.<\/p>\n<p>Priskategorierna (upp till 9 olika kategorier), de tr\u00e4ffar som kr\u00e4vs f\u00f6r att kvalificera sig f\u00f6r n\u00e5gon av priskategorierna.<\/p>\n<p>Vinnarna i var och en av kategorierna, och \u00e4ven det pris som var och en av vinnarna f\u00e5r.<\/p>\n<p>St\u00e4nger den h\u00e4r stora rutan, det anges det totala antalet vinnare i denna dragning, och de totala pengarna som f\u00f6rdelas mellan alla vinnare.<\/p>\n<h2>Lotto 6aus49 prism\u00f6jligheter<\/h2>\n<p>Med bara tv\u00e5 huvudnummer + Superzahl, du f\u00e5r redan ett fast pris. Prisernas v\u00e4rde varierar fr\u00e5n en dragning till en annan, eftersom de baseras p\u00e5 biljettf\u00f6rs\u00e4ljning och vinnarna i varje kategori.<\/p>\n","protected":false},"excerpt":{"rendered":"<p>F\u00f6r att se om du har vunnit Lotto 6aus49, kontrollera bara siffrorna f\u00f6r den kombination som valts p\u00e5 din biljett mot det resultat som visas p\u00e5 denna sida. Om du vinner ett pris i n\u00e5gon av de kategorier som anges p\u00e5 6aus49, dina vinster l\u00e4ggs automatiskt till p\u00e5 ditt konto. Lotto 6aus49 resultat P\u00e5 den [&hellip;]<\/p>\n","protected":false},"author":2,"featured_media":0,"parent":16892,"menu_order":13,"comment_status":"closed","ping_status":"closed","template":"lotto-german-results.php","meta":{"_et_pb_use_builder":"","_et_pb_old_content":"","_et_gb_content_width":"","exclude_from_search":false,"footnotes":""},"class_list":["post-16998","page","type-page","status-publish","hentry"],"yoast_head":"<!-- This site is optimized with the Yoast SEO plugin v23.7 - https:\/\/yoast.com\/wordpress\/plugins\/seo\/ -->\n<title>Lotto 6aus49 Ritningsresultat - LottoHoy.com<\/title>\n<meta name=\"description\" content=\"Om du har vunnit ett pris, du kommer att ha f\u00e5tt ett bekr\u00e4ftelsemeddelande. Men hur som helst h\u00e4r kan du kontrollera resultaten av lotto 6aus49\" \/>\n<meta name=\"robots\" content=\"index, follow, max-snippet:-1, max-image-preview:large, max-video-preview:-1\" \/>\n<link rel=\"canonical\" href=\"https:\/\/lottohoy.com\/sv\/lotteri-resultat\/lotto-6aus49-resultat\/\" \/>\n<meta property=\"og:locale\" content=\"sv_SE\" \/>\n<meta property=\"og:type\" content=\"article\" \/>\n<meta property=\"og:title\" content=\"Lotto 6aus49 Ritningsresultat - LottoHoy.com\" \/>\n<meta property=\"og:description\" content=\"Om du har vunnit ett pris, du kommer att ha f\u00e5tt ett bekr\u00e4ftelsemeddelande. Men hur som helst h\u00e4r kan du kontrollera resultaten av lotto 6aus49\" \/>\n<meta property=\"og:url\" content=\"https:\/\/lottohoy.com\/sv\/lotteri-resultat\/lotto-6aus49-resultat\/\" \/>\n<meta property=\"og:site_name\" content=\"Lottohoy\" \/>\n<meta name=\"twitter:card\" content=\"summary_large_image\" \/>\n<meta name=\"twitter:label1\" content=\"Ber\u00e4knad l\u00e4stid\" \/>\n\t<meta name=\"twitter:data1\" content=\"2 minuter\" \/>\n<script type=\"application\/ld+json\" class=\"yoast-schema-graph\">{\"@context\":\"https:\/\/schema.org\",\"@graph\":[{\"@type\":\"WebPage\",\"@id\":\"https:\/\/lottohoy.com\/sv\/lotteri-resultat\/lotto-6aus49-resultat\/\",\"url\":\"https:\/\/lottohoy.com\/sv\/lotteri-resultat\/lotto-6aus49-resultat\/\",\"name\":\"Lotto 6aus49 Ritningsresultat - LottoHoy.com\",\"isPartOf\":{\"@id\":\"https:\/\/lottohoy.com\/sv\/#website\"},\"datePublished\":\"2020-08-10T21:51:41+00:00\",\"dateModified\":\"2020-08-10T21:51:41+00:00\",\"description\":\"Om du har vunnit ett pris, du kommer att ha f\u00e5tt ett bekr\u00e4ftelsemeddelande. Men hur som helst h\u00e4r kan du kontrollera resultaten av lotto 6aus49\",\"breadcrumb\":{\"@id\":\"https:\/\/lottohoy.com\/sv\/lotteri-resultat\/lotto-6aus49-resultat\/#breadcrumb\"},\"inLanguage\":\"sv-SE\",\"potentialAction\":[{\"@type\":\"ReadAction\",\"target\":[\"https:\/\/lottohoy.com\/sv\/lotteri-resultat\/lotto-6aus49-resultat\/\"]}]},{\"@type\":\"BreadcrumbList\",\"@id\":\"https:\/\/lottohoy.com\/sv\/lotteri-resultat\/lotto-6aus49-resultat\/#breadcrumb\",\"itemListElement\":[{\"@type\":\"ListItem\",\"position\":1,\"name\":\"Home\",\"item\":\"https:\/\/lottohoy.com\/sv\/\"},{\"@type\":\"ListItem\",\"position\":2,\"name\":\"Lotteri resultat\",\"item\":\"https:\/\/lottohoy.com\/sv\/lotteri-resultat\/\"},{\"@type\":\"ListItem\",\"position\":3,\"name\":\"Lotto 6aus49 resultat\"}]},{\"@type\":\"WebSite\",\"@id\":\"https:\/\/lottohoy.com\/sv\/#website\",\"url\":\"https:\/\/lottohoy.com\/sv\/\",\"name\":\"Lottohoy\",\"description\":\"\",\"potentialAction\":[{\"@type\":\"SearchAction\",\"target\":{\"@type\":\"EntryPoint\",\"urlTemplate\":\"https:\/\/lottohoy.com\/sv\/?s={search_term_string}\"},\"query-input\":{\"@type\":\"PropertyValueSpecification\",\"valueRequired\":true,\"valueName\":\"search_term_string\"}}],\"inLanguage\":\"sv-SE\"}]}<\/script>\n<!-- \/ Yoast SEO plugin. -->","yoast_head_json":{"title":"Lotto 6aus49 Ritningsresultat - LottoHoy.com","description":"Om du har vunnit ett pris, du kommer att ha f\u00e5tt ett bekr\u00e4ftelsemeddelande. Men hur som helst h\u00e4r kan du kontrollera resultaten av lotto 6aus49","robots":{"index":"index","follow":"follow","max-snippet":"max-snippet:-1","max-image-preview":"max-image-preview:large","max-video-preview":"max-video-preview:-1"},"canonical":"https:\/\/lottohoy.com\/sv\/lotteri-resultat\/lotto-6aus49-resultat\/","og_locale":"sv_SE","og_type":"article","og_title":"Lotto 6aus49 Ritningsresultat - LottoHoy.com","og_description":"Om du har vunnit ett pris, du kommer att ha f\u00e5tt ett bekr\u00e4ftelsemeddelande. Men hur som helst h\u00e4r kan du kontrollera resultaten av lotto 6aus49","og_url":"https:\/\/lottohoy.com\/sv\/lotteri-resultat\/lotto-6aus49-resultat\/","og_site_name":"Lottohoy","twitter_card":"summary_large_image","twitter_misc":{"Ber\u00e4knad l\u00e4stid":"2 minuter"},"schema":{"@context":"https:\/\/schema.org","@graph":[{"@type":"WebPage","@id":"https:\/\/lottohoy.com\/sv\/lotteri-resultat\/lotto-6aus49-resultat\/","url":"https:\/\/lottohoy.com\/sv\/lotteri-resultat\/lotto-6aus49-resultat\/","name":"Lotto 6aus49 Ritningsresultat - LottoHoy.com","isPartOf":{"@id":"https:\/\/lottohoy.com\/sv\/#website"},"datePublished":"2020-08-10T21:51:41+00:00","dateModified":"2020-08-10T21:51:41+00:00","description":"Om du har vunnit ett pris, du kommer att ha f\u00e5tt ett bekr\u00e4ftelsemeddelande. Men hur som helst h\u00e4r kan du kontrollera resultaten av lotto 6aus49","breadcrumb":{"@id":"https:\/\/lottohoy.com\/sv\/lotteri-resultat\/lotto-6aus49-resultat\/#breadcrumb"},"inLanguage":"sv-SE","potentialAction":[{"@type":"ReadAction","target":["https:\/\/lottohoy.com\/sv\/lotteri-resultat\/lotto-6aus49-resultat\/"]}]},{"@type":"BreadcrumbList","@id":"https:\/\/lottohoy.com\/sv\/lotteri-resultat\/lotto-6aus49-resultat\/#breadcrumb","itemListElement":[{"@type":"ListItem","position":1,"name":"Home","item":"https:\/\/lottohoy.com\/sv\/"},{"@type":"ListItem","position":2,"name":"Lotteri resultat","item":"https:\/\/lottohoy.com\/sv\/lotteri-resultat\/"},{"@type":"ListItem","position":3,"name":"Lotto 6aus49 resultat"}]},{"@type":"WebSite","@id":"https:\/\/lottohoy.com\/sv\/#website","url":"https:\/\/lottohoy.com\/sv\/","name":"Lottohoy","description":"","potentialAction":[{"@type":"SearchAction","target":{"@type":"EntryPoint","urlTemplate":"https:\/\/lottohoy.com\/sv\/?s={search_term_string}"},"query-input":{"@type":"PropertyValueSpecification","valueRequired":true,"valueName":"search_term_string"}}],"inLanguage":"sv-SE"}]}},"_links":{"self":[{"href":"https:\/\/lottohoy.com\/sv\/wp-json\/wp\/v2\/pages\/16998","targetHints":{"allow":["GET"]}}],"collection":[{"href":"https:\/\/lottohoy.com\/sv\/wp-json\/wp\/v2\/pages"}],"about":[{"href":"https:\/\/lottohoy.com\/sv\/wp-json\/wp\/v2\/types\/page"}],"author":[{"embeddable":true,"href":"https:\/\/lottohoy.com\/sv\/wp-json\/wp\/v2\/users\/2"}],"replies":[{"embeddable":true,"href":"https:\/\/lottohoy.com\/sv\/wp-json\/wp\/v2\/comments?post=16998"}],"version-history":[{"count":0,"href":"https:\/\/lottohoy.com\/sv\/wp-json\/wp\/v2\/pages\/16998\/revisions"}],"up":[{"embeddable":true,"href":"https:\/\/lottohoy.com\/sv\/wp-json\/wp\/v2\/pages\/16892"}],"wp:attachment":[{"href":"https:\/\/lottohoy.com\/sv\/wp-json\/wp\/v2\/media?parent=16998"}],"curies":[{"name":"wp","href":"https:\/\/api.w.org\/{rel}","templated":true}]}}