{"id":16985,"date":"2024-10-23T06:14:09","date_gmt":"2024-10-23T05:14:09","guid":{"rendered":"https:\/\/lottohoy.com\/lotteri-resultat\/resultat-franska-lotto\/"},"modified":"2024-10-23T06:14:09","modified_gmt":"2024-10-23T05:14:09","slug":"resultat-franska-lotto","status":"publish","type":"page","link":"https:\/\/lottohoy.com\/sv\/lotteri-resultat\/resultat-franska-lotto\/","title":{"rendered":"Resultat Franska Lotto"},"content":{"rendered":"<h2>Kontrollera resultaten av den franska Lotto<\/h2>\n<p>F\u00f6r att kontrollera den vinnande kombinationen av de franska Lotto-dragningarna, det r\u00e4cker att j\u00e4mf\u00f6ra siffrorna i kombinationen som visas p\u00e5 din biljett med resultatet som visas p\u00e5 denna sida. Om du k\u00f6pte en biljett kommer du ocks\u00e5 att se den i din anv\u00e4ndarprofil.<\/p>\n<p>Du kan ocks\u00e5 kontrollera <a href=\"https:\/\/lottohoy.com\/jackpots\/\"><strong>dagens ackumulerade jackpottar<\/strong><\/a>, vinnare och priser i var och en av kategorierna, och de tidigare dragningarna s\u00e5 l\u00e5ngt tillbaka som 24 m\u00e5nader.<\/p>\n<h2>Utdelning av priser i Frankrikes lotteri<\/h2>\n<p>N\u00e4r det g\u00e4ller att vara en registrerad anv\u00e4ndare, de erh\u00e5llna priserna deponeras direkt p\u00e5 anv\u00e4ndarens konto och om s\u00e5 \u00f6nskas kan du spela igen med pengarna i ditt saldo.<\/p>\n<p>P\u00e5 den h\u00e4r sidan kan du hitta den vinnande kombinationen av den sista dragningen och f\u00f6rdelningen av priser som motsvarar var och en av kategorierna.<\/p>\n<p>Tabellen visar kombinationen av de fem huvudnumren plus extranumret, \u00e4ven kallad <em>&#8221;chans<\/em> \u201d som best\u00e4mmer priset f\u00f6r den f\u00f6rsta kategorin.<\/p>\n<h2>H\u00f6gsta franska Lotto-priser och jackpottar<\/h2>\n<p>De st\u00f6rsta jackpottarna som ackumulerats i detta lotteris historia var:<\/p>\n<ul>\n<li>Dragningen h\u00f6lls den <sup>16<\/sup> juni 2011, d\u00e4r en enda vinnare tilldelades ett pris p\u00e5 24 miljoner euro.<\/li>\n<li>Den<sup>19<\/sup> maj 2014, ett totalt f\u00f6rsta pris p\u00e5 23 miljoner euro delades ut.<\/li>\n<\/ul>\n<p>Den <a href=\"https:\/\/lottohoy.com\/play\/lotto-fr\/\"><strong>franska Lotto<\/strong><\/a><strong>,<\/strong> \u00e4r ett lotteri som vi kan betrakta som \u201dl\u00e4tt\u201d, och \u00e4ven om den har en garanterad minsta jackpot p\u00e5 2 000 000 \u20ac f\u00f6r toppvinnare (5 + 1), ackumulerade jackpottar p\u00e5 supermiljoner euro erh\u00e5lls vanligtvis inte som i europeiska eller amerikanska lotterier p\u00e5 grund av att jackpotten tr\u00e4ffas ofta, och m\u00e5nga nya miljon\u00e4rer skapas.<\/p>\n<h2>Mest frekventa nummer i franska Lotto<\/h2>\n<p>I 35 dragningar h\u00e5lls i 2019, fr\u00e5n den f\u00f6rsta, den<sup>2<\/sup> januari genom dragningen av <sup>23<\/sup> mars , vissa siffror tenderade att komma ut oftare (vissa kallar dem \u201d<em><strong>heta<\/strong><\/em>siffror \u2019) och samtidigt andra siffror som \u00e4r mer ovilliga att l\u00e4mna och har f\u00e4rre framtr\u00e4danden (k\u00e4nd som <em><strong>\u2019kalla siffror\u201d<\/strong><\/em>)<\/p>\n<p>G\u00f6r en liten studie p\u00e5 dessa 35 sista dragningar, vi ser att inom de siffror som anses vara \u201d<em>kalla<\/em>\u201d, numret 49 har inte kommit ut i n\u00e5gon av dem.<\/p>\n<p>Bland huvudnumren, de som har haft flest framtr\u00e4danden \u00e4r:<\/p>\n<ul>\n<li>Numret 15, med 10 framtr\u00e4danden (28,57%)<\/li>\n<li>Siffrorna 7, 11 och 25 med sju framtr\u00e4danden vardera (20%)<\/li>\n<li>Nummer 1 med sex framtr\u00e4danden (17,14%)<\/li>\n<\/ul>\n<p>\u00c5 andra sidan, n\u00e4r vi ser siffrorna som har l\u00e4mnat minst antal g\u00e5nger, f\u00f6rutom nummer 49 som \u00e4nnu inte har dragits, vi har:<\/p>\n<ul>\n<li>Siffrorna 9, 27, 28 och 39 som bara har kommit ut vid ett tillf\u00e4lle (2,86%)<\/li>\n<\/ul>\n<p>N\u00e4r det g\u00e4ller de extra siffrorna eller \u201dchansen\u201d ser vi ocks\u00e5 att numret 4 \u00e4nnu inte har dragits, medan numret 10 har dragits sex g\u00e5nger.<\/p>\n","protected":false},"excerpt":{"rendered":"<p>Kontrollera resultaten av den franska Lotto F\u00f6r att kontrollera den vinnande kombinationen av de franska Lotto-dragningarna, det r\u00e4cker att j\u00e4mf\u00f6ra siffrorna i kombinationen som visas p\u00e5 din biljett med resultatet som visas p\u00e5 denna sida. Om du k\u00f6pte en biljett kommer du ocks\u00e5 att se den i din anv\u00e4ndarprofil. Du kan ocks\u00e5 kontrollera dagens ackumulerade [&hellip;]<\/p>\n","protected":false},"author":1,"featured_media":0,"parent":16892,"menu_order":12,"comment_status":"closed","ping_status":"closed","template":"lotto-fr-results.php","meta":{"_et_pb_use_builder":"","_et_pb_old_content":"","_et_gb_content_width":"","exclude_from_search":false,"footnotes":""},"class_list":["post-16985","page","type-page","status-publish","hentry"],"yoast_head":"<!-- This site is optimized with the Yoast SEO plugin v23.7 - https:\/\/yoast.com\/wordpress\/plugins\/seo\/ -->\n<title>Kontrollera de senaste franska Lotto-resultaten | LottoHoy.com<\/title>\n<meta name=\"description\" content=\"Alla resultat fr\u00e5n den franska Lotto uppdateras dagligen med sin prisutdelning och n\u00e4sta jackpot som v\u00e4ntar p\u00e5 att vinnas. Missa inte n\u00e5got resultat!\" \/>\n<meta name=\"robots\" content=\"index, follow, max-snippet:-1, max-image-preview:large, max-video-preview:-1\" \/>\n<link rel=\"canonical\" href=\"https:\/\/lottohoy.com\/sv\/lotteri-resultat\/resultat-franska-lotto\/\" \/>\n<meta property=\"og:locale\" content=\"sv_SE\" \/>\n<meta property=\"og:type\" content=\"article\" \/>\n<meta property=\"og:title\" content=\"Kontrollera de senaste franska Lotto-resultaten | LottoHoy.com\" \/>\n<meta property=\"og:description\" content=\"Alla resultat fr\u00e5n den franska Lotto uppdateras dagligen med sin prisutdelning och n\u00e4sta jackpot som v\u00e4ntar p\u00e5 att vinnas. Missa inte n\u00e5got resultat!\" \/>\n<meta property=\"og:url\" content=\"https:\/\/lottohoy.com\/sv\/lotteri-resultat\/resultat-franska-lotto\/\" \/>\n<meta property=\"og:site_name\" content=\"Lottohoy\" \/>\n<meta name=\"twitter:card\" content=\"summary_large_image\" \/>\n<meta name=\"twitter:label1\" content=\"Ber\u00e4knad l\u00e4stid\" \/>\n\t<meta name=\"twitter:data1\" content=\"2 minuter\" \/>\n<script type=\"application\/ld+json\" class=\"yoast-schema-graph\">{\"@context\":\"https:\/\/schema.org\",\"@graph\":[{\"@type\":\"WebPage\",\"@id\":\"https:\/\/lottohoy.com\/sv\/lotteri-resultat\/resultat-franska-lotto\/\",\"url\":\"https:\/\/lottohoy.com\/sv\/lotteri-resultat\/resultat-franska-lotto\/\",\"name\":\"Kontrollera de senaste franska Lotto-resultaten | LottoHoy.com\",\"isPartOf\":{\"@id\":\"https:\/\/lottohoy.com\/sv\/#website\"},\"datePublished\":\"2024-10-23T05:14:09+00:00\",\"dateModified\":\"2024-10-23T05:14:09+00:00\",\"description\":\"Alla resultat fr\u00e5n den franska Lotto uppdateras dagligen med sin prisutdelning och n\u00e4sta jackpot som v\u00e4ntar p\u00e5 att vinnas. Missa inte n\u00e5got resultat!\",\"breadcrumb\":{\"@id\":\"https:\/\/lottohoy.com\/sv\/lotteri-resultat\/resultat-franska-lotto\/#breadcrumb\"},\"inLanguage\":\"sv-SE\",\"potentialAction\":[{\"@type\":\"ReadAction\",\"target\":[\"https:\/\/lottohoy.com\/sv\/lotteri-resultat\/resultat-franska-lotto\/\"]}]},{\"@type\":\"BreadcrumbList\",\"@id\":\"https:\/\/lottohoy.com\/sv\/lotteri-resultat\/resultat-franska-lotto\/#breadcrumb\",\"itemListElement\":[{\"@type\":\"ListItem\",\"position\":1,\"name\":\"Home\",\"item\":\"https:\/\/lottohoy.com\/sv\/\"},{\"@type\":\"ListItem\",\"position\":2,\"name\":\"Lotteri resultat\",\"item\":\"https:\/\/lottohoy.com\/sv\/lotteri-resultat\/\"},{\"@type\":\"ListItem\",\"position\":3,\"name\":\"Resultat Franska Lotto\"}]},{\"@type\":\"WebSite\",\"@id\":\"https:\/\/lottohoy.com\/sv\/#website\",\"url\":\"https:\/\/lottohoy.com\/sv\/\",\"name\":\"Lottohoy\",\"description\":\"\",\"potentialAction\":[{\"@type\":\"SearchAction\",\"target\":{\"@type\":\"EntryPoint\",\"urlTemplate\":\"https:\/\/lottohoy.com\/sv\/?s={search_term_string}\"},\"query-input\":{\"@type\":\"PropertyValueSpecification\",\"valueRequired\":true,\"valueName\":\"search_term_string\"}}],\"inLanguage\":\"sv-SE\"}]}<\/script>\n<!-- \/ Yoast SEO plugin. -->","yoast_head_json":{"title":"Kontrollera de senaste franska Lotto-resultaten | LottoHoy.com","description":"Alla resultat fr\u00e5n den franska Lotto uppdateras dagligen med sin prisutdelning och n\u00e4sta jackpot som v\u00e4ntar p\u00e5 att vinnas. Missa inte n\u00e5got resultat!","robots":{"index":"index","follow":"follow","max-snippet":"max-snippet:-1","max-image-preview":"max-image-preview:large","max-video-preview":"max-video-preview:-1"},"canonical":"https:\/\/lottohoy.com\/sv\/lotteri-resultat\/resultat-franska-lotto\/","og_locale":"sv_SE","og_type":"article","og_title":"Kontrollera de senaste franska Lotto-resultaten | LottoHoy.com","og_description":"Alla resultat fr\u00e5n den franska Lotto uppdateras dagligen med sin prisutdelning och n\u00e4sta jackpot som v\u00e4ntar p\u00e5 att vinnas. Missa inte n\u00e5got resultat!","og_url":"https:\/\/lottohoy.com\/sv\/lotteri-resultat\/resultat-franska-lotto\/","og_site_name":"Lottohoy","twitter_card":"summary_large_image","twitter_misc":{"Ber\u00e4knad l\u00e4stid":"2 minuter"},"schema":{"@context":"https:\/\/schema.org","@graph":[{"@type":"WebPage","@id":"https:\/\/lottohoy.com\/sv\/lotteri-resultat\/resultat-franska-lotto\/","url":"https:\/\/lottohoy.com\/sv\/lotteri-resultat\/resultat-franska-lotto\/","name":"Kontrollera de senaste franska Lotto-resultaten | LottoHoy.com","isPartOf":{"@id":"https:\/\/lottohoy.com\/sv\/#website"},"datePublished":"2024-10-23T05:14:09+00:00","dateModified":"2024-10-23T05:14:09+00:00","description":"Alla resultat fr\u00e5n den franska Lotto uppdateras dagligen med sin prisutdelning och n\u00e4sta jackpot som v\u00e4ntar p\u00e5 att vinnas. Missa inte n\u00e5got resultat!","breadcrumb":{"@id":"https:\/\/lottohoy.com\/sv\/lotteri-resultat\/resultat-franska-lotto\/#breadcrumb"},"inLanguage":"sv-SE","potentialAction":[{"@type":"ReadAction","target":["https:\/\/lottohoy.com\/sv\/lotteri-resultat\/resultat-franska-lotto\/"]}]},{"@type":"BreadcrumbList","@id":"https:\/\/lottohoy.com\/sv\/lotteri-resultat\/resultat-franska-lotto\/#breadcrumb","itemListElement":[{"@type":"ListItem","position":1,"name":"Home","item":"https:\/\/lottohoy.com\/sv\/"},{"@type":"ListItem","position":2,"name":"Lotteri resultat","item":"https:\/\/lottohoy.com\/sv\/lotteri-resultat\/"},{"@type":"ListItem","position":3,"name":"Resultat Franska Lotto"}]},{"@type":"WebSite","@id":"https:\/\/lottohoy.com\/sv\/#website","url":"https:\/\/lottohoy.com\/sv\/","name":"Lottohoy","description":"","potentialAction":[{"@type":"SearchAction","target":{"@type":"EntryPoint","urlTemplate":"https:\/\/lottohoy.com\/sv\/?s={search_term_string}"},"query-input":{"@type":"PropertyValueSpecification","valueRequired":true,"valueName":"search_term_string"}}],"inLanguage":"sv-SE"}]}},"_links":{"self":[{"href":"https:\/\/lottohoy.com\/sv\/wp-json\/wp\/v2\/pages\/16985","targetHints":{"allow":["GET"]}}],"collection":[{"href":"https:\/\/lottohoy.com\/sv\/wp-json\/wp\/v2\/pages"}],"about":[{"href":"https:\/\/lottohoy.com\/sv\/wp-json\/wp\/v2\/types\/page"}],"author":[{"embeddable":true,"href":"https:\/\/lottohoy.com\/sv\/wp-json\/wp\/v2\/users\/1"}],"replies":[{"embeddable":true,"href":"https:\/\/lottohoy.com\/sv\/wp-json\/wp\/v2\/comments?post=16985"}],"version-history":[{"count":0,"href":"https:\/\/lottohoy.com\/sv\/wp-json\/wp\/v2\/pages\/16985\/revisions"}],"up":[{"embeddable":true,"href":"https:\/\/lottohoy.com\/sv\/wp-json\/wp\/v2\/pages\/16892"}],"wp:attachment":[{"href":"https:\/\/lottohoy.com\/sv\/wp-json\/wp\/v2\/media?parent=16985"}],"curies":[{"name":"wp","href":"https:\/\/api.w.org\/{rel}","templated":true}]}}