{"id":16983,"date":"2020-08-10T17:06:25","date_gmt":"2020-08-10T16:06:25","guid":{"rendered":"https:\/\/lottohoy.com\/lotteri-resultat\/set-for-life-uk-resultat\/"},"modified":"2020-08-10T17:06:25","modified_gmt":"2020-08-10T16:06:25","slug":"set-for-life-uk-resultat","status":"publish","type":"page","link":"https:\/\/lottohoy.com\/sv\/lotteri-resultat\/set-for-life-uk-resultat\/","title":{"rendered":"Set For Life (UK) Resultat"},"content":{"rendered":"<p>F\u00f6r att kontrollera om ditt Set for Life-spel har vunnit, kontrollera bara siffrorna i den kombination som valts p\u00e5 din kupong mot det resultat som visas p\u00e5 denna sida.<\/p>\n<p>Om du vinner ett pris i n\u00e5gon av Set for Life UK-kategorierna, dina vinster krediteras automatiskt till ditt konto och kommer att vara tillg\u00e4ngliga f\u00f6r dig omedelbart.<\/p>\n<h2>Resultat av Set for Life (UK)<\/h2>\n<p>P\u00e5 den h\u00e4r sidan hittar du resultaten av Set for Life UK-dragningarna, den ber\u00e4knade jackpotten f\u00f6r denna dragning, samt andra detaljer av h\u00f6gsta intresse f\u00f6r att f\u00f6ruts\u00e4ga dina framtida spel.<\/p>\n<p>Du kan ocks\u00e5 se den kumulativa jackpotten, vinnare och priser i var och en av kategorierna och tidigare dragningar upp till 24 m\u00e5nader gammal.<\/p>\n<p>Till h\u00f6ger om den vinnande kombinationen av den senaste dragningen finns det tre rutor. Den centrala rutan visar datumet f\u00f6r den senaste dragningen, och p\u00e5 b\u00e5da sidor om denna centrala ruta finns pilar till h\u00f6ger och v\u00e4nster f\u00f6r att bes\u00f6ka tidigare dragningsdatum och f\u00f6r att g\u00e5 vidare fr\u00e5n dessa dragningar till det senaste datumet.<\/p>\n<h2>Kontrollera resultat och priser f\u00f6r den senaste dragningen<\/h2>\n<p>En stor tabell visas med resultat och prisf\u00f6rdelning per kategori i den senaste Set for Life UK-dragningen idag.<\/p>\n<p>Priskategorierna (upp till 8 olika kategorier), de matcher som kr\u00e4vs f\u00f6r att kvalificera sig f\u00f6r n\u00e5gon av priskategorierna<\/p>\n<p>Vinnarna i var och en av kategorierna, och \u00e4ven det pris som var och en av vinnarna f\u00e5r.<\/p>\n<p>Genom att st\u00e4nga den h\u00e4r stora rutan, du kan se det totala antalet vinnare i denna dragning, och den totala summan pengar som f\u00f6rdelas mellan alla vinnare.<\/p>\n","protected":false},"excerpt":{"rendered":"<p>F\u00f6r att kontrollera om ditt Set for Life-spel har vunnit, kontrollera bara siffrorna i den kombination som valts p\u00e5 din kupong mot det resultat som visas p\u00e5 denna sida. Om du vinner ett pris i n\u00e5gon av Set for Life UK-kategorierna, dina vinster krediteras automatiskt till ditt konto och kommer att vara tillg\u00e4ngliga f\u00f6r dig [&hellip;]<\/p>\n","protected":false},"author":2,"featured_media":0,"parent":16892,"menu_order":11,"comment_status":"closed","ping_status":"closed","template":"set-for-life-results.php","meta":{"_et_pb_use_builder":"","_et_pb_old_content":"","_et_gb_content_width":"","exclude_from_search":false,"footnotes":""},"class_list":["post-16983","page","type-page","status-publish","hentry"],"yoast_head":"<!-- This site is optimized with the Yoast SEO plugin v23.7 - https:\/\/yoast.com\/wordpress\/plugins\/seo\/ -->\n<title>Kontrollera resultaten av Set for Life (UK) dragningar - LottoHoy.com<\/title>\n<meta name=\"description\" content=\"P\u00e5 den h\u00e4r sidan kan du konsultera alla resultat av Set for Life (UK) drar och kontrollera dina biljetter mot de erh\u00e5llna priserna\" \/>\n<meta name=\"robots\" content=\"index, follow, max-snippet:-1, max-image-preview:large, max-video-preview:-1\" \/>\n<link rel=\"canonical\" href=\"https:\/\/lottohoy.com\/sv\/lotteri-resultat\/set-for-life-uk-resultat\/\" \/>\n<meta property=\"og:locale\" content=\"sv_SE\" \/>\n<meta property=\"og:type\" content=\"article\" \/>\n<meta property=\"og:title\" content=\"Kontrollera resultaten av Set for Life (UK) dragningar - LottoHoy.com\" \/>\n<meta property=\"og:description\" content=\"P\u00e5 den h\u00e4r sidan kan du konsultera alla resultat av Set for Life (UK) drar och kontrollera dina biljetter mot de erh\u00e5llna priserna\" \/>\n<meta property=\"og:url\" content=\"https:\/\/lottohoy.com\/sv\/lotteri-resultat\/set-for-life-uk-resultat\/\" \/>\n<meta property=\"og:site_name\" content=\"Lottohoy\" \/>\n<meta name=\"twitter:card\" content=\"summary_large_image\" \/>\n<meta name=\"twitter:label1\" content=\"Ber\u00e4knad l\u00e4stid\" \/>\n\t<meta name=\"twitter:data1\" content=\"1 minut\" \/>\n<script type=\"application\/ld+json\" class=\"yoast-schema-graph\">{\"@context\":\"https:\/\/schema.org\",\"@graph\":[{\"@type\":\"WebPage\",\"@id\":\"https:\/\/lottohoy.com\/sv\/lotteri-resultat\/set-for-life-uk-resultat\/\",\"url\":\"https:\/\/lottohoy.com\/sv\/lotteri-resultat\/set-for-life-uk-resultat\/\",\"name\":\"Kontrollera resultaten av Set for Life (UK) dragningar - LottoHoy.com\",\"isPartOf\":{\"@id\":\"https:\/\/lottohoy.com\/sv\/#website\"},\"datePublished\":\"2020-08-10T16:06:25+00:00\",\"dateModified\":\"2020-08-10T16:06:25+00:00\",\"description\":\"P\u00e5 den h\u00e4r sidan kan du konsultera alla resultat av Set for Life (UK) drar och kontrollera dina biljetter mot de erh\u00e5llna priserna\",\"breadcrumb\":{\"@id\":\"https:\/\/lottohoy.com\/sv\/lotteri-resultat\/set-for-life-uk-resultat\/#breadcrumb\"},\"inLanguage\":\"sv-SE\",\"potentialAction\":[{\"@type\":\"ReadAction\",\"target\":[\"https:\/\/lottohoy.com\/sv\/lotteri-resultat\/set-for-life-uk-resultat\/\"]}]},{\"@type\":\"BreadcrumbList\",\"@id\":\"https:\/\/lottohoy.com\/sv\/lotteri-resultat\/set-for-life-uk-resultat\/#breadcrumb\",\"itemListElement\":[{\"@type\":\"ListItem\",\"position\":1,\"name\":\"Home\",\"item\":\"https:\/\/lottohoy.com\/sv\/\"},{\"@type\":\"ListItem\",\"position\":2,\"name\":\"Lotteri resultat\",\"item\":\"https:\/\/lottohoy.com\/sv\/lotteri-resultat\/\"},{\"@type\":\"ListItem\",\"position\":3,\"name\":\"Set For Life (UK) Resultat\"}]},{\"@type\":\"WebSite\",\"@id\":\"https:\/\/lottohoy.com\/sv\/#website\",\"url\":\"https:\/\/lottohoy.com\/sv\/\",\"name\":\"Lottohoy\",\"description\":\"\",\"potentialAction\":[{\"@type\":\"SearchAction\",\"target\":{\"@type\":\"EntryPoint\",\"urlTemplate\":\"https:\/\/lottohoy.com\/sv\/?s={search_term_string}\"},\"query-input\":{\"@type\":\"PropertyValueSpecification\",\"valueRequired\":true,\"valueName\":\"search_term_string\"}}],\"inLanguage\":\"sv-SE\"}]}<\/script>\n<!-- \/ Yoast SEO plugin. -->","yoast_head_json":{"title":"Kontrollera resultaten av Set for Life (UK) dragningar - LottoHoy.com","description":"P\u00e5 den h\u00e4r sidan kan du konsultera alla resultat av Set for Life (UK) drar och kontrollera dina biljetter mot de erh\u00e5llna priserna","robots":{"index":"index","follow":"follow","max-snippet":"max-snippet:-1","max-image-preview":"max-image-preview:large","max-video-preview":"max-video-preview:-1"},"canonical":"https:\/\/lottohoy.com\/sv\/lotteri-resultat\/set-for-life-uk-resultat\/","og_locale":"sv_SE","og_type":"article","og_title":"Kontrollera resultaten av Set for Life (UK) dragningar - LottoHoy.com","og_description":"P\u00e5 den h\u00e4r sidan kan du konsultera alla resultat av Set for Life (UK) drar och kontrollera dina biljetter mot de erh\u00e5llna priserna","og_url":"https:\/\/lottohoy.com\/sv\/lotteri-resultat\/set-for-life-uk-resultat\/","og_site_name":"Lottohoy","twitter_card":"summary_large_image","twitter_misc":{"Ber\u00e4knad l\u00e4stid":"1 minut"},"schema":{"@context":"https:\/\/schema.org","@graph":[{"@type":"WebPage","@id":"https:\/\/lottohoy.com\/sv\/lotteri-resultat\/set-for-life-uk-resultat\/","url":"https:\/\/lottohoy.com\/sv\/lotteri-resultat\/set-for-life-uk-resultat\/","name":"Kontrollera resultaten av Set for Life (UK) dragningar - LottoHoy.com","isPartOf":{"@id":"https:\/\/lottohoy.com\/sv\/#website"},"datePublished":"2020-08-10T16:06:25+00:00","dateModified":"2020-08-10T16:06:25+00:00","description":"P\u00e5 den h\u00e4r sidan kan du konsultera alla resultat av Set for Life (UK) drar och kontrollera dina biljetter mot de erh\u00e5llna priserna","breadcrumb":{"@id":"https:\/\/lottohoy.com\/sv\/lotteri-resultat\/set-for-life-uk-resultat\/#breadcrumb"},"inLanguage":"sv-SE","potentialAction":[{"@type":"ReadAction","target":["https:\/\/lottohoy.com\/sv\/lotteri-resultat\/set-for-life-uk-resultat\/"]}]},{"@type":"BreadcrumbList","@id":"https:\/\/lottohoy.com\/sv\/lotteri-resultat\/set-for-life-uk-resultat\/#breadcrumb","itemListElement":[{"@type":"ListItem","position":1,"name":"Home","item":"https:\/\/lottohoy.com\/sv\/"},{"@type":"ListItem","position":2,"name":"Lotteri resultat","item":"https:\/\/lottohoy.com\/sv\/lotteri-resultat\/"},{"@type":"ListItem","position":3,"name":"Set For Life (UK) Resultat"}]},{"@type":"WebSite","@id":"https:\/\/lottohoy.com\/sv\/#website","url":"https:\/\/lottohoy.com\/sv\/","name":"Lottohoy","description":"","potentialAction":[{"@type":"SearchAction","target":{"@type":"EntryPoint","urlTemplate":"https:\/\/lottohoy.com\/sv\/?s={search_term_string}"},"query-input":{"@type":"PropertyValueSpecification","valueRequired":true,"valueName":"search_term_string"}}],"inLanguage":"sv-SE"}]}},"_links":{"self":[{"href":"https:\/\/lottohoy.com\/sv\/wp-json\/wp\/v2\/pages\/16983","targetHints":{"allow":["GET"]}}],"collection":[{"href":"https:\/\/lottohoy.com\/sv\/wp-json\/wp\/v2\/pages"}],"about":[{"href":"https:\/\/lottohoy.com\/sv\/wp-json\/wp\/v2\/types\/page"}],"author":[{"embeddable":true,"href":"https:\/\/lottohoy.com\/sv\/wp-json\/wp\/v2\/users\/2"}],"replies":[{"embeddable":true,"href":"https:\/\/lottohoy.com\/sv\/wp-json\/wp\/v2\/comments?post=16983"}],"version-history":[{"count":0,"href":"https:\/\/lottohoy.com\/sv\/wp-json\/wp\/v2\/pages\/16983\/revisions"}],"up":[{"embeddable":true,"href":"https:\/\/lottohoy.com\/sv\/wp-json\/wp\/v2\/pages\/16892"}],"wp:attachment":[{"href":"https:\/\/lottohoy.com\/sv\/wp-json\/wp\/v2\/media?parent=16983"}],"curies":[{"name":"wp","href":"https:\/\/api.w.org\/{rel}","templated":true}]}}