{"id":16972,"date":"2020-08-10T17:41:07","date_gmt":"2020-08-10T16:41:07","guid":{"rendered":"https:\/\/lottohoy.com\/lotteri-resultat\/askbollen-resultat\/"},"modified":"2020-08-10T17:41:07","modified_gmt":"2020-08-10T16:41:07","slug":"askbollen-resultat","status":"publish","type":"page","link":"https:\/\/lottohoy.com\/sv\/lotteri-resultat\/askbollen-resultat\/","title":{"rendered":"\u00c5skbollen Resultat"},"content":{"rendered":"<h2>Hur man kontrollerar resultaten av Thunderball?<\/h2>\n<p>F\u00f6r att se den vinnande kombinationen av Thunderball-lotteriteckningarna, j\u00e4mf\u00f6r bara siffrorna f\u00f6r kombinationen p\u00e5 din biljett med resultatet som visas p\u00e5 denna sida. Du kan ocks\u00e5 komma \u00e5t ditt anv\u00e4ndarkonto, d\u00e4r alla r\u00f6relser kommer att visas, inklusive de priser som vunnits<\/p>\n<p>P\u00e5 samma sida kan du ocks\u00e5 konsultera det ackumulerade, vinnarna och priserna i var och en av kategorierna och de tidigare dragningarna upp till 24 m\u00e5nader gammal.<\/p>\n<p>Hur f\u00f6rdelas priserna i Thunderball?<\/p>\n<p>Thunderball \u00e4r ett lotteri som delar ut upp till 9 kategorier av priser, s\u00e5 bara genom att matcha det kompletterande Thunderball-numret f\u00e5r du ett pris, med en chans p\u00e5 36.<\/p>\n<p>Om du \u00e4r en registrerad anv\u00e4ndare, de erh\u00e5llna priserna s\u00e4tts in direkt p\u00e5 ditt anv\u00e4ndarkonto, och du kan ha pengar i ditt saldo, s\u00e5 att du kan spela igen eller beg\u00e4ra ett uttag om du vill.<\/p>\n<h2>Thunderball Grand Prize<\/h2>\n<p>Ett fast pris p\u00e5 \u00a3 500,000 XNUMX fastst\u00e4lls f\u00f6r varje f\u00f6rsta kategorivinnare.<\/p>\n<p>Om det inte finns n\u00e5gra vinnare i f\u00f6rsta kategorin kommer priset inte att vara kumulativt, eftersom det alltid kommer att vara samma belopp som priset p\u00e5 500 000 \u00a3.<\/p>\n<p>De andra kategorierna har ocks\u00e5 ett fast pris f\u00f6r var och en av vinnarna i den kategorin<\/p>\n<h2>Vilka \u00e4r chanserna att vinna ett pris?<\/h2>\n<p>Oddsen f\u00f6r att vinna jackpotten \u00e4r 1 i 8,060,598.<\/p>\n<p>Medan oddsen f\u00f6r att vinna n\u00e5got pris \u00e4r 1 i 13.<\/p>\n","protected":false},"excerpt":{"rendered":"<p>Hur man kontrollerar resultaten av Thunderball? F\u00f6r att se den vinnande kombinationen av Thunderball-lotteriteckningarna, j\u00e4mf\u00f6r bara siffrorna f\u00f6r kombinationen p\u00e5 din biljett med resultatet som visas p\u00e5 denna sida. Du kan ocks\u00e5 komma \u00e5t ditt anv\u00e4ndarkonto, d\u00e4r alla r\u00f6relser kommer att visas, inklusive de priser som vunnits P\u00e5 samma sida kan du ocks\u00e5 konsultera det [&hellip;]<\/p>\n","protected":false},"author":2,"featured_media":0,"parent":16892,"menu_order":10,"comment_status":"closed","ping_status":"closed","template":"thunderball-results.php","meta":{"_et_pb_use_builder":"","_et_pb_old_content":"","_et_gb_content_width":"","exclude_from_search":false,"footnotes":""},"class_list":["post-16972","page","type-page","status-publish","hentry"],"yoast_head":"<!-- This site is optimized with the Yoast SEO plugin v23.7 - https:\/\/yoast.com\/wordpress\/plugins\/seo\/ -->\n<title>Thunderball-resultat \u21d2 Kontrollera Thunderball Draw-resultaten<\/title>\n<meta name=\"description\" content=\"Se Thunderballs resultat fr\u00e5n den senaste dragningen, och \u00e4ven fr\u00e5n de tidigare f\u00f6r att se om du har haft tur och \u00e4r en prisvinnare\" \/>\n<meta name=\"robots\" content=\"index, follow, max-snippet:-1, max-image-preview:large, max-video-preview:-1\" \/>\n<link rel=\"canonical\" href=\"https:\/\/lottohoy.com\/sv\/lotteri-resultat\/askbollen-resultat\/\" \/>\n<meta property=\"og:locale\" content=\"sv_SE\" \/>\n<meta property=\"og:type\" content=\"article\" \/>\n<meta property=\"og:title\" content=\"Thunderball-resultat \u21d2 Kontrollera Thunderball Draw-resultaten\" \/>\n<meta property=\"og:description\" content=\"Se Thunderballs resultat fr\u00e5n den senaste dragningen, och \u00e4ven fr\u00e5n de tidigare f\u00f6r att se om du har haft tur och \u00e4r en prisvinnare\" \/>\n<meta property=\"og:url\" content=\"https:\/\/lottohoy.com\/sv\/lotteri-resultat\/askbollen-resultat\/\" \/>\n<meta property=\"og:site_name\" content=\"Lottohoy\" \/>\n<meta name=\"twitter:card\" content=\"summary_large_image\" \/>\n<meta name=\"twitter:label1\" content=\"Ber\u00e4knad l\u00e4stid\" \/>\n\t<meta name=\"twitter:data1\" content=\"1 minut\" \/>\n<script type=\"application\/ld+json\" class=\"yoast-schema-graph\">{\"@context\":\"https:\/\/schema.org\",\"@graph\":[{\"@type\":\"WebPage\",\"@id\":\"https:\/\/lottohoy.com\/sv\/lotteri-resultat\/askbollen-resultat\/\",\"url\":\"https:\/\/lottohoy.com\/sv\/lotteri-resultat\/askbollen-resultat\/\",\"name\":\"Thunderball-resultat \u21d2 Kontrollera Thunderball Draw-resultaten\",\"isPartOf\":{\"@id\":\"https:\/\/lottohoy.com\/sv\/#website\"},\"datePublished\":\"2020-08-10T16:41:07+00:00\",\"dateModified\":\"2020-08-10T16:41:07+00:00\",\"description\":\"Se Thunderballs resultat fr\u00e5n den senaste dragningen, och \u00e4ven fr\u00e5n de tidigare f\u00f6r att se om du har haft tur och \u00e4r en prisvinnare\",\"breadcrumb\":{\"@id\":\"https:\/\/lottohoy.com\/sv\/lotteri-resultat\/askbollen-resultat\/#breadcrumb\"},\"inLanguage\":\"sv-SE\",\"potentialAction\":[{\"@type\":\"ReadAction\",\"target\":[\"https:\/\/lottohoy.com\/sv\/lotteri-resultat\/askbollen-resultat\/\"]}]},{\"@type\":\"BreadcrumbList\",\"@id\":\"https:\/\/lottohoy.com\/sv\/lotteri-resultat\/askbollen-resultat\/#breadcrumb\",\"itemListElement\":[{\"@type\":\"ListItem\",\"position\":1,\"name\":\"Home\",\"item\":\"https:\/\/lottohoy.com\/sv\/\"},{\"@type\":\"ListItem\",\"position\":2,\"name\":\"Lotteri resultat\",\"item\":\"https:\/\/lottohoy.com\/sv\/lotteri-resultat\/\"},{\"@type\":\"ListItem\",\"position\":3,\"name\":\"\u00c5skbollen Resultat\"}]},{\"@type\":\"WebSite\",\"@id\":\"https:\/\/lottohoy.com\/sv\/#website\",\"url\":\"https:\/\/lottohoy.com\/sv\/\",\"name\":\"Lottohoy\",\"description\":\"\",\"potentialAction\":[{\"@type\":\"SearchAction\",\"target\":{\"@type\":\"EntryPoint\",\"urlTemplate\":\"https:\/\/lottohoy.com\/sv\/?s={search_term_string}\"},\"query-input\":{\"@type\":\"PropertyValueSpecification\",\"valueRequired\":true,\"valueName\":\"search_term_string\"}}],\"inLanguage\":\"sv-SE\"}]}<\/script>\n<!-- \/ Yoast SEO plugin. -->","yoast_head_json":{"title":"Thunderball-resultat \u21d2 Kontrollera Thunderball Draw-resultaten","description":"Se Thunderballs resultat fr\u00e5n den senaste dragningen, och \u00e4ven fr\u00e5n de tidigare f\u00f6r att se om du har haft tur och \u00e4r en prisvinnare","robots":{"index":"index","follow":"follow","max-snippet":"max-snippet:-1","max-image-preview":"max-image-preview:large","max-video-preview":"max-video-preview:-1"},"canonical":"https:\/\/lottohoy.com\/sv\/lotteri-resultat\/askbollen-resultat\/","og_locale":"sv_SE","og_type":"article","og_title":"Thunderball-resultat \u21d2 Kontrollera Thunderball Draw-resultaten","og_description":"Se Thunderballs resultat fr\u00e5n den senaste dragningen, och \u00e4ven fr\u00e5n de tidigare f\u00f6r att se om du har haft tur och \u00e4r en prisvinnare","og_url":"https:\/\/lottohoy.com\/sv\/lotteri-resultat\/askbollen-resultat\/","og_site_name":"Lottohoy","twitter_card":"summary_large_image","twitter_misc":{"Ber\u00e4knad l\u00e4stid":"1 minut"},"schema":{"@context":"https:\/\/schema.org","@graph":[{"@type":"WebPage","@id":"https:\/\/lottohoy.com\/sv\/lotteri-resultat\/askbollen-resultat\/","url":"https:\/\/lottohoy.com\/sv\/lotteri-resultat\/askbollen-resultat\/","name":"Thunderball-resultat \u21d2 Kontrollera Thunderball Draw-resultaten","isPartOf":{"@id":"https:\/\/lottohoy.com\/sv\/#website"},"datePublished":"2020-08-10T16:41:07+00:00","dateModified":"2020-08-10T16:41:07+00:00","description":"Se Thunderballs resultat fr\u00e5n den senaste dragningen, och \u00e4ven fr\u00e5n de tidigare f\u00f6r att se om du har haft tur och \u00e4r en prisvinnare","breadcrumb":{"@id":"https:\/\/lottohoy.com\/sv\/lotteri-resultat\/askbollen-resultat\/#breadcrumb"},"inLanguage":"sv-SE","potentialAction":[{"@type":"ReadAction","target":["https:\/\/lottohoy.com\/sv\/lotteri-resultat\/askbollen-resultat\/"]}]},{"@type":"BreadcrumbList","@id":"https:\/\/lottohoy.com\/sv\/lotteri-resultat\/askbollen-resultat\/#breadcrumb","itemListElement":[{"@type":"ListItem","position":1,"name":"Home","item":"https:\/\/lottohoy.com\/sv\/"},{"@type":"ListItem","position":2,"name":"Lotteri resultat","item":"https:\/\/lottohoy.com\/sv\/lotteri-resultat\/"},{"@type":"ListItem","position":3,"name":"\u00c5skbollen Resultat"}]},{"@type":"WebSite","@id":"https:\/\/lottohoy.com\/sv\/#website","url":"https:\/\/lottohoy.com\/sv\/","name":"Lottohoy","description":"","potentialAction":[{"@type":"SearchAction","target":{"@type":"EntryPoint","urlTemplate":"https:\/\/lottohoy.com\/sv\/?s={search_term_string}"},"query-input":{"@type":"PropertyValueSpecification","valueRequired":true,"valueName":"search_term_string"}}],"inLanguage":"sv-SE"}]}},"_links":{"self":[{"href":"https:\/\/lottohoy.com\/sv\/wp-json\/wp\/v2\/pages\/16972","targetHints":{"allow":["GET"]}}],"collection":[{"href":"https:\/\/lottohoy.com\/sv\/wp-json\/wp\/v2\/pages"}],"about":[{"href":"https:\/\/lottohoy.com\/sv\/wp-json\/wp\/v2\/types\/page"}],"author":[{"embeddable":true,"href":"https:\/\/lottohoy.com\/sv\/wp-json\/wp\/v2\/users\/2"}],"replies":[{"embeddable":true,"href":"https:\/\/lottohoy.com\/sv\/wp-json\/wp\/v2\/comments?post=16972"}],"version-history":[{"count":0,"href":"https:\/\/lottohoy.com\/sv\/wp-json\/wp\/v2\/pages\/16972\/revisions"}],"up":[{"embeddable":true,"href":"https:\/\/lottohoy.com\/sv\/wp-json\/wp\/v2\/pages\/16892"}],"wp:attachment":[{"href":"https:\/\/lottohoy.com\/sv\/wp-json\/wp\/v2\/media?parent=16972"}],"curies":[{"name":"wp","href":"https:\/\/api.w.org\/{rel}","templated":true}]}}