{"id":16969,"date":"2018-05-03T14:23:40","date_gmt":"2018-05-03T13:23:40","guid":{"rendered":"https:\/\/lottohoy.com\/lotteri-resultat\/uk-lotto-resultat\/"},"modified":"2018-05-03T14:23:40","modified_gmt":"2018-05-03T13:23:40","slug":"uk-lotto-resultat","status":"publish","type":"page","link":"https:\/\/lottohoy.com\/sv\/lotteri-resultat\/uk-lotto-resultat\/","title":{"rendered":"UK Lotto-resultat"},"content":{"rendered":"<p>H\u00e4r \u00e4r de senaste resultaten fr\u00e5n UK Lotto. Du kan ocks\u00e5 kontrollera arkivdragningsresultaten f\u00f6r det brittiska lotteriet.<\/p>\n<h2><strong>Senaste UK Lotto-resultaten<\/strong><\/h2>\n<p>N\u00e4r du har <a href=\"https:\/\/lottohoy.com\/play\/lotto-uk\/\"><b>spelat UK Lotto<\/b><\/a>, du kan kontrollera f\u00f6reg\u00e5ende dragnings vinnande nummerkombination samt lottoprisf\u00f6rdelningen som motsvarar var och en av kategorierna p\u00e5 denna sida.<\/p>\n<p>Tabellen visar kombinationen av de sex huvudnumren. Det \u00e4r ocks\u00e5 m\u00f6jligt att v\u00e4lja en extra \u201dbonus\u201d -boll f\u00f6r att ge ett pris till personer som har tr\u00e4ffat sex huvudbollar.<\/p>\n<h2><strong>Tidigare UK Lotto-dragningar<\/strong><\/h2>\n<p>P\u00e5 den h\u00e4r sidan har vi ocks\u00e5 m\u00f6jlighet att komma \u00e5t de tidigare dragningsresultaten, f\u00f6r att inte bara se de vinnande kombinationerna, men f\u00f6rdelningen av lotteripriset f\u00f6r de olika kategorierna.<\/p>\n<p>I den h\u00f6gra \u00f6vre delen i gr\u00e5tt har du kalendern d\u00e4r du kan v\u00e4lja det datum vars resultat du vill kontrollera. Du kan f\u00e5 tillg\u00e5ng till resultaten fr\u00e5n de senaste tv\u00e5 \u00e5ren.<\/p>\n<h2>Lottopriser f\u00f6r l\u00f6rdag<\/h2>\n<p>UK Lotto spelas varje onsdag och l\u00f6rdag, och h\u00e4r kommer du att kunna kontrollera lotteriresultatets prisf\u00f6rdelning f\u00f6r b\u00e5da veckodragningarna strax efter att de officiella resultaten har bekr\u00e4ftats.<\/p>\n","protected":false},"excerpt":{"rendered":"<p>H\u00e4r \u00e4r de senaste resultaten fr\u00e5n UK Lotto. Du kan ocks\u00e5 kontrollera arkivdragningsresultaten f\u00f6r det brittiska lotteriet. Senaste UK Lotto-resultaten N\u00e4r du har spelat UK Lotto, du kan kontrollera f\u00f6reg\u00e5ende dragnings vinnande nummerkombination samt lottoprisf\u00f6rdelningen som motsvarar var och en av kategorierna p\u00e5 denna sida. Tabellen visar kombinationen av de sex huvudnumren. Det \u00e4r ocks\u00e5 [&hellip;]<\/p>\n","protected":false},"author":2,"featured_media":0,"parent":16892,"menu_order":9,"comment_status":"closed","ping_status":"closed","template":"lotto-uk-results.php","meta":{"_et_pb_use_builder":"","_et_pb_old_content":"","_et_gb_content_width":"","exclude_from_search":false,"footnotes":""},"class_list":["post-16969","page","type-page","status-publish","hentry"],"yoast_head":"<!-- This site is optimized with the Yoast SEO plugin v23.7 - https:\/\/yoast.com\/wordpress\/plugins\/seo\/ -->\n<title>UK Lotto-resultat \u25b7 Uppdelning av Lotto-priser | Lottohoy<\/title>\n<meta name=\"description\" content=\"Kontrollera de senaste resultaten fr\u00e5n UK Lotto, det mest popul\u00e4ra lotterispelet i Storbritannien. Hitta uppdaterade data s\u00e5 snart dragningen \u00e4r klar.\" \/>\n<meta name=\"robots\" content=\"index, follow, max-snippet:-1, max-image-preview:large, max-video-preview:-1\" \/>\n<link rel=\"canonical\" href=\"https:\/\/lottohoy.com\/sv\/lotteri-resultat\/uk-lotto-resultat\/\" \/>\n<meta property=\"og:locale\" content=\"sv_SE\" \/>\n<meta property=\"og:type\" content=\"article\" \/>\n<meta property=\"og:title\" content=\"UK Lotto-resultat \u25b7 Uppdelning av Lotto-priser | Lottohoy\" \/>\n<meta property=\"og:description\" content=\"Kontrollera de senaste resultaten fr\u00e5n UK Lotto, det mest popul\u00e4ra lotterispelet i Storbritannien. Hitta uppdaterade data s\u00e5 snart dragningen \u00e4r klar.\" \/>\n<meta property=\"og:url\" content=\"https:\/\/lottohoy.com\/sv\/lotteri-resultat\/uk-lotto-resultat\/\" \/>\n<meta property=\"og:site_name\" content=\"Lottohoy\" \/>\n<meta name=\"twitter:card\" content=\"summary_large_image\" \/>\n<meta name=\"twitter:label1\" content=\"Ber\u00e4knad l\u00e4stid\" \/>\n\t<meta name=\"twitter:data1\" content=\"1 minut\" \/>\n<script type=\"application\/ld+json\" class=\"yoast-schema-graph\">{\"@context\":\"https:\/\/schema.org\",\"@graph\":[{\"@type\":\"WebPage\",\"@id\":\"https:\/\/lottohoy.com\/sv\/lotteri-resultat\/uk-lotto-resultat\/\",\"url\":\"https:\/\/lottohoy.com\/sv\/lotteri-resultat\/uk-lotto-resultat\/\",\"name\":\"UK Lotto-resultat \u25b7 Uppdelning av Lotto-priser | Lottohoy\",\"isPartOf\":{\"@id\":\"https:\/\/lottohoy.com\/sv\/#website\"},\"datePublished\":\"2018-05-03T13:23:40+00:00\",\"dateModified\":\"2018-05-03T13:23:40+00:00\",\"description\":\"Kontrollera de senaste resultaten fr\u00e5n UK Lotto, det mest popul\u00e4ra lotterispelet i Storbritannien. Hitta uppdaterade data s\u00e5 snart dragningen \u00e4r klar.\",\"breadcrumb\":{\"@id\":\"https:\/\/lottohoy.com\/sv\/lotteri-resultat\/uk-lotto-resultat\/#breadcrumb\"},\"inLanguage\":\"sv-SE\",\"potentialAction\":[{\"@type\":\"ReadAction\",\"target\":[\"https:\/\/lottohoy.com\/sv\/lotteri-resultat\/uk-lotto-resultat\/\"]}]},{\"@type\":\"BreadcrumbList\",\"@id\":\"https:\/\/lottohoy.com\/sv\/lotteri-resultat\/uk-lotto-resultat\/#breadcrumb\",\"itemListElement\":[{\"@type\":\"ListItem\",\"position\":1,\"name\":\"Home\",\"item\":\"https:\/\/lottohoy.com\/sv\/\"},{\"@type\":\"ListItem\",\"position\":2,\"name\":\"Lotteri resultat\",\"item\":\"https:\/\/lottohoy.com\/sv\/lotteri-resultat\/\"},{\"@type\":\"ListItem\",\"position\":3,\"name\":\"UK Lotto-resultat\"}]},{\"@type\":\"WebSite\",\"@id\":\"https:\/\/lottohoy.com\/sv\/#website\",\"url\":\"https:\/\/lottohoy.com\/sv\/\",\"name\":\"Lottohoy\",\"description\":\"\",\"potentialAction\":[{\"@type\":\"SearchAction\",\"target\":{\"@type\":\"EntryPoint\",\"urlTemplate\":\"https:\/\/lottohoy.com\/sv\/?s={search_term_string}\"},\"query-input\":{\"@type\":\"PropertyValueSpecification\",\"valueRequired\":true,\"valueName\":\"search_term_string\"}}],\"inLanguage\":\"sv-SE\"}]}<\/script>\n<!-- \/ Yoast SEO plugin. -->","yoast_head_json":{"title":"UK Lotto-resultat \u25b7 Uppdelning av Lotto-priser | Lottohoy","description":"Kontrollera de senaste resultaten fr\u00e5n UK Lotto, det mest popul\u00e4ra lotterispelet i Storbritannien. Hitta uppdaterade data s\u00e5 snart dragningen \u00e4r klar.","robots":{"index":"index","follow":"follow","max-snippet":"max-snippet:-1","max-image-preview":"max-image-preview:large","max-video-preview":"max-video-preview:-1"},"canonical":"https:\/\/lottohoy.com\/sv\/lotteri-resultat\/uk-lotto-resultat\/","og_locale":"sv_SE","og_type":"article","og_title":"UK Lotto-resultat \u25b7 Uppdelning av Lotto-priser | Lottohoy","og_description":"Kontrollera de senaste resultaten fr\u00e5n UK Lotto, det mest popul\u00e4ra lotterispelet i Storbritannien. Hitta uppdaterade data s\u00e5 snart dragningen \u00e4r klar.","og_url":"https:\/\/lottohoy.com\/sv\/lotteri-resultat\/uk-lotto-resultat\/","og_site_name":"Lottohoy","twitter_card":"summary_large_image","twitter_misc":{"Ber\u00e4knad l\u00e4stid":"1 minut"},"schema":{"@context":"https:\/\/schema.org","@graph":[{"@type":"WebPage","@id":"https:\/\/lottohoy.com\/sv\/lotteri-resultat\/uk-lotto-resultat\/","url":"https:\/\/lottohoy.com\/sv\/lotteri-resultat\/uk-lotto-resultat\/","name":"UK Lotto-resultat \u25b7 Uppdelning av Lotto-priser | Lottohoy","isPartOf":{"@id":"https:\/\/lottohoy.com\/sv\/#website"},"datePublished":"2018-05-03T13:23:40+00:00","dateModified":"2018-05-03T13:23:40+00:00","description":"Kontrollera de senaste resultaten fr\u00e5n UK Lotto, det mest popul\u00e4ra lotterispelet i Storbritannien. Hitta uppdaterade data s\u00e5 snart dragningen \u00e4r klar.","breadcrumb":{"@id":"https:\/\/lottohoy.com\/sv\/lotteri-resultat\/uk-lotto-resultat\/#breadcrumb"},"inLanguage":"sv-SE","potentialAction":[{"@type":"ReadAction","target":["https:\/\/lottohoy.com\/sv\/lotteri-resultat\/uk-lotto-resultat\/"]}]},{"@type":"BreadcrumbList","@id":"https:\/\/lottohoy.com\/sv\/lotteri-resultat\/uk-lotto-resultat\/#breadcrumb","itemListElement":[{"@type":"ListItem","position":1,"name":"Home","item":"https:\/\/lottohoy.com\/sv\/"},{"@type":"ListItem","position":2,"name":"Lotteri resultat","item":"https:\/\/lottohoy.com\/sv\/lotteri-resultat\/"},{"@type":"ListItem","position":3,"name":"UK Lotto-resultat"}]},{"@type":"WebSite","@id":"https:\/\/lottohoy.com\/sv\/#website","url":"https:\/\/lottohoy.com\/sv\/","name":"Lottohoy","description":"","potentialAction":[{"@type":"SearchAction","target":{"@type":"EntryPoint","urlTemplate":"https:\/\/lottohoy.com\/sv\/?s={search_term_string}"},"query-input":{"@type":"PropertyValueSpecification","valueRequired":true,"valueName":"search_term_string"}}],"inLanguage":"sv-SE"}]}},"_links":{"self":[{"href":"https:\/\/lottohoy.com\/sv\/wp-json\/wp\/v2\/pages\/16969","targetHints":{"allow":["GET"]}}],"collection":[{"href":"https:\/\/lottohoy.com\/sv\/wp-json\/wp\/v2\/pages"}],"about":[{"href":"https:\/\/lottohoy.com\/sv\/wp-json\/wp\/v2\/types\/page"}],"author":[{"embeddable":true,"href":"https:\/\/lottohoy.com\/sv\/wp-json\/wp\/v2\/users\/2"}],"replies":[{"embeddable":true,"href":"https:\/\/lottohoy.com\/sv\/wp-json\/wp\/v2\/comments?post=16969"}],"version-history":[{"count":0,"href":"https:\/\/lottohoy.com\/sv\/wp-json\/wp\/v2\/pages\/16969\/revisions"}],"up":[{"embeddable":true,"href":"https:\/\/lottohoy.com\/sv\/wp-json\/wp\/v2\/pages\/16892"}],"wp:attachment":[{"href":"https:\/\/lottohoy.com\/sv\/wp-json\/wp\/v2\/media?parent=16969"}],"curies":[{"name":"wp","href":"https:\/\/api.w.org\/{rel}","templated":true}]}}