{"id":16956,"date":"2018-08-21T10:11:29","date_gmt":"2018-08-21T09:11:29","guid":{"rendered":"https:\/\/lottohoy.com\/lotteri-resultat\/la-primitiva-resultat\/"},"modified":"2018-08-21T10:11:29","modified_gmt":"2018-08-21T09:11:29","slug":"la-primitiva-resultat","status":"publish","type":"page","link":"https:\/\/lottohoy.com\/sv\/lotteri-resultat\/la-primitiva-resultat\/","title":{"rendered":"La Primitiva resultat"},"content":{"rendered":"<p>Denna sida visar en detaljerad uppdelning av Primitiva-lotteriets dragningsresultat, den ber\u00e4knade jackpotten f\u00f6r den senaste dragningen, och andra intressanta detaljer.<\/p>\n<h2>Primitiva resultat idag<\/h2>\n<p>I den h\u00e4r rutan visas resultaten fr\u00e5n den senaste dragningen, samt prisutdelningen f\u00f6r var och en av de sju kategorierna, det ber\u00e4knade antalet vinnare per kategori och det belopp som ska f\u00f6rdelas mellan dem.<\/p>\n<h2>Alla Primitiva-resultat<\/h2>\n<p>F\u00f6rutom resultaten fr\u00e5n den senaste dragningen som h\u00f6lls, p\u00e5 den h\u00e4r sidan kan du ocks\u00e5 ta reda p\u00e5 alla dragningsresultat fr\u00e5n det senaste 24 m\u00e5nader.<\/p>\n<p>Till h\u00f6ger om den vinnande kombinationen i den senaste dragningen, n\u00e5gra gr\u00e5 rutor visas med n\u00e5gra riktningspilar som g\u00f6r att du kan g\u00e5 igenom datumen f\u00f6r tidigare dragningar.<\/p>\n","protected":false},"excerpt":{"rendered":"<p>Denna sida visar en detaljerad uppdelning av Primitiva-lotteriets dragningsresultat, den ber\u00e4knade jackpotten f\u00f6r den senaste dragningen, och andra intressanta detaljer. Primitiva resultat idag I den h\u00e4r rutan visas resultaten fr\u00e5n den senaste dragningen, samt prisutdelningen f\u00f6r var och en av de sju kategorierna, det ber\u00e4knade antalet vinnare per kategori och det belopp som ska f\u00f6rdelas [&hellip;]<\/p>\n","protected":false},"author":2,"featured_media":0,"parent":16892,"menu_order":6,"comment_status":"closed","ping_status":"closed","template":"la-primitiva-results.php","meta":{"_et_pb_use_builder":"","_et_pb_old_content":"","_et_gb_content_width":"","exclude_from_search":false,"footnotes":""},"class_list":["post-16956","page","type-page","status-publish","hentry"],"yoast_head":"<!-- This site is optimized with the Yoast SEO plugin v23.7 - https:\/\/yoast.com\/wordpress\/plugins\/seo\/ -->\n<title>La Primitiva Resultat - Lotteri vinnande nummer \u2713<\/title>\n<meta name=\"description\" content=\"Detaljerad uppdelning av resultaten av La Primitiva, Spaniens mest k\u00e4nda lotteri. Kontrollera de senaste vinnande siffrorna och f\u00e5 din biljett nu!\" \/>\n<meta name=\"robots\" content=\"index, follow, max-snippet:-1, max-image-preview:large, max-video-preview:-1\" \/>\n<link rel=\"canonical\" href=\"https:\/\/lottohoy.com\/sv\/lotteri-resultat\/la-primitiva-resultat\/\" \/>\n<meta property=\"og:locale\" content=\"sv_SE\" \/>\n<meta property=\"og:type\" content=\"article\" \/>\n<meta property=\"og:title\" content=\"La Primitiva Resultat - Lotteri vinnande nummer \u2713\" \/>\n<meta property=\"og:description\" content=\"Detaljerad uppdelning av resultaten av La Primitiva, Spaniens mest k\u00e4nda lotteri. Kontrollera de senaste vinnande siffrorna och f\u00e5 din biljett nu!\" \/>\n<meta property=\"og:url\" content=\"https:\/\/lottohoy.com\/sv\/lotteri-resultat\/la-primitiva-resultat\/\" \/>\n<meta property=\"og:site_name\" content=\"Lottohoy\" \/>\n<meta name=\"twitter:card\" content=\"summary_large_image\" \/>\n<meta name=\"twitter:label1\" content=\"Ber\u00e4knad l\u00e4stid\" \/>\n\t<meta name=\"twitter:data1\" content=\"1 minut\" \/>\n<script type=\"application\/ld+json\" class=\"yoast-schema-graph\">{\"@context\":\"https:\/\/schema.org\",\"@graph\":[{\"@type\":\"WebPage\",\"@id\":\"https:\/\/lottohoy.com\/sv\/lotteri-resultat\/la-primitiva-resultat\/\",\"url\":\"https:\/\/lottohoy.com\/sv\/lotteri-resultat\/la-primitiva-resultat\/\",\"name\":\"La Primitiva Resultat - Lotteri vinnande nummer \u2713\",\"isPartOf\":{\"@id\":\"https:\/\/lottohoy.com\/sv\/#website\"},\"datePublished\":\"2018-08-21T09:11:29+00:00\",\"dateModified\":\"2018-08-21T09:11:29+00:00\",\"description\":\"Detaljerad uppdelning av resultaten av La Primitiva, Spaniens mest k\u00e4nda lotteri. Kontrollera de senaste vinnande siffrorna och f\u00e5 din biljett nu!\",\"breadcrumb\":{\"@id\":\"https:\/\/lottohoy.com\/sv\/lotteri-resultat\/la-primitiva-resultat\/#breadcrumb\"},\"inLanguage\":\"sv-SE\",\"potentialAction\":[{\"@type\":\"ReadAction\",\"target\":[\"https:\/\/lottohoy.com\/sv\/lotteri-resultat\/la-primitiva-resultat\/\"]}]},{\"@type\":\"BreadcrumbList\",\"@id\":\"https:\/\/lottohoy.com\/sv\/lotteri-resultat\/la-primitiva-resultat\/#breadcrumb\",\"itemListElement\":[{\"@type\":\"ListItem\",\"position\":1,\"name\":\"Home\",\"item\":\"https:\/\/lottohoy.com\/sv\/\"},{\"@type\":\"ListItem\",\"position\":2,\"name\":\"Lotteri resultat\",\"item\":\"https:\/\/lottohoy.com\/sv\/lotteri-resultat\/\"},{\"@type\":\"ListItem\",\"position\":3,\"name\":\"La Primitiva resultat\"}]},{\"@type\":\"WebSite\",\"@id\":\"https:\/\/lottohoy.com\/sv\/#website\",\"url\":\"https:\/\/lottohoy.com\/sv\/\",\"name\":\"Lottohoy\",\"description\":\"\",\"potentialAction\":[{\"@type\":\"SearchAction\",\"target\":{\"@type\":\"EntryPoint\",\"urlTemplate\":\"https:\/\/lottohoy.com\/sv\/?s={search_term_string}\"},\"query-input\":{\"@type\":\"PropertyValueSpecification\",\"valueRequired\":true,\"valueName\":\"search_term_string\"}}],\"inLanguage\":\"sv-SE\"}]}<\/script>\n<!-- \/ Yoast SEO plugin. -->","yoast_head_json":{"title":"La Primitiva Resultat - Lotteri vinnande nummer \u2713","description":"Detaljerad uppdelning av resultaten av La Primitiva, Spaniens mest k\u00e4nda lotteri. Kontrollera de senaste vinnande siffrorna och f\u00e5 din biljett nu!","robots":{"index":"index","follow":"follow","max-snippet":"max-snippet:-1","max-image-preview":"max-image-preview:large","max-video-preview":"max-video-preview:-1"},"canonical":"https:\/\/lottohoy.com\/sv\/lotteri-resultat\/la-primitiva-resultat\/","og_locale":"sv_SE","og_type":"article","og_title":"La Primitiva Resultat - Lotteri vinnande nummer \u2713","og_description":"Detaljerad uppdelning av resultaten av La Primitiva, Spaniens mest k\u00e4nda lotteri. Kontrollera de senaste vinnande siffrorna och f\u00e5 din biljett nu!","og_url":"https:\/\/lottohoy.com\/sv\/lotteri-resultat\/la-primitiva-resultat\/","og_site_name":"Lottohoy","twitter_card":"summary_large_image","twitter_misc":{"Ber\u00e4knad l\u00e4stid":"1 minut"},"schema":{"@context":"https:\/\/schema.org","@graph":[{"@type":"WebPage","@id":"https:\/\/lottohoy.com\/sv\/lotteri-resultat\/la-primitiva-resultat\/","url":"https:\/\/lottohoy.com\/sv\/lotteri-resultat\/la-primitiva-resultat\/","name":"La Primitiva Resultat - Lotteri vinnande nummer \u2713","isPartOf":{"@id":"https:\/\/lottohoy.com\/sv\/#website"},"datePublished":"2018-08-21T09:11:29+00:00","dateModified":"2018-08-21T09:11:29+00:00","description":"Detaljerad uppdelning av resultaten av La Primitiva, Spaniens mest k\u00e4nda lotteri. Kontrollera de senaste vinnande siffrorna och f\u00e5 din biljett nu!","breadcrumb":{"@id":"https:\/\/lottohoy.com\/sv\/lotteri-resultat\/la-primitiva-resultat\/#breadcrumb"},"inLanguage":"sv-SE","potentialAction":[{"@type":"ReadAction","target":["https:\/\/lottohoy.com\/sv\/lotteri-resultat\/la-primitiva-resultat\/"]}]},{"@type":"BreadcrumbList","@id":"https:\/\/lottohoy.com\/sv\/lotteri-resultat\/la-primitiva-resultat\/#breadcrumb","itemListElement":[{"@type":"ListItem","position":1,"name":"Home","item":"https:\/\/lottohoy.com\/sv\/"},{"@type":"ListItem","position":2,"name":"Lotteri resultat","item":"https:\/\/lottohoy.com\/sv\/lotteri-resultat\/"},{"@type":"ListItem","position":3,"name":"La Primitiva resultat"}]},{"@type":"WebSite","@id":"https:\/\/lottohoy.com\/sv\/#website","url":"https:\/\/lottohoy.com\/sv\/","name":"Lottohoy","description":"","potentialAction":[{"@type":"SearchAction","target":{"@type":"EntryPoint","urlTemplate":"https:\/\/lottohoy.com\/sv\/?s={search_term_string}"},"query-input":{"@type":"PropertyValueSpecification","valueRequired":true,"valueName":"search_term_string"}}],"inLanguage":"sv-SE"}]}},"_links":{"self":[{"href":"https:\/\/lottohoy.com\/sv\/wp-json\/wp\/v2\/pages\/16956","targetHints":{"allow":["GET"]}}],"collection":[{"href":"https:\/\/lottohoy.com\/sv\/wp-json\/wp\/v2\/pages"}],"about":[{"href":"https:\/\/lottohoy.com\/sv\/wp-json\/wp\/v2\/types\/page"}],"author":[{"embeddable":true,"href":"https:\/\/lottohoy.com\/sv\/wp-json\/wp\/v2\/users\/2"}],"replies":[{"embeddable":true,"href":"https:\/\/lottohoy.com\/sv\/wp-json\/wp\/v2\/comments?post=16956"}],"version-history":[{"count":0,"href":"https:\/\/lottohoy.com\/sv\/wp-json\/wp\/v2\/pages\/16956\/revisions"}],"up":[{"embeddable":true,"href":"https:\/\/lottohoy.com\/sv\/wp-json\/wp\/v2\/pages\/16892"}],"wp:attachment":[{"href":"https:\/\/lottohoy.com\/sv\/wp-json\/wp\/v2\/media?parent=16956"}],"curies":[{"name":"wp","href":"https:\/\/api.w.org\/{rel}","templated":true}]}}