{"id":16953,"date":"2019-02-13T18:37:04","date_gmt":"2019-02-13T18:37:04","guid":{"rendered":"https:\/\/lottohoy.com\/lotteri-resultat\/gordo-de-la-primitiva-lotteri-resultat\/"},"modified":"2019-02-13T18:37:04","modified_gmt":"2019-02-13T18:37:04","slug":"gordo-de-la-primitiva-lotteri-resultat","status":"publish","type":"page","link":"https:\/\/lottohoy.com\/sv\/lotteri-resultat\/gordo-de-la-primitiva-lotteri-resultat\/","title":{"rendered":"Gordo de la Primitiva Lotteri resultat"},"content":{"rendered":"<p>F\u00f6r att kontrollera om din satsning p\u00e5 El Gordo de la Primitiva har tilldelats, kontrollera siffrorna i kombinationen som visas p\u00e5 din biljett mot de resultat som visas p\u00e5 denna sida.<\/p>\n<p>I h\u00e4ndelse av att vinna ett pris i n\u00e5gon av de olika <strong>Gordo de la Primitiva-kategorierna<\/strong>, de vinnande siffrorna och beloppet f\u00f6r din vinst krediteras automatiskt p\u00e5 ditt anv\u00e4ndarkonto, \u00e4r tillg\u00e4nglig fr\u00e5n det \u00f6gonblicket.<\/p>\n<p>Du kan ocks\u00e5 kontrollera den ackumulerade jackpotten, vinnare och priser i var och en av kategorierna och de tidigare dragningarna s\u00e5 l\u00e5ngt tillbaka som 24 m\u00e5nader.<\/p>\n<h2>Kontrollera el Gordo de la Primitiva resultat<\/h2>\n<p>Denna sida \u00e5terspeglar i detalj, resultaten av Gordo de la Primitiva-dragningen, den ber\u00e4knade jackpotten f\u00f6r n\u00e4sta dragning, samt andra detaljer av h\u00f6gsta intresse f\u00f6r dina framtida spel.<\/p>\n<p>Till h\u00f6ger om den vinnande kombinationen av den senaste dragningen, det finns tre rutor. Den centrala rutan visar datumet f\u00f6r det lotteri som unders\u00f6ks, och p\u00e5 b\u00e5da sidor om denna centrala ruta finns v\u00e4nster- och h\u00f6gerpilar f\u00f6r att visa datum f\u00f6r tidigare dragningar<\/p>\n<h2>Kontrollera el Gordo de la Primitiva idag<\/h2>\n<p>Den visar en stor tabell med resultaten och f\u00f6rdelningen av priser efter kategorier av den senaste El Gordo.<\/p>\n<p>Priskategorierna (upp till nio olika kategorier), den n\u00f6dv\u00e4ndiga framg\u00e5ngen f\u00f6r att kvalificera sig f\u00f6r n\u00e5gon av priskategorierna.<\/p>\n<p>Vinnarna i var och en av kategorierna samt det pris som var och en av vinnarna f\u00e5r.<\/p>\n<p>St\u00e4nger den h\u00e4r stora rutan, detta anger det totala antalet vinnare i denna dragning, och de totala pengarna som f\u00f6rdelas mellan alla vinnare.<\/p>\n<h2>Gordo de la Primitiva priser<\/h2>\n<p>Med bara tv\u00e5 huvudnummer, du f\u00e5r ett fast pris p\u00e5 \u20ac 3, medan om bara nyckelnumret eller rabatten sl\u00e5s, vinsten \u00e4r \u00e5terbetalningen av basbeloppet f\u00f6r insatsen.<\/p>\n<p>Prisernas v\u00e4rde varierar fr\u00e5n en utlottning till en annan, eftersom de baseras p\u00e5 biljettf\u00f6rs\u00e4ljning och vinnarna i varje kategori.<\/p>\n<p>F\u00f6ljande tabell visar de olika kategorierna av utm\u00e4rkelser, tillsammans med den procentandel av samlingen som tilldelas var och en av dem.<\/p>\n<p><b>Tilldelningskategorier Antal korrekta svar Procentandel tilldelad<\/b><\/p>\n<p>F\u00f6rsta kategorin 5 nummer + \u00e5terbetalning 22%.<\/p>\n<p>Andra kategorin 5 nummer 33%.<\/p>\n<p>Tredje kategorin 4 nummer + \u00e5terbetalning 6%.<\/p>\n<p>Fj\u00e4rde kategorin 4 nummer 7%.<\/p>\n<p>Femte kategorin 3 nummer + \u00e5terbetalning 8%.<\/p>\n<p>Sj\u00e4tte kategorin 3 nummer 26 %.<\/p>\n<p>7:e kategorin 2 nummer + \u00e5terbetalning 20%.<\/p>\n<p>\u00c5ttonde kategorin 2 nummer Fast 3 \u20ac<\/p>\n<p>\u00c5terbetalning Nyckelnummer 10<\/p>\n<h2>El Gordo de la Primitiva st\u00f6rsta jackpottar<\/h2>\n<p>Det finns en minsta garanterad jackpott f\u00f6r Gordo p\u00e5 5 miljoner euro som ackumuleras f\u00f6r n\u00e4sta dragning om det inte finns n\u00e5gon vinnare i f\u00f6rsta kategorin.<\/p>\n<p>Jackpotten kan forts\u00e4tta att v\u00e4xa p\u00e5 ett obegr\u00e4nsat s\u00e4tt tills det finns en vinnare som tr\u00e4ffar de fem huvudnumren och \u00e5terbetalningsnumret.<\/p>\n<p>De st\u00f6rsta jackpottarna i Gordo de la Primitiva-dragningen sedan starten 1993 till idag \u00e4r f\u00f6ljande:<\/p>\n<p><b>Datum Belopp<\/b> <\/p>\n<p>19\/09\/2010 36,675,630.47 \u20ac <\/p>\n<p>12\/09\/2010 34,230,938.33 \u20ac <\/p>\n<p>14\/08\/2011 30,000,000.00 \u20ac <\/p>\n<p>5\/9\/2010 32,390,368.22 \u20ac <\/p>\n<p>14\/08\/2011 31,626,895.12 \u20ac <\/p>\n<p>20\/08\/2010 30,714,123.47 \u20ac<\/p>\n","protected":false},"excerpt":{"rendered":"<p>F\u00f6r att kontrollera om din satsning p\u00e5 El Gordo de la Primitiva har tilldelats, kontrollera siffrorna i kombinationen som visas p\u00e5 din biljett mot de resultat som visas p\u00e5 denna sida. I h\u00e4ndelse av att vinna ett pris i n\u00e5gon av de olika Gordo de la Primitiva-kategorierna, de vinnande siffrorna och beloppet f\u00f6r din vinst [&hellip;]<\/p>\n","protected":false},"author":2,"featured_media":0,"parent":16892,"menu_order":6,"comment_status":"closed","ping_status":"closed","template":"el-gordo-results.php","meta":{"_et_pb_use_builder":"","_et_pb_old_content":"","_et_gb_content_width":"","exclude_from_search":false,"footnotes":""},"class_list":["post-16953","page","type-page","status-publish","hentry"],"yoast_head":"<!-- This site is optimized with the Yoast SEO plugin v23.7 - https:\/\/yoast.com\/wordpress\/plugins\/seo\/ -->\n<title>Gordo de La Primitiva - Vinnare och senaste resultat - Lottohoy<\/title>\n<meta name=\"description\" content=\"Vad v\u00e4ntar du p\u00e5? Ta reda p\u00e5 om du \u00e4r den senaste vinnaren av Gordo de La Primitiva.\" \/>\n<meta name=\"robots\" content=\"index, follow, max-snippet:-1, max-image-preview:large, max-video-preview:-1\" \/>\n<link rel=\"canonical\" href=\"https:\/\/lottohoy.com\/sv\/lotteri-resultat\/gordo-de-la-primitiva-lotteri-resultat\/\" \/>\n<meta property=\"og:locale\" content=\"sv_SE\" \/>\n<meta property=\"og:type\" content=\"article\" \/>\n<meta property=\"og:title\" content=\"Gordo de La Primitiva - Vinnare och senaste resultat - Lottohoy\" \/>\n<meta property=\"og:description\" content=\"Vad v\u00e4ntar du p\u00e5? Ta reda p\u00e5 om du \u00e4r den senaste vinnaren av Gordo de La Primitiva.\" \/>\n<meta property=\"og:url\" content=\"https:\/\/lottohoy.com\/sv\/lotteri-resultat\/gordo-de-la-primitiva-lotteri-resultat\/\" \/>\n<meta property=\"og:site_name\" content=\"Lottohoy\" \/>\n<meta name=\"twitter:card\" content=\"summary_large_image\" \/>\n<meta name=\"twitter:label1\" content=\"Ber\u00e4knad l\u00e4stid\" \/>\n\t<meta name=\"twitter:data1\" content=\"2 minuter\" \/>\n<script type=\"application\/ld+json\" class=\"yoast-schema-graph\">{\"@context\":\"https:\/\/schema.org\",\"@graph\":[{\"@type\":\"WebPage\",\"@id\":\"https:\/\/lottohoy.com\/sv\/lotteri-resultat\/gordo-de-la-primitiva-lotteri-resultat\/\",\"url\":\"https:\/\/lottohoy.com\/sv\/lotteri-resultat\/gordo-de-la-primitiva-lotteri-resultat\/\",\"name\":\"Gordo de La Primitiva - Vinnare och senaste resultat - Lottohoy\",\"isPartOf\":{\"@id\":\"https:\/\/lottohoy.com\/sv\/#website\"},\"datePublished\":\"2019-02-13T18:37:04+00:00\",\"dateModified\":\"2019-02-13T18:37:04+00:00\",\"description\":\"Vad v\u00e4ntar du p\u00e5? Ta reda p\u00e5 om du \u00e4r den senaste vinnaren av Gordo de La Primitiva.\",\"breadcrumb\":{\"@id\":\"https:\/\/lottohoy.com\/sv\/lotteri-resultat\/gordo-de-la-primitiva-lotteri-resultat\/#breadcrumb\"},\"inLanguage\":\"sv-SE\",\"potentialAction\":[{\"@type\":\"ReadAction\",\"target\":[\"https:\/\/lottohoy.com\/sv\/lotteri-resultat\/gordo-de-la-primitiva-lotteri-resultat\/\"]}]},{\"@type\":\"BreadcrumbList\",\"@id\":\"https:\/\/lottohoy.com\/sv\/lotteri-resultat\/gordo-de-la-primitiva-lotteri-resultat\/#breadcrumb\",\"itemListElement\":[{\"@type\":\"ListItem\",\"position\":1,\"name\":\"Home\",\"item\":\"https:\/\/lottohoy.com\/sv\/\"},{\"@type\":\"ListItem\",\"position\":2,\"name\":\"Lotteri resultat\",\"item\":\"https:\/\/lottohoy.com\/sv\/lotteri-resultat\/\"},{\"@type\":\"ListItem\",\"position\":3,\"name\":\"Gordo de la Primitiva Lotteri resultat\"}]},{\"@type\":\"WebSite\",\"@id\":\"https:\/\/lottohoy.com\/sv\/#website\",\"url\":\"https:\/\/lottohoy.com\/sv\/\",\"name\":\"Lottohoy\",\"description\":\"\",\"potentialAction\":[{\"@type\":\"SearchAction\",\"target\":{\"@type\":\"EntryPoint\",\"urlTemplate\":\"https:\/\/lottohoy.com\/sv\/?s={search_term_string}\"},\"query-input\":{\"@type\":\"PropertyValueSpecification\",\"valueRequired\":true,\"valueName\":\"search_term_string\"}}],\"inLanguage\":\"sv-SE\"}]}<\/script>\n<!-- \/ Yoast SEO plugin. -->","yoast_head_json":{"title":"Gordo de La Primitiva - Vinnare och senaste resultat - Lottohoy","description":"Vad v\u00e4ntar du p\u00e5? Ta reda p\u00e5 om du \u00e4r den senaste vinnaren av Gordo de La Primitiva.","robots":{"index":"index","follow":"follow","max-snippet":"max-snippet:-1","max-image-preview":"max-image-preview:large","max-video-preview":"max-video-preview:-1"},"canonical":"https:\/\/lottohoy.com\/sv\/lotteri-resultat\/gordo-de-la-primitiva-lotteri-resultat\/","og_locale":"sv_SE","og_type":"article","og_title":"Gordo de La Primitiva - Vinnare och senaste resultat - Lottohoy","og_description":"Vad v\u00e4ntar du p\u00e5? Ta reda p\u00e5 om du \u00e4r den senaste vinnaren av Gordo de La Primitiva.","og_url":"https:\/\/lottohoy.com\/sv\/lotteri-resultat\/gordo-de-la-primitiva-lotteri-resultat\/","og_site_name":"Lottohoy","twitter_card":"summary_large_image","twitter_misc":{"Ber\u00e4knad l\u00e4stid":"2 minuter"},"schema":{"@context":"https:\/\/schema.org","@graph":[{"@type":"WebPage","@id":"https:\/\/lottohoy.com\/sv\/lotteri-resultat\/gordo-de-la-primitiva-lotteri-resultat\/","url":"https:\/\/lottohoy.com\/sv\/lotteri-resultat\/gordo-de-la-primitiva-lotteri-resultat\/","name":"Gordo de La Primitiva - Vinnare och senaste resultat - Lottohoy","isPartOf":{"@id":"https:\/\/lottohoy.com\/sv\/#website"},"datePublished":"2019-02-13T18:37:04+00:00","dateModified":"2019-02-13T18:37:04+00:00","description":"Vad v\u00e4ntar du p\u00e5? Ta reda p\u00e5 om du \u00e4r den senaste vinnaren av Gordo de La Primitiva.","breadcrumb":{"@id":"https:\/\/lottohoy.com\/sv\/lotteri-resultat\/gordo-de-la-primitiva-lotteri-resultat\/#breadcrumb"},"inLanguage":"sv-SE","potentialAction":[{"@type":"ReadAction","target":["https:\/\/lottohoy.com\/sv\/lotteri-resultat\/gordo-de-la-primitiva-lotteri-resultat\/"]}]},{"@type":"BreadcrumbList","@id":"https:\/\/lottohoy.com\/sv\/lotteri-resultat\/gordo-de-la-primitiva-lotteri-resultat\/#breadcrumb","itemListElement":[{"@type":"ListItem","position":1,"name":"Home","item":"https:\/\/lottohoy.com\/sv\/"},{"@type":"ListItem","position":2,"name":"Lotteri resultat","item":"https:\/\/lottohoy.com\/sv\/lotteri-resultat\/"},{"@type":"ListItem","position":3,"name":"Gordo de la Primitiva Lotteri resultat"}]},{"@type":"WebSite","@id":"https:\/\/lottohoy.com\/sv\/#website","url":"https:\/\/lottohoy.com\/sv\/","name":"Lottohoy","description":"","potentialAction":[{"@type":"SearchAction","target":{"@type":"EntryPoint","urlTemplate":"https:\/\/lottohoy.com\/sv\/?s={search_term_string}"},"query-input":{"@type":"PropertyValueSpecification","valueRequired":true,"valueName":"search_term_string"}}],"inLanguage":"sv-SE"}]}},"_links":{"self":[{"href":"https:\/\/lottohoy.com\/sv\/wp-json\/wp\/v2\/pages\/16953","targetHints":{"allow":["GET"]}}],"collection":[{"href":"https:\/\/lottohoy.com\/sv\/wp-json\/wp\/v2\/pages"}],"about":[{"href":"https:\/\/lottohoy.com\/sv\/wp-json\/wp\/v2\/types\/page"}],"author":[{"embeddable":true,"href":"https:\/\/lottohoy.com\/sv\/wp-json\/wp\/v2\/users\/2"}],"replies":[{"embeddable":true,"href":"https:\/\/lottohoy.com\/sv\/wp-json\/wp\/v2\/comments?post=16953"}],"version-history":[{"count":0,"href":"https:\/\/lottohoy.com\/sv\/wp-json\/wp\/v2\/pages\/16953\/revisions"}],"up":[{"embeddable":true,"href":"https:\/\/lottohoy.com\/sv\/wp-json\/wp\/v2\/pages\/16892"}],"wp:attachment":[{"href":"https:\/\/lottohoy.com\/sv\/wp-json\/wp\/v2\/media?parent=16953"}],"curies":[{"name":"wp","href":"https:\/\/api.w.org\/{rel}","templated":true}]}}