{"id":16938,"date":"2018-05-03T14:23:39","date_gmt":"2018-05-03T13:23:39","guid":{"rendered":"https:\/\/lottohoy.com\/lotteri-resultat\/superenalotto-resultat\/"},"modified":"2018-05-03T14:23:39","modified_gmt":"2018-05-03T13:23:39","slug":"superenalotto-resultat","status":"publish","type":"page","link":"https:\/\/lottohoy.com\/sv\/lotteri-resultat\/superenalotto-resultat\/","title":{"rendered":"SuperEnalotto resultat"},"content":{"rendered":"<p>Kontrollera de aktuella <strong>SuperEnalotto-dragningsresultaten<\/strong>. Vi presenterar ocks\u00e5 arkivdragningsresultat. Alla publicerade resultat h\u00e4mtas fr\u00e5n lotteriets officiella dragning, s\u00e5 att du kan <a href=\"https:\/\/lottohoy.com\/play\/superenalotto\/\"><b>spela Superenalotto<\/b><\/a> med all s\u00e4kerhet.<\/p>\n<h2><strong>dagens SuperEnalotto-resultat<\/strong><\/h2>\n<p>Denna sida visar den <strong>vinnande kombinationen<\/strong> av den tidigare dragningen av Superenalotto och den officiella <strong>prisutdelningen<\/strong> som motsvarar var och en av priskategorierna.<\/p>\n<h2><strong>SuperEnalotto tidigare resultat<\/strong><\/h2>\n<p>P\u00e5 den h\u00e4r sidan kan du komma \u00e5t tidigare dragningsresultat som kan fungera som en guide f\u00f6r statistik och framtida spelkombinationer. Dessutom, det l\u00e5ter dig se inte bara de <strong>vinnande kombinationerna<\/strong>, men ocks\u00e5 prisutdelningarna f\u00f6r olika kategorier.<\/p>\n<p>I det \u00f6vre h\u00f6gra h\u00f6rnet av webbplatsen hittar du kalenderfunktionen, vilket g\u00f6r att du kan kontrollera de senaste tv\u00e5 \u00e5ren.<\/p>\n","protected":false},"excerpt":{"rendered":"<p>Kontrollera de aktuella SuperEnalotto-dragningsresultaten. Vi presenterar ocks\u00e5 arkivdragningsresultat. Alla publicerade resultat h\u00e4mtas fr\u00e5n lotteriets officiella dragning, s\u00e5 att du kan spela Superenalotto med all s\u00e4kerhet. dagens SuperEnalotto-resultat Denna sida visar den vinnande kombinationen av den tidigare dragningen av Superenalotto och den officiella prisutdelningen som motsvarar var och en av priskategorierna. SuperEnalotto tidigare resultat P\u00e5 den [&hellip;]<\/p>\n","protected":false},"author":2,"featured_media":0,"parent":16892,"menu_order":5,"comment_status":"closed","ping_status":"closed","template":"superenalotto-results.php","meta":{"_et_pb_use_builder":"","_et_pb_old_content":"","_et_gb_content_width":"","exclude_from_search":false,"footnotes":""},"class_list":["post-16938","page","type-page","status-publish","hentry"],"yoast_head":"<!-- This site is optimized with the Yoast SEO plugin v23.7 - https:\/\/yoast.com\/wordpress\/plugins\/seo\/ -->\n<title>SuperEnalotto-resultat | Vinnande nummer och priser \u25b7<\/title>\n<meta name=\"description\" content=\"Denna sida visar den vinnande kombinationen av den sista dragningen av Superenalotto och den officiella prisutdelningen som motsvarar var och en av priskategorierna.\" \/>\n<meta name=\"robots\" content=\"index, follow, max-snippet:-1, max-image-preview:large, max-video-preview:-1\" \/>\n<link rel=\"canonical\" href=\"https:\/\/lottohoy.com\/sv\/lotteri-resultat\/superenalotto-resultat\/\" \/>\n<meta property=\"og:locale\" content=\"sv_SE\" \/>\n<meta property=\"og:type\" content=\"article\" \/>\n<meta property=\"og:title\" content=\"SuperEnalotto-resultat | Vinnande nummer och priser \u25b7\" \/>\n<meta property=\"og:description\" content=\"Denna sida visar den vinnande kombinationen av den sista dragningen av Superenalotto och den officiella prisutdelningen som motsvarar var och en av priskategorierna.\" \/>\n<meta property=\"og:url\" content=\"https:\/\/lottohoy.com\/sv\/lotteri-resultat\/superenalotto-resultat\/\" \/>\n<meta property=\"og:site_name\" content=\"Lottohoy\" \/>\n<meta name=\"twitter:card\" content=\"summary_large_image\" \/>\n<meta name=\"twitter:label1\" content=\"Ber\u00e4knad l\u00e4stid\" \/>\n\t<meta name=\"twitter:data1\" content=\"1 minut\" \/>\n<script type=\"application\/ld+json\" class=\"yoast-schema-graph\">{\"@context\":\"https:\/\/schema.org\",\"@graph\":[{\"@type\":\"WebPage\",\"@id\":\"https:\/\/lottohoy.com\/sv\/lotteri-resultat\/superenalotto-resultat\/\",\"url\":\"https:\/\/lottohoy.com\/sv\/lotteri-resultat\/superenalotto-resultat\/\",\"name\":\"SuperEnalotto-resultat | Vinnande nummer och priser \u25b7\",\"isPartOf\":{\"@id\":\"https:\/\/lottohoy.com\/sv\/#website\"},\"datePublished\":\"2018-05-03T13:23:39+00:00\",\"dateModified\":\"2018-05-03T13:23:39+00:00\",\"description\":\"Denna sida visar den vinnande kombinationen av den sista dragningen av Superenalotto och den officiella prisutdelningen som motsvarar var och en av priskategorierna.\",\"breadcrumb\":{\"@id\":\"https:\/\/lottohoy.com\/sv\/lotteri-resultat\/superenalotto-resultat\/#breadcrumb\"},\"inLanguage\":\"sv-SE\",\"potentialAction\":[{\"@type\":\"ReadAction\",\"target\":[\"https:\/\/lottohoy.com\/sv\/lotteri-resultat\/superenalotto-resultat\/\"]}]},{\"@type\":\"BreadcrumbList\",\"@id\":\"https:\/\/lottohoy.com\/sv\/lotteri-resultat\/superenalotto-resultat\/#breadcrumb\",\"itemListElement\":[{\"@type\":\"ListItem\",\"position\":1,\"name\":\"Home\",\"item\":\"https:\/\/lottohoy.com\/sv\/\"},{\"@type\":\"ListItem\",\"position\":2,\"name\":\"Lotteri resultat\",\"item\":\"https:\/\/lottohoy.com\/sv\/lotteri-resultat\/\"},{\"@type\":\"ListItem\",\"position\":3,\"name\":\"SuperEnalotto resultat\"}]},{\"@type\":\"WebSite\",\"@id\":\"https:\/\/lottohoy.com\/sv\/#website\",\"url\":\"https:\/\/lottohoy.com\/sv\/\",\"name\":\"Lottohoy\",\"description\":\"\",\"potentialAction\":[{\"@type\":\"SearchAction\",\"target\":{\"@type\":\"EntryPoint\",\"urlTemplate\":\"https:\/\/lottohoy.com\/sv\/?s={search_term_string}\"},\"query-input\":{\"@type\":\"PropertyValueSpecification\",\"valueRequired\":true,\"valueName\":\"search_term_string\"}}],\"inLanguage\":\"sv-SE\"}]}<\/script>\n<!-- \/ Yoast SEO plugin. -->","yoast_head_json":{"title":"SuperEnalotto-resultat | Vinnande nummer och priser \u25b7","description":"Denna sida visar den vinnande kombinationen av den sista dragningen av Superenalotto och den officiella prisutdelningen som motsvarar var och en av priskategorierna.","robots":{"index":"index","follow":"follow","max-snippet":"max-snippet:-1","max-image-preview":"max-image-preview:large","max-video-preview":"max-video-preview:-1"},"canonical":"https:\/\/lottohoy.com\/sv\/lotteri-resultat\/superenalotto-resultat\/","og_locale":"sv_SE","og_type":"article","og_title":"SuperEnalotto-resultat | Vinnande nummer och priser \u25b7","og_description":"Denna sida visar den vinnande kombinationen av den sista dragningen av Superenalotto och den officiella prisutdelningen som motsvarar var och en av priskategorierna.","og_url":"https:\/\/lottohoy.com\/sv\/lotteri-resultat\/superenalotto-resultat\/","og_site_name":"Lottohoy","twitter_card":"summary_large_image","twitter_misc":{"Ber\u00e4knad l\u00e4stid":"1 minut"},"schema":{"@context":"https:\/\/schema.org","@graph":[{"@type":"WebPage","@id":"https:\/\/lottohoy.com\/sv\/lotteri-resultat\/superenalotto-resultat\/","url":"https:\/\/lottohoy.com\/sv\/lotteri-resultat\/superenalotto-resultat\/","name":"SuperEnalotto-resultat | Vinnande nummer och priser \u25b7","isPartOf":{"@id":"https:\/\/lottohoy.com\/sv\/#website"},"datePublished":"2018-05-03T13:23:39+00:00","dateModified":"2018-05-03T13:23:39+00:00","description":"Denna sida visar den vinnande kombinationen av den sista dragningen av Superenalotto och den officiella prisutdelningen som motsvarar var och en av priskategorierna.","breadcrumb":{"@id":"https:\/\/lottohoy.com\/sv\/lotteri-resultat\/superenalotto-resultat\/#breadcrumb"},"inLanguage":"sv-SE","potentialAction":[{"@type":"ReadAction","target":["https:\/\/lottohoy.com\/sv\/lotteri-resultat\/superenalotto-resultat\/"]}]},{"@type":"BreadcrumbList","@id":"https:\/\/lottohoy.com\/sv\/lotteri-resultat\/superenalotto-resultat\/#breadcrumb","itemListElement":[{"@type":"ListItem","position":1,"name":"Home","item":"https:\/\/lottohoy.com\/sv\/"},{"@type":"ListItem","position":2,"name":"Lotteri resultat","item":"https:\/\/lottohoy.com\/sv\/lotteri-resultat\/"},{"@type":"ListItem","position":3,"name":"SuperEnalotto resultat"}]},{"@type":"WebSite","@id":"https:\/\/lottohoy.com\/sv\/#website","url":"https:\/\/lottohoy.com\/sv\/","name":"Lottohoy","description":"","potentialAction":[{"@type":"SearchAction","target":{"@type":"EntryPoint","urlTemplate":"https:\/\/lottohoy.com\/sv\/?s={search_term_string}"},"query-input":{"@type":"PropertyValueSpecification","valueRequired":true,"valueName":"search_term_string"}}],"inLanguage":"sv-SE"}]}},"_links":{"self":[{"href":"https:\/\/lottohoy.com\/sv\/wp-json\/wp\/v2\/pages\/16938","targetHints":{"allow":["GET"]}}],"collection":[{"href":"https:\/\/lottohoy.com\/sv\/wp-json\/wp\/v2\/pages"}],"about":[{"href":"https:\/\/lottohoy.com\/sv\/wp-json\/wp\/v2\/types\/page"}],"author":[{"embeddable":true,"href":"https:\/\/lottohoy.com\/sv\/wp-json\/wp\/v2\/users\/2"}],"replies":[{"embeddable":true,"href":"https:\/\/lottohoy.com\/sv\/wp-json\/wp\/v2\/comments?post=16938"}],"version-history":[{"count":0,"href":"https:\/\/lottohoy.com\/sv\/wp-json\/wp\/v2\/pages\/16938\/revisions"}],"up":[{"embeddable":true,"href":"https:\/\/lottohoy.com\/sv\/wp-json\/wp\/v2\/pages\/16892"}],"wp:attachment":[{"href":"https:\/\/lottohoy.com\/sv\/wp-json\/wp\/v2\/media?parent=16938"}],"curies":[{"name":"wp","href":"https:\/\/api.w.org\/{rel}","templated":true}]}}