{"id":16936,"date":"2018-05-03T14:23:37","date_gmt":"2018-05-03T13:23:37","guid":{"rendered":"https:\/\/lottohoy.com\/lotteri-resultat\/eurojackpot-resultat\/"},"modified":"2018-05-03T14:23:37","modified_gmt":"2018-05-03T13:23:37","slug":"eurojackpot-resultat","status":"publish","type":"page","link":"https:\/\/lottohoy.com\/sv\/lotteri-resultat\/eurojackpot-resultat\/","title":{"rendered":"Eurojackpot-resultat"},"content":{"rendered":"<h2>Kontrollera Eurojackpot-resultat<\/h2>\n<p>Det \u00e4r viktigt att kontrollera kombinationen av siffror som visas p\u00e5 biljetten med de som visas p\u00e5 den <strong>officiella resultatsidan f\u00f6r Eurojackpot<\/strong>. F\u00f6r att undvika l\u00e4sfel och transkription med det officiella resultatet rekommenderas att du granskar kombinationen som visas p\u00e5 biljetten n\u00e5gra g\u00e5nger innan du blir av med den.<\/p>\n<p>Se p\u00e5 denna sida <strong>resultaten fr\u00e5n den senaste Eurojackpot-dragningen<\/strong> och prisuppdelningen. Du kan ocks\u00e5 kontrollera <a href=\"https:\/\/lottohoy.com\/results\/\"><strong>resultatet av alla lotterier<\/strong><\/a> efter dragningstiden <a href=\"https:\/\/lottohoy.com\/results\/\"><strong>.<\/strong><\/a><\/p>\n<h2>Dagens Eurojackpot-resultat<\/h2>\n<p>P\u00e5 den h\u00e4r sidan kan du kontrollera vinnande nummer och resultat fr\u00e5n den senaste dragningen av <strong>Eurojackpot<\/strong>, och \u00e4ven resultathistoriken s\u00e5 l\u00e5ngt tillbaka som tv\u00e5 \u00e5r. Dessutom, du kan kontrollera <a href=\"https:\/\/lottohoy.com\/jackpots\/\"><strong>jackpotten ackumulerad idag<\/strong><\/a>, vinnare, och priser i var och en av kategorierna.<\/p>\n<h3>F\u00f6rdelen med att spela Eurojackpot i LottoHoy<\/h3>\n<p><a href=\"https:\/\/lottohoy.com\/signup\/\"><strong>Skapa ett anv\u00e4ndarkonto<\/strong><\/a> i v\u00e5r plattform, du kommer att ha exakt information om de resultat som har producerats i vart och ett av dina lotterispel.<\/p>\n<p>Om du vinner ett pris i de olika <strong>kategorierna av Eurojackpot-lotto<\/strong>, de vinnande siffrorna och beloppet f\u00f6r din vinst kommer automatiskt att \u00e5terspeglas i ditt anv\u00e4ndarkonto, blir tillg\u00e4nglig fr\u00e5n det \u00f6gonblicket.<\/p>\n<h2>Tidigare Eurojackpot-lotterier<\/h2>\n<p>I den \u00f6vre h\u00f6gra delen av sidan finns en <strong>kalenderfunktion<\/strong> genom vilken du kan v\u00e4lja det datum som motsvarar den utlottning du vill kontrollera.<\/p>\n<p>Om du klickar p\u00e5 n\u00e5got av dessa datum kommer du till den aktuella dragningen, den vinnande kombinationen och f\u00f6rdelningen av vinsterna per kategori. Kom ih\u00e5g att om du vinner ett pris kommer det automatiskt att f\u00f6ras in i ditt saldo s\u00e5 att du kan <a href=\"https:\/\/lottohoy.com\/play\/eurojackpot\/\"><strong>spela Eurojackpot<\/strong><\/a> igen.<\/p>\n<h2>Prisutdelning i Eurojackpot<\/h2>\n<p>I resultattabellen p\u00e5 den h\u00e4r sidan kan du se de <strong>prisutdelningar<\/strong> som har motsvarat var och en av de 12 kategorier av priser som Eurojackpot f\u00f6rutser.<\/p>\n<p>Tabellen anger de olika kombinationerna av nummer som har r\u00e4tt att f\u00e5 priset i n\u00e5gon av kategorierna, samt det belopp i euro (\u20ac) som skulle motsvara varje vinnare.<\/p>\n<h2>De st\u00f6rsta priserna och jackpottarna som delas ut i Eurojackpot.<\/h2>\n<p>Det finns en garanterad <strong>minsta jackpot p\u00e5 \u20ac 10.000.000<\/strong> f\u00f6r toppvinnare, som vinns genom att matcha fem och tv\u00e5 nummer. Om det inte finns n\u00e5gra toppvinnare kommer den ber\u00e4knade jackpotten f\u00f6r den kategorin att ackumuleras successivt varje vecka tills den n\u00e5r den maximala jackpotten p\u00e5 <strong>\u20ac 120 000 000<\/strong>.<\/p>\n<p>N\u00e4r den ackumulerade potten n\u00e5r v\u00e4rdet av <strong>120 miljoner euro<\/strong> \u00f6kar de \u00e5terst\u00e5ende kvantiteterna som genereras f\u00f6r den kategorin det belopp som f\u00f6rutses f\u00f6r den andra kategorin, s\u00e5 oddsen f\u00f6r att vinna en stor summa \u00f6kar. Den andra kategorin av priser har ocks\u00e5 en maxgr\u00e4ns p\u00e5 90 000 000 euro f\u00f6r de successiva ackumuleringarna, och resten skulle g\u00e5 till de l\u00e4gre kategorierna successivt.<\/p>\n<p>Sedan starten av Eurojackpot-dragningen, vid fem tillf\u00e4llen har det funnits en jackpottvinnare f\u00f6r det maximala beloppet p\u00e5 120 000 000 \u20ac har levererats.<\/p>\n<p><b>Datum f\u00f6r dragning<\/b><\/p>\n<p><b>Vunnen summa<\/b><\/p>\n<p><b>Vinnande land\/l\u00e4nder<\/b><\/p>\n<p>6\/12\/ 2024<\/p>\n<p>120.000.000 \u20ac<\/p>\n<p>Alemanien<\/p>\n<p>4\/6\/2024<\/p>\n<p>120.000.000 \u20ac<\/p>\n<p>Dinamarca<\/p>\n<p>23 \/4\/ 2024<\/p>\n<p>120.000.000 \u20ac<\/p>\n<p>Alemanien, Slovenien<\/p>\n<p>16 \/1\/2024<\/p>\n<p>120.000.000 \u20ac<\/p>\n<p>Noruega<\/p>\n<p>23\/6\/ 2023<\/p>\n<p>120.000.000 \u20ac<\/p>\n<p>Alemanien<\/p>\n<p>8\/11\/2022<\/p>\n<p>120.000.000 \u20ac<\/p>\n<p>Alemanien<\/p>\n<p>22\/6\/ 2022<\/p>\n<p>120.000.000 \u20ac<\/p>\n<p>Dinamarca<\/p>\n<p>Eurojackpot-lotto \u00e4r en av favoriterna f\u00f6r spelare fr\u00e5n hela v\u00e4rlden. Fr\u00e5n Sverige till Sydafrika vill alla pr\u00f6va lyckan och ta hem en stor Eurojackpot-vinst.<\/p>\n","protected":false},"excerpt":{"rendered":"<p>Kontrollera Eurojackpot-resultat Det \u00e4r viktigt att kontrollera kombinationen av siffror som visas p\u00e5 biljetten med de som visas p\u00e5 den officiella resultatsidan f\u00f6r Eurojackpot. F\u00f6r att undvika l\u00e4sfel och transkription med det officiella resultatet rekommenderas att du granskar kombinationen som visas p\u00e5 biljetten n\u00e5gra g\u00e5nger innan du blir av med den. Se p\u00e5 denna sida [&hellip;]<\/p>\n","protected":false},"author":2,"featured_media":0,"parent":16892,"menu_order":4,"comment_status":"closed","ping_status":"closed","template":"eurojackpot-results.php","meta":{"_et_pb_use_builder":"","_et_pb_old_content":"","_et_gb_content_width":"","exclude_from_search":false,"footnotes":""},"class_list":["post-16936","page","type-page","status-publish","hentry"],"yoast_head":"<!-- This site is optimized with the Yoast SEO plugin v23.7 - https:\/\/yoast.com\/wordpress\/plugins\/seo\/ -->\n<title>\u25b7 Senaste Eurojackpot-resultat | Eurojackpot-resultat idag<\/title>\n<meta name=\"description\" content=\"Kontrollera de senaste resultaten fr\u00e5n Eurojackpot . Du kan ocks\u00e5 kontrollera den ackumulerade jackpotten, vinnare och priser f\u00f6r varje kategori. Kontrollera din lott nu!\" \/>\n<meta name=\"robots\" content=\"index, follow, max-snippet:-1, max-image-preview:large, max-video-preview:-1\" \/>\n<link rel=\"canonical\" href=\"https:\/\/lottohoy.com\/sv\/lotteri-resultat\/eurojackpot-resultat\/\" \/>\n<meta property=\"og:locale\" content=\"sv_SE\" \/>\n<meta property=\"og:type\" content=\"article\" \/>\n<meta property=\"og:title\" content=\"\u25b7 Senaste Eurojackpot-resultat | Eurojackpot-resultat idag\" \/>\n<meta property=\"og:description\" content=\"Kontrollera de senaste resultaten fr\u00e5n Eurojackpot . Du kan ocks\u00e5 kontrollera den ackumulerade jackpotten, vinnare och priser f\u00f6r varje kategori. Kontrollera din lott nu!\" \/>\n<meta property=\"og:url\" content=\"https:\/\/lottohoy.com\/sv\/lotteri-resultat\/eurojackpot-resultat\/\" \/>\n<meta property=\"og:site_name\" content=\"Lottohoy\" \/>\n<meta name=\"twitter:card\" content=\"summary_large_image\" \/>\n<meta name=\"twitter:label1\" content=\"Ber\u00e4knad l\u00e4stid\" \/>\n\t<meta name=\"twitter:data1\" content=\"3 minuter\" \/>\n<script type=\"application\/ld+json\" class=\"yoast-schema-graph\">{\"@context\":\"https:\/\/schema.org\",\"@graph\":[{\"@type\":\"WebPage\",\"@id\":\"https:\/\/lottohoy.com\/sv\/lotteri-resultat\/eurojackpot-resultat\/\",\"url\":\"https:\/\/lottohoy.com\/sv\/lotteri-resultat\/eurojackpot-resultat\/\",\"name\":\"\u25b7 Senaste Eurojackpot-resultat | Eurojackpot-resultat idag\",\"isPartOf\":{\"@id\":\"https:\/\/lottohoy.com\/sv\/#website\"},\"datePublished\":\"2018-05-03T13:23:37+00:00\",\"dateModified\":\"2018-05-03T13:23:37+00:00\",\"description\":\"Kontrollera de senaste resultaten fr\u00e5n Eurojackpot . Du kan ocks\u00e5 kontrollera den ackumulerade jackpotten, vinnare och priser f\u00f6r varje kategori. Kontrollera din lott nu!\",\"breadcrumb\":{\"@id\":\"https:\/\/lottohoy.com\/sv\/lotteri-resultat\/eurojackpot-resultat\/#breadcrumb\"},\"inLanguage\":\"sv-SE\",\"potentialAction\":[{\"@type\":\"ReadAction\",\"target\":[\"https:\/\/lottohoy.com\/sv\/lotteri-resultat\/eurojackpot-resultat\/\"]}]},{\"@type\":\"BreadcrumbList\",\"@id\":\"https:\/\/lottohoy.com\/sv\/lotteri-resultat\/eurojackpot-resultat\/#breadcrumb\",\"itemListElement\":[{\"@type\":\"ListItem\",\"position\":1,\"name\":\"Home\",\"item\":\"https:\/\/lottohoy.com\/sv\/\"},{\"@type\":\"ListItem\",\"position\":2,\"name\":\"Lotteri resultat\",\"item\":\"https:\/\/lottohoy.com\/sv\/lotteri-resultat\/\"},{\"@type\":\"ListItem\",\"position\":3,\"name\":\"Eurojackpot-resultat\"}]},{\"@type\":\"WebSite\",\"@id\":\"https:\/\/lottohoy.com\/sv\/#website\",\"url\":\"https:\/\/lottohoy.com\/sv\/\",\"name\":\"Lottohoy\",\"description\":\"\",\"potentialAction\":[{\"@type\":\"SearchAction\",\"target\":{\"@type\":\"EntryPoint\",\"urlTemplate\":\"https:\/\/lottohoy.com\/sv\/?s={search_term_string}\"},\"query-input\":{\"@type\":\"PropertyValueSpecification\",\"valueRequired\":true,\"valueName\":\"search_term_string\"}}],\"inLanguage\":\"sv-SE\"}]}<\/script>\n<!-- \/ Yoast SEO plugin. -->","yoast_head_json":{"title":"\u25b7 Senaste Eurojackpot-resultat | Eurojackpot-resultat idag","description":"Kontrollera de senaste resultaten fr\u00e5n Eurojackpot . Du kan ocks\u00e5 kontrollera den ackumulerade jackpotten, vinnare och priser f\u00f6r varje kategori. Kontrollera din lott nu!","robots":{"index":"index","follow":"follow","max-snippet":"max-snippet:-1","max-image-preview":"max-image-preview:large","max-video-preview":"max-video-preview:-1"},"canonical":"https:\/\/lottohoy.com\/sv\/lotteri-resultat\/eurojackpot-resultat\/","og_locale":"sv_SE","og_type":"article","og_title":"\u25b7 Senaste Eurojackpot-resultat | Eurojackpot-resultat idag","og_description":"Kontrollera de senaste resultaten fr\u00e5n Eurojackpot . Du kan ocks\u00e5 kontrollera den ackumulerade jackpotten, vinnare och priser f\u00f6r varje kategori. Kontrollera din lott nu!","og_url":"https:\/\/lottohoy.com\/sv\/lotteri-resultat\/eurojackpot-resultat\/","og_site_name":"Lottohoy","twitter_card":"summary_large_image","twitter_misc":{"Ber\u00e4knad l\u00e4stid":"3 minuter"},"schema":{"@context":"https:\/\/schema.org","@graph":[{"@type":"WebPage","@id":"https:\/\/lottohoy.com\/sv\/lotteri-resultat\/eurojackpot-resultat\/","url":"https:\/\/lottohoy.com\/sv\/lotteri-resultat\/eurojackpot-resultat\/","name":"\u25b7 Senaste Eurojackpot-resultat | Eurojackpot-resultat idag","isPartOf":{"@id":"https:\/\/lottohoy.com\/sv\/#website"},"datePublished":"2018-05-03T13:23:37+00:00","dateModified":"2018-05-03T13:23:37+00:00","description":"Kontrollera de senaste resultaten fr\u00e5n Eurojackpot . Du kan ocks\u00e5 kontrollera den ackumulerade jackpotten, vinnare och priser f\u00f6r varje kategori. Kontrollera din lott nu!","breadcrumb":{"@id":"https:\/\/lottohoy.com\/sv\/lotteri-resultat\/eurojackpot-resultat\/#breadcrumb"},"inLanguage":"sv-SE","potentialAction":[{"@type":"ReadAction","target":["https:\/\/lottohoy.com\/sv\/lotteri-resultat\/eurojackpot-resultat\/"]}]},{"@type":"BreadcrumbList","@id":"https:\/\/lottohoy.com\/sv\/lotteri-resultat\/eurojackpot-resultat\/#breadcrumb","itemListElement":[{"@type":"ListItem","position":1,"name":"Home","item":"https:\/\/lottohoy.com\/sv\/"},{"@type":"ListItem","position":2,"name":"Lotteri resultat","item":"https:\/\/lottohoy.com\/sv\/lotteri-resultat\/"},{"@type":"ListItem","position":3,"name":"Eurojackpot-resultat"}]},{"@type":"WebSite","@id":"https:\/\/lottohoy.com\/sv\/#website","url":"https:\/\/lottohoy.com\/sv\/","name":"Lottohoy","description":"","potentialAction":[{"@type":"SearchAction","target":{"@type":"EntryPoint","urlTemplate":"https:\/\/lottohoy.com\/sv\/?s={search_term_string}"},"query-input":{"@type":"PropertyValueSpecification","valueRequired":true,"valueName":"search_term_string"}}],"inLanguage":"sv-SE"}]}},"_links":{"self":[{"href":"https:\/\/lottohoy.com\/sv\/wp-json\/wp\/v2\/pages\/16936","targetHints":{"allow":["GET"]}}],"collection":[{"href":"https:\/\/lottohoy.com\/sv\/wp-json\/wp\/v2\/pages"}],"about":[{"href":"https:\/\/lottohoy.com\/sv\/wp-json\/wp\/v2\/types\/page"}],"author":[{"embeddable":true,"href":"https:\/\/lottohoy.com\/sv\/wp-json\/wp\/v2\/users\/2"}],"replies":[{"embeddable":true,"href":"https:\/\/lottohoy.com\/sv\/wp-json\/wp\/v2\/comments?post=16936"}],"version-history":[{"count":0,"href":"https:\/\/lottohoy.com\/sv\/wp-json\/wp\/v2\/pages\/16936\/revisions"}],"up":[{"embeddable":true,"href":"https:\/\/lottohoy.com\/sv\/wp-json\/wp\/v2\/pages\/16892"}],"wp:attachment":[{"href":"https:\/\/lottohoy.com\/sv\/wp-json\/wp\/v2\/media?parent=16936"}],"curies":[{"name":"wp","href":"https:\/\/api.w.org\/{rel}","templated":true}]}}