{"id":16923,"date":"2018-05-03T14:23:37","date_gmt":"2018-05-03T13:23:37","guid":{"rendered":"https:\/\/lottohoy.com\/lotteri-resultat\/euromillions-resultat\/"},"modified":"2018-05-03T14:23:37","modified_gmt":"2018-05-03T13:23:37","slug":"euromillions-resultat","status":"publish","type":"page","link":"https:\/\/lottohoy.com\/sv\/lotteri-resultat\/euromillions-resultat\/","title":{"rendered":"EuroMillions resultat"},"content":{"rendered":"<h2>Kontrollera EuroMillions-resultaten<\/h2>\n<p>Att kontrollera <strong>euromillioner<\/strong>, det r\u00e4cker att j\u00e4mf\u00f6ra siffrorna f\u00f6r kombinationen som visas p\u00e5 din biljett med resultatet som visas p\u00e5 denna sida. Det \u00e4r tillr\u00e5dligt att kontrollera EuroMillions-biljetten flera g\u00e5nger f\u00f6r att ha fullst\u00e4ndig s\u00e4kerhet, innan du kastar bort biljetten eller biljetterna.<\/p>\n<p>Du kan ocks\u00e5 kontrollera de <a href=\"https:\/\/lottohoy.com\/jackpots\/\"><strong>jackpottar som ackumuleras idag<\/strong><\/a>, vinnarna och prisf\u00f6rdelningen f\u00f6r var och en av kategorierna och de tidigare dragningarna s\u00e5 l\u00e5ngt tillbaka som 24 m\u00e5nader.<\/p>\n<h3>F\u00f6rdelen med att kontrollera Euromillions i LottoHoy<\/h3>\n<p>Efter att ha <a href=\"https:\/\/lottohoy.com\/signup\/\"><strong>skapat ett anv\u00e4ndarkonto<\/strong><\/a> i v\u00e5r plattform, du kommer att ha exakt information om de positiva resultat som har producerats i var och en av dina <strong>lotterispel<\/strong>.<\/p>\n<p>I h\u00e4ndelse av att vinna ett pris i de <a href=\"https:\/\/lottohoy.com\/play\/euromillions\/\"><strong>olika EuroMillions-kategorierna<\/strong><\/a>, de vinnande siffrorna och beloppet f\u00f6r din vinst \u00e5terspeglas automatiskt i klientzonens anv\u00e4ndarkonto, blir tillg\u00e4nglig fr\u00e5n det \u00f6gonblicket.<\/p>\n<h2>Euromillions prisutdelning<\/h2>\n<p>Denna tabell visar den vinnande kombinationen av den <strong>senaste Euromillions-dragningen<\/strong> och prisf\u00f6rdelningen som motsvarar var och en av 13 kategorier.<\/p>\n<p>Tabellen visar oss kombinationen av siffror och lyckliga stj\u00e4rnor som m\u00e5ste gissas r\u00e4tt f\u00f6r att vinna toppriset och resten av kategorierna, <strong>vinnarna<\/strong> som har varit i var och en av kategorierna, och <strong>priset<\/strong> i euro (\u20ac) som motsvarar varje vinnare.<\/p>\n<h2>Vinner du med 2 siffror p\u00e5 Euromillions?<\/h2>\n<p>Ja, med 2 siffror f\u00e5r du priset i den l\u00e4gsta kategorin. Totalt finns det 13 priskategorier.<\/p>\n<h2>Tidigare resultat fr\u00e5n Euromillions<\/h2>\n<p>P\u00e5 samma sida, vi har m\u00f6jlighet att komma \u00e5t resultaten fr\u00e5n <strong>tidigare Euromillions-dragningar<\/strong> f\u00f6r att se inte bara de vinnande kombinationerna utan ocks\u00e5 f\u00f6rdelningarna f\u00f6r varje prisniv\u00e5.<\/p>\n<p>I den \u00f6vre h\u00f6gra delen av denna sida, \u00e4r kalenderfunktionen. Med det, vi kan navigera till tidigare resultat en efter en eller v\u00e4lja i en lista det specifika datum som vi vill konsultera.<\/p>\n<p>F\u00f6r varje datum, vi kan se den vinnande kombinationen, vinnarna och de priser som var och en av dem fick.<\/p>\n<h2>St\u00f6rre Euromillions-priser och jackpottar<\/h2>\n<p><a href=\"https:\/\/lottohoy.com\/the-biggest-prizes-in-euromillions-history\/\"><strong>Euromillions jackpottar<\/strong><\/a> \u00e4r v\u00e4rldsber\u00f6mda. Den minsta garanterade jackpotten f\u00f6r toppvinnare \u00e4r <strong>\u20ac <\/strong>17,000,000 (17 miljoner euro). Varje g\u00e5ng n\u00e5gon vinner jackpotten , det b\u00f6rjar om igen.<\/p>\n<p>Om det inte finns n\u00e5gra vinnare i f\u00f6rsta kategorin, jackpotten rullar \u00f6ver i varje dragning upp till h\u00f6gst <strong>190 000 000 euro<\/strong> (fr\u00e5n och med den<sup>1<\/sup> februari 2020 kommer det beloppet att vara <strong>200 000 000 euro<\/strong>). N\u00e4r detta belopp har uppn\u00e5tts, jackpotten kommer att h\u00e5llas i fyra dragningar, och om det inte finns n\u00e5gon vinnare av denna kategori i n\u00e5gon av dessa dragningar, fr\u00e5n n\u00e4sta, priset kommer att delas ut med vinnarna i kategorin omedelbart nedan, dvs. fem nummer och en stj\u00e4rna.<\/p>\n<p>En annan viktig f\u00f6r\u00e4ndring som kommer att ha i Euromillions jackpot fr\u00e5n februari 2020 \u00e4r att n\u00e4r priset p\u00e5 <strong>200 miljoner<\/strong> har getts till den f\u00f6rsta kategorivinnaren eller att detta pris har delats ut bland vinnarna i n\u00e4sta kategori, beloppet f\u00f6r priset kommer att \u00f6kas med \u20ac <strong>10,000,000<\/strong> f\u00f6r framtida dragningar, s\u00e5 att det h\u00f6gsta m\u00f6jliga priset att n\u00e5 kommer att vara <strong>\u20ac 210,00,000<\/strong>. V\u00e4rdet p\u00e5 jackpotten kommer att \u00f6ka med ytterligare <strong>\u20ac 10.000.000<\/strong> f\u00f6r att n\u00e5 maximalt <strong>\u20ac 250.000.000<\/strong> som planeras av organisationen som \u00e4r den st\u00f6rsta lotterijackpotten i Europa.<\/p>\n<p>Euromillions \u00e4r k\u00e4nd som den europeiska miljon\u00e4rtillverkaren, som varje tisdag och fredag, ger bort miljontals euro.<\/p>\n<p>Och nu, pl\u00e4tering online Euromillions har blivit det enklaste s\u00e4ttet att uppn\u00e5 en omedelbar vinst genom att v\u00e4lja dina hotpicks. Spelare fr\u00e5n hela v\u00e4rlden, fr\u00e5n Sverige, Finland, Spanien, Colombia, Sydafrikaner kan spela och vinna kv\u00e4llens Euromillions-dragning.<\/p>\n","protected":false},"excerpt":{"rendered":"<p>Kontrollera EuroMillions-resultaten Att kontrollera euromillioner, det r\u00e4cker att j\u00e4mf\u00f6ra siffrorna f\u00f6r kombinationen som visas p\u00e5 din biljett med resultatet som visas p\u00e5 denna sida. Det \u00e4r tillr\u00e5dligt att kontrollera EuroMillions-biljetten flera g\u00e5nger f\u00f6r att ha fullst\u00e4ndig s\u00e4kerhet, innan du kastar bort biljetten eller biljetterna. Du kan ocks\u00e5 kontrollera de jackpottar som ackumuleras idag, vinnarna och [&hellip;]<\/p>\n","protected":false},"author":2,"featured_media":0,"parent":16892,"menu_order":3,"comment_status":"closed","ping_status":"closed","template":"euromillions-results.php","meta":{"_et_pb_use_builder":"","_et_pb_old_content":"","_et_gb_content_width":"","exclude_from_search":false,"footnotes":""},"class_list":["post-16923","page","type-page","status-publish","hentry"],"yoast_head":"<!-- This site is optimized with the Yoast SEO plugin v23.7 - https:\/\/yoast.com\/wordpress\/plugins\/seo\/ -->\n<title>Euromillions resultat \u25b7 Euromillions prislista<\/title>\n<meta name=\"description\" content=\"Ta reda p\u00e5 om du \u00e4r vinnaren av den senaste Euromillions-jackpotten. F\u00e5 din biljett online nu i v\u00e5r s\u00e4kra och snabba plattform.\" \/>\n<meta name=\"robots\" content=\"index, follow, max-snippet:-1, max-image-preview:large, max-video-preview:-1\" \/>\n<link rel=\"canonical\" href=\"https:\/\/lottohoy.com\/sv\/lotteri-resultat\/euromillions-resultat\/\" \/>\n<meta property=\"og:locale\" content=\"sv_SE\" \/>\n<meta property=\"og:type\" content=\"article\" \/>\n<meta property=\"og:title\" content=\"Euromillions resultat \u25b7 Euromillions prislista\" \/>\n<meta property=\"og:description\" content=\"Ta reda p\u00e5 om du \u00e4r vinnaren av den senaste Euromillions-jackpotten. F\u00e5 din biljett online nu i v\u00e5r s\u00e4kra och snabba plattform.\" \/>\n<meta property=\"og:url\" content=\"https:\/\/lottohoy.com\/sv\/lotteri-resultat\/euromillions-resultat\/\" \/>\n<meta property=\"og:site_name\" content=\"Lottohoy\" \/>\n<meta name=\"twitter:card\" content=\"summary_large_image\" \/>\n<meta name=\"twitter:label1\" content=\"Ber\u00e4knad l\u00e4stid\" \/>\n\t<meta name=\"twitter:data1\" content=\"3 minuter\" \/>\n<script type=\"application\/ld+json\" class=\"yoast-schema-graph\">{\"@context\":\"https:\/\/schema.org\",\"@graph\":[{\"@type\":\"WebPage\",\"@id\":\"https:\/\/lottohoy.com\/sv\/lotteri-resultat\/euromillions-resultat\/\",\"url\":\"https:\/\/lottohoy.com\/sv\/lotteri-resultat\/euromillions-resultat\/\",\"name\":\"Euromillions resultat \u25b7 Euromillions prislista\",\"isPartOf\":{\"@id\":\"https:\/\/lottohoy.com\/sv\/#website\"},\"datePublished\":\"2018-05-03T13:23:37+00:00\",\"dateModified\":\"2018-05-03T13:23:37+00:00\",\"description\":\"Ta reda p\u00e5 om du \u00e4r vinnaren av den senaste Euromillions-jackpotten. F\u00e5 din biljett online nu i v\u00e5r s\u00e4kra och snabba plattform.\",\"breadcrumb\":{\"@id\":\"https:\/\/lottohoy.com\/sv\/lotteri-resultat\/euromillions-resultat\/#breadcrumb\"},\"inLanguage\":\"sv-SE\",\"potentialAction\":[{\"@type\":\"ReadAction\",\"target\":[\"https:\/\/lottohoy.com\/sv\/lotteri-resultat\/euromillions-resultat\/\"]}]},{\"@type\":\"BreadcrumbList\",\"@id\":\"https:\/\/lottohoy.com\/sv\/lotteri-resultat\/euromillions-resultat\/#breadcrumb\",\"itemListElement\":[{\"@type\":\"ListItem\",\"position\":1,\"name\":\"Home\",\"item\":\"https:\/\/lottohoy.com\/sv\/\"},{\"@type\":\"ListItem\",\"position\":2,\"name\":\"Lotteri resultat\",\"item\":\"https:\/\/lottohoy.com\/sv\/lotteri-resultat\/\"},{\"@type\":\"ListItem\",\"position\":3,\"name\":\"EuroMillions resultat\"}]},{\"@type\":\"WebSite\",\"@id\":\"https:\/\/lottohoy.com\/sv\/#website\",\"url\":\"https:\/\/lottohoy.com\/sv\/\",\"name\":\"Lottohoy\",\"description\":\"\",\"potentialAction\":[{\"@type\":\"SearchAction\",\"target\":{\"@type\":\"EntryPoint\",\"urlTemplate\":\"https:\/\/lottohoy.com\/sv\/?s={search_term_string}\"},\"query-input\":{\"@type\":\"PropertyValueSpecification\",\"valueRequired\":true,\"valueName\":\"search_term_string\"}}],\"inLanguage\":\"sv-SE\"}]}<\/script>\n<!-- \/ Yoast SEO plugin. -->","yoast_head_json":{"title":"Euromillions resultat \u25b7 Euromillions prislista","description":"Ta reda p\u00e5 om du \u00e4r vinnaren av den senaste Euromillions-jackpotten. F\u00e5 din biljett online nu i v\u00e5r s\u00e4kra och snabba plattform.","robots":{"index":"index","follow":"follow","max-snippet":"max-snippet:-1","max-image-preview":"max-image-preview:large","max-video-preview":"max-video-preview:-1"},"canonical":"https:\/\/lottohoy.com\/sv\/lotteri-resultat\/euromillions-resultat\/","og_locale":"sv_SE","og_type":"article","og_title":"Euromillions resultat \u25b7 Euromillions prislista","og_description":"Ta reda p\u00e5 om du \u00e4r vinnaren av den senaste Euromillions-jackpotten. F\u00e5 din biljett online nu i v\u00e5r s\u00e4kra och snabba plattform.","og_url":"https:\/\/lottohoy.com\/sv\/lotteri-resultat\/euromillions-resultat\/","og_site_name":"Lottohoy","twitter_card":"summary_large_image","twitter_misc":{"Ber\u00e4knad l\u00e4stid":"3 minuter"},"schema":{"@context":"https:\/\/schema.org","@graph":[{"@type":"WebPage","@id":"https:\/\/lottohoy.com\/sv\/lotteri-resultat\/euromillions-resultat\/","url":"https:\/\/lottohoy.com\/sv\/lotteri-resultat\/euromillions-resultat\/","name":"Euromillions resultat \u25b7 Euromillions prislista","isPartOf":{"@id":"https:\/\/lottohoy.com\/sv\/#website"},"datePublished":"2018-05-03T13:23:37+00:00","dateModified":"2018-05-03T13:23:37+00:00","description":"Ta reda p\u00e5 om du \u00e4r vinnaren av den senaste Euromillions-jackpotten. F\u00e5 din biljett online nu i v\u00e5r s\u00e4kra och snabba plattform.","breadcrumb":{"@id":"https:\/\/lottohoy.com\/sv\/lotteri-resultat\/euromillions-resultat\/#breadcrumb"},"inLanguage":"sv-SE","potentialAction":[{"@type":"ReadAction","target":["https:\/\/lottohoy.com\/sv\/lotteri-resultat\/euromillions-resultat\/"]}]},{"@type":"BreadcrumbList","@id":"https:\/\/lottohoy.com\/sv\/lotteri-resultat\/euromillions-resultat\/#breadcrumb","itemListElement":[{"@type":"ListItem","position":1,"name":"Home","item":"https:\/\/lottohoy.com\/sv\/"},{"@type":"ListItem","position":2,"name":"Lotteri resultat","item":"https:\/\/lottohoy.com\/sv\/lotteri-resultat\/"},{"@type":"ListItem","position":3,"name":"EuroMillions resultat"}]},{"@type":"WebSite","@id":"https:\/\/lottohoy.com\/sv\/#website","url":"https:\/\/lottohoy.com\/sv\/","name":"Lottohoy","description":"","potentialAction":[{"@type":"SearchAction","target":{"@type":"EntryPoint","urlTemplate":"https:\/\/lottohoy.com\/sv\/?s={search_term_string}"},"query-input":{"@type":"PropertyValueSpecification","valueRequired":true,"valueName":"search_term_string"}}],"inLanguage":"sv-SE"}]}},"_links":{"self":[{"href":"https:\/\/lottohoy.com\/sv\/wp-json\/wp\/v2\/pages\/16923","targetHints":{"allow":["GET"]}}],"collection":[{"href":"https:\/\/lottohoy.com\/sv\/wp-json\/wp\/v2\/pages"}],"about":[{"href":"https:\/\/lottohoy.com\/sv\/wp-json\/wp\/v2\/types\/page"}],"author":[{"embeddable":true,"href":"https:\/\/lottohoy.com\/sv\/wp-json\/wp\/v2\/users\/2"}],"replies":[{"embeddable":true,"href":"https:\/\/lottohoy.com\/sv\/wp-json\/wp\/v2\/comments?post=16923"}],"version-history":[{"count":0,"href":"https:\/\/lottohoy.com\/sv\/wp-json\/wp\/v2\/pages\/16923\/revisions"}],"up":[{"embeddable":true,"href":"https:\/\/lottohoy.com\/sv\/wp-json\/wp\/v2\/pages\/16892"}],"wp:attachment":[{"href":"https:\/\/lottohoy.com\/sv\/wp-json\/wp\/v2\/media?parent=16923"}],"curies":[{"name":"wp","href":"https:\/\/api.w.org\/{rel}","templated":true}]}}