{"id":16919,"date":"2018-05-03T14:23:38","date_gmt":"2018-05-03T13:23:38","guid":{"rendered":"https:\/\/lottohoy.com\/lotteri-resultat\/mega-millions-resultat\/"},"modified":"2025-05-27T20:09:57","modified_gmt":"2025-05-27T19:09:57","slug":"mega-millions-resultat","status":"publish","type":"page","link":"https:\/\/lottohoy.com\/sv\/lotteri-resultat\/mega-millions-resultat\/","title":{"rendered":"Mega Millions resultat"},"content":{"rendered":"<h1 data-start=\"143\" data-end=\"181\"><strong data-start=\"145\" data-end=\"181\">Dagens resultat f\u00f6r MegaMillions<\/strong><\/h1>\n<p data-start=\"183\" data-end=\"399\">H\u00e4r kan du se de senaste uppdaterade resultaten fr\u00e5n <strong data-start=\"236\" data-end=\"252\">MegaMillions<\/strong>-lotteriets dragning. Om de matchar din valda kombination \u2013 grattis! Du kanske vinner en fin summa eller till och med blir n\u00e4sta multimiljon\u00e4r.<\/p>\n<p data-start=\"401\" data-end=\"551\">Du kan ocks\u00e5 granska resultaten fr\u00e5n tidigare dragningar i arkivet f\u00f6r att hj\u00e4lpa dig planera din strategi och spela dina <a href=\"https:\/\/lottohoy.com\/sv\/spela\/spela-mega-millions\/\"><strong data-start=\"525\" data-end=\"541\">MegaMillions<\/strong>-kuponger<\/a>.<\/p>\n<h2 data-start=\"558\" data-end=\"596\"><strong data-start=\"561\" data-end=\"596\">Alla resultat fr\u00e5n MegaMillions<\/strong><\/h2>\n<p data-start=\"598\" data-end=\"715\">P\u00e5 den h\u00e4r sidan kan du kontrollera alla tidigare dragningar och vinstf\u00f6rdelningen f\u00f6r <strong data-start=\"687\" data-end=\"704\">MEGA MILLIONS<\/strong>-lotteriet.<\/p>\n<p data-start=\"717\" data-end=\"896\">Om du g\u00e5r till det \u00f6vre h\u00f6gra h\u00f6rnet av sidan ser du det <strong data-start=\"776\" data-end=\"795\">kalenderverktyg<\/strong> vi har utvecklat, s\u00e5 att du kan v\u00e4lja det datum du vill kontrollera \u2013 inklusive specialdragningar.<\/p>\n<p data-start=\"947\" data-end=\"1133\"><strong data-start=\"947\" data-end=\"963\">V\u00e4nsterpilen<\/strong> l\u00e5ter dig g\u00e5 till den omedelbart f\u00f6reg\u00e5ende dragningen, och <strong data-start=\"1026\" data-end=\"1055\">mittf\u00e4ltet med ned\u00e5tpilen<\/strong> \u00f6ppnar en rullgardinsmeny med alla dragningar fr\u00e5n de senaste 20 m\u00e5naderna.<\/p>\n<p data-start=\"1135\" data-end=\"1311\">Om du vill bli en av de n\u00e4sta vinnarna av dessa <a href=\"https:\/\/lottohoy.com\/sv\/lotterijackpottar\/\">enorma jackpottar<\/a>, <a href=\"https:\/\/lottohoy.com\/sv\/registrering\/\"><strong data-start=\"1204\" data-end=\"1237\">registrera dig nu p\u00e5 LottoHoy<\/strong><\/a> och v\u00e4lj dina favoritnummer. <strong data-start=\"1269\" data-end=\"1311\">Spela Mega Millions! Vad v\u00e4ntar du p\u00e5?<\/strong><\/p>\n","protected":false},"excerpt":{"rendered":"<p>Dagens resultat f\u00f6r MegaMillions H\u00e4r kan du se de senaste uppdaterade resultaten fr\u00e5n MegaMillions-lotteriets dragning. Om de matchar din valda kombination \u2013 grattis! Du kanske vinner en fin summa eller till och med blir n\u00e4sta multimiljon\u00e4r. Du kan ocks\u00e5 granska resultaten fr\u00e5n tidigare dragningar i arkivet f\u00f6r att hj\u00e4lpa dig planera din strategi och spela [&hellip;]<\/p>\n","protected":false},"author":2,"featured_media":0,"parent":16892,"menu_order":2,"comment_status":"closed","ping_status":"closed","template":"megamillion-results.php","meta":{"_et_pb_use_builder":"","_et_pb_old_content":"","_et_gb_content_width":"","exclude_from_search":false,"footnotes":""},"class_list":["post-16919","page","type-page","status-publish","hentry"],"yoast_head":"<!-- This site is optimized with the Yoast SEO plugin v23.7 - https:\/\/yoast.com\/wordpress\/plugins\/seo\/ -->\n<title>Mega Millions resultat - LottoHoy<\/title>\n<meta name=\"description\" content=\"Kontrollera resultaten av Mega Millions-lotterier f\u00f6r de senaste 2 \u00e5ren. Skapa din egen strategi med de mest frekventa numren och vinn stort!\" \/>\n<meta name=\"robots\" content=\"index, follow, max-snippet:-1, max-image-preview:large, max-video-preview:-1\" \/>\n<link rel=\"canonical\" href=\"https:\/\/lottohoy.com\/sv\/lotteri-resultat\/mega-millions-resultat\/\" \/>\n<meta property=\"og:locale\" content=\"sv_SE\" \/>\n<meta property=\"og:type\" content=\"article\" \/>\n<meta property=\"og:title\" content=\"Mega Millions resultat - LottoHoy\" \/>\n<meta property=\"og:description\" content=\"Kontrollera resultaten av Mega Millions-lotterier f\u00f6r de senaste 2 \u00e5ren. Skapa din egen strategi med de mest frekventa numren och vinn stort!\" \/>\n<meta property=\"og:url\" content=\"https:\/\/lottohoy.com\/sv\/lotteri-resultat\/mega-millions-resultat\/\" \/>\n<meta property=\"og:site_name\" content=\"Lottohoy\" \/>\n<meta property=\"article:modified_time\" content=\"2025-05-27T19:09:57+00:00\" \/>\n<meta name=\"twitter:card\" content=\"summary_large_image\" \/>\n<meta name=\"twitter:label1\" content=\"Ber\u00e4knad l\u00e4stid\" \/>\n\t<meta name=\"twitter:data1\" content=\"1 minut\" \/>\n<script type=\"application\/ld+json\" class=\"yoast-schema-graph\">{\"@context\":\"https:\/\/schema.org\",\"@graph\":[{\"@type\":\"WebPage\",\"@id\":\"https:\/\/lottohoy.com\/sv\/lotteri-resultat\/mega-millions-resultat\/\",\"url\":\"https:\/\/lottohoy.com\/sv\/lotteri-resultat\/mega-millions-resultat\/\",\"name\":\"Mega Millions resultat - LottoHoy\",\"isPartOf\":{\"@id\":\"https:\/\/lottohoy.com\/sv\/#website\"},\"datePublished\":\"2018-05-03T13:23:38+00:00\",\"dateModified\":\"2025-05-27T19:09:57+00:00\",\"description\":\"Kontrollera resultaten av Mega Millions-lotterier f\u00f6r de senaste 2 \u00e5ren. Skapa din egen strategi med de mest frekventa numren och vinn stort!\",\"breadcrumb\":{\"@id\":\"https:\/\/lottohoy.com\/sv\/lotteri-resultat\/mega-millions-resultat\/#breadcrumb\"},\"inLanguage\":\"sv-SE\",\"potentialAction\":[{\"@type\":\"ReadAction\",\"target\":[\"https:\/\/lottohoy.com\/sv\/lotteri-resultat\/mega-millions-resultat\/\"]}]},{\"@type\":\"BreadcrumbList\",\"@id\":\"https:\/\/lottohoy.com\/sv\/lotteri-resultat\/mega-millions-resultat\/#breadcrumb\",\"itemListElement\":[{\"@type\":\"ListItem\",\"position\":1,\"name\":\"Home\",\"item\":\"https:\/\/lottohoy.com\/sv\/\"},{\"@type\":\"ListItem\",\"position\":2,\"name\":\"Lotteri resultat\",\"item\":\"https:\/\/lottohoy.com\/sv\/lotteri-resultat\/\"},{\"@type\":\"ListItem\",\"position\":3,\"name\":\"Mega Millions resultat\"}]},{\"@type\":\"WebSite\",\"@id\":\"https:\/\/lottohoy.com\/sv\/#website\",\"url\":\"https:\/\/lottohoy.com\/sv\/\",\"name\":\"Lottohoy\",\"description\":\"\",\"potentialAction\":[{\"@type\":\"SearchAction\",\"target\":{\"@type\":\"EntryPoint\",\"urlTemplate\":\"https:\/\/lottohoy.com\/sv\/?s={search_term_string}\"},\"query-input\":{\"@type\":\"PropertyValueSpecification\",\"valueRequired\":true,\"valueName\":\"search_term_string\"}}],\"inLanguage\":\"sv-SE\"}]}<\/script>\n<!-- \/ Yoast SEO plugin. -->","yoast_head_json":{"title":"Mega Millions resultat - LottoHoy","description":"Kontrollera resultaten av Mega Millions-lotterier f\u00f6r de senaste 2 \u00e5ren. Skapa din egen strategi med de mest frekventa numren och vinn stort!","robots":{"index":"index","follow":"follow","max-snippet":"max-snippet:-1","max-image-preview":"max-image-preview:large","max-video-preview":"max-video-preview:-1"},"canonical":"https:\/\/lottohoy.com\/sv\/lotteri-resultat\/mega-millions-resultat\/","og_locale":"sv_SE","og_type":"article","og_title":"Mega Millions resultat - LottoHoy","og_description":"Kontrollera resultaten av Mega Millions-lotterier f\u00f6r de senaste 2 \u00e5ren. Skapa din egen strategi med de mest frekventa numren och vinn stort!","og_url":"https:\/\/lottohoy.com\/sv\/lotteri-resultat\/mega-millions-resultat\/","og_site_name":"Lottohoy","article_modified_time":"2025-05-27T19:09:57+00:00","twitter_card":"summary_large_image","twitter_misc":{"Ber\u00e4knad l\u00e4stid":"1 minut"},"schema":{"@context":"https:\/\/schema.org","@graph":[{"@type":"WebPage","@id":"https:\/\/lottohoy.com\/sv\/lotteri-resultat\/mega-millions-resultat\/","url":"https:\/\/lottohoy.com\/sv\/lotteri-resultat\/mega-millions-resultat\/","name":"Mega Millions resultat - LottoHoy","isPartOf":{"@id":"https:\/\/lottohoy.com\/sv\/#website"},"datePublished":"2018-05-03T13:23:38+00:00","dateModified":"2025-05-27T19:09:57+00:00","description":"Kontrollera resultaten av Mega Millions-lotterier f\u00f6r de senaste 2 \u00e5ren. Skapa din egen strategi med de mest frekventa numren och vinn stort!","breadcrumb":{"@id":"https:\/\/lottohoy.com\/sv\/lotteri-resultat\/mega-millions-resultat\/#breadcrumb"},"inLanguage":"sv-SE","potentialAction":[{"@type":"ReadAction","target":["https:\/\/lottohoy.com\/sv\/lotteri-resultat\/mega-millions-resultat\/"]}]},{"@type":"BreadcrumbList","@id":"https:\/\/lottohoy.com\/sv\/lotteri-resultat\/mega-millions-resultat\/#breadcrumb","itemListElement":[{"@type":"ListItem","position":1,"name":"Home","item":"https:\/\/lottohoy.com\/sv\/"},{"@type":"ListItem","position":2,"name":"Lotteri resultat","item":"https:\/\/lottohoy.com\/sv\/lotteri-resultat\/"},{"@type":"ListItem","position":3,"name":"Mega Millions resultat"}]},{"@type":"WebSite","@id":"https:\/\/lottohoy.com\/sv\/#website","url":"https:\/\/lottohoy.com\/sv\/","name":"Lottohoy","description":"","potentialAction":[{"@type":"SearchAction","target":{"@type":"EntryPoint","urlTemplate":"https:\/\/lottohoy.com\/sv\/?s={search_term_string}"},"query-input":{"@type":"PropertyValueSpecification","valueRequired":true,"valueName":"search_term_string"}}],"inLanguage":"sv-SE"}]}},"_links":{"self":[{"href":"https:\/\/lottohoy.com\/sv\/wp-json\/wp\/v2\/pages\/16919","targetHints":{"allow":["GET"]}}],"collection":[{"href":"https:\/\/lottohoy.com\/sv\/wp-json\/wp\/v2\/pages"}],"about":[{"href":"https:\/\/lottohoy.com\/sv\/wp-json\/wp\/v2\/types\/page"}],"author":[{"embeddable":true,"href":"https:\/\/lottohoy.com\/sv\/wp-json\/wp\/v2\/users\/2"}],"replies":[{"embeddable":true,"href":"https:\/\/lottohoy.com\/sv\/wp-json\/wp\/v2\/comments?post=16919"}],"version-history":[{"count":2,"href":"https:\/\/lottohoy.com\/sv\/wp-json\/wp\/v2\/pages\/16919\/revisions"}],"predecessor-version":[{"id":19973,"href":"https:\/\/lottohoy.com\/sv\/wp-json\/wp\/v2\/pages\/16919\/revisions\/19973"}],"up":[{"embeddable":true,"href":"https:\/\/lottohoy.com\/sv\/wp-json\/wp\/v2\/pages\/16892"}],"wp:attachment":[{"href":"https:\/\/lottohoy.com\/sv\/wp-json\/wp\/v2\/media?parent=16919"}],"curies":[{"name":"wp","href":"https:\/\/api.w.org\/{rel}","templated":true}]}}