{"id":16893,"date":"2018-05-03T14:23:39","date_gmt":"2018-05-03T13:23:39","guid":{"rendered":"https:\/\/lottohoy.com\/lotteri-resultat\/powerball-resultat\/"},"modified":"2018-05-03T14:23:39","modified_gmt":"2018-05-03T13:23:39","slug":"powerball-resultat","status":"publish","type":"page","link":"https:\/\/lottohoy.com\/sv\/lotteri-resultat\/powerball-resultat\/","title":{"rendered":"Powerball resultat"},"content":{"rendered":"<h2><strong>Powerball lotto resultat<\/strong><\/h2>\n<p>I f\u00f6reg\u00e5ende tabell kan du se de <strong>vinnande numren<\/strong> i den senaste Powerball-lotteriet, samt de priser som delas ut i varje priskategori och antalet vinnare.<\/p>\n<p>Denna tabell uppdateras automatiskt efter varje dragning, s\u00e5 du kan kontrollera den n\u00e4r du beh\u00f6ver vara uppdaterad med de senaste resultaten, och om du vinner kan du <a href=\"https:\/\/lottohoy.com\/play\/powerball\/\"><b>spela Powerball<\/b><\/a> igen <strong>gratis<\/strong>.<\/p>\n<h2><strong>Tidigare Powerball-dragningar<\/strong><\/h2>\n<p>P\u00e5 den h\u00e4r sidan kan du kontrollera den <strong>senaste vinnande kombinationen<\/strong> och prisutdelningen f\u00f6r de nio kategorierna. Likas\u00e5 kan du se pilarna som l\u00e5ter dig se de <strong>tidigare dragningsresultaten<\/strong>.<\/p>\n<p>Med hj\u00e4lp av denna kalenderfunktion, vi kan se Powerball-resultathistoriken genom att klicka p\u00e5 v\u00e4nsterpil . Om ist\u00e4llet, du f\u00f6redrar att v\u00e4lja ett specifikt dragningsdatum, du kan klicka p\u00e5 den centrala rutan, vilket g\u00f6r att du kan \u00f6ppna en rullgardinsmeny med dragningarna de senaste tv\u00e5 \u00e5ren.<\/p>\n<h3><strong>Mest och minst frekventa nummer i Powerball<\/strong><\/h3>\n<p>De nummer som oftast dras i den vinnande kombinationen har varit: <strong>8, 26, 22, 23, och 36<\/strong> f\u00f6r de vita bollarna i den f\u00f6rsta tabellen av 69. De <strong>9, 6, 21, 24 och 19<\/strong> av de r\u00f6da bollarna i den nedre tabellen av 26 tal.<\/p>\n<p>Genom att anv\u00e4nda dessa nummer kan du \u00f6ka dina totala odds f\u00f6r att vinna en viss ritning.<\/p>\n<p>Tv\u00e4rtom, de siffror som har dykt upp mindre ofta har varit: <strong>15, 51, 37, 47, 12, 4 och 24<\/strong> av de vita bollarna i den f\u00f6rsta tabellen av 69. Och <strong>14, 23, 1, 2 och 16<\/strong> av de r\u00f6da bollarna i Powerball i den nedre rutan av 26.<\/p>\n<h2><strong>De st\u00f6rsta Powerball-jackpottarna<\/strong><\/h2>\n<p>Powerball delar f\u00f6rmodligen ut de <a href=\"https:\/\/lottohoy.com\/the-biggest-jackpot-in-the-history-of-powerball\/\"><b>st\u00f6rsta lotteripriserna i v\u00e4rlden<\/b><\/a> eftersom det alltid b\u00f6rjar fr\u00e5n en f\u00f6rsta minsta jackpot p\u00e5 <strong>$ 40,000,000<\/strong> (en jackpot mycket h\u00f6gre \u00e4n andra lotterier) som \u00f6kar i h\u00e4ndelse av ingen vinnare. Dessutom rullar den \u00f6ver utan kvantitetsgr\u00e4ns.<\/p>\n<p>Den h\u00f6gsta Powerball-vinsten hittills har varit drygt <strong><del>1,500 miljoner dollar<\/del><\/strong><del>, som delades mellan tre unika vinnare<\/del>.<strong>I november 2022, det \u00f6vertr\u00e4ffade den siffran, l\u00e4mnar ett rekord hittills p\u00e5 2,04 miljarder dollar.<\/strong><\/p>\n<p>Om du matchar de fem korrekta siffrorna plus Pwerball-numret och tar hem den annonserade jackpotten, du har tv\u00e5 alternativ: Ta kontantv\u00e4rdet eller de \u00e5rliga betalningarna som fastst\u00e4llts.<\/p>\n","protected":false},"excerpt":{"rendered":"<p>Powerball lotto resultat I f\u00f6reg\u00e5ende tabell kan du se de vinnande numren i den senaste Powerball-lotteriet, samt de priser som delas ut i varje priskategori och antalet vinnare. Denna tabell uppdateras automatiskt efter varje dragning, s\u00e5 du kan kontrollera den n\u00e4r du beh\u00f6ver vara uppdaterad med de senaste resultaten, och om du vinner kan du [&hellip;]<\/p>\n","protected":false},"author":2,"featured_media":0,"parent":16892,"menu_order":1,"comment_status":"closed","ping_status":"closed","template":"powerball-usa-results.php","meta":{"_et_pb_use_builder":"","_et_pb_old_content":"","_et_gb_content_width":"","exclude_from_search":false,"footnotes":""},"class_list":["post-16893","page","type-page","status-publish","hentry"],"yoast_head":"<!-- This site is optimized with the Yoast SEO plugin v23.7 - https:\/\/yoast.com\/wordpress\/plugins\/seo\/ -->\n<title>Powerball-resultat - Senaste vinnande nummer \u2713<\/title>\n<meta name=\"description\" content=\"Kontrollera resultaten av alla Powerball-lotterier, samt priserna per kategori eller antalet vinnare. Skaffa din biljett till n\u00e4sta Powerball-dragning nu!\" \/>\n<meta name=\"robots\" content=\"index, follow, max-snippet:-1, max-image-preview:large, max-video-preview:-1\" \/>\n<link rel=\"canonical\" href=\"https:\/\/lottohoy.com\/sv\/lotteri-resultat\/powerball-resultat\/\" \/>\n<meta property=\"og:locale\" content=\"sv_SE\" \/>\n<meta property=\"og:type\" content=\"article\" \/>\n<meta property=\"og:title\" content=\"Powerball-resultat - Senaste vinnande nummer \u2713\" \/>\n<meta property=\"og:description\" content=\"Kontrollera resultaten av alla Powerball-lotterier, samt priserna per kategori eller antalet vinnare. Skaffa din biljett till n\u00e4sta Powerball-dragning nu!\" \/>\n<meta property=\"og:url\" content=\"https:\/\/lottohoy.com\/sv\/lotteri-resultat\/powerball-resultat\/\" \/>\n<meta property=\"og:site_name\" content=\"Lottohoy\" \/>\n<meta name=\"twitter:card\" content=\"summary_large_image\" \/>\n<meta name=\"twitter:label1\" content=\"Ber\u00e4knad l\u00e4stid\" \/>\n\t<meta name=\"twitter:data1\" content=\"2 minuter\" \/>\n<script type=\"application\/ld+json\" class=\"yoast-schema-graph\">{\"@context\":\"https:\/\/schema.org\",\"@graph\":[{\"@type\":\"WebPage\",\"@id\":\"https:\/\/lottohoy.com\/sv\/lotteri-resultat\/powerball-resultat\/\",\"url\":\"https:\/\/lottohoy.com\/sv\/lotteri-resultat\/powerball-resultat\/\",\"name\":\"Powerball-resultat - Senaste vinnande nummer \u2713\",\"isPartOf\":{\"@id\":\"https:\/\/lottohoy.com\/sv\/#website\"},\"datePublished\":\"2018-05-03T13:23:39+00:00\",\"dateModified\":\"2018-05-03T13:23:39+00:00\",\"description\":\"Kontrollera resultaten av alla Powerball-lotterier, samt priserna per kategori eller antalet vinnare. Skaffa din biljett till n\u00e4sta Powerball-dragning nu!\",\"breadcrumb\":{\"@id\":\"https:\/\/lottohoy.com\/sv\/lotteri-resultat\/powerball-resultat\/#breadcrumb\"},\"inLanguage\":\"sv-SE\",\"potentialAction\":[{\"@type\":\"ReadAction\",\"target\":[\"https:\/\/lottohoy.com\/sv\/lotteri-resultat\/powerball-resultat\/\"]}]},{\"@type\":\"BreadcrumbList\",\"@id\":\"https:\/\/lottohoy.com\/sv\/lotteri-resultat\/powerball-resultat\/#breadcrumb\",\"itemListElement\":[{\"@type\":\"ListItem\",\"position\":1,\"name\":\"Home\",\"item\":\"https:\/\/lottohoy.com\/sv\/\"},{\"@type\":\"ListItem\",\"position\":2,\"name\":\"Lotteri resultat\",\"item\":\"https:\/\/lottohoy.com\/sv\/lotteri-resultat\/\"},{\"@type\":\"ListItem\",\"position\":3,\"name\":\"Powerball resultat\"}]},{\"@type\":\"WebSite\",\"@id\":\"https:\/\/lottohoy.com\/sv\/#website\",\"url\":\"https:\/\/lottohoy.com\/sv\/\",\"name\":\"Lottohoy\",\"description\":\"\",\"potentialAction\":[{\"@type\":\"SearchAction\",\"target\":{\"@type\":\"EntryPoint\",\"urlTemplate\":\"https:\/\/lottohoy.com\/sv\/?s={search_term_string}\"},\"query-input\":{\"@type\":\"PropertyValueSpecification\",\"valueRequired\":true,\"valueName\":\"search_term_string\"}}],\"inLanguage\":\"sv-SE\"}]}<\/script>\n<!-- \/ Yoast SEO plugin. -->","yoast_head_json":{"title":"Powerball-resultat - Senaste vinnande nummer \u2713","description":"Kontrollera resultaten av alla Powerball-lotterier, samt priserna per kategori eller antalet vinnare. Skaffa din biljett till n\u00e4sta Powerball-dragning nu!","robots":{"index":"index","follow":"follow","max-snippet":"max-snippet:-1","max-image-preview":"max-image-preview:large","max-video-preview":"max-video-preview:-1"},"canonical":"https:\/\/lottohoy.com\/sv\/lotteri-resultat\/powerball-resultat\/","og_locale":"sv_SE","og_type":"article","og_title":"Powerball-resultat - Senaste vinnande nummer \u2713","og_description":"Kontrollera resultaten av alla Powerball-lotterier, samt priserna per kategori eller antalet vinnare. Skaffa din biljett till n\u00e4sta Powerball-dragning nu!","og_url":"https:\/\/lottohoy.com\/sv\/lotteri-resultat\/powerball-resultat\/","og_site_name":"Lottohoy","twitter_card":"summary_large_image","twitter_misc":{"Ber\u00e4knad l\u00e4stid":"2 minuter"},"schema":{"@context":"https:\/\/schema.org","@graph":[{"@type":"WebPage","@id":"https:\/\/lottohoy.com\/sv\/lotteri-resultat\/powerball-resultat\/","url":"https:\/\/lottohoy.com\/sv\/lotteri-resultat\/powerball-resultat\/","name":"Powerball-resultat - Senaste vinnande nummer \u2713","isPartOf":{"@id":"https:\/\/lottohoy.com\/sv\/#website"},"datePublished":"2018-05-03T13:23:39+00:00","dateModified":"2018-05-03T13:23:39+00:00","description":"Kontrollera resultaten av alla Powerball-lotterier, samt priserna per kategori eller antalet vinnare. Skaffa din biljett till n\u00e4sta Powerball-dragning nu!","breadcrumb":{"@id":"https:\/\/lottohoy.com\/sv\/lotteri-resultat\/powerball-resultat\/#breadcrumb"},"inLanguage":"sv-SE","potentialAction":[{"@type":"ReadAction","target":["https:\/\/lottohoy.com\/sv\/lotteri-resultat\/powerball-resultat\/"]}]},{"@type":"BreadcrumbList","@id":"https:\/\/lottohoy.com\/sv\/lotteri-resultat\/powerball-resultat\/#breadcrumb","itemListElement":[{"@type":"ListItem","position":1,"name":"Home","item":"https:\/\/lottohoy.com\/sv\/"},{"@type":"ListItem","position":2,"name":"Lotteri resultat","item":"https:\/\/lottohoy.com\/sv\/lotteri-resultat\/"},{"@type":"ListItem","position":3,"name":"Powerball resultat"}]},{"@type":"WebSite","@id":"https:\/\/lottohoy.com\/sv\/#website","url":"https:\/\/lottohoy.com\/sv\/","name":"Lottohoy","description":"","potentialAction":[{"@type":"SearchAction","target":{"@type":"EntryPoint","urlTemplate":"https:\/\/lottohoy.com\/sv\/?s={search_term_string}"},"query-input":{"@type":"PropertyValueSpecification","valueRequired":true,"valueName":"search_term_string"}}],"inLanguage":"sv-SE"}]}},"_links":{"self":[{"href":"https:\/\/lottohoy.com\/sv\/wp-json\/wp\/v2\/pages\/16893","targetHints":{"allow":["GET"]}}],"collection":[{"href":"https:\/\/lottohoy.com\/sv\/wp-json\/wp\/v2\/pages"}],"about":[{"href":"https:\/\/lottohoy.com\/sv\/wp-json\/wp\/v2\/types\/page"}],"author":[{"embeddable":true,"href":"https:\/\/lottohoy.com\/sv\/wp-json\/wp\/v2\/users\/2"}],"replies":[{"embeddable":true,"href":"https:\/\/lottohoy.com\/sv\/wp-json\/wp\/v2\/comments?post=16893"}],"version-history":[{"count":0,"href":"https:\/\/lottohoy.com\/sv\/wp-json\/wp\/v2\/pages\/16893\/revisions"}],"up":[{"embeddable":true,"href":"https:\/\/lottohoy.com\/sv\/wp-json\/wp\/v2\/pages\/16892"}],"wp:attachment":[{"href":"https:\/\/lottohoy.com\/sv\/wp-json\/wp\/v2\/media?parent=16893"}],"curies":[{"name":"wp","href":"https:\/\/api.w.org\/{rel}","templated":true}]}}