{"id":16892,"date":"2018-05-03T14:23:36","date_gmt":"2018-05-03T13:23:36","guid":{"rendered":"https:\/\/lottohoy.com\/lotteri-resultat\/"},"modified":"2018-05-03T14:23:36","modified_gmt":"2018-05-03T13:23:36","slug":"lotteri-resultat","status":"publish","type":"page","link":"https:\/\/lottohoy.com\/sv\/lotteri-resultat\/","title":{"rendered":"Lotteri resultat"},"content":{"rendered":"<p>N\u00e4r dragningarna \u00e4r klara publicerar <a href=\"https:\/\/lottohoy.com\/play\/\"><strong>alla lotteriorganisatorer<\/strong><\/a> det officiella resultatet i media. I vissa fall kan dragningarna till och med f\u00f6ljas live och visas p\u00e5 TV.<\/p>\n<p>P\u00e5 LottoHoy publicerar vi alla vinnande resultat fr\u00e5n lotterioperat\u00f6rerna s\u00e5 snart den officiella dragningen har slutf\u00f6rts, s\u00e5 att alla anv\u00e4ndare kan kontrollera <strong>prisuppdelningen<\/strong>.<\/p>\n<h2>Senaste lotteriresultat<\/h2>\n<p>F\u00f6r att kontrollera lotteriresultaten kan du kontrollera lotteriorganisatorerna i fr\u00e5ga, eller de allm\u00e4nna informationsmedierna (radio och TV, eller press n\u00e4sta dag).<\/p>\n<p>Lyckligtvis f\u00e5r v\u00e5ra plattformsanv\u00e4ndare information om resultaten i sitt konto och det \u00e5terspeglas p\u00e5 webbplatsen. Om du vinner ett pris, beloppet deponeras direkt i anv\u00e4ndarsaldot.<\/p>\n<p>Ocks\u00e5, om du vill kontrollera resultaten f\u00f6r tisdag av n\u00e5got lotteri, USA: s Powerball-resultat, Euromillions, eller f\u00f6r n\u00e5gon annan spelad lottobiljett, du kan kolla det p\u00e5 v\u00e5r webbplats.<\/p>\n<h2>Lotteripriser och prisavdelningar<\/h2>\n<p>Varje lotteri har sin egen reglering och sin egen utdelning av priser. I vissa fall, och med undantag f\u00f6r huvudpriset i den f\u00f6rsta kategorin (den ber\u00e4knade jackpotten), det belopp som tilldelas dessa kategorier best\u00e4ms av procentsatser av insamlingen f\u00f6r den dragningen, och i andra lotterier \u00e4r det ett fast belopp.<\/p>\n<p>Huvudpriset har vanligtvis ett fast garanterat minimibelopp, plus en procentandel av samlingen f\u00f6r den dragningen. P\u00e5 samma s\u00e4tt, vissa lotterier begr\u00e4nsar det maximala beloppet f\u00f6r jackpotten eller det maximala antalet rollovers.<\/p>\n<p>I vissa lotterier, om det inte finns n\u00e5gon vinnare av den f\u00f6rsta kategorin, det belopp som tillhandah\u00e5lls f\u00f6r tilldelningen av den kategorin, delas in i de andra kategorierna<\/p>\n<p>I andra fall, och det \u00e4r h\u00e4r vissa lotterier blir mer lockande, om det inte finns n\u00e5gon vinnare av den f\u00f6rsta kategorin, det beloppet ackumuleras och rullas \u00f6ver till n\u00e4sta dragning, generera ackumulerade jackpottar som n\u00e5r astronomiska belopp f\u00f6r en enda lottovinst.<\/p>\n<p>Det st\u00f6rsta priset hittills gavs i <a href=\"https:\/\/lottohoy.com\/play\/powerball\/\"><strong>Powerball-lotteriet<\/strong><\/a> med ett uppskattat jackpotbelopp <del>p\u00e5 1,5 miljarder dollar<\/del>. I november 2022 \u00f6vertr\u00e4ffade den den siffran och l\u00e4mnade ett rekord hittills p\u00e5 2,04 miljarder dollar.<\/p>\n","protected":false},"excerpt":{"rendered":"<p>N\u00e4r dragningarna \u00e4r klara publicerar alla lotteriorganisatorer det officiella resultatet i media. I vissa fall kan dragningarna till och med f\u00f6ljas live och visas p\u00e5 TV. P\u00e5 LottoHoy publicerar vi alla vinnande resultat fr\u00e5n lotterioperat\u00f6rerna s\u00e5 snart den officiella dragningen har slutf\u00f6rts, s\u00e5 att alla anv\u00e4ndare kan kontrollera prisuppdelningen. Senaste lotteriresultat F\u00f6r att kontrollera lotteriresultaten [&hellip;]<\/p>\n","protected":false},"author":2,"featured_media":0,"parent":0,"menu_order":4,"comment_status":"closed","ping_status":"closed","template":"Results.php","meta":{"_et_pb_use_builder":"","_et_pb_old_content":"","_et_gb_content_width":"","exclude_from_search":false,"footnotes":""},"class_list":["post-16892","page","type-page","status-publish","hentry"],"yoast_head":"<!-- This site is optimized with the Yoast SEO plugin v23.7 - https:\/\/yoast.com\/wordpress\/plugins\/seo\/ -->\n<title>Lotteriresultat - Vinnare och prisuppdelning \u2794<\/title>\n<meta name=\"description\" content=\"Lotteriresultat direkt efter varje dragning. Ta reda p\u00e5 om du \u00e4r vinnaren av Powerball, Mega Millions, Euromillions, UK Lotto och m\u00e5nga fler lotterier!\" \/>\n<meta name=\"robots\" content=\"index, follow, max-snippet:-1, max-image-preview:large, max-video-preview:-1\" \/>\n<link rel=\"canonical\" href=\"https:\/\/lottohoy.com\/sv\/lotteri-resultat\/\" \/>\n<meta property=\"og:locale\" content=\"sv_SE\" \/>\n<meta property=\"og:type\" content=\"article\" \/>\n<meta property=\"og:title\" content=\"Lotteriresultat - Vinnare och prisuppdelning \u2794\" \/>\n<meta property=\"og:description\" content=\"Lotteriresultat direkt efter varje dragning. Ta reda p\u00e5 om du \u00e4r vinnaren av Powerball, Mega Millions, Euromillions, UK Lotto och m\u00e5nga fler lotterier!\" \/>\n<meta property=\"og:url\" content=\"https:\/\/lottohoy.com\/sv\/lotteri-resultat\/\" \/>\n<meta property=\"og:site_name\" content=\"Lottohoy\" \/>\n<meta name=\"twitter:card\" content=\"summary_large_image\" \/>\n<meta name=\"twitter:label1\" content=\"Ber\u00e4knad l\u00e4stid\" \/>\n\t<meta name=\"twitter:data1\" content=\"2 minuter\" \/>\n<script type=\"application\/ld+json\" class=\"yoast-schema-graph\">{\"@context\":\"https:\/\/schema.org\",\"@graph\":[{\"@type\":\"WebPage\",\"@id\":\"https:\/\/lottohoy.com\/sv\/lotteri-resultat\/\",\"url\":\"https:\/\/lottohoy.com\/sv\/lotteri-resultat\/\",\"name\":\"Lotteriresultat - Vinnare och prisuppdelning \u2794\",\"isPartOf\":{\"@id\":\"https:\/\/lottohoy.com\/sv\/#website\"},\"datePublished\":\"2018-05-03T13:23:36+00:00\",\"dateModified\":\"2018-05-03T13:23:36+00:00\",\"description\":\"Lotteriresultat direkt efter varje dragning. Ta reda p\u00e5 om du \u00e4r vinnaren av Powerball, Mega Millions, Euromillions, UK Lotto och m\u00e5nga fler lotterier!\",\"breadcrumb\":{\"@id\":\"https:\/\/lottohoy.com\/sv\/lotteri-resultat\/#breadcrumb\"},\"inLanguage\":\"sv-SE\",\"potentialAction\":[{\"@type\":\"ReadAction\",\"target\":[\"https:\/\/lottohoy.com\/sv\/lotteri-resultat\/\"]}]},{\"@type\":\"BreadcrumbList\",\"@id\":\"https:\/\/lottohoy.com\/sv\/lotteri-resultat\/#breadcrumb\",\"itemListElement\":[{\"@type\":\"ListItem\",\"position\":1,\"name\":\"Home\",\"item\":\"https:\/\/lottohoy.com\/sv\/\"},{\"@type\":\"ListItem\",\"position\":2,\"name\":\"Lotteri resultat\"}]},{\"@type\":\"WebSite\",\"@id\":\"https:\/\/lottohoy.com\/sv\/#website\",\"url\":\"https:\/\/lottohoy.com\/sv\/\",\"name\":\"Lottohoy\",\"description\":\"\",\"potentialAction\":[{\"@type\":\"SearchAction\",\"target\":{\"@type\":\"EntryPoint\",\"urlTemplate\":\"https:\/\/lottohoy.com\/sv\/?s={search_term_string}\"},\"query-input\":{\"@type\":\"PropertyValueSpecification\",\"valueRequired\":true,\"valueName\":\"search_term_string\"}}],\"inLanguage\":\"sv-SE\"}]}<\/script>\n<!-- \/ Yoast SEO plugin. -->","yoast_head_json":{"title":"Lotteriresultat - Vinnare och prisuppdelning \u2794","description":"Lotteriresultat direkt efter varje dragning. Ta reda p\u00e5 om du \u00e4r vinnaren av Powerball, Mega Millions, Euromillions, UK Lotto och m\u00e5nga fler lotterier!","robots":{"index":"index","follow":"follow","max-snippet":"max-snippet:-1","max-image-preview":"max-image-preview:large","max-video-preview":"max-video-preview:-1"},"canonical":"https:\/\/lottohoy.com\/sv\/lotteri-resultat\/","og_locale":"sv_SE","og_type":"article","og_title":"Lotteriresultat - Vinnare och prisuppdelning \u2794","og_description":"Lotteriresultat direkt efter varje dragning. Ta reda p\u00e5 om du \u00e4r vinnaren av Powerball, Mega Millions, Euromillions, UK Lotto och m\u00e5nga fler lotterier!","og_url":"https:\/\/lottohoy.com\/sv\/lotteri-resultat\/","og_site_name":"Lottohoy","twitter_card":"summary_large_image","twitter_misc":{"Ber\u00e4knad l\u00e4stid":"2 minuter"},"schema":{"@context":"https:\/\/schema.org","@graph":[{"@type":"WebPage","@id":"https:\/\/lottohoy.com\/sv\/lotteri-resultat\/","url":"https:\/\/lottohoy.com\/sv\/lotteri-resultat\/","name":"Lotteriresultat - Vinnare och prisuppdelning \u2794","isPartOf":{"@id":"https:\/\/lottohoy.com\/sv\/#website"},"datePublished":"2018-05-03T13:23:36+00:00","dateModified":"2018-05-03T13:23:36+00:00","description":"Lotteriresultat direkt efter varje dragning. Ta reda p\u00e5 om du \u00e4r vinnaren av Powerball, Mega Millions, Euromillions, UK Lotto och m\u00e5nga fler lotterier!","breadcrumb":{"@id":"https:\/\/lottohoy.com\/sv\/lotteri-resultat\/#breadcrumb"},"inLanguage":"sv-SE","potentialAction":[{"@type":"ReadAction","target":["https:\/\/lottohoy.com\/sv\/lotteri-resultat\/"]}]},{"@type":"BreadcrumbList","@id":"https:\/\/lottohoy.com\/sv\/lotteri-resultat\/#breadcrumb","itemListElement":[{"@type":"ListItem","position":1,"name":"Home","item":"https:\/\/lottohoy.com\/sv\/"},{"@type":"ListItem","position":2,"name":"Lotteri resultat"}]},{"@type":"WebSite","@id":"https:\/\/lottohoy.com\/sv\/#website","url":"https:\/\/lottohoy.com\/sv\/","name":"Lottohoy","description":"","potentialAction":[{"@type":"SearchAction","target":{"@type":"EntryPoint","urlTemplate":"https:\/\/lottohoy.com\/sv\/?s={search_term_string}"},"query-input":{"@type":"PropertyValueSpecification","valueRequired":true,"valueName":"search_term_string"}}],"inLanguage":"sv-SE"}]}},"_links":{"self":[{"href":"https:\/\/lottohoy.com\/sv\/wp-json\/wp\/v2\/pages\/16892","targetHints":{"allow":["GET"]}}],"collection":[{"href":"https:\/\/lottohoy.com\/sv\/wp-json\/wp\/v2\/pages"}],"about":[{"href":"https:\/\/lottohoy.com\/sv\/wp-json\/wp\/v2\/types\/page"}],"author":[{"embeddable":true,"href":"https:\/\/lottohoy.com\/sv\/wp-json\/wp\/v2\/users\/2"}],"replies":[{"embeddable":true,"href":"https:\/\/lottohoy.com\/sv\/wp-json\/wp\/v2\/comments?post=16892"}],"version-history":[{"count":0,"href":"https:\/\/lottohoy.com\/sv\/wp-json\/wp\/v2\/pages\/16892\/revisions"}],"wp:attachment":[{"href":"https:\/\/lottohoy.com\/sv\/wp-json\/wp\/v2\/media?parent=16892"}],"curies":[{"name":"wp","href":"https:\/\/api.w.org\/{rel}","templated":true}]}}