{"id":16880,"date":"2018-08-23T10:32:43","date_gmt":"2018-08-23T09:32:43","guid":{"rendered":"https:\/\/lottohoy.com\/faq-om-lotteri-online\/faq-for-lordagslotto\/"},"modified":"2018-08-23T10:32:43","modified_gmt":"2018-08-23T09:32:43","slug":"faq-for-lordagslotto","status":"publish","type":"page","link":"https:\/\/lottohoy.com\/sv\/faq-om-lotteri-online\/faq-for-lordagslotto\/","title":{"rendered":"FAQ f\u00f6r l\u00f6rdagslotto"},"content":{"rendered":"<p>Saturday Lotto \u00e4r ett nationellt lotteri i Australien som lottas ut p\u00e5 l\u00f6rdagskv\u00e4llar. Trots att det \u00e4r ett lotteri av nationell omfattning, det k\u00e4nns igen med olika namn beroende p\u00e5 territoriet d\u00e4r det marknadsf\u00f6rs.<\/p>\n<h2><b>Australiska regler f\u00f6r l\u00f6rdagslotteri<\/b><\/h2>\n<p>Saturday Lotto \u00e4r ett l\u00e4tt att f\u00f6rst\u00e5 och spela lotteri. Spelaren m\u00e5ste helt enkelt v\u00e4lja sex nummer av 45 m\u00f6jlig, motsvarande bollar numrerade fr\u00e5n 1 till 45 inklusive.<\/p>\n<p>Priserna f\u00f6rdelas efter kategorier enligt spelartr\u00e4ffar som visas i den h\u00e4r rutan:<\/p>\n<p>1: a kategorin 6 tr\u00e4ffar<\/p>\n<p>2: a. Kategori 5 tr\u00e4ffar + 1 eller 2 kompletterande bollar<\/p>\n<p>3. kategori 5 tr\u00e4ffar Kategori 5 tr\u00e4ffar<\/p>\n<p>4. kategori Kategori 4 tr\u00e4ffar<\/p>\n<p>5. kategori Kategori 3 tr\u00e4ffar + 1 eller 2 kompletterande bollar <\/p>\n<p>6. Kategori 1 eller 2 tr\u00e4ffar Kategori 1 eller 2 tr\u00e4ffar + de 2 kompletterande bollarna <\/p>\n<p><strong>Vad \u00e4r l\u00f6rdagens Lotto-komplementnummer?<\/strong><\/p>\n<p>F\u00f6rutom de sex bollarna som kommer att utg\u00f6ra kombinationen av vinnande nummer, ytterligare tv\u00e5 bollar som kallas \u201dkompletterande\u201d extraheras.<\/p>\n<p>Dessa extra eller kompletterande bollar p\u00e5verkar inte den h\u00f6gsta priskategorin, men de anv\u00e4nds f\u00f6r att best\u00e4mma andra och femte priskategorierna.<\/p>\n<p>P\u00e5 samma s\u00e4tt kr\u00e4vs dessa kompletterande nummer f\u00f6r att komplettera en eller tv\u00e5 tr\u00e4ffar fr\u00e5n huvudkombinationen, och det kommer att konfigurera den sj\u00e4tte kategorin av priser.<\/p>\n<p><strong>L\u00f6rdag Lotto Jackpot<\/strong><\/p>\n<p>I Saturday Lotto, du kan inte betrakta det f\u00f6rsta kategoripriset som en jackpot som i andra lotterier, eftersom priset \u00e4r f\u00f6rutbest\u00e4mt i f\u00f6rv\u00e4g. Detta pris \u00e4r AUD $ 1.000.000 per vinnare, upp till h\u00f6gst fyra miljoner.<\/p>\n<p>I h\u00e4ndelse av att det finns fler \u00e4n fyra vinnare, detta totala belopp p\u00e5 AUD $ 4.000.000 delas lika mellan alla vinnare.<\/p>\n<p>Eftersom det \u00e4r relativt l\u00e4tt att f\u00e5 sex nummer av 45 \u00e4r det i allm\u00e4nhet mycket vanligt att m\u00e5nga lotterier har flera toppvinnare och att priset delas.<\/p>\n","protected":false},"excerpt":{"rendered":"<p>Saturday Lotto \u00e4r ett nationellt lotteri i Australien som lottas ut p\u00e5 l\u00f6rdagskv\u00e4llar. Trots att det \u00e4r ett lotteri av nationell omfattning, det k\u00e4nns igen med olika namn beroende p\u00e5 territoriet d\u00e4r det marknadsf\u00f6rs. Australiska regler f\u00f6r l\u00f6rdagslotteri Saturday Lotto \u00e4r ett l\u00e4tt att f\u00f6rst\u00e5 och spela lotteri. Spelaren m\u00e5ste helt enkelt v\u00e4lja sex nummer [&hellip;]<\/p>\n","protected":false},"author":2,"featured_media":0,"parent":16742,"menu_order":19,"comment_status":"closed","ping_status":"closed","template":"saturday-lotto-info.php","meta":{"_et_pb_use_builder":"","_et_pb_old_content":"","_et_gb_content_width":"","exclude_from_search":false,"footnotes":""},"class_list":["post-16880","page","type-page","status-publish","hentry"],"yoast_head":"<!-- This site is optimized with the Yoast SEO plugin v23.7 - https:\/\/yoast.com\/wordpress\/plugins\/seo\/ -->\n<title>Saturday Lotto FAQ - Helgens aussie-lotteri<\/title>\n<meta name=\"description\" content=\"Saturday Lotto \u00e4r ett l\u00e4tt att f\u00f6rst\u00e5 och spela spel. Du beh\u00f6ver bara v\u00e4lja 6 siffror av 45 m\u00f6jligt Leanr alla regler och de b\u00e4sta knepen!\" \/>\n<meta name=\"robots\" content=\"index, follow, max-snippet:-1, max-image-preview:large, max-video-preview:-1\" \/>\n<link rel=\"canonical\" href=\"https:\/\/lottohoy.com\/sv\/faq-om-lotteri-online\/faq-for-lordagslotto\/\" \/>\n<meta property=\"og:locale\" content=\"sv_SE\" \/>\n<meta property=\"og:type\" content=\"article\" \/>\n<meta property=\"og:title\" content=\"Saturday Lotto FAQ - Helgens aussie-lotteri\" \/>\n<meta property=\"og:description\" content=\"Saturday Lotto \u00e4r ett l\u00e4tt att f\u00f6rst\u00e5 och spela spel. Du beh\u00f6ver bara v\u00e4lja 6 siffror av 45 m\u00f6jligt Leanr alla regler och de b\u00e4sta knepen!\" \/>\n<meta property=\"og:url\" content=\"https:\/\/lottohoy.com\/sv\/faq-om-lotteri-online\/faq-for-lordagslotto\/\" \/>\n<meta property=\"og:site_name\" content=\"Lottohoy\" \/>\n<meta name=\"twitter:card\" content=\"summary_large_image\" \/>\n<meta name=\"twitter:label1\" content=\"Ber\u00e4knad l\u00e4stid\" \/>\n\t<meta name=\"twitter:data1\" content=\"2 minuter\" \/>\n<script type=\"application\/ld+json\" class=\"yoast-schema-graph\">{\"@context\":\"https:\/\/schema.org\",\"@graph\":[{\"@type\":\"WebPage\",\"@id\":\"https:\/\/lottohoy.com\/sv\/faq-om-lotteri-online\/faq-for-lordagslotto\/\",\"url\":\"https:\/\/lottohoy.com\/sv\/faq-om-lotteri-online\/faq-for-lordagslotto\/\",\"name\":\"Saturday Lotto FAQ - Helgens aussie-lotteri\",\"isPartOf\":{\"@id\":\"https:\/\/lottohoy.com\/sv\/#website\"},\"datePublished\":\"2018-08-23T09:32:43+00:00\",\"dateModified\":\"2018-08-23T09:32:43+00:00\",\"description\":\"Saturday Lotto \u00e4r ett l\u00e4tt att f\u00f6rst\u00e5 och spela spel. Du beh\u00f6ver bara v\u00e4lja 6 siffror av 45 m\u00f6jligt Leanr alla regler och de b\u00e4sta knepen!\",\"breadcrumb\":{\"@id\":\"https:\/\/lottohoy.com\/sv\/faq-om-lotteri-online\/faq-for-lordagslotto\/#breadcrumb\"},\"inLanguage\":\"sv-SE\",\"potentialAction\":[{\"@type\":\"ReadAction\",\"target\":[\"https:\/\/lottohoy.com\/sv\/faq-om-lotteri-online\/faq-for-lordagslotto\/\"]}]},{\"@type\":\"BreadcrumbList\",\"@id\":\"https:\/\/lottohoy.com\/sv\/faq-om-lotteri-online\/faq-for-lordagslotto\/#breadcrumb\",\"itemListElement\":[{\"@type\":\"ListItem\",\"position\":1,\"name\":\"Home\",\"item\":\"https:\/\/lottohoy.com\/sv\/\"},{\"@type\":\"ListItem\",\"position\":2,\"name\":\"FAQ om lotteri online\",\"item\":\"https:\/\/lottohoy.com\/sv\/faq-om-lotteri-online\/\"},{\"@type\":\"ListItem\",\"position\":3,\"name\":\"FAQ f\u00f6r l\u00f6rdagslotto\"}]},{\"@type\":\"WebSite\",\"@id\":\"https:\/\/lottohoy.com\/sv\/#website\",\"url\":\"https:\/\/lottohoy.com\/sv\/\",\"name\":\"Lottohoy\",\"description\":\"\",\"potentialAction\":[{\"@type\":\"SearchAction\",\"target\":{\"@type\":\"EntryPoint\",\"urlTemplate\":\"https:\/\/lottohoy.com\/sv\/?s={search_term_string}\"},\"query-input\":{\"@type\":\"PropertyValueSpecification\",\"valueRequired\":true,\"valueName\":\"search_term_string\"}}],\"inLanguage\":\"sv-SE\"}]}<\/script>\n<!-- \/ Yoast SEO plugin. -->","yoast_head_json":{"title":"Saturday Lotto FAQ - Helgens aussie-lotteri","description":"Saturday Lotto \u00e4r ett l\u00e4tt att f\u00f6rst\u00e5 och spela spel. Du beh\u00f6ver bara v\u00e4lja 6 siffror av 45 m\u00f6jligt Leanr alla regler och de b\u00e4sta knepen!","robots":{"index":"index","follow":"follow","max-snippet":"max-snippet:-1","max-image-preview":"max-image-preview:large","max-video-preview":"max-video-preview:-1"},"canonical":"https:\/\/lottohoy.com\/sv\/faq-om-lotteri-online\/faq-for-lordagslotto\/","og_locale":"sv_SE","og_type":"article","og_title":"Saturday Lotto FAQ - Helgens aussie-lotteri","og_description":"Saturday Lotto \u00e4r ett l\u00e4tt att f\u00f6rst\u00e5 och spela spel. Du beh\u00f6ver bara v\u00e4lja 6 siffror av 45 m\u00f6jligt Leanr alla regler och de b\u00e4sta knepen!","og_url":"https:\/\/lottohoy.com\/sv\/faq-om-lotteri-online\/faq-for-lordagslotto\/","og_site_name":"Lottohoy","twitter_card":"summary_large_image","twitter_misc":{"Ber\u00e4knad l\u00e4stid":"2 minuter"},"schema":{"@context":"https:\/\/schema.org","@graph":[{"@type":"WebPage","@id":"https:\/\/lottohoy.com\/sv\/faq-om-lotteri-online\/faq-for-lordagslotto\/","url":"https:\/\/lottohoy.com\/sv\/faq-om-lotteri-online\/faq-for-lordagslotto\/","name":"Saturday Lotto FAQ - Helgens aussie-lotteri","isPartOf":{"@id":"https:\/\/lottohoy.com\/sv\/#website"},"datePublished":"2018-08-23T09:32:43+00:00","dateModified":"2018-08-23T09:32:43+00:00","description":"Saturday Lotto \u00e4r ett l\u00e4tt att f\u00f6rst\u00e5 och spela spel. Du beh\u00f6ver bara v\u00e4lja 6 siffror av 45 m\u00f6jligt Leanr alla regler och de b\u00e4sta knepen!","breadcrumb":{"@id":"https:\/\/lottohoy.com\/sv\/faq-om-lotteri-online\/faq-for-lordagslotto\/#breadcrumb"},"inLanguage":"sv-SE","potentialAction":[{"@type":"ReadAction","target":["https:\/\/lottohoy.com\/sv\/faq-om-lotteri-online\/faq-for-lordagslotto\/"]}]},{"@type":"BreadcrumbList","@id":"https:\/\/lottohoy.com\/sv\/faq-om-lotteri-online\/faq-for-lordagslotto\/#breadcrumb","itemListElement":[{"@type":"ListItem","position":1,"name":"Home","item":"https:\/\/lottohoy.com\/sv\/"},{"@type":"ListItem","position":2,"name":"FAQ om lotteri online","item":"https:\/\/lottohoy.com\/sv\/faq-om-lotteri-online\/"},{"@type":"ListItem","position":3,"name":"FAQ f\u00f6r l\u00f6rdagslotto"}]},{"@type":"WebSite","@id":"https:\/\/lottohoy.com\/sv\/#website","url":"https:\/\/lottohoy.com\/sv\/","name":"Lottohoy","description":"","potentialAction":[{"@type":"SearchAction","target":{"@type":"EntryPoint","urlTemplate":"https:\/\/lottohoy.com\/sv\/?s={search_term_string}"},"query-input":{"@type":"PropertyValueSpecification","valueRequired":true,"valueName":"search_term_string"}}],"inLanguage":"sv-SE"}]}},"_links":{"self":[{"href":"https:\/\/lottohoy.com\/sv\/wp-json\/wp\/v2\/pages\/16880","targetHints":{"allow":["GET"]}}],"collection":[{"href":"https:\/\/lottohoy.com\/sv\/wp-json\/wp\/v2\/pages"}],"about":[{"href":"https:\/\/lottohoy.com\/sv\/wp-json\/wp\/v2\/types\/page"}],"author":[{"embeddable":true,"href":"https:\/\/lottohoy.com\/sv\/wp-json\/wp\/v2\/users\/2"}],"replies":[{"embeddable":true,"href":"https:\/\/lottohoy.com\/sv\/wp-json\/wp\/v2\/comments?post=16880"}],"version-history":[{"count":0,"href":"https:\/\/lottohoy.com\/sv\/wp-json\/wp\/v2\/pages\/16880\/revisions"}],"up":[{"embeddable":true,"href":"https:\/\/lottohoy.com\/sv\/wp-json\/wp\/v2\/pages\/16742"}],"wp:attachment":[{"href":"https:\/\/lottohoy.com\/sv\/wp-json\/wp\/v2\/media?parent=16880"}],"curies":[{"name":"wp","href":"https:\/\/api.w.org\/{rel}","templated":true}]}}