{"id":16878,"date":"2018-08-21T10:29:37","date_gmt":"2018-08-21T09:29:37","guid":{"rendered":"https:\/\/lottohoy.com\/faq-om-lotteri-online\/vanliga-fragor-om-powerball-au\/"},"modified":"2018-08-21T10:29:37","modified_gmt":"2018-08-21T09:29:37","slug":"vanliga-fragor-om-powerball-au","status":"publish","type":"page","link":"https:\/\/lottohoy.com\/sv\/faq-om-lotteri-online\/vanliga-fragor-om-powerball-au\/","title":{"rendered":"Vanliga fr\u00e5gor om Powerball AU"},"content":{"rendered":"<p>PowerBall AU dyker upp p\u00e5 marknaden den 23 mars 1996. Ursprungligen var spelaren tvungen att v\u00e4lja 5 siffror fr\u00e5n 45 som bildade den f\u00f6rsta delen av tabletten, och v\u00e4lj ocks\u00e5 1 ytterligare nummer k\u00e4nt som \u201dPowerball\u201d i den andra gruppen.<\/p>\n<h2>AU Powerball-regler<\/h2>\n<p>I mars 2013, f\u00f6rordningen \u00e4ndrades och det best\u00e4mdes att den vinnande kombinationen skulle erh\u00e5llas fr\u00e5n 6 siffror av 40 fr\u00e5n den f\u00f6rsta gruppen i kolumnen, och en boll bland de 20 m\u00f6jliga siffror fr\u00e5n botten. Denna f\u00f6r\u00e4ndring ledde till inf\u00f6randet av en ny kategori av utm\u00e4rkelser.<\/p>\n<p>Sedan april 2018, det fanns en ny variation, det har fastst\u00e4llts att bollarna som ing\u00e5r i den f\u00f6rsta gruppen reducerades till 35, och det ist\u00e4llet f\u00f6r 6 bollar f\u00f6r att f\u00e5 den vinnande kombinationen, de m\u00e5ste vara 7 bollar plus Powerball-bollen i den andra gruppen, vilket f\u00f6rblir of\u00f6r\u00e4ndrat.<\/p>\n<h2><strong>PowerBall Australien-utm\u00e4rkelser<\/strong><\/h2>\n<p>Priskategorierna i PowerBall AU \u00e4r f\u00f6ljande:<\/p>\n<p>1: a kategorin 7 bollar + powerball<\/p>\n<p>2: a kategorin 7 bollar<\/p>\n<p>3: e kategorin 6 bollar + powerball<\/p>\n<p>4: e kategorin 6 bollar<\/p>\n<p>5: e kategorin 5 bollar + powerball<\/p>\n<p>6:e kategorin 4 bollar + powerball<\/p>\n<p>7:e kategorin 5 bollar<\/p>\n<p>8:e kategorin 3 bollar + powerball<\/p>\n<p>9: e kategorin 2 bollar + powerball<\/p>\n<h2>F\u00f6rdelar med att spela Australian PowerBall online<\/h2>\n<ul>\n<li>Spela enkelt, snabbt och bekv\u00e4mt<\/li>\n<li>Utan att beh\u00f6va resa till Australien f\u00f6r att delta i deras miljon\u00e4rjackpottar<\/li>\n<li>Spela fr\u00e5n vilken mobil enhet, surfplatta eller station\u00e4r dator som helst, med grundl\u00e4ggande internetanslutning.<\/li>\n<li>Du har konstant information om alla dragningar, ackumulerade jackpottar och vunna priser<\/li>\n<li>Det \u00e4r s\u00e4kert och p\u00e5litligt f\u00f6r alla betalningsmetoder.<\/li>\n<li>N\u00e4r en registrerad anv\u00e4ndare har vunnit ett pris, vi introducerar automatiskt det beloppet p\u00e5 deras anv\u00e4ndarkonto.<\/li>\n<\/ul>\n<h2>PowerBall AU jackpott<\/h2>\n<p>Den minsta jackpotten som garanteras f\u00f6r PowerBall AU \u00e4r AUD $ 3 miljoner och det finns ingen ackumuleringsgr\u00e4ns, s\u00e5 jackpotten kan utvecklas till en jackpot p\u00e5 flera miljoner dollar.<\/p>\n<p>Rekordjackpotten hittills \u00e4r 80 miljoner AUD som uppn\u00e5ddes i juli 2009 och delades av tv\u00e5 vinnare fr\u00e5n New South Wales och Victoria.<\/p>\n<p>Sedan den senaste uppdateringen av reglerna i april 2018 har jackpotten bara vunnits tv\u00e5 g\u00e5nger:<\/p>\n<ul>\n<li>Den<sup>19<\/sup> april 2018 och motsvarande den f\u00f6rsta dragningen av de nya reglerna, ett f\u00f6rsta kategoripris levererades f\u00f6r ett belopp p\u00e5 AUD $ 8 miljoner.<\/li>\n<li>Den <sup>7<\/sup> juni 2018, vinnaren fick ett pris i den f\u00f6rsta kategorin med ett belopp p\u00e5 AUD $ 50 miljoner.<\/li>\n<\/ul>\n<p>Saturday Lotto \u00e4r ett nationellt lotteri i Australien som lottas ut p\u00e5 l\u00f6rdagskv\u00e4llar. Trots att det \u00e4r ett lotteri med nationell omfattning, det k\u00e4nns igen med olika namn beroende p\u00e5 territoriet d\u00e4r det marknadsf\u00f6rs.<\/p>\n","protected":false},"excerpt":{"rendered":"<p>PowerBall AU dyker upp p\u00e5 marknaden den 23 mars 1996. Ursprungligen var spelaren tvungen att v\u00e4lja 5 siffror fr\u00e5n 45 som bildade den f\u00f6rsta delen av tabletten, och v\u00e4lj ocks\u00e5 1 ytterligare nummer k\u00e4nt som \u201dPowerball\u201d i den andra gruppen. AU Powerball-regler I mars 2013, f\u00f6rordningen \u00e4ndrades och det best\u00e4mdes att den vinnande kombinationen skulle [&hellip;]<\/p>\n","protected":false},"author":2,"featured_media":0,"parent":16742,"menu_order":17,"comment_status":"closed","ping_status":"closed","template":"powerball-au-info.php","meta":{"_et_pb_use_builder":"","_et_pb_old_content":"","_et_gb_content_width":"","exclude_from_search":false,"footnotes":""},"class_list":["post-16878","page","type-page","status-publish","hentry"],"yoast_head":"<!-- This site is optimized with the Yoast SEO plugin v23.7 - https:\/\/yoast.com\/wordpress\/plugins\/seo\/ -->\n<title>\u25b7 Powerball AU FAQ \u25b7 Powerball Australia Rules | Lottohoy<\/title>\n<meta name=\"description\" content=\"PowerBall AU \u00e4r det st\u00f6rsta lotteriet fr\u00e5n Australien. Hitta nedan all information om detta spel: regler, \u00e5teranv\u00e4ndningar, jackpottar och n\u00e5gra knep f\u00f6r att vinna mer.\" \/>\n<meta name=\"robots\" content=\"index, follow, max-snippet:-1, max-image-preview:large, max-video-preview:-1\" \/>\n<link rel=\"canonical\" href=\"https:\/\/lottohoy.com\/sv\/faq-om-lotteri-online\/vanliga-fragor-om-powerball-au\/\" \/>\n<meta property=\"og:locale\" content=\"sv_SE\" \/>\n<meta property=\"og:type\" content=\"article\" \/>\n<meta property=\"og:title\" content=\"\u25b7 Powerball AU FAQ \u25b7 Powerball Australia Rules | Lottohoy\" \/>\n<meta property=\"og:description\" content=\"PowerBall AU \u00e4r det st\u00f6rsta lotteriet fr\u00e5n Australien. Hitta nedan all information om detta spel: regler, \u00e5teranv\u00e4ndningar, jackpottar och n\u00e5gra knep f\u00f6r att vinna mer.\" \/>\n<meta property=\"og:url\" content=\"https:\/\/lottohoy.com\/sv\/faq-om-lotteri-online\/vanliga-fragor-om-powerball-au\/\" \/>\n<meta property=\"og:site_name\" content=\"Lottohoy\" \/>\n<meta name=\"twitter:card\" content=\"summary_large_image\" \/>\n<meta name=\"twitter:label1\" content=\"Ber\u00e4knad l\u00e4stid\" \/>\n\t<meta name=\"twitter:data1\" content=\"2 minuter\" \/>\n<script type=\"application\/ld+json\" class=\"yoast-schema-graph\">{\"@context\":\"https:\/\/schema.org\",\"@graph\":[{\"@type\":\"WebPage\",\"@id\":\"https:\/\/lottohoy.com\/sv\/faq-om-lotteri-online\/vanliga-fragor-om-powerball-au\/\",\"url\":\"https:\/\/lottohoy.com\/sv\/faq-om-lotteri-online\/vanliga-fragor-om-powerball-au\/\",\"name\":\"\u25b7 Powerball AU FAQ \u25b7 Powerball Australia Rules | Lottohoy\",\"isPartOf\":{\"@id\":\"https:\/\/lottohoy.com\/sv\/#website\"},\"datePublished\":\"2018-08-21T09:29:37+00:00\",\"dateModified\":\"2018-08-21T09:29:37+00:00\",\"description\":\"PowerBall AU \u00e4r det st\u00f6rsta lotteriet fr\u00e5n Australien. Hitta nedan all information om detta spel: regler, \u00e5teranv\u00e4ndningar, jackpottar och n\u00e5gra knep f\u00f6r att vinna mer.\",\"breadcrumb\":{\"@id\":\"https:\/\/lottohoy.com\/sv\/faq-om-lotteri-online\/vanliga-fragor-om-powerball-au\/#breadcrumb\"},\"inLanguage\":\"sv-SE\",\"potentialAction\":[{\"@type\":\"ReadAction\",\"target\":[\"https:\/\/lottohoy.com\/sv\/faq-om-lotteri-online\/vanliga-fragor-om-powerball-au\/\"]}]},{\"@type\":\"BreadcrumbList\",\"@id\":\"https:\/\/lottohoy.com\/sv\/faq-om-lotteri-online\/vanliga-fragor-om-powerball-au\/#breadcrumb\",\"itemListElement\":[{\"@type\":\"ListItem\",\"position\":1,\"name\":\"Home\",\"item\":\"https:\/\/lottohoy.com\/sv\/\"},{\"@type\":\"ListItem\",\"position\":2,\"name\":\"FAQ om lotteri online\",\"item\":\"https:\/\/lottohoy.com\/sv\/faq-om-lotteri-online\/\"},{\"@type\":\"ListItem\",\"position\":3,\"name\":\"Vanliga fr\u00e5gor om Powerball AU\"}]},{\"@type\":\"WebSite\",\"@id\":\"https:\/\/lottohoy.com\/sv\/#website\",\"url\":\"https:\/\/lottohoy.com\/sv\/\",\"name\":\"Lottohoy\",\"description\":\"\",\"potentialAction\":[{\"@type\":\"SearchAction\",\"target\":{\"@type\":\"EntryPoint\",\"urlTemplate\":\"https:\/\/lottohoy.com\/sv\/?s={search_term_string}\"},\"query-input\":{\"@type\":\"PropertyValueSpecification\",\"valueRequired\":true,\"valueName\":\"search_term_string\"}}],\"inLanguage\":\"sv-SE\"}]}<\/script>\n<!-- \/ Yoast SEO plugin. -->","yoast_head_json":{"title":"\u25b7 Powerball AU FAQ \u25b7 Powerball Australia Rules | Lottohoy","description":"PowerBall AU \u00e4r det st\u00f6rsta lotteriet fr\u00e5n Australien. Hitta nedan all information om detta spel: regler, \u00e5teranv\u00e4ndningar, jackpottar och n\u00e5gra knep f\u00f6r att vinna mer.","robots":{"index":"index","follow":"follow","max-snippet":"max-snippet:-1","max-image-preview":"max-image-preview:large","max-video-preview":"max-video-preview:-1"},"canonical":"https:\/\/lottohoy.com\/sv\/faq-om-lotteri-online\/vanliga-fragor-om-powerball-au\/","og_locale":"sv_SE","og_type":"article","og_title":"\u25b7 Powerball AU FAQ \u25b7 Powerball Australia Rules | Lottohoy","og_description":"PowerBall AU \u00e4r det st\u00f6rsta lotteriet fr\u00e5n Australien. Hitta nedan all information om detta spel: regler, \u00e5teranv\u00e4ndningar, jackpottar och n\u00e5gra knep f\u00f6r att vinna mer.","og_url":"https:\/\/lottohoy.com\/sv\/faq-om-lotteri-online\/vanliga-fragor-om-powerball-au\/","og_site_name":"Lottohoy","twitter_card":"summary_large_image","twitter_misc":{"Ber\u00e4knad l\u00e4stid":"2 minuter"},"schema":{"@context":"https:\/\/schema.org","@graph":[{"@type":"WebPage","@id":"https:\/\/lottohoy.com\/sv\/faq-om-lotteri-online\/vanliga-fragor-om-powerball-au\/","url":"https:\/\/lottohoy.com\/sv\/faq-om-lotteri-online\/vanliga-fragor-om-powerball-au\/","name":"\u25b7 Powerball AU FAQ \u25b7 Powerball Australia Rules | Lottohoy","isPartOf":{"@id":"https:\/\/lottohoy.com\/sv\/#website"},"datePublished":"2018-08-21T09:29:37+00:00","dateModified":"2018-08-21T09:29:37+00:00","description":"PowerBall AU \u00e4r det st\u00f6rsta lotteriet fr\u00e5n Australien. Hitta nedan all information om detta spel: regler, \u00e5teranv\u00e4ndningar, jackpottar och n\u00e5gra knep f\u00f6r att vinna mer.","breadcrumb":{"@id":"https:\/\/lottohoy.com\/sv\/faq-om-lotteri-online\/vanliga-fragor-om-powerball-au\/#breadcrumb"},"inLanguage":"sv-SE","potentialAction":[{"@type":"ReadAction","target":["https:\/\/lottohoy.com\/sv\/faq-om-lotteri-online\/vanliga-fragor-om-powerball-au\/"]}]},{"@type":"BreadcrumbList","@id":"https:\/\/lottohoy.com\/sv\/faq-om-lotteri-online\/vanliga-fragor-om-powerball-au\/#breadcrumb","itemListElement":[{"@type":"ListItem","position":1,"name":"Home","item":"https:\/\/lottohoy.com\/sv\/"},{"@type":"ListItem","position":2,"name":"FAQ om lotteri online","item":"https:\/\/lottohoy.com\/sv\/faq-om-lotteri-online\/"},{"@type":"ListItem","position":3,"name":"Vanliga fr\u00e5gor om Powerball AU"}]},{"@type":"WebSite","@id":"https:\/\/lottohoy.com\/sv\/#website","url":"https:\/\/lottohoy.com\/sv\/","name":"Lottohoy","description":"","potentialAction":[{"@type":"SearchAction","target":{"@type":"EntryPoint","urlTemplate":"https:\/\/lottohoy.com\/sv\/?s={search_term_string}"},"query-input":{"@type":"PropertyValueSpecification","valueRequired":true,"valueName":"search_term_string"}}],"inLanguage":"sv-SE"}]}},"_links":{"self":[{"href":"https:\/\/lottohoy.com\/sv\/wp-json\/wp\/v2\/pages\/16878","targetHints":{"allow":["GET"]}}],"collection":[{"href":"https:\/\/lottohoy.com\/sv\/wp-json\/wp\/v2\/pages"}],"about":[{"href":"https:\/\/lottohoy.com\/sv\/wp-json\/wp\/v2\/types\/page"}],"author":[{"embeddable":true,"href":"https:\/\/lottohoy.com\/sv\/wp-json\/wp\/v2\/users\/2"}],"replies":[{"embeddable":true,"href":"https:\/\/lottohoy.com\/sv\/wp-json\/wp\/v2\/comments?post=16878"}],"version-history":[{"count":0,"href":"https:\/\/lottohoy.com\/sv\/wp-json\/wp\/v2\/pages\/16878\/revisions"}],"up":[{"embeddable":true,"href":"https:\/\/lottohoy.com\/sv\/wp-json\/wp\/v2\/pages\/16742"}],"wp:attachment":[{"href":"https:\/\/lottohoy.com\/sv\/wp-json\/wp\/v2\/media?parent=16878"}],"curies":[{"name":"wp","href":"https:\/\/api.w.org\/{rel}","templated":true}]}}