{"id":16865,"date":"2020-08-10T16:00:00","date_gmt":"2020-08-10T15:00:00","guid":{"rendered":"https:\/\/lottohoy.com\/faq-om-lotteri-online\/mega-sena-information\/"},"modified":"2020-08-10T16:00:00","modified_gmt":"2020-08-10T15:00:00","slug":"mega-sena-information","status":"publish","type":"page","link":"https:\/\/lottohoy.com\/sv\/faq-om-lotteri-online\/mega-sena-information\/","title":{"rendered":"Mega Sena Information"},"content":{"rendered":"<h2>Vad \u00e4r Mega Sena?<\/h2>\n<p>Detta lotteri skapades i mars 1996, drivs genom den federala banken Caixa Economica, ett finansinstitut som beror p\u00e5 den brasilianska federala regeringen som ett offentligt f\u00f6retag, med 100% av kapitalet<\/p>\n<p>Detta lotteri, den st\u00f6rsta i hela Sydamerika, har ett garanterat minimipris p\u00e5 R $ 2.000.000 f\u00f6r f\u00f6rstklassiga vinnare (6 tr\u00e4ffar)<\/p>\n<p>Om det inte finns n\u00e5gon vinnare i den f\u00f6rsta kategorin, beloppet kommer att ackumuleras p\u00e5 obest\u00e4md tid f\u00f6r f\u00f6ljande dragningar, tills det finns vinnare.<\/p>\n<h2>Hur man spelar Mega Sena?<\/h2>\n<p>Att spela Mega Sena online-dragningar, spelaren m\u00e5ste st\u00e4lla in sin prognos genom att v\u00e4lja 6 siffror mellan 1 och 60, och kan g\u00f6ra det p\u00e5 traditionellt s\u00e4tt, dvs. genom att markera de sex rutorna manuellt, eller genom att l\u00e5ta systemet sj\u00e4lv v\u00e4lja kombinationen slumpm\u00e4ssigt.<\/p>\n<p>Flera spel, som kan g\u00f6ras med fysiska biljetter, \u00e4r inte m\u00f6jliga (\u00e5tminstone f\u00f6r tillf\u00e4llet) p\u00e5 v\u00e5r onlineplattform<\/p>\n<h2>Priset p\u00e5 vadslagningen<\/h2>\n<p>Priset f\u00f6r varje Mega Sena-satsning i LottoHoy \u00e4r 2 \u20ac<\/p>\n<h2>Mega Sena specialdragning i slutet av \u00e5ret<\/h2>\n<p>Det h\u00e5lls en speciell dragning i slutet av \u00e5ret, och priset ackumuleras fr\u00e5n att samla in 5% av int\u00e4kterna i de normala dragningarna under hela \u00e5ret.<\/p>\n<p>Denna speciella dragning kallas Mega Sena da Virada, och det s\u00e4ljer biljetter mellan m\u00e5naderna november och december f\u00f6r dragningen den 31 december.<\/p>\n<p>Utdelningen av priser liknar mycket de normala dragningarna varje vecka, a 62% av de insamlade priserna kommer att vara f\u00f6r vinnarna i den f\u00f6rsta kategorin (6 matcher) \u00e4ven kallad Sena,<\/p>\n<p>Den andra kategorin av priser (eller Kina 5 tr\u00e4ffar) av Mega Virada, distribuerar 19% av de insamlade pengarna, liksom den tredje kategorin (Quadra 4 tr\u00e4ffar)<\/p>\n<p>Om det inte finns n\u00e5gra vinnare i den f\u00f6rsta kategorin, priset kommer att ackumuleras f\u00f6r de m\u00f6jliga vinnarna i den andra kategorin, och om det inte finns n\u00e5gra vinnare i den f\u00f6rsta och andra kategorin, priset kommer att f\u00f6rdelas bland vinnarna av 4 matcher i tredje kategorin.<\/p>\n<p>Om det inte finns n\u00e5gon vinnare i n\u00e5gon av kategorierna, prisbeloppet kommer att ackumuleras f\u00f6r n\u00e4sta dragning i deras respektive kategorier.<\/p>\n<h2>Extraordin\u00e4ra dragningar av Mega Sena-lotteriet<\/h2>\n<p>F\u00f6rutom den speciella ny\u00e5rsafton Maga Sena da Virada-dragningen, det finns ett par andra dragningar d\u00e4r spelare kan prova lyckan.<\/p>\n<p>Lotof\u00e1cil da Independ\u00eancia, som sammanfaller med landets sj\u00e4lvst\u00e4ndighetsdatum den 7 september.<\/p>\n<p>Och DuplaSena som sammanfaller med p\u00e5sk, och kallas Dupla de Pascoa<\/p>\n<h3>Kategorier av priser<\/h3>\n<p>Det finns totalt 3 priskategorier, vilket framg\u00e5r av tabellen nedan<\/p>\n","protected":false},"excerpt":{"rendered":"<p>Vad \u00e4r Mega Sena? Detta lotteri skapades i mars 1996, drivs genom den federala banken Caixa Economica, ett finansinstitut som beror p\u00e5 den brasilianska federala regeringen som ett offentligt f\u00f6retag, med 100% av kapitalet Detta lotteri, den st\u00f6rsta i hela Sydamerika, har ett garanterat minimipris p\u00e5 R $ 2.000.000 f\u00f6r f\u00f6rstklassiga vinnare (6 tr\u00e4ffar) Om [&hellip;]<\/p>\n","protected":false},"author":2,"featured_media":0,"parent":16742,"menu_order":16,"comment_status":"closed","ping_status":"closed","template":"megasena-info.php","meta":{"_et_pb_use_builder":"","_et_pb_old_content":"","_et_gb_content_width":"","exclude_from_search":false,"footnotes":""},"class_list":["post-16865","page","type-page","status-publish","hentry"],"yoast_head":"<!-- This site is optimized with the Yoast SEO plugin v23.7 - https:\/\/yoast.com\/wordpress\/plugins\/seo\/ -->\n<title>Mega Sena Lottery Information - Lottohoy.com<\/title>\n<meta name=\"description\" content=\"Alla detaljer och information om Mega Sena-lotteriet, detaljer om priser, spelar, och f\u00f6rdelarna med att spela online\" \/>\n<meta name=\"robots\" content=\"index, follow, max-snippet:-1, max-image-preview:large, max-video-preview:-1\" \/>\n<link rel=\"canonical\" href=\"https:\/\/lottohoy.com\/sv\/faq-om-lotteri-online\/mega-sena-information\/\" \/>\n<meta property=\"og:locale\" content=\"sv_SE\" \/>\n<meta property=\"og:type\" content=\"article\" \/>\n<meta property=\"og:title\" content=\"Mega Sena Lottery Information - Lottohoy.com\" \/>\n<meta property=\"og:description\" content=\"Alla detaljer och information om Mega Sena-lotteriet, detaljer om priser, spelar, och f\u00f6rdelarna med att spela online\" \/>\n<meta property=\"og:url\" content=\"https:\/\/lottohoy.com\/sv\/faq-om-lotteri-online\/mega-sena-information\/\" \/>\n<meta property=\"og:site_name\" content=\"Lottohoy\" \/>\n<meta name=\"twitter:card\" content=\"summary_large_image\" \/>\n<meta name=\"twitter:label1\" content=\"Ber\u00e4knad l\u00e4stid\" \/>\n\t<meta name=\"twitter:data1\" content=\"2 minuter\" \/>\n<script type=\"application\/ld+json\" class=\"yoast-schema-graph\">{\"@context\":\"https:\/\/schema.org\",\"@graph\":[{\"@type\":\"WebPage\",\"@id\":\"https:\/\/lottohoy.com\/sv\/faq-om-lotteri-online\/mega-sena-information\/\",\"url\":\"https:\/\/lottohoy.com\/sv\/faq-om-lotteri-online\/mega-sena-information\/\",\"name\":\"Mega Sena Lottery Information - Lottohoy.com\",\"isPartOf\":{\"@id\":\"https:\/\/lottohoy.com\/sv\/#website\"},\"datePublished\":\"2020-08-10T15:00:00+00:00\",\"dateModified\":\"2020-08-10T15:00:00+00:00\",\"description\":\"Alla detaljer och information om Mega Sena-lotteriet, detaljer om priser, spelar, och f\u00f6rdelarna med att spela online\",\"breadcrumb\":{\"@id\":\"https:\/\/lottohoy.com\/sv\/faq-om-lotteri-online\/mega-sena-information\/#breadcrumb\"},\"inLanguage\":\"sv-SE\",\"potentialAction\":[{\"@type\":\"ReadAction\",\"target\":[\"https:\/\/lottohoy.com\/sv\/faq-om-lotteri-online\/mega-sena-information\/\"]}]},{\"@type\":\"BreadcrumbList\",\"@id\":\"https:\/\/lottohoy.com\/sv\/faq-om-lotteri-online\/mega-sena-information\/#breadcrumb\",\"itemListElement\":[{\"@type\":\"ListItem\",\"position\":1,\"name\":\"Home\",\"item\":\"https:\/\/lottohoy.com\/sv\/\"},{\"@type\":\"ListItem\",\"position\":2,\"name\":\"FAQ om lotteri online\",\"item\":\"https:\/\/lottohoy.com\/sv\/faq-om-lotteri-online\/\"},{\"@type\":\"ListItem\",\"position\":3,\"name\":\"Mega Sena Information\"}]},{\"@type\":\"WebSite\",\"@id\":\"https:\/\/lottohoy.com\/sv\/#website\",\"url\":\"https:\/\/lottohoy.com\/sv\/\",\"name\":\"Lottohoy\",\"description\":\"\",\"potentialAction\":[{\"@type\":\"SearchAction\",\"target\":{\"@type\":\"EntryPoint\",\"urlTemplate\":\"https:\/\/lottohoy.com\/sv\/?s={search_term_string}\"},\"query-input\":{\"@type\":\"PropertyValueSpecification\",\"valueRequired\":true,\"valueName\":\"search_term_string\"}}],\"inLanguage\":\"sv-SE\"}]}<\/script>\n<!-- \/ Yoast SEO plugin. -->","yoast_head_json":{"title":"Mega Sena Lottery Information - Lottohoy.com","description":"Alla detaljer och information om Mega Sena-lotteriet, detaljer om priser, spelar, och f\u00f6rdelarna med att spela online","robots":{"index":"index","follow":"follow","max-snippet":"max-snippet:-1","max-image-preview":"max-image-preview:large","max-video-preview":"max-video-preview:-1"},"canonical":"https:\/\/lottohoy.com\/sv\/faq-om-lotteri-online\/mega-sena-information\/","og_locale":"sv_SE","og_type":"article","og_title":"Mega Sena Lottery Information - Lottohoy.com","og_description":"Alla detaljer och information om Mega Sena-lotteriet, detaljer om priser, spelar, och f\u00f6rdelarna med att spela online","og_url":"https:\/\/lottohoy.com\/sv\/faq-om-lotteri-online\/mega-sena-information\/","og_site_name":"Lottohoy","twitter_card":"summary_large_image","twitter_misc":{"Ber\u00e4knad l\u00e4stid":"2 minuter"},"schema":{"@context":"https:\/\/schema.org","@graph":[{"@type":"WebPage","@id":"https:\/\/lottohoy.com\/sv\/faq-om-lotteri-online\/mega-sena-information\/","url":"https:\/\/lottohoy.com\/sv\/faq-om-lotteri-online\/mega-sena-information\/","name":"Mega Sena Lottery Information - Lottohoy.com","isPartOf":{"@id":"https:\/\/lottohoy.com\/sv\/#website"},"datePublished":"2020-08-10T15:00:00+00:00","dateModified":"2020-08-10T15:00:00+00:00","description":"Alla detaljer och information om Mega Sena-lotteriet, detaljer om priser, spelar, och f\u00f6rdelarna med att spela online","breadcrumb":{"@id":"https:\/\/lottohoy.com\/sv\/faq-om-lotteri-online\/mega-sena-information\/#breadcrumb"},"inLanguage":"sv-SE","potentialAction":[{"@type":"ReadAction","target":["https:\/\/lottohoy.com\/sv\/faq-om-lotteri-online\/mega-sena-information\/"]}]},{"@type":"BreadcrumbList","@id":"https:\/\/lottohoy.com\/sv\/faq-om-lotteri-online\/mega-sena-information\/#breadcrumb","itemListElement":[{"@type":"ListItem","position":1,"name":"Home","item":"https:\/\/lottohoy.com\/sv\/"},{"@type":"ListItem","position":2,"name":"FAQ om lotteri online","item":"https:\/\/lottohoy.com\/sv\/faq-om-lotteri-online\/"},{"@type":"ListItem","position":3,"name":"Mega Sena Information"}]},{"@type":"WebSite","@id":"https:\/\/lottohoy.com\/sv\/#website","url":"https:\/\/lottohoy.com\/sv\/","name":"Lottohoy","description":"","potentialAction":[{"@type":"SearchAction","target":{"@type":"EntryPoint","urlTemplate":"https:\/\/lottohoy.com\/sv\/?s={search_term_string}"},"query-input":{"@type":"PropertyValueSpecification","valueRequired":true,"valueName":"search_term_string"}}],"inLanguage":"sv-SE"}]}},"_links":{"self":[{"href":"https:\/\/lottohoy.com\/sv\/wp-json\/wp\/v2\/pages\/16865","targetHints":{"allow":["GET"]}}],"collection":[{"href":"https:\/\/lottohoy.com\/sv\/wp-json\/wp\/v2\/pages"}],"about":[{"href":"https:\/\/lottohoy.com\/sv\/wp-json\/wp\/v2\/types\/page"}],"author":[{"embeddable":true,"href":"https:\/\/lottohoy.com\/sv\/wp-json\/wp\/v2\/users\/2"}],"replies":[{"embeddable":true,"href":"https:\/\/lottohoy.com\/sv\/wp-json\/wp\/v2\/comments?post=16865"}],"version-history":[{"count":0,"href":"https:\/\/lottohoy.com\/sv\/wp-json\/wp\/v2\/pages\/16865\/revisions"}],"up":[{"embeddable":true,"href":"https:\/\/lottohoy.com\/sv\/wp-json\/wp\/v2\/pages\/16742"}],"wp:attachment":[{"href":"https:\/\/lottohoy.com\/sv\/wp-json\/wp\/v2\/media?parent=16865"}],"curies":[{"name":"wp","href":"https:\/\/api.w.org\/{rel}","templated":true}]}}