{"id":16864,"date":"2020-08-10T21:42:04","date_gmt":"2020-08-10T20:42:04","guid":{"rendered":"https:\/\/lottohoy.com\/faq-om-lotteri-online\/lotto-america-information\/"},"modified":"2020-08-10T21:42:04","modified_gmt":"2020-08-10T20:42:04","slug":"lotto-america-information","status":"publish","type":"page","link":"https:\/\/lottohoy.com\/sv\/faq-om-lotteri-online\/lotto-america-information\/","title":{"rendered":"Lotto America Information"},"content":{"rendered":"<p>Lotto America \u00e4r ett flerstatslotteri som f\u00f6ddes i 1988 drivs av Multi-State Lottery Association med deltagande av 7 stater initialt och utvecklades genom \u00e5ren fram till 1992 med uppkomsten av den nuvarande Powerball. I november 2017 kommer det att lanseras p\u00e5 nytt med sitt nuvarande system, vilket ger deltagarna m\u00f6jlighet att vinna priser i nio olika kategorier.<\/p>\n<h2>Lotto America-regler<\/h2>\n<p>Lotto America, \u00e4r ett l\u00e4tt att f\u00f6rst\u00e5 och spela lotteri. P\u00e5 biljetten med en satsning m\u00e5ste spelaren v\u00e4lja 5 siffror fr\u00e5n 52 m\u00f6jliga nummer i den f\u00f6rsta kvadranten, och 1 ytterligare nummer f\u00f6r stj\u00e4rnbollen fr\u00e5n 1l 1 till 10, i kolumnens nedre ruta.<\/p>\n<p>Dessutom med samma biljett kan huvuddraget kompletteras med All Star, som f\u00f6r extra kostnad, ger spelarna m\u00f6jlighet att vinna priset (utom f\u00f6rsta kategorin) multiplicerat med 2, 3 eller 4 g\u00e5nger. (All Star-funktionen, inte tillg\u00e4ngligt p\u00e5 LottoHoy just nu).<\/p>\n<p>F\u00f6r att spela Lotto America m\u00e5ste du vara myndig (i delstaten Iowa \u00e4r den lagliga majoritets\u00e5ldern 21)<\/p>\n<h2>F\u00f6rdelar med att spela Lotto America online<\/h2>\n<p>Det finns inget behov av att resa till n\u00e5gon av de amerikanska staterna som ing\u00e5r i detta lotteri (Delaware, Idaho, Iowa, Kansas, Maine, Minnesota, Montana, New Mexico, North Dkota, South Dakota, Oklahoma, Tennessee, West Virginia, att delta i deras miljon\u00e4rjackpottar.<\/p>\n<p>Genom v\u00e5r plattform har du tillg\u00e5ng till att spela lotterier fr\u00e5n hela v\u00e4rlden, som \u00e4r fallet med Lotto America. Fr\u00e5n vilken mobil enhet som helst, surfplatta eller station\u00e4r dator.<\/p>\n<p>Det finns st\u00e4ndig information om alla dragningar, de jackpottar som ackumuleras, de priser som vinns och m\u00e5nga andra saker.<\/p>\n<p>Att spela Lotto America via en onlineplattform som LottoHoy.com \u00e4r s\u00e4kert och p\u00e5litligt f\u00f6r alla ins\u00e4ttnings- och uttagstransaktioner.<\/p>\n<p>Om du vinner ett pris, automatiskt beloppet f\u00f6r det priset, upp till 2500 euro, krediteras omedelbart till ditt anv\u00e4ndarkonto<\/p>\n<h2>\u00c4r Lotto America-priser skattepliktiga?<\/h2>\n<p>Ja, alla priser \u00f6ver US $ 600 har en federal k\u00e4llskatt motsvarande 28% (icke-bosatta eller spelare fr\u00e5n andra l\u00e4nder, 30%).<\/p>\n<h2>Vilka \u00e4r oddsen f\u00f6r att vinna Lotto America-jackpotten?<\/h2>\n<p>Oddsen f\u00f6r att vinna Lotto America-jackpotten \u00e4r 1 i 25,989,600. Detta g\u00f6r det till ett av lotterierna med en av de h\u00f6gsta oddsen f\u00f6r att vinna.<\/p>\n<h2>Vilka \u00e4r oddsen f\u00f6r att vinna n\u00e5got Lotto America-pris?<\/h2>\n<p>Oddsen f\u00f6r att vinna ett pris i n\u00e5gon av kategorierna i standardspelet \u00e4r 1 i 17.<\/p>\n","protected":false},"excerpt":{"rendered":"<p>Lotto America \u00e4r ett flerstatslotteri som f\u00f6ddes i 1988 drivs av Multi-State Lottery Association med deltagande av 7 stater initialt och utvecklades genom \u00e5ren fram till 1992 med uppkomsten av den nuvarande Powerball. I november 2017 kommer det att lanseras p\u00e5 nytt med sitt nuvarande system, vilket ger deltagarna m\u00f6jlighet att vinna priser i nio [&hellip;]<\/p>\n","protected":false},"author":2,"featured_media":0,"parent":16742,"menu_order":15,"comment_status":"closed","ping_status":"closed","template":"lotto-america-info.php","meta":{"_et_pb_use_builder":"","_et_pb_old_content":"","_et_gb_content_width":"","exclude_from_search":false,"footnotes":""},"class_list":["post-16864","page","type-page","status-publish","hentry"],"yoast_head":"<!-- This site is optimized with the Yoast SEO plugin v23.7 - https:\/\/yoast.com\/wordpress\/plugins\/seo\/ -->\n<title>Lotto America information, regler och f\u00f6rordningar - LottoHoy.com<\/title>\n<meta name=\"description\" content=\"\u00c5tta av de nio kategorierna med fasta priser och en f\u00f6rsta kategori med specialpris och progressiv jackpot, Lotto America Information\" \/>\n<meta name=\"robots\" content=\"index, follow, max-snippet:-1, max-image-preview:large, max-video-preview:-1\" \/>\n<link rel=\"canonical\" href=\"https:\/\/lottohoy.com\/sv\/faq-om-lotteri-online\/lotto-america-information\/\" \/>\n<meta property=\"og:locale\" content=\"sv_SE\" \/>\n<meta property=\"og:type\" content=\"article\" \/>\n<meta property=\"og:title\" content=\"Lotto America information, regler och f\u00f6rordningar - LottoHoy.com\" \/>\n<meta property=\"og:description\" content=\"\u00c5tta av de nio kategorierna med fasta priser och en f\u00f6rsta kategori med specialpris och progressiv jackpot, Lotto America Information\" \/>\n<meta property=\"og:url\" content=\"https:\/\/lottohoy.com\/sv\/faq-om-lotteri-online\/lotto-america-information\/\" \/>\n<meta property=\"og:site_name\" content=\"Lottohoy\" \/>\n<meta name=\"twitter:card\" content=\"summary_large_image\" \/>\n<meta name=\"twitter:label1\" content=\"Ber\u00e4knad l\u00e4stid\" \/>\n\t<meta name=\"twitter:data1\" content=\"2 minuter\" \/>\n<script type=\"application\/ld+json\" class=\"yoast-schema-graph\">{\"@context\":\"https:\/\/schema.org\",\"@graph\":[{\"@type\":\"WebPage\",\"@id\":\"https:\/\/lottohoy.com\/sv\/faq-om-lotteri-online\/lotto-america-information\/\",\"url\":\"https:\/\/lottohoy.com\/sv\/faq-om-lotteri-online\/lotto-america-information\/\",\"name\":\"Lotto America information, regler och f\u00f6rordningar - LottoHoy.com\",\"isPartOf\":{\"@id\":\"https:\/\/lottohoy.com\/sv\/#website\"},\"datePublished\":\"2020-08-10T20:42:04+00:00\",\"dateModified\":\"2020-08-10T20:42:04+00:00\",\"description\":\"\u00c5tta av de nio kategorierna med fasta priser och en f\u00f6rsta kategori med specialpris och progressiv jackpot, Lotto America Information\",\"breadcrumb\":{\"@id\":\"https:\/\/lottohoy.com\/sv\/faq-om-lotteri-online\/lotto-america-information\/#breadcrumb\"},\"inLanguage\":\"sv-SE\",\"potentialAction\":[{\"@type\":\"ReadAction\",\"target\":[\"https:\/\/lottohoy.com\/sv\/faq-om-lotteri-online\/lotto-america-information\/\"]}]},{\"@type\":\"BreadcrumbList\",\"@id\":\"https:\/\/lottohoy.com\/sv\/faq-om-lotteri-online\/lotto-america-information\/#breadcrumb\",\"itemListElement\":[{\"@type\":\"ListItem\",\"position\":1,\"name\":\"Home\",\"item\":\"https:\/\/lottohoy.com\/sv\/\"},{\"@type\":\"ListItem\",\"position\":2,\"name\":\"FAQ om lotteri online\",\"item\":\"https:\/\/lottohoy.com\/sv\/faq-om-lotteri-online\/\"},{\"@type\":\"ListItem\",\"position\":3,\"name\":\"Lotto America Information\"}]},{\"@type\":\"WebSite\",\"@id\":\"https:\/\/lottohoy.com\/sv\/#website\",\"url\":\"https:\/\/lottohoy.com\/sv\/\",\"name\":\"Lottohoy\",\"description\":\"\",\"potentialAction\":[{\"@type\":\"SearchAction\",\"target\":{\"@type\":\"EntryPoint\",\"urlTemplate\":\"https:\/\/lottohoy.com\/sv\/?s={search_term_string}\"},\"query-input\":{\"@type\":\"PropertyValueSpecification\",\"valueRequired\":true,\"valueName\":\"search_term_string\"}}],\"inLanguage\":\"sv-SE\"}]}<\/script>\n<!-- \/ Yoast SEO plugin. -->","yoast_head_json":{"title":"Lotto America information, regler och f\u00f6rordningar - LottoHoy.com","description":"\u00c5tta av de nio kategorierna med fasta priser och en f\u00f6rsta kategori med specialpris och progressiv jackpot, Lotto America Information","robots":{"index":"index","follow":"follow","max-snippet":"max-snippet:-1","max-image-preview":"max-image-preview:large","max-video-preview":"max-video-preview:-1"},"canonical":"https:\/\/lottohoy.com\/sv\/faq-om-lotteri-online\/lotto-america-information\/","og_locale":"sv_SE","og_type":"article","og_title":"Lotto America information, regler och f\u00f6rordningar - LottoHoy.com","og_description":"\u00c5tta av de nio kategorierna med fasta priser och en f\u00f6rsta kategori med specialpris och progressiv jackpot, Lotto America Information","og_url":"https:\/\/lottohoy.com\/sv\/faq-om-lotteri-online\/lotto-america-information\/","og_site_name":"Lottohoy","twitter_card":"summary_large_image","twitter_misc":{"Ber\u00e4knad l\u00e4stid":"2 minuter"},"schema":{"@context":"https:\/\/schema.org","@graph":[{"@type":"WebPage","@id":"https:\/\/lottohoy.com\/sv\/faq-om-lotteri-online\/lotto-america-information\/","url":"https:\/\/lottohoy.com\/sv\/faq-om-lotteri-online\/lotto-america-information\/","name":"Lotto America information, regler och f\u00f6rordningar - LottoHoy.com","isPartOf":{"@id":"https:\/\/lottohoy.com\/sv\/#website"},"datePublished":"2020-08-10T20:42:04+00:00","dateModified":"2020-08-10T20:42:04+00:00","description":"\u00c5tta av de nio kategorierna med fasta priser och en f\u00f6rsta kategori med specialpris och progressiv jackpot, Lotto America Information","breadcrumb":{"@id":"https:\/\/lottohoy.com\/sv\/faq-om-lotteri-online\/lotto-america-information\/#breadcrumb"},"inLanguage":"sv-SE","potentialAction":[{"@type":"ReadAction","target":["https:\/\/lottohoy.com\/sv\/faq-om-lotteri-online\/lotto-america-information\/"]}]},{"@type":"BreadcrumbList","@id":"https:\/\/lottohoy.com\/sv\/faq-om-lotteri-online\/lotto-america-information\/#breadcrumb","itemListElement":[{"@type":"ListItem","position":1,"name":"Home","item":"https:\/\/lottohoy.com\/sv\/"},{"@type":"ListItem","position":2,"name":"FAQ om lotteri online","item":"https:\/\/lottohoy.com\/sv\/faq-om-lotteri-online\/"},{"@type":"ListItem","position":3,"name":"Lotto America Information"}]},{"@type":"WebSite","@id":"https:\/\/lottohoy.com\/sv\/#website","url":"https:\/\/lottohoy.com\/sv\/","name":"Lottohoy","description":"","potentialAction":[{"@type":"SearchAction","target":{"@type":"EntryPoint","urlTemplate":"https:\/\/lottohoy.com\/sv\/?s={search_term_string}"},"query-input":{"@type":"PropertyValueSpecification","valueRequired":true,"valueName":"search_term_string"}}],"inLanguage":"sv-SE"}]}},"_links":{"self":[{"href":"https:\/\/lottohoy.com\/sv\/wp-json\/wp\/v2\/pages\/16864","targetHints":{"allow":["GET"]}}],"collection":[{"href":"https:\/\/lottohoy.com\/sv\/wp-json\/wp\/v2\/pages"}],"about":[{"href":"https:\/\/lottohoy.com\/sv\/wp-json\/wp\/v2\/types\/page"}],"author":[{"embeddable":true,"href":"https:\/\/lottohoy.com\/sv\/wp-json\/wp\/v2\/users\/2"}],"replies":[{"embeddable":true,"href":"https:\/\/lottohoy.com\/sv\/wp-json\/wp\/v2\/comments?post=16864"}],"version-history":[{"count":0,"href":"https:\/\/lottohoy.com\/sv\/wp-json\/wp\/v2\/pages\/16864\/revisions"}],"up":[{"embeddable":true,"href":"https:\/\/lottohoy.com\/sv\/wp-json\/wp\/v2\/pages\/16742"}],"wp:attachment":[{"href":"https:\/\/lottohoy.com\/sv\/wp-json\/wp\/v2\/media?parent=16864"}],"curies":[{"name":"wp","href":"https:\/\/api.w.org\/{rel}","templated":true}]}}