{"id":16853,"date":"2020-08-10T22:53:11","date_gmt":"2020-08-10T21:53:11","guid":{"rendered":"https:\/\/lottohoy.com\/faq-om-lotteri-online\/lotto-6aus49-information\/"},"modified":"2020-08-10T22:53:11","modified_gmt":"2020-08-10T21:53:11","slug":"lotto-6aus49-information","status":"publish","type":"page","link":"https:\/\/lottohoy.com\/sv\/faq-om-lotteri-online\/lotto-6aus49-information\/","title":{"rendered":"Lotto 6aus49 Information"},"content":{"rendered":"<h2>Det tyska lotteriet, \u00e4ven k\u00e4nd som Lotto 6aus49<\/h2>\n<p>Det \u00e4r en av de \u00e4ldsta europeiska lotterierna, dess f\u00f6rsta dragning g\u00e5r tillbaka till oktober 9, 1955. Detta lotteri drivs f\u00f6r n\u00e4rvarande av Deutscher Lotto- und Totoblock, en grupp av 16 lotterioperat\u00f6rer i Tyskland.<\/p>\n<p>Var och en av dessa lotterier turas om att driva gruppen, och vart tredje \u00e5r \u00e4r en av dem ansvarig f\u00f6r att driva gruppen.<\/p>\n<p>De tyska lottodragningarna h\u00f6lls ursprungligen en g\u00e5ng i veckan p\u00e5 l\u00f6rdagar, men 1982 lades en ny veckodragning till, alla p\u00e5 onsdagar.<\/p>\n<p>Ursprungligen var spelmatrisen 7\/38, dvs v\u00e4lj 7 siffror fr\u00e5n 38 som utgjorde styrelsen. I juni 1986, det \u00e4ndrades till 6\/40 vilket \u00e4r den nuvarande, och i maj 2013, det var d\u00e5 Superzahl lades till, vilket avsev\u00e4rt f\u00f6rb\u00e4ttrade chanserna att vinna ett pris, g\u00e5r fr\u00e5n totalt 1 i 54 till 1 i 31.<\/p>\n<h2>F\u00f6rdelar med att spela Lotto 6aus49 online<\/h2>\n<p>&#8211; En av de stora f\u00f6rdelarna med att spela tyska 6aus49, \u00e4r bekv\u00e4mligheten med att kunna g\u00f6ra det n\u00e4r som helst p\u00e5 dagen eller natten, 24\/7, 365 dagar om \u00e5ret. Helt enkelt genom att ha en mobil enhet, surfplatta eller station\u00e4r dator, och var som helst i v\u00e4rlden.<\/p>\n<p>&#8211; Icke-bosatta i Tyskland, genom onlineplattformar som LottoHoy.com har en verklig m\u00f6jlighet att f\u00e5 tillg\u00e5ng till detta saftiga lotteri och dess stora jackpottar.<\/p>\n<p>&#8211; Biljetten k\u00f6ps direkt fr\u00e5n den auktoriserade \u00e5terf\u00f6rs\u00e4ljaren och d\u00e4rmed \u00e4r deltagandet verkligt.<\/p>\n<p>&#8211; De vunna priserna matas in direkt, upp till 2500 euro, efter offentligg\u00f6randet av de officiella resultaten<\/p>\n<p>&#8211; Det finns ocks\u00e5 en informationsbank f\u00f6r alla utf\u00f6rda operationer, f\u00f6rvaring av de k\u00f6pta biljetterna, d\u00e4rmed undvika eventuella f\u00f6rluster eller gl\u00f6mska.<\/p>\n<p>&#8211; Tidig information om alla b\u00e5tar n\u00e4r de ackumuleras s\u00e5 att m\u00f6jligheten att delta i dem inte missas.<\/p>\n<p>&#8211; Ett brett utbud av betalningsmetoder, ins\u00e4ttningar och uttag.<\/p>\n<h2>Sannolikheten f\u00f6r att vinna ett pris i Lotto 6aus49<\/h2>\n<p>Se tabellen nedan f\u00f6r den genomsnittliga summan pengar som kan vinnas i var och en av kategorierna, plus den statistiska sannolikheten f\u00f6r att vinna jackpotten eller n\u00e5got av de andra priserna i de \u00e5terst\u00e5ende 8 kategorier.<\/p>\n","protected":false},"excerpt":{"rendered":"<p>Det tyska lotteriet, \u00e4ven k\u00e4nd som Lotto 6aus49 Det \u00e4r en av de \u00e4ldsta europeiska lotterierna, dess f\u00f6rsta dragning g\u00e5r tillbaka till oktober 9, 1955. Detta lotteri drivs f\u00f6r n\u00e4rvarande av Deutscher Lotto- und Totoblock, en grupp av 16 lotterioperat\u00f6rer i Tyskland. Var och en av dessa lotterier turas om att driva gruppen, och vart [&hellip;]<\/p>\n","protected":false},"author":2,"featured_media":0,"parent":16742,"menu_order":13,"comment_status":"closed","ping_status":"closed","template":"lotto-german-info.php","meta":{"_et_pb_use_builder":"","_et_pb_old_content":"","_et_gb_content_width":"","exclude_from_search":false,"footnotes":""},"class_list":["post-16853","page","type-page","status-publish","hentry"],"yoast_head":"<!-- This site is optimized with the Yoast SEO plugin v23.7 - https:\/\/yoast.com\/wordpress\/plugins\/seo\/ -->\n<title>All information fr\u00e5n lotto 6aus49 - LottoHoy.com<\/title>\n<meta name=\"description\" content=\"Du kommer att ha i din hand informationen om lotto 6aus49, f\u00f6r dina lotterisatsningar studeras hela tiden\" \/>\n<meta name=\"robots\" content=\"index, follow, max-snippet:-1, max-image-preview:large, max-video-preview:-1\" \/>\n<link rel=\"canonical\" href=\"https:\/\/lottohoy.com\/sv\/faq-om-lotteri-online\/lotto-6aus49-information\/\" \/>\n<meta property=\"og:locale\" content=\"sv_SE\" \/>\n<meta property=\"og:type\" content=\"article\" \/>\n<meta property=\"og:title\" content=\"All information fr\u00e5n lotto 6aus49 - LottoHoy.com\" \/>\n<meta property=\"og:description\" content=\"Du kommer att ha i din hand informationen om lotto 6aus49, f\u00f6r dina lotterisatsningar studeras hela tiden\" \/>\n<meta property=\"og:url\" content=\"https:\/\/lottohoy.com\/sv\/faq-om-lotteri-online\/lotto-6aus49-information\/\" \/>\n<meta property=\"og:site_name\" content=\"Lottohoy\" \/>\n<meta name=\"twitter:card\" content=\"summary_large_image\" \/>\n<meta name=\"twitter:label1\" content=\"Ber\u00e4knad l\u00e4stid\" \/>\n\t<meta name=\"twitter:data1\" content=\"2 minuter\" \/>\n<script type=\"application\/ld+json\" class=\"yoast-schema-graph\">{\"@context\":\"https:\/\/schema.org\",\"@graph\":[{\"@type\":\"WebPage\",\"@id\":\"https:\/\/lottohoy.com\/sv\/faq-om-lotteri-online\/lotto-6aus49-information\/\",\"url\":\"https:\/\/lottohoy.com\/sv\/faq-om-lotteri-online\/lotto-6aus49-information\/\",\"name\":\"All information fr\u00e5n lotto 6aus49 - LottoHoy.com\",\"isPartOf\":{\"@id\":\"https:\/\/lottohoy.com\/sv\/#website\"},\"datePublished\":\"2020-08-10T21:53:11+00:00\",\"dateModified\":\"2020-08-10T21:53:11+00:00\",\"description\":\"Du kommer att ha i din hand informationen om lotto 6aus49, f\u00f6r dina lotterisatsningar studeras hela tiden\",\"breadcrumb\":{\"@id\":\"https:\/\/lottohoy.com\/sv\/faq-om-lotteri-online\/lotto-6aus49-information\/#breadcrumb\"},\"inLanguage\":\"sv-SE\",\"potentialAction\":[{\"@type\":\"ReadAction\",\"target\":[\"https:\/\/lottohoy.com\/sv\/faq-om-lotteri-online\/lotto-6aus49-information\/\"]}]},{\"@type\":\"BreadcrumbList\",\"@id\":\"https:\/\/lottohoy.com\/sv\/faq-om-lotteri-online\/lotto-6aus49-information\/#breadcrumb\",\"itemListElement\":[{\"@type\":\"ListItem\",\"position\":1,\"name\":\"Home\",\"item\":\"https:\/\/lottohoy.com\/sv\/\"},{\"@type\":\"ListItem\",\"position\":2,\"name\":\"FAQ om lotteri online\",\"item\":\"https:\/\/lottohoy.com\/sv\/faq-om-lotteri-online\/\"},{\"@type\":\"ListItem\",\"position\":3,\"name\":\"Lotto 6aus49 Information\"}]},{\"@type\":\"WebSite\",\"@id\":\"https:\/\/lottohoy.com\/sv\/#website\",\"url\":\"https:\/\/lottohoy.com\/sv\/\",\"name\":\"Lottohoy\",\"description\":\"\",\"potentialAction\":[{\"@type\":\"SearchAction\",\"target\":{\"@type\":\"EntryPoint\",\"urlTemplate\":\"https:\/\/lottohoy.com\/sv\/?s={search_term_string}\"},\"query-input\":{\"@type\":\"PropertyValueSpecification\",\"valueRequired\":true,\"valueName\":\"search_term_string\"}}],\"inLanguage\":\"sv-SE\"}]}<\/script>\n<!-- \/ Yoast SEO plugin. -->","yoast_head_json":{"title":"All information fr\u00e5n lotto 6aus49 - LottoHoy.com","description":"Du kommer att ha i din hand informationen om lotto 6aus49, f\u00f6r dina lotterisatsningar studeras hela tiden","robots":{"index":"index","follow":"follow","max-snippet":"max-snippet:-1","max-image-preview":"max-image-preview:large","max-video-preview":"max-video-preview:-1"},"canonical":"https:\/\/lottohoy.com\/sv\/faq-om-lotteri-online\/lotto-6aus49-information\/","og_locale":"sv_SE","og_type":"article","og_title":"All information fr\u00e5n lotto 6aus49 - LottoHoy.com","og_description":"Du kommer att ha i din hand informationen om lotto 6aus49, f\u00f6r dina lotterisatsningar studeras hela tiden","og_url":"https:\/\/lottohoy.com\/sv\/faq-om-lotteri-online\/lotto-6aus49-information\/","og_site_name":"Lottohoy","twitter_card":"summary_large_image","twitter_misc":{"Ber\u00e4knad l\u00e4stid":"2 minuter"},"schema":{"@context":"https:\/\/schema.org","@graph":[{"@type":"WebPage","@id":"https:\/\/lottohoy.com\/sv\/faq-om-lotteri-online\/lotto-6aus49-information\/","url":"https:\/\/lottohoy.com\/sv\/faq-om-lotteri-online\/lotto-6aus49-information\/","name":"All information fr\u00e5n lotto 6aus49 - LottoHoy.com","isPartOf":{"@id":"https:\/\/lottohoy.com\/sv\/#website"},"datePublished":"2020-08-10T21:53:11+00:00","dateModified":"2020-08-10T21:53:11+00:00","description":"Du kommer att ha i din hand informationen om lotto 6aus49, f\u00f6r dina lotterisatsningar studeras hela tiden","breadcrumb":{"@id":"https:\/\/lottohoy.com\/sv\/faq-om-lotteri-online\/lotto-6aus49-information\/#breadcrumb"},"inLanguage":"sv-SE","potentialAction":[{"@type":"ReadAction","target":["https:\/\/lottohoy.com\/sv\/faq-om-lotteri-online\/lotto-6aus49-information\/"]}]},{"@type":"BreadcrumbList","@id":"https:\/\/lottohoy.com\/sv\/faq-om-lotteri-online\/lotto-6aus49-information\/#breadcrumb","itemListElement":[{"@type":"ListItem","position":1,"name":"Home","item":"https:\/\/lottohoy.com\/sv\/"},{"@type":"ListItem","position":2,"name":"FAQ om lotteri online","item":"https:\/\/lottohoy.com\/sv\/faq-om-lotteri-online\/"},{"@type":"ListItem","position":3,"name":"Lotto 6aus49 Information"}]},{"@type":"WebSite","@id":"https:\/\/lottohoy.com\/sv\/#website","url":"https:\/\/lottohoy.com\/sv\/","name":"Lottohoy","description":"","potentialAction":[{"@type":"SearchAction","target":{"@type":"EntryPoint","urlTemplate":"https:\/\/lottohoy.com\/sv\/?s={search_term_string}"},"query-input":{"@type":"PropertyValueSpecification","valueRequired":true,"valueName":"search_term_string"}}],"inLanguage":"sv-SE"}]}},"_links":{"self":[{"href":"https:\/\/lottohoy.com\/sv\/wp-json\/wp\/v2\/pages\/16853","targetHints":{"allow":["GET"]}}],"collection":[{"href":"https:\/\/lottohoy.com\/sv\/wp-json\/wp\/v2\/pages"}],"about":[{"href":"https:\/\/lottohoy.com\/sv\/wp-json\/wp\/v2\/types\/page"}],"author":[{"embeddable":true,"href":"https:\/\/lottohoy.com\/sv\/wp-json\/wp\/v2\/users\/2"}],"replies":[{"embeddable":true,"href":"https:\/\/lottohoy.com\/sv\/wp-json\/wp\/v2\/comments?post=16853"}],"version-history":[{"count":0,"href":"https:\/\/lottohoy.com\/sv\/wp-json\/wp\/v2\/pages\/16853\/revisions"}],"up":[{"embeddable":true,"href":"https:\/\/lottohoy.com\/sv\/wp-json\/wp\/v2\/pages\/16742"}],"wp:attachment":[{"href":"https:\/\/lottohoy.com\/sv\/wp-json\/wp\/v2\/media?parent=16853"}],"curies":[{"name":"wp","href":"https:\/\/api.w.org\/{rel}","templated":true}]}}