{"id":16852,"date":"2019-03-22T16:10:01","date_gmt":"2019-03-22T16:10:01","guid":{"rendered":"https:\/\/lottohoy.com\/faq-om-lotteri-online\/franska-lotto-faq\/"},"modified":"2019-03-22T16:10:01","modified_gmt":"2019-03-22T16:10:01","slug":"franska-lotto-faq","status":"publish","type":"page","link":"https:\/\/lottohoy.com\/sv\/faq-om-lotteri-online\/franska-lotto-faq\/","title":{"rendered":"Franska Lotto FAQ"},"content":{"rendered":"<h2><b>Vad \u00e4r den franska lotto?<\/b><\/h2>\n<p>Detta lotteri skapades 1976 och drivs av den franska regeringen. Sedan 2018 offentliggjordes dock 50% av det med tanken att g\u00f6ra det mer konkurrenskraftigt.<\/p>\n<p>Den minsta garanterade jackpotten f\u00f6r toppvinnare (5 + 1) \u00e4r \u20ac 2.000.000. Detta belopp \u00f6kas med \u20ac 1 000 000 om det inte finns n\u00e5gra vinnare, vilket konfigurerar en jackpot som kan ackumuleras f\u00f6r h\u00f6gst 34 dragningar.<\/p>\n<p>I h\u00e4ndelse av att det inte finns n\u00e5gon eftertr\u00e4dare efter dessa 34 efterf\u00f6ljande dragningar, det ackumulerade beloppet kommer att delas upp mellan f\u00f6ljande kategorier i n\u00e4sta dragning.<\/p>\n<h2><b>Hur man spelar French Lotto?<\/b><\/h2>\n<p>Att spela <a href=\"https:\/\/lottohoy.com\/play\/lotto-fr\/\"><strong>Lottery of France<\/strong><\/a> drar, spelaren m\u00e5ste konfigurera sina satsningar genom att v\u00e4lja fem nummer mellan 1 och 49, och en extra boll numrerad 1 till 10, b\u00e5da inklusive.<\/p>\n<h2><strong>Kategorier f\u00f6r prispool<\/strong><\/h2>\n<p>Det finns totalt nio priskategorier. Med undantag f\u00f6r den f\u00f6rsta kategorin (jackpotten) har resten av priskategorierna ett fast belopp f\u00f6r var och en, som vi kan se i f\u00f6ljande tabell:<\/p>\n<p><b>Kategorier Matcher Prisbelopp<\/b><\/p>\n<p>1: a. Kategori 5 + bollchans Jackpot<\/p>\n<p>2. Kategori 5 \u20ac 100 000<\/p>\n<p>3: e. Kategori 4 + chansboll 1000 \u20ac.<\/p>\n<p>4: e. Kategori 4 500 \u20ac.<\/p>\n<p>5. kategori Kategori 3 + chansboll 50 \u20ac.<\/p>\n<p>6. Kategori 3 Kategori 3 20 \u20ac.<\/p>\n<p>7. Kategori 2 Kategori 2 + chansboll 10 \u20ac.<\/p>\n<p>8:e Kategori 2 5 \u20ac.<\/p>\n<p>9. kategori bollchans 2,20 \u20ac<\/p>\n<p>Dessutom, 10 priser p\u00e5 20 000 \u20ac spelar in i varje dragningsformat, s\u00e5 alla fysiska biljetter st\u00e5r p\u00e5 spel, och oddsen f\u00f6r att vinna beror p\u00e5 antalet deltagare i dragningen<\/p>\n<h2><strong>Hur mycket kostar det att spela den franska Lotto?<\/strong><\/h2>\n<p>Priset p\u00e5 varje fransk Lotto-biljett p\u00e5 LottoHoy \u00e4r \u20ac 3,50.<\/p>\n<h2><b>S\u00e4rskilda ritningar av franska Lotto<\/b><\/h2>\n<p>I grund och botten, det finns tv\u00e5 specialdragningar: <strong>Dragningen fredagen den 13:<\/strong><sup><strong>e<\/strong><\/sup><strong> dragningen<\/strong> och <strong>Grand Loto de No\u00ebl:<\/strong><\/p>\n<p><strong>Fredagen den 13:<\/strong><sup><strong>e<\/strong><\/sup><strong> dragningen.<\/strong> Varje g\u00e5ng den <sup>13<\/sup>: e i m\u00e5naden faller p\u00e5 en fredag, en exceptionell dragning h\u00e5lls med ett specialpris p\u00e5 13 000 000 \u20ac plus 50 fasta priser i ett dragningssystem p\u00e5 20 000 \u20ac.<\/p>\n<p>F\u00f6r m\u00e5nga \u00e4r fredagen den 13:e vidskeplig, men n\u00e4r det g\u00e4ller franska Lotto \u00e4r den speciell &#8211; den f\u00f6rsta dragningen p\u00e5 franska National Lottery h\u00f6lls fredagen den <sup>13<\/sup>:e 1930.<\/p>\n<p><strong>Grand Loto de No\u00ebl<\/strong>. Grand Loto de No\u00ebl \u00e4r en annan speciell tombola som h\u00e5lls i Frankrike varje <sup>22<\/sup> december , liksom <strong>jul Gordo i Spanien<\/strong>.<\/p>\n<p>Det f\u00f6rsta kategoripriset v\u00e4rderas till 20 000 000 \u20ac och f\u00f6rutom priserna i de andra \u00e5tta kategorierna, det finns en speciell dragning f\u00f6r 100 dragkoder, med ett garanterat pris p\u00e5 20 000 \u20ac vardera.<\/p>\n<h2><b>Oddsen f\u00f6r att vinna den franska Lotto<\/b><\/h2>\n<p>Oddsen f\u00f6r att vinna det f\u00f6rsta kategoripriset \u00e4r 1 i 19,068,840, matchande toppen 5 siffror plus chansbollen.<\/p>\n<p>Medan, f\u00f6r att f\u00e5 n\u00e5got av de priser som erbjuds, oddsen \u00e4r 1 i 5.99<\/p>\n<p>Vi kan se i f\u00f6ljande ruta alla matematiska sannolikheter:<\/p>\n","protected":false},"excerpt":{"rendered":"<p>Vad \u00e4r den franska lotto? Detta lotteri skapades 1976 och drivs av den franska regeringen. Sedan 2018 offentliggjordes dock 50% av det med tanken att g\u00f6ra det mer konkurrenskraftigt. Den minsta garanterade jackpotten f\u00f6r toppvinnare (5 + 1) \u00e4r \u20ac 2.000.000. Detta belopp \u00f6kas med \u20ac 1 000 000 om det inte finns n\u00e5gra vinnare, [&hellip;]<\/p>\n","protected":false},"author":2,"featured_media":0,"parent":16742,"menu_order":12,"comment_status":"closed","ping_status":"closed","template":"lotto-fr-info.php","meta":{"_et_pb_use_builder":"","_et_pb_old_content":"","_et_gb_content_width":"","exclude_from_search":false,"footnotes":""},"class_list":["post-16852","page","type-page","status-publish","hentry"],"yoast_head":"<!-- This site is optimized with the Yoast SEO plugin v23.7 - https:\/\/yoast.com\/wordpress\/plugins\/seo\/ -->\n<title>\u25b7 Alla fr\u00e5gor och svar om franska Lotto | LottoHoy<\/title>\n<meta name=\"description\" content=\"All information du beh\u00f6ver veta om det st\u00f6rsta lotteriet som spelas i Frankrike. Regler, odds, priskategorier och alla andra fr\u00e5gor du kan ha.\" \/>\n<meta name=\"robots\" content=\"index, follow, max-snippet:-1, max-image-preview:large, max-video-preview:-1\" \/>\n<link rel=\"canonical\" href=\"https:\/\/lottohoy.com\/sv\/faq-om-lotteri-online\/franska-lotto-faq\/\" \/>\n<meta property=\"og:locale\" content=\"sv_SE\" \/>\n<meta property=\"og:type\" content=\"article\" \/>\n<meta property=\"og:title\" content=\"\u25b7 Alla fr\u00e5gor och svar om franska Lotto | LottoHoy\" \/>\n<meta property=\"og:description\" content=\"All information du beh\u00f6ver veta om det st\u00f6rsta lotteriet som spelas i Frankrike. Regler, odds, priskategorier och alla andra fr\u00e5gor du kan ha.\" \/>\n<meta property=\"og:url\" content=\"https:\/\/lottohoy.com\/sv\/faq-om-lotteri-online\/franska-lotto-faq\/\" \/>\n<meta property=\"og:site_name\" content=\"Lottohoy\" \/>\n<meta name=\"twitter:card\" content=\"summary_large_image\" \/>\n<meta name=\"twitter:label1\" content=\"Ber\u00e4knad l\u00e4stid\" \/>\n\t<meta name=\"twitter:data1\" content=\"2 minuter\" \/>\n<script type=\"application\/ld+json\" class=\"yoast-schema-graph\">{\"@context\":\"https:\/\/schema.org\",\"@graph\":[{\"@type\":\"WebPage\",\"@id\":\"https:\/\/lottohoy.com\/sv\/faq-om-lotteri-online\/franska-lotto-faq\/\",\"url\":\"https:\/\/lottohoy.com\/sv\/faq-om-lotteri-online\/franska-lotto-faq\/\",\"name\":\"\u25b7 Alla fr\u00e5gor och svar om franska Lotto | LottoHoy\",\"isPartOf\":{\"@id\":\"https:\/\/lottohoy.com\/sv\/#website\"},\"datePublished\":\"2019-03-22T16:10:01+00:00\",\"dateModified\":\"2019-03-22T16:10:01+00:00\",\"description\":\"All information du beh\u00f6ver veta om det st\u00f6rsta lotteriet som spelas i Frankrike. Regler, odds, priskategorier och alla andra fr\u00e5gor du kan ha.\",\"breadcrumb\":{\"@id\":\"https:\/\/lottohoy.com\/sv\/faq-om-lotteri-online\/franska-lotto-faq\/#breadcrumb\"},\"inLanguage\":\"sv-SE\",\"potentialAction\":[{\"@type\":\"ReadAction\",\"target\":[\"https:\/\/lottohoy.com\/sv\/faq-om-lotteri-online\/franska-lotto-faq\/\"]}]},{\"@type\":\"BreadcrumbList\",\"@id\":\"https:\/\/lottohoy.com\/sv\/faq-om-lotteri-online\/franska-lotto-faq\/#breadcrumb\",\"itemListElement\":[{\"@type\":\"ListItem\",\"position\":1,\"name\":\"Home\",\"item\":\"https:\/\/lottohoy.com\/sv\/\"},{\"@type\":\"ListItem\",\"position\":2,\"name\":\"FAQ om lotteri online\",\"item\":\"https:\/\/lottohoy.com\/sv\/faq-om-lotteri-online\/\"},{\"@type\":\"ListItem\",\"position\":3,\"name\":\"Franska Lotto FAQ\"}]},{\"@type\":\"WebSite\",\"@id\":\"https:\/\/lottohoy.com\/sv\/#website\",\"url\":\"https:\/\/lottohoy.com\/sv\/\",\"name\":\"Lottohoy\",\"description\":\"\",\"potentialAction\":[{\"@type\":\"SearchAction\",\"target\":{\"@type\":\"EntryPoint\",\"urlTemplate\":\"https:\/\/lottohoy.com\/sv\/?s={search_term_string}\"},\"query-input\":{\"@type\":\"PropertyValueSpecification\",\"valueRequired\":true,\"valueName\":\"search_term_string\"}}],\"inLanguage\":\"sv-SE\"}]}<\/script>\n<!-- \/ Yoast SEO plugin. -->","yoast_head_json":{"title":"\u25b7 Alla fr\u00e5gor och svar om franska Lotto | LottoHoy","description":"All information du beh\u00f6ver veta om det st\u00f6rsta lotteriet som spelas i Frankrike. Regler, odds, priskategorier och alla andra fr\u00e5gor du kan ha.","robots":{"index":"index","follow":"follow","max-snippet":"max-snippet:-1","max-image-preview":"max-image-preview:large","max-video-preview":"max-video-preview:-1"},"canonical":"https:\/\/lottohoy.com\/sv\/faq-om-lotteri-online\/franska-lotto-faq\/","og_locale":"sv_SE","og_type":"article","og_title":"\u25b7 Alla fr\u00e5gor och svar om franska Lotto | LottoHoy","og_description":"All information du beh\u00f6ver veta om det st\u00f6rsta lotteriet som spelas i Frankrike. Regler, odds, priskategorier och alla andra fr\u00e5gor du kan ha.","og_url":"https:\/\/lottohoy.com\/sv\/faq-om-lotteri-online\/franska-lotto-faq\/","og_site_name":"Lottohoy","twitter_card":"summary_large_image","twitter_misc":{"Ber\u00e4knad l\u00e4stid":"2 minuter"},"schema":{"@context":"https:\/\/schema.org","@graph":[{"@type":"WebPage","@id":"https:\/\/lottohoy.com\/sv\/faq-om-lotteri-online\/franska-lotto-faq\/","url":"https:\/\/lottohoy.com\/sv\/faq-om-lotteri-online\/franska-lotto-faq\/","name":"\u25b7 Alla fr\u00e5gor och svar om franska Lotto | LottoHoy","isPartOf":{"@id":"https:\/\/lottohoy.com\/sv\/#website"},"datePublished":"2019-03-22T16:10:01+00:00","dateModified":"2019-03-22T16:10:01+00:00","description":"All information du beh\u00f6ver veta om det st\u00f6rsta lotteriet som spelas i Frankrike. Regler, odds, priskategorier och alla andra fr\u00e5gor du kan ha.","breadcrumb":{"@id":"https:\/\/lottohoy.com\/sv\/faq-om-lotteri-online\/franska-lotto-faq\/#breadcrumb"},"inLanguage":"sv-SE","potentialAction":[{"@type":"ReadAction","target":["https:\/\/lottohoy.com\/sv\/faq-om-lotteri-online\/franska-lotto-faq\/"]}]},{"@type":"BreadcrumbList","@id":"https:\/\/lottohoy.com\/sv\/faq-om-lotteri-online\/franska-lotto-faq\/#breadcrumb","itemListElement":[{"@type":"ListItem","position":1,"name":"Home","item":"https:\/\/lottohoy.com\/sv\/"},{"@type":"ListItem","position":2,"name":"FAQ om lotteri online","item":"https:\/\/lottohoy.com\/sv\/faq-om-lotteri-online\/"},{"@type":"ListItem","position":3,"name":"Franska Lotto FAQ"}]},{"@type":"WebSite","@id":"https:\/\/lottohoy.com\/sv\/#website","url":"https:\/\/lottohoy.com\/sv\/","name":"Lottohoy","description":"","potentialAction":[{"@type":"SearchAction","target":{"@type":"EntryPoint","urlTemplate":"https:\/\/lottohoy.com\/sv\/?s={search_term_string}"},"query-input":{"@type":"PropertyValueSpecification","valueRequired":true,"valueName":"search_term_string"}}],"inLanguage":"sv-SE"}]}},"_links":{"self":[{"href":"https:\/\/lottohoy.com\/sv\/wp-json\/wp\/v2\/pages\/16852","targetHints":{"allow":["GET"]}}],"collection":[{"href":"https:\/\/lottohoy.com\/sv\/wp-json\/wp\/v2\/pages"}],"about":[{"href":"https:\/\/lottohoy.com\/sv\/wp-json\/wp\/v2\/types\/page"}],"author":[{"embeddable":true,"href":"https:\/\/lottohoy.com\/sv\/wp-json\/wp\/v2\/users\/2"}],"replies":[{"embeddable":true,"href":"https:\/\/lottohoy.com\/sv\/wp-json\/wp\/v2\/comments?post=16852"}],"version-history":[{"count":0,"href":"https:\/\/lottohoy.com\/sv\/wp-json\/wp\/v2\/pages\/16852\/revisions"}],"up":[{"embeddable":true,"href":"https:\/\/lottohoy.com\/sv\/wp-json\/wp\/v2\/pages\/16742"}],"wp:attachment":[{"href":"https:\/\/lottohoy.com\/sv\/wp-json\/wp\/v2\/media?parent=16852"}],"curies":[{"name":"wp","href":"https:\/\/api.w.org\/{rel}","templated":true}]}}