{"id":16839,"date":"2020-08-10T17:08:14","date_gmt":"2020-08-10T16:08:14","guid":{"rendered":"https:\/\/lottohoy.com\/faq-om-lotteri-online\/set-for-life-storbritannien-information\/"},"modified":"2020-08-10T17:08:14","modified_gmt":"2020-08-10T16:08:14","slug":"set-for-life-storbritannien-information","status":"publish","type":"page","link":"https:\/\/lottohoy.com\/sv\/faq-om-lotteri-online\/set-for-life-storbritannien-information\/","title":{"rendered":"Set For Life (Storbritannien) Information"},"content":{"rendered":"<h2>National Lotterys upps\u00e4ttning f\u00f6r livet (Storbritannien)<\/h2>\n<p>Letar efter ett annat s\u00e4tt att bel\u00f6na National Lottery-spelare i Storbritannien, Set for Life-spelet skapades, \u00e4ven kallad \u201dlivr\u00e4nta\u201d som etablerade som huvudattraktion betalningarna f\u00f6r den f\u00f6rsta och andra kategorin av priser, s\u00e5 att vinnarna skulle f\u00e5 en betalning varje m\u00e5nad med ett betydande belopp.<\/p>\n<p>F\u00f6r den f\u00f6rsta kategorin fastst\u00e4lldes en betalning p\u00e5 10 000 \u00a3 per m\u00e5nad i 30 \u00e5r f\u00f6r var och en av de fyra m\u00f6jliga vinnarna, och om det fanns fler vinnare i den f\u00f6rsta kategorin skulle det maximala priset p\u00e5 80 000 \u00a3 per m\u00e5nad delas proportionellt mellan vinnarna i den f\u00f6rsta kategorin.<\/p>\n<p>F\u00f6r den andra kategorin bestod priset av en utbetalning p\u00e5 10.000 \u00a3 per m\u00e5nad under ett helt \u00e5r. Det finns en begr\u00e4nsning p\u00e5 upp till 2.000.000 \u00a3 att f\u00f6rdela om fler \u00e4n 4 personer \u00e4r framg\u00e5ngsrika i den kategorin<\/p>\n<p>En eng\u00e5ngsbetalning kan ocks\u00e5 beg\u00e4ras. Icke-brittiska inv\u00e5nare kan bara f\u00e5 tillg\u00e5ng till priset i ett eng\u00e5ngsbelopp.<\/p>\n<p>Set for Life-lotteridragningarna h\u00e5lls varje m\u00e5ndag och torsdag kl 8pm. GMT<\/p>\n<h2>F\u00f6rdelar med att spela Set for Life UK online<\/h2>\n<p>&#8211; En av de stora f\u00f6rdelarna med att spela Set for Life UK \u00e4r bekv\u00e4mligheten med att kunna g\u00f6ra det n\u00e4r som helst p\u00e5 dagen eller natten, 24\/7, 365 dagar om \u00e5ret. Helt enkelt genom att ha en mobil enhet, surfplatta eller station\u00e4r dator, och var som helst i v\u00e4rlden.<\/p>\n<p>&#8211; Icke-brittiska inv\u00e5nare, genom onlineplattformar som LottoHoy.com har en verklig chans att f\u00e5 tillg\u00e5ng till detta saftiga lotteri och dess stora jackpottar.<\/p>\n<p>&#8211; Biljetten k\u00f6ps direkt fr\u00e5n den auktoriserade anl\u00e4ggningen och d\u00e4rmed \u00e4r deltagandet verkligt.<\/p>\n<p>&#8211; De vunna priserna anges omedelbart, upp till 2500 euro, efter offentligg\u00f6randet av de officiella resultaten<\/p>\n<p>&#8211; Det finns ocks\u00e5 en informationsbank f\u00f6r alla utf\u00f6rda operationer, f\u00f6rvaring av de k\u00f6pta biljetterna, d\u00e4rmed undvika eventuella f\u00f6rluster eller gl\u00f6mska.<\/p>\n<p>&#8211; Tidig information om alla b\u00e5tar n\u00e4r de ackumuleras s\u00e5 att m\u00f6jligheten att delta i dem inte missas.<\/p>\n<p>&#8211; Ett brett utbud av betalningsmetoder, ins\u00e4ttningar och uttag.<\/p>\n<h2>Prism\u00f6jligheter p\u00e5 Set for Life (UK)<\/h2>\n<p>Chanserna att f\u00e5 kombinationen av den f\u00f6rsta kategorin r\u00e4tt \u00e4r ungef\u00e4r 1 i 15 miljon<\/p>\n<p>Medan chanserna f\u00f6r framg\u00e5ng f\u00f6r den andra kategorin \u00e4r ungef\u00e4r 1 i 1,7 miljon.<\/p>\n<p>Att f\u00e5 ett av de priser som erbjuds av Set for Life \u00e4r en chans p\u00e5 1 av 12.<\/p>\n","protected":false},"excerpt":{"rendered":"<p>National Lotterys upps\u00e4ttning f\u00f6r livet (Storbritannien) Letar efter ett annat s\u00e4tt att bel\u00f6na National Lottery-spelare i Storbritannien, Set for Life-spelet skapades, \u00e4ven kallad \u201dlivr\u00e4nta\u201d som etablerade som huvudattraktion betalningarna f\u00f6r den f\u00f6rsta och andra kategorin av priser, s\u00e5 att vinnarna skulle f\u00e5 en betalning varje m\u00e5nad med ett betydande belopp. F\u00f6r den f\u00f6rsta kategorin fastst\u00e4lldes [&hellip;]<\/p>\n","protected":false},"author":2,"featured_media":0,"parent":16742,"menu_order":11,"comment_status":"closed","ping_status":"closed","template":"set-for-life-info.php","meta":{"_et_pb_use_builder":"","_et_pb_old_content":"","_et_gb_content_width":"","exclude_from_search":false,"footnotes":""},"class_list":["post-16839","page","type-page","status-publish","hentry"],"yoast_head":"<!-- This site is optimized with the Yoast SEO plugin v23.7 - https:\/\/yoast.com\/wordpress\/plugins\/seo\/ -->\n<title>All information om Set for Life (UK) lotteri - LottoHoy.com<\/title>\n<meta name=\"description\" content=\"Ett annat lotteri. Jackpotten kan samlas in i betalningar p\u00e5 20 000 euro per m\u00e5nad f\u00f6r 30 \u00e5r. Se information om Set for Life (UK)\" \/>\n<meta name=\"robots\" content=\"index, follow, max-snippet:-1, max-image-preview:large, max-video-preview:-1\" \/>\n<link rel=\"canonical\" href=\"https:\/\/lottohoy.com\/sv\/faq-om-lotteri-online\/set-for-life-storbritannien-information\/\" \/>\n<meta property=\"og:locale\" content=\"sv_SE\" \/>\n<meta property=\"og:type\" content=\"article\" \/>\n<meta property=\"og:title\" content=\"All information om Set for Life (UK) lotteri - LottoHoy.com\" \/>\n<meta property=\"og:description\" content=\"Ett annat lotteri. Jackpotten kan samlas in i betalningar p\u00e5 20 000 euro per m\u00e5nad f\u00f6r 30 \u00e5r. Se information om Set for Life (UK)\" \/>\n<meta property=\"og:url\" content=\"https:\/\/lottohoy.com\/sv\/faq-om-lotteri-online\/set-for-life-storbritannien-information\/\" \/>\n<meta property=\"og:site_name\" content=\"Lottohoy\" \/>\n<meta name=\"twitter:card\" content=\"summary_large_image\" \/>\n<meta name=\"twitter:label1\" content=\"Ber\u00e4knad l\u00e4stid\" \/>\n\t<meta name=\"twitter:data1\" content=\"2 minuter\" \/>\n<script type=\"application\/ld+json\" class=\"yoast-schema-graph\">{\"@context\":\"https:\/\/schema.org\",\"@graph\":[{\"@type\":\"WebPage\",\"@id\":\"https:\/\/lottohoy.com\/sv\/faq-om-lotteri-online\/set-for-life-storbritannien-information\/\",\"url\":\"https:\/\/lottohoy.com\/sv\/faq-om-lotteri-online\/set-for-life-storbritannien-information\/\",\"name\":\"All information om Set for Life (UK) lotteri - LottoHoy.com\",\"isPartOf\":{\"@id\":\"https:\/\/lottohoy.com\/sv\/#website\"},\"datePublished\":\"2020-08-10T16:08:14+00:00\",\"dateModified\":\"2020-08-10T16:08:14+00:00\",\"description\":\"Ett annat lotteri. Jackpotten kan samlas in i betalningar p\u00e5 20 000 euro per m\u00e5nad f\u00f6r 30 \u00e5r. Se information om Set for Life (UK)\",\"breadcrumb\":{\"@id\":\"https:\/\/lottohoy.com\/sv\/faq-om-lotteri-online\/set-for-life-storbritannien-information\/#breadcrumb\"},\"inLanguage\":\"sv-SE\",\"potentialAction\":[{\"@type\":\"ReadAction\",\"target\":[\"https:\/\/lottohoy.com\/sv\/faq-om-lotteri-online\/set-for-life-storbritannien-information\/\"]}]},{\"@type\":\"BreadcrumbList\",\"@id\":\"https:\/\/lottohoy.com\/sv\/faq-om-lotteri-online\/set-for-life-storbritannien-information\/#breadcrumb\",\"itemListElement\":[{\"@type\":\"ListItem\",\"position\":1,\"name\":\"Home\",\"item\":\"https:\/\/lottohoy.com\/sv\/\"},{\"@type\":\"ListItem\",\"position\":2,\"name\":\"FAQ om lotteri online\",\"item\":\"https:\/\/lottohoy.com\/sv\/faq-om-lotteri-online\/\"},{\"@type\":\"ListItem\",\"position\":3,\"name\":\"Set For Life (Storbritannien) Information\"}]},{\"@type\":\"WebSite\",\"@id\":\"https:\/\/lottohoy.com\/sv\/#website\",\"url\":\"https:\/\/lottohoy.com\/sv\/\",\"name\":\"Lottohoy\",\"description\":\"\",\"potentialAction\":[{\"@type\":\"SearchAction\",\"target\":{\"@type\":\"EntryPoint\",\"urlTemplate\":\"https:\/\/lottohoy.com\/sv\/?s={search_term_string}\"},\"query-input\":{\"@type\":\"PropertyValueSpecification\",\"valueRequired\":true,\"valueName\":\"search_term_string\"}}],\"inLanguage\":\"sv-SE\"}]}<\/script>\n<!-- \/ Yoast SEO plugin. -->","yoast_head_json":{"title":"All information om Set for Life (UK) lotteri - LottoHoy.com","description":"Ett annat lotteri. Jackpotten kan samlas in i betalningar p\u00e5 20 000 euro per m\u00e5nad f\u00f6r 30 \u00e5r. Se information om Set for Life (UK)","robots":{"index":"index","follow":"follow","max-snippet":"max-snippet:-1","max-image-preview":"max-image-preview:large","max-video-preview":"max-video-preview:-1"},"canonical":"https:\/\/lottohoy.com\/sv\/faq-om-lotteri-online\/set-for-life-storbritannien-information\/","og_locale":"sv_SE","og_type":"article","og_title":"All information om Set for Life (UK) lotteri - LottoHoy.com","og_description":"Ett annat lotteri. Jackpotten kan samlas in i betalningar p\u00e5 20 000 euro per m\u00e5nad f\u00f6r 30 \u00e5r. Se information om Set for Life (UK)","og_url":"https:\/\/lottohoy.com\/sv\/faq-om-lotteri-online\/set-for-life-storbritannien-information\/","og_site_name":"Lottohoy","twitter_card":"summary_large_image","twitter_misc":{"Ber\u00e4knad l\u00e4stid":"2 minuter"},"schema":{"@context":"https:\/\/schema.org","@graph":[{"@type":"WebPage","@id":"https:\/\/lottohoy.com\/sv\/faq-om-lotteri-online\/set-for-life-storbritannien-information\/","url":"https:\/\/lottohoy.com\/sv\/faq-om-lotteri-online\/set-for-life-storbritannien-information\/","name":"All information om Set for Life (UK) lotteri - LottoHoy.com","isPartOf":{"@id":"https:\/\/lottohoy.com\/sv\/#website"},"datePublished":"2020-08-10T16:08:14+00:00","dateModified":"2020-08-10T16:08:14+00:00","description":"Ett annat lotteri. Jackpotten kan samlas in i betalningar p\u00e5 20 000 euro per m\u00e5nad f\u00f6r 30 \u00e5r. Se information om Set for Life (UK)","breadcrumb":{"@id":"https:\/\/lottohoy.com\/sv\/faq-om-lotteri-online\/set-for-life-storbritannien-information\/#breadcrumb"},"inLanguage":"sv-SE","potentialAction":[{"@type":"ReadAction","target":["https:\/\/lottohoy.com\/sv\/faq-om-lotteri-online\/set-for-life-storbritannien-information\/"]}]},{"@type":"BreadcrumbList","@id":"https:\/\/lottohoy.com\/sv\/faq-om-lotteri-online\/set-for-life-storbritannien-information\/#breadcrumb","itemListElement":[{"@type":"ListItem","position":1,"name":"Home","item":"https:\/\/lottohoy.com\/sv\/"},{"@type":"ListItem","position":2,"name":"FAQ om lotteri online","item":"https:\/\/lottohoy.com\/sv\/faq-om-lotteri-online\/"},{"@type":"ListItem","position":3,"name":"Set For Life (Storbritannien) Information"}]},{"@type":"WebSite","@id":"https:\/\/lottohoy.com\/sv\/#website","url":"https:\/\/lottohoy.com\/sv\/","name":"Lottohoy","description":"","potentialAction":[{"@type":"SearchAction","target":{"@type":"EntryPoint","urlTemplate":"https:\/\/lottohoy.com\/sv\/?s={search_term_string}"},"query-input":{"@type":"PropertyValueSpecification","valueRequired":true,"valueName":"search_term_string"}}],"inLanguage":"sv-SE"}]}},"_links":{"self":[{"href":"https:\/\/lottohoy.com\/sv\/wp-json\/wp\/v2\/pages\/16839","targetHints":{"allow":["GET"]}}],"collection":[{"href":"https:\/\/lottohoy.com\/sv\/wp-json\/wp\/v2\/pages"}],"about":[{"href":"https:\/\/lottohoy.com\/sv\/wp-json\/wp\/v2\/types\/page"}],"author":[{"embeddable":true,"href":"https:\/\/lottohoy.com\/sv\/wp-json\/wp\/v2\/users\/2"}],"replies":[{"embeddable":true,"href":"https:\/\/lottohoy.com\/sv\/wp-json\/wp\/v2\/comments?post=16839"}],"version-history":[{"count":0,"href":"https:\/\/lottohoy.com\/sv\/wp-json\/wp\/v2\/pages\/16839\/revisions"}],"up":[{"embeddable":true,"href":"https:\/\/lottohoy.com\/sv\/wp-json\/wp\/v2\/pages\/16742"}],"wp:attachment":[{"href":"https:\/\/lottohoy.com\/sv\/wp-json\/wp\/v2\/media?parent=16839"}],"curies":[{"name":"wp","href":"https:\/\/api.w.org\/{rel}","templated":true}]}}