{"id":16838,"date":"2020-08-10T17:42:35","date_gmt":"2020-08-10T16:42:35","guid":{"rendered":"https:\/\/lottohoy.com\/faq-om-lotteri-online\/information-om-thunderball\/"},"modified":"2020-08-10T17:42:35","modified_gmt":"2020-08-10T16:42:35","slug":"information-om-thunderball","status":"publish","type":"page","link":"https:\/\/lottohoy.com\/sv\/faq-om-lotteri-online\/information-om-thunderball\/","title":{"rendered":"Information om Thunderball"},"content":{"rendered":"<h2>Information om Thunderball-lotteriet<\/h2>\n<p>F\u00f6r n\u00e4rvarande h\u00e5lls Thunderball-dragningar fyra g\u00e5nger i veckan (tisdagar, onsdagar, fredagar och l\u00f6rdagar). Den f\u00f6rsta Thunderball-dragningen h\u00f6lls i juni 1999.<\/p>\n<p>Inledningsvis var det bara en dragning per vecka p\u00e5 l\u00f6rdagar, och senare inkluderades onsdagsdragningen.<\/p>\n<p>Fram till maj 2010 drogs kombinationen mellan nummer 1 och 34, priset f\u00f6r den f\u00f6rsta kategorin var 250 000 pund, och det fanns ingen nionde priskategori eftersom det nu finns en enda Thunderball-match.<\/p>\n<p>Efter detta datum, fredagsdragningen introducerades ocks\u00e5, tillsammans med onsdags- och l\u00f6rdagsdragningarna, medan tisdagsdragningen lades till i januari 2018.<\/p>\n<p>Dessa f\u00f6r\u00e4ndringar resulterade i en \u00f6kning av toppriset till nuvarande \u00a3 500.000, medan de \u00e5terst\u00e5ende priserna n\u00e4stan halverades.<\/p>\n<h2>F\u00f6rdelar med att spela Thunderball online<\/h2>\n<p>&#8211; En av de stora f\u00f6rdelarna med att spela Thunderball \u00e4r bekv\u00e4mligheten med att kunna spela n\u00e4r som helst p\u00e5 dagen eller natten, 24\/7, 365 dagar om \u00e5ret. Helt enkelt genom att ha en mobil enhet, surfplatta eller station\u00e4r dator, och var som helst i v\u00e4rlden.<\/p>\n<p>&#8211; Icke-brittiska inv\u00e5nare, genom onlineplattformar som LottoHoy.com, har en verklig chans att f\u00e5 tillg\u00e5ng till detta saftiga lotteri med fasta priser f\u00f6r varje kategori, oavsett det insamlade beloppet.<\/p>\n<p>&#8211; Biljetten k\u00f6ps direkt fr\u00e5n den auktoriserade anl\u00e4ggningen och d\u00e4rmed \u00e4r deltagandet verkligt.<\/p>\n<p>&#8211; De vunna priserna anges direkt, upp till 2500 euro, efter offentligg\u00f6randet av de officiella resultaten<\/p>\n<p>&#8211; Det finns ocks\u00e5 en informationsbank f\u00f6r alla utf\u00f6rda operationer, f\u00f6rvaring av de k\u00f6pta biljetterna, vilket undviker eventuella f\u00f6rluster eller gl\u00f6mska.<\/p>\n<p>&#8211; Tidig information om alla b\u00e5tar n\u00e4r de ackumuleras s\u00e5 att m\u00f6jligheten att delta i dem inte missas.<\/p>\n<p>&#8211; Ett brett utbud av betalningsmetoder, ins\u00e4ttningar och uttag.<\/p>\n<h2>Sannolikheten f\u00f6r att vinna ett pris i Thunderball<\/h2>\n<p>Se tabellen nedan f\u00f6r den genomsnittliga summan pengar som kan vinnas i var och en av kategorierna, plus den statistiska sannolikheten f\u00f6r att vinna jackpotten eller n\u00e5got av de andra priserna i de \u00e5terst\u00e5ende 8 kategorier.<\/p>\n","protected":false},"excerpt":{"rendered":"<p>Information om Thunderball-lotteriet F\u00f6r n\u00e4rvarande h\u00e5lls Thunderball-dragningar fyra g\u00e5nger i veckan (tisdagar, onsdagar, fredagar och l\u00f6rdagar). Den f\u00f6rsta Thunderball-dragningen h\u00f6lls i juni 1999. Inledningsvis var det bara en dragning per vecka p\u00e5 l\u00f6rdagar, och senare inkluderades onsdagsdragningen. Fram till maj 2010 drogs kombinationen mellan nummer 1 och 34, priset f\u00f6r den f\u00f6rsta kategorin var 250 [&hellip;]<\/p>\n","protected":false},"author":2,"featured_media":0,"parent":16742,"menu_order":10,"comment_status":"closed","ping_status":"closed","template":"thunderball-info.php","meta":{"_et_pb_use_builder":"","_et_pb_old_content":"","_et_gb_content_width":"","exclude_from_search":false,"footnotes":""},"class_list":["post-16838","page","type-page","status-publish","hentry"],"yoast_head":"<!-- This site is optimized with the Yoast SEO plugin v23.7 - https:\/\/yoast.com\/wordpress\/plugins\/seo\/ -->\n<title>All information om Thunderball-lotteriet - LottoHoy.com<\/title>\n<meta name=\"description\" content=\"Fasta priser fastst\u00e4llda f\u00f6r var och en av Thunderball-kategorierna Ett bra alternativ att i f\u00f6rv\u00e4g k\u00e4nna till de m\u00f6jliga vinsterna.\" \/>\n<meta name=\"robots\" content=\"index, follow, max-snippet:-1, max-image-preview:large, max-video-preview:-1\" \/>\n<link rel=\"canonical\" href=\"https:\/\/lottohoy.com\/sv\/faq-om-lotteri-online\/information-om-thunderball\/\" \/>\n<meta property=\"og:locale\" content=\"sv_SE\" \/>\n<meta property=\"og:type\" content=\"article\" \/>\n<meta property=\"og:title\" content=\"All information om Thunderball-lotteriet - LottoHoy.com\" \/>\n<meta property=\"og:description\" content=\"Fasta priser fastst\u00e4llda f\u00f6r var och en av Thunderball-kategorierna Ett bra alternativ att i f\u00f6rv\u00e4g k\u00e4nna till de m\u00f6jliga vinsterna.\" \/>\n<meta property=\"og:url\" content=\"https:\/\/lottohoy.com\/sv\/faq-om-lotteri-online\/information-om-thunderball\/\" \/>\n<meta property=\"og:site_name\" content=\"Lottohoy\" \/>\n<meta name=\"twitter:card\" content=\"summary_large_image\" \/>\n<meta name=\"twitter:label1\" content=\"Ber\u00e4knad l\u00e4stid\" \/>\n\t<meta name=\"twitter:data1\" content=\"2 minuter\" \/>\n<script type=\"application\/ld+json\" class=\"yoast-schema-graph\">{\"@context\":\"https:\/\/schema.org\",\"@graph\":[{\"@type\":\"WebPage\",\"@id\":\"https:\/\/lottohoy.com\/sv\/faq-om-lotteri-online\/information-om-thunderball\/\",\"url\":\"https:\/\/lottohoy.com\/sv\/faq-om-lotteri-online\/information-om-thunderball\/\",\"name\":\"All information om Thunderball-lotteriet - LottoHoy.com\",\"isPartOf\":{\"@id\":\"https:\/\/lottohoy.com\/sv\/#website\"},\"datePublished\":\"2020-08-10T16:42:35+00:00\",\"dateModified\":\"2020-08-10T16:42:35+00:00\",\"description\":\"Fasta priser fastst\u00e4llda f\u00f6r var och en av Thunderball-kategorierna Ett bra alternativ att i f\u00f6rv\u00e4g k\u00e4nna till de m\u00f6jliga vinsterna.\",\"breadcrumb\":{\"@id\":\"https:\/\/lottohoy.com\/sv\/faq-om-lotteri-online\/information-om-thunderball\/#breadcrumb\"},\"inLanguage\":\"sv-SE\",\"potentialAction\":[{\"@type\":\"ReadAction\",\"target\":[\"https:\/\/lottohoy.com\/sv\/faq-om-lotteri-online\/information-om-thunderball\/\"]}]},{\"@type\":\"BreadcrumbList\",\"@id\":\"https:\/\/lottohoy.com\/sv\/faq-om-lotteri-online\/information-om-thunderball\/#breadcrumb\",\"itemListElement\":[{\"@type\":\"ListItem\",\"position\":1,\"name\":\"Home\",\"item\":\"https:\/\/lottohoy.com\/sv\/\"},{\"@type\":\"ListItem\",\"position\":2,\"name\":\"FAQ om lotteri online\",\"item\":\"https:\/\/lottohoy.com\/sv\/faq-om-lotteri-online\/\"},{\"@type\":\"ListItem\",\"position\":3,\"name\":\"Information om Thunderball\"}]},{\"@type\":\"WebSite\",\"@id\":\"https:\/\/lottohoy.com\/sv\/#website\",\"url\":\"https:\/\/lottohoy.com\/sv\/\",\"name\":\"Lottohoy\",\"description\":\"\",\"potentialAction\":[{\"@type\":\"SearchAction\",\"target\":{\"@type\":\"EntryPoint\",\"urlTemplate\":\"https:\/\/lottohoy.com\/sv\/?s={search_term_string}\"},\"query-input\":{\"@type\":\"PropertyValueSpecification\",\"valueRequired\":true,\"valueName\":\"search_term_string\"}}],\"inLanguage\":\"sv-SE\"}]}<\/script>\n<!-- \/ Yoast SEO plugin. -->","yoast_head_json":{"title":"All information om Thunderball-lotteriet - LottoHoy.com","description":"Fasta priser fastst\u00e4llda f\u00f6r var och en av Thunderball-kategorierna Ett bra alternativ att i f\u00f6rv\u00e4g k\u00e4nna till de m\u00f6jliga vinsterna.","robots":{"index":"index","follow":"follow","max-snippet":"max-snippet:-1","max-image-preview":"max-image-preview:large","max-video-preview":"max-video-preview:-1"},"canonical":"https:\/\/lottohoy.com\/sv\/faq-om-lotteri-online\/information-om-thunderball\/","og_locale":"sv_SE","og_type":"article","og_title":"All information om Thunderball-lotteriet - LottoHoy.com","og_description":"Fasta priser fastst\u00e4llda f\u00f6r var och en av Thunderball-kategorierna Ett bra alternativ att i f\u00f6rv\u00e4g k\u00e4nna till de m\u00f6jliga vinsterna.","og_url":"https:\/\/lottohoy.com\/sv\/faq-om-lotteri-online\/information-om-thunderball\/","og_site_name":"Lottohoy","twitter_card":"summary_large_image","twitter_misc":{"Ber\u00e4knad l\u00e4stid":"2 minuter"},"schema":{"@context":"https:\/\/schema.org","@graph":[{"@type":"WebPage","@id":"https:\/\/lottohoy.com\/sv\/faq-om-lotteri-online\/information-om-thunderball\/","url":"https:\/\/lottohoy.com\/sv\/faq-om-lotteri-online\/information-om-thunderball\/","name":"All information om Thunderball-lotteriet - LottoHoy.com","isPartOf":{"@id":"https:\/\/lottohoy.com\/sv\/#website"},"datePublished":"2020-08-10T16:42:35+00:00","dateModified":"2020-08-10T16:42:35+00:00","description":"Fasta priser fastst\u00e4llda f\u00f6r var och en av Thunderball-kategorierna Ett bra alternativ att i f\u00f6rv\u00e4g k\u00e4nna till de m\u00f6jliga vinsterna.","breadcrumb":{"@id":"https:\/\/lottohoy.com\/sv\/faq-om-lotteri-online\/information-om-thunderball\/#breadcrumb"},"inLanguage":"sv-SE","potentialAction":[{"@type":"ReadAction","target":["https:\/\/lottohoy.com\/sv\/faq-om-lotteri-online\/information-om-thunderball\/"]}]},{"@type":"BreadcrumbList","@id":"https:\/\/lottohoy.com\/sv\/faq-om-lotteri-online\/information-om-thunderball\/#breadcrumb","itemListElement":[{"@type":"ListItem","position":1,"name":"Home","item":"https:\/\/lottohoy.com\/sv\/"},{"@type":"ListItem","position":2,"name":"FAQ om lotteri online","item":"https:\/\/lottohoy.com\/sv\/faq-om-lotteri-online\/"},{"@type":"ListItem","position":3,"name":"Information om Thunderball"}]},{"@type":"WebSite","@id":"https:\/\/lottohoy.com\/sv\/#website","url":"https:\/\/lottohoy.com\/sv\/","name":"Lottohoy","description":"","potentialAction":[{"@type":"SearchAction","target":{"@type":"EntryPoint","urlTemplate":"https:\/\/lottohoy.com\/sv\/?s={search_term_string}"},"query-input":{"@type":"PropertyValueSpecification","valueRequired":true,"valueName":"search_term_string"}}],"inLanguage":"sv-SE"}]}},"_links":{"self":[{"href":"https:\/\/lottohoy.com\/sv\/wp-json\/wp\/v2\/pages\/16838","targetHints":{"allow":["GET"]}}],"collection":[{"href":"https:\/\/lottohoy.com\/sv\/wp-json\/wp\/v2\/pages"}],"about":[{"href":"https:\/\/lottohoy.com\/sv\/wp-json\/wp\/v2\/types\/page"}],"author":[{"embeddable":true,"href":"https:\/\/lottohoy.com\/sv\/wp-json\/wp\/v2\/users\/2"}],"replies":[{"embeddable":true,"href":"https:\/\/lottohoy.com\/sv\/wp-json\/wp\/v2\/comments?post=16838"}],"version-history":[{"count":0,"href":"https:\/\/lottohoy.com\/sv\/wp-json\/wp\/v2\/pages\/16838\/revisions"}],"up":[{"embeddable":true,"href":"https:\/\/lottohoy.com\/sv\/wp-json\/wp\/v2\/pages\/16742"}],"wp:attachment":[{"href":"https:\/\/lottohoy.com\/sv\/wp-json\/wp\/v2\/media?parent=16838"}],"curies":[{"name":"wp","href":"https:\/\/api.w.org\/{rel}","templated":true}]}}