{"id":16818,"date":"2018-08-21T10:17:14","date_gmt":"2018-08-21T09:17:14","guid":{"rendered":"https:\/\/lottohoy.com\/?page_id=16818"},"modified":"2025-03-25T13:03:34","modified_gmt":"2025-03-25T13:03:34","slug":"vanliga-fragor-om-la-primitiva","status":"publish","type":"page","link":"https:\/\/lottohoy.com\/sv\/faq-om-lotteri-online\/vanliga-fragor-om-la-primitiva\/","title":{"rendered":"Vanliga fr\u00e5gor om La Primitiva"},"content":{"rendered":"<p>La Primitiva \u00e4r ett lotterispel som g\u00e5r ut p\u00e5 att f\u00f6rutse sex nummer av 49 m\u00f6jliga. Spelet La Primitiva g\u00e5r tillbaka till ursprunget till det spanska lotteriet 1763.<\/p>\n<h2>La Primitiva regler<\/h2>\n<p>La Primitiva-reglerna \u00e4r mycket enkla. Spelet best\u00e5r av att f\u00f6ruts\u00e4ga sex nummer fr\u00e5n ett bord som inneh\u00e5ller 49 rutor, numrerade 1 till 49.<\/p>\n<p>Dessutom kan enkla eller flera satsningar g\u00f6ras. I en singel m\u00e5ste 6 nummer f\u00f6ruts\u00e4gas och du kan spela s\u00e5 m\u00e5nga kolumner du vill. Du kan ocks\u00e5 g\u00f6ra flera satsningar med endast den f\u00f6rsta av de f\u00f6rv\u00e4ntade kolumnerna, och markera det 7 eller fler nummer upp till h\u00f6gst 11.<\/p>\n<ul>\n<li>En multipel satsning p\u00e5 7 Primitiva nummer motsvarar 7 satsningar<\/li>\n<li>En multipelinsats p\u00e5 8 Primitiva nummer \u00e4r lika med 28 satsningar<\/li>\n<li>En multipel med 9 Primitiva nummer \u00e4r lika med 84 spel<\/li>\n<li>En multipel med 10 Primitiva-nummer \u00e4r lika med 210 spel<\/li>\n<li>En multipel av 11 Primitiva-nummer \u00e4r lika med 462 satsningar<\/li>\n<\/ul>\n<p>Bortsett fr\u00e5n dessa satsningar, det \u00e4r ocks\u00e5 m\u00f6jligt att spela 5 siffror i en officiell biljett, detta \u00e4r en multipel satsning d\u00e4r det saknade numret alltid automatiskt korrigeras. I det h\u00e4r fallet skulle det motsvara att g\u00f6ra 44 satsningar.<\/p>\n<h2><b>Vad \u00e4r \u00e5terbetalningsnumret f\u00f6r La Primitiva?<\/b><\/h2>\n<p>La Primitiva-\u00e5terbetalningen \u00e4r ett nummer som slumpm\u00e4ssigt tilldelas av systemet vid tidpunkten f\u00f6r validering av spelet.<\/p>\n<p>Priset best\u00e5r av en fast betalning som motsvarar beloppet f\u00f6r en enkel satsning, f\u00f6r var och en av de biljetter som inneh\u00e5ller det nummer som extraheras fr\u00e5n en andra trumma som inneh\u00e5ller bollar numrerade 0 till 9.<\/p>\n<h2><b>F\u00f6rdelar med att spela Primitiva online<\/b><\/h2>\n<p>Nya marknadstrender g\u00f6r att <a href=\"https:\/\/lottohoy.com\/play\/la-primitiva\/\"><strong>spela la Primitiva<\/strong><\/a> lika enkelt som att navigera p\u00e5 internet.<\/p>\n<p>Fr\u00e5n bekv\u00e4mligheten i ditt eget hem, arbetsplats eller fritid, med en enkel internetanslutning, kan du ha omedelbar tillg\u00e5ng till att satsa p\u00e5 alla lotterier och naturligtvis p\u00e5 Primitiva.<\/p>\n<p>Det finns m\u00e5nga f\u00f6rdelar med att spela online:<\/p>\n<ul>\n<li>Det \u00e4r enkelt, snabbt och bekv\u00e4mt och inneb\u00e4r inte att du beh\u00f6ver k\u00f6a.<\/li>\n<li>Att ha ett anv\u00e4ndarkonto p\u00e5 en online lotteriplattform inneb\u00e4r ocks\u00e5 konstant information om alla dragningar, ackumulerade jackpottar och priser som vunnits.<\/li>\n<li>Det \u00e4r en s\u00e4ker och p\u00e5litlig metod f\u00f6r alla banktransaktioner.<\/li>\n<li>Som registrerad anv\u00e4ndare, du f\u00f6rlorar aldrig en biljett, du informeras alltid omedelbart om alla utf\u00f6rda operationer: ink\u00f6p, betalningar, samlingar etc.<\/li>\n<li>N\u00e4r en registrerad anv\u00e4ndare vinner ett pris, beloppet f\u00f6r detta pris s\u00e4tts automatiskt in p\u00e5 deras anv\u00e4ndarkonto.<\/li>\n<\/ul>\n<h2><b>La Primitiva jackpot<\/b><\/h2>\n<p>Priset i specialkategorin, \u00e4ven k\u00e4nd som en jackpot, b\u00f6rjar alltid fr\u00e5n ett garanterat minimum p\u00e5 \u20ac 2.000.000.<\/p>\n<p>I h\u00e4ndelse av att det inte finns n\u00e5gon vinnare av den maximala kategorin i en dragning, beloppet ackumuleras f\u00f6r n\u00e4sta dragning i samma kategori tills n\u00e5gon s\u00e5 sm\u00e5ningom tr\u00e4ffar det stora priset.<\/p>\n<p>Den f\u00f6rsta jackpotten som betalades ut i La Primitivas historia var 62 miljoner pesetas (cirka 372 000 euro). Den st\u00f6rsta jackpotten som betalats ut hittills var 101 724 559,10 \u20ac som hade en enda vinnare i Barcelona, den <sup>15<\/sup> oktober 2015.<\/p>\n<h2>La Primitiva Joker<\/h2>\n<p>\u201dJokern\u201d, \u00e4r ett valfritt spel i samband med Primitive som har varit tillg\u00e4ngligt sedan 2012.<\/p>\n<p>N\u00e4r den fysiska biljetten spelas och du vill spela \u00e4ven Joker, du beh\u00f6ver bara markera motsvarande ruta. Systemet kommer automatiskt och slumpm\u00e4ssigt att tilldela La Primitiva-biljetten en kombination av 7 siffror som str\u00e4cker sig fr\u00e5n 0.000.000 till 9.999.999, b\u00e5da inklusive. Det numret \u00e4r unikt, s\u00e5 mer \u00e4n en vinnare av den f\u00f6rsta kategorin \u00e4r inte m\u00f6jlig.<\/p>\n<h3><b>Dragningen av Joker<\/b><\/h3>\n<p>Dragningen g\u00f6rs genom att sju bollar tas fr\u00e5n en annan trumma \u00e4n den som anv\u00e4ndes f\u00f6r den primitiva dragningen. Den trumman inneh\u00e5ller 10 bollar numrerade 0 till 9. Efter varje utdrag l\u00e4ggs kulan tillbaka i trumman, vilket inneb\u00e4r att samma kula kan komma ut vid mer \u00e4n ett tillf\u00e4lle.<\/p>\n<h3><b>Joker-priser<\/b><\/h3>\n<p>F\u00f6r att f\u00e5 ett pris m\u00e5ste siffrorna sammanfalla i samma ordning som de som dras i dragningen.<\/p>\n<p>Det finns sex priskategorier, med en fast tilldelning f\u00f6r varje kategori.<\/p>\n<p><b>kategorier Hit Awards<\/b><\/p>\n<p>1 till 7 1.000.000 euro<\/p>\n<p>2 till 6 100.000 euro<\/p>\n<p>3to 5 10.000 euro<\/p>\n<p>4to 4 1.000 euro<\/p>\n<p>5-3 \u20ac 100<\/p>\n<p>6-2 10 \u20ac<\/p>\n","protected":false},"excerpt":{"rendered":"<p>La Primitiva \u00e4r ett lotterispel som g\u00e5r ut p\u00e5 att f\u00f6rutse sex nummer av 49 m\u00f6jliga. Spelet La Primitiva g\u00e5r tillbaka till ursprunget till det spanska lotteriet 1763. La Primitiva regler La Primitiva-reglerna \u00e4r mycket enkla. Spelet best\u00e5r av att f\u00f6ruts\u00e4ga sex nummer fr\u00e5n ett bord som inneh\u00e5ller 49 rutor, numrerade 1 till 49. Dessutom [&hellip;]<\/p>\n","protected":false},"author":7,"featured_media":0,"parent":16742,"menu_order":6,"comment_status":"closed","ping_status":"closed","template":"la-primitiva-info.php","meta":{"_et_pb_use_builder":"","_et_pb_old_content":"","_et_gb_content_width":"","exclude_from_search":false,"footnotes":""},"class_list":["post-16818","page","type-page","status-publish","hentry"],"yoast_head":"<!-- This site is optimized with the Yoast SEO plugin v23.7 - https:\/\/yoast.com\/wordpress\/plugins\/seo\/ -->\n<title>La Primitiva FAQ - Online Lottery Guide - Lottohoy<\/title>\n<meta name=\"description\" content=\"Reglerna f\u00f6r La Primitiva \u00e4r mycket enkla. Spelet best\u00e5r i prognos 6 siffror p\u00e5 ett bord som inneh\u00e5ller 49 rutor numrerade fr\u00e5n 1 till 49.\" \/>\n<meta name=\"robots\" content=\"index, follow, max-snippet:-1, max-image-preview:large, max-video-preview:-1\" \/>\n<link rel=\"canonical\" href=\"https:\/\/lottohoy.com\/sv\/faq-om-lotteri-online\/vanliga-fragor-om-la-primitiva\/\" \/>\n<meta property=\"og:locale\" content=\"sv_SE\" \/>\n<meta property=\"og:type\" content=\"article\" \/>\n<meta property=\"og:title\" content=\"La Primitiva FAQ - Online Lottery Guide - Lottohoy\" \/>\n<meta property=\"og:description\" content=\"Reglerna f\u00f6r La Primitiva \u00e4r mycket enkla. Spelet best\u00e5r i prognos 6 siffror p\u00e5 ett bord som inneh\u00e5ller 49 rutor numrerade fr\u00e5n 1 till 49.\" \/>\n<meta property=\"og:url\" content=\"https:\/\/lottohoy.com\/sv\/faq-om-lotteri-online\/vanliga-fragor-om-la-primitiva\/\" \/>\n<meta property=\"og:site_name\" content=\"Lottohoy\" \/>\n<meta property=\"article:modified_time\" content=\"2025-03-25T13:03:34+00:00\" \/>\n<meta name=\"twitter:card\" content=\"summary_large_image\" \/>\n<meta name=\"twitter:label1\" content=\"Ber\u00e4knad l\u00e4stid\" \/>\n\t<meta name=\"twitter:data1\" content=\"3 minuter\" \/>\n<script type=\"application\/ld+json\" class=\"yoast-schema-graph\">{\"@context\":\"https:\/\/schema.org\",\"@graph\":[{\"@type\":\"WebPage\",\"@id\":\"https:\/\/lottohoy.com\/sv\/faq-om-lotteri-online\/vanliga-fragor-om-la-primitiva\/\",\"url\":\"https:\/\/lottohoy.com\/sv\/faq-om-lotteri-online\/vanliga-fragor-om-la-primitiva\/\",\"name\":\"La Primitiva FAQ - Online Lottery Guide - Lottohoy\",\"isPartOf\":{\"@id\":\"https:\/\/lottohoy.com\/sv\/#website\"},\"datePublished\":\"2018-08-21T09:17:14+00:00\",\"dateModified\":\"2025-03-25T13:03:34+00:00\",\"description\":\"Reglerna f\u00f6r La Primitiva \u00e4r mycket enkla. Spelet best\u00e5r i prognos 6 siffror p\u00e5 ett bord som inneh\u00e5ller 49 rutor numrerade fr\u00e5n 1 till 49.\",\"breadcrumb\":{\"@id\":\"https:\/\/lottohoy.com\/sv\/faq-om-lotteri-online\/vanliga-fragor-om-la-primitiva\/#breadcrumb\"},\"inLanguage\":\"sv-SE\",\"potentialAction\":[{\"@type\":\"ReadAction\",\"target\":[\"https:\/\/lottohoy.com\/sv\/faq-om-lotteri-online\/vanliga-fragor-om-la-primitiva\/\"]}]},{\"@type\":\"BreadcrumbList\",\"@id\":\"https:\/\/lottohoy.com\/sv\/faq-om-lotteri-online\/vanliga-fragor-om-la-primitiva\/#breadcrumb\",\"itemListElement\":[{\"@type\":\"ListItem\",\"position\":1,\"name\":\"Home\",\"item\":\"https:\/\/lottohoy.com\/sv\/\"},{\"@type\":\"ListItem\",\"position\":2,\"name\":\"FAQ om lotteri online\",\"item\":\"https:\/\/lottohoy.com\/sv\/faq-om-lotteri-online\/\"},{\"@type\":\"ListItem\",\"position\":3,\"name\":\"Vanliga fr\u00e5gor om La Primitiva\"}]},{\"@type\":\"WebSite\",\"@id\":\"https:\/\/lottohoy.com\/sv\/#website\",\"url\":\"https:\/\/lottohoy.com\/sv\/\",\"name\":\"Lottohoy\",\"description\":\"\",\"potentialAction\":[{\"@type\":\"SearchAction\",\"target\":{\"@type\":\"EntryPoint\",\"urlTemplate\":\"https:\/\/lottohoy.com\/sv\/?s={search_term_string}\"},\"query-input\":{\"@type\":\"PropertyValueSpecification\",\"valueRequired\":true,\"valueName\":\"search_term_string\"}}],\"inLanguage\":\"sv-SE\"}]}<\/script>\n<!-- \/ Yoast SEO plugin. -->","yoast_head_json":{"title":"La Primitiva FAQ - Online Lottery Guide - Lottohoy","description":"Reglerna f\u00f6r La Primitiva \u00e4r mycket enkla. Spelet best\u00e5r i prognos 6 siffror p\u00e5 ett bord som inneh\u00e5ller 49 rutor numrerade fr\u00e5n 1 till 49.","robots":{"index":"index","follow":"follow","max-snippet":"max-snippet:-1","max-image-preview":"max-image-preview:large","max-video-preview":"max-video-preview:-1"},"canonical":"https:\/\/lottohoy.com\/sv\/faq-om-lotteri-online\/vanliga-fragor-om-la-primitiva\/","og_locale":"sv_SE","og_type":"article","og_title":"La Primitiva FAQ - Online Lottery Guide - Lottohoy","og_description":"Reglerna f\u00f6r La Primitiva \u00e4r mycket enkla. Spelet best\u00e5r i prognos 6 siffror p\u00e5 ett bord som inneh\u00e5ller 49 rutor numrerade fr\u00e5n 1 till 49.","og_url":"https:\/\/lottohoy.com\/sv\/faq-om-lotteri-online\/vanliga-fragor-om-la-primitiva\/","og_site_name":"Lottohoy","article_modified_time":"2025-03-25T13:03:34+00:00","twitter_card":"summary_large_image","twitter_misc":{"Ber\u00e4knad l\u00e4stid":"3 minuter"},"schema":{"@context":"https:\/\/schema.org","@graph":[{"@type":"WebPage","@id":"https:\/\/lottohoy.com\/sv\/faq-om-lotteri-online\/vanliga-fragor-om-la-primitiva\/","url":"https:\/\/lottohoy.com\/sv\/faq-om-lotteri-online\/vanliga-fragor-om-la-primitiva\/","name":"La Primitiva FAQ - Online Lottery Guide - Lottohoy","isPartOf":{"@id":"https:\/\/lottohoy.com\/sv\/#website"},"datePublished":"2018-08-21T09:17:14+00:00","dateModified":"2025-03-25T13:03:34+00:00","description":"Reglerna f\u00f6r La Primitiva \u00e4r mycket enkla. Spelet best\u00e5r i prognos 6 siffror p\u00e5 ett bord som inneh\u00e5ller 49 rutor numrerade fr\u00e5n 1 till 49.","breadcrumb":{"@id":"https:\/\/lottohoy.com\/sv\/faq-om-lotteri-online\/vanliga-fragor-om-la-primitiva\/#breadcrumb"},"inLanguage":"sv-SE","potentialAction":[{"@type":"ReadAction","target":["https:\/\/lottohoy.com\/sv\/faq-om-lotteri-online\/vanliga-fragor-om-la-primitiva\/"]}]},{"@type":"BreadcrumbList","@id":"https:\/\/lottohoy.com\/sv\/faq-om-lotteri-online\/vanliga-fragor-om-la-primitiva\/#breadcrumb","itemListElement":[{"@type":"ListItem","position":1,"name":"Home","item":"https:\/\/lottohoy.com\/sv\/"},{"@type":"ListItem","position":2,"name":"FAQ om lotteri online","item":"https:\/\/lottohoy.com\/sv\/faq-om-lotteri-online\/"},{"@type":"ListItem","position":3,"name":"Vanliga fr\u00e5gor om La Primitiva"}]},{"@type":"WebSite","@id":"https:\/\/lottohoy.com\/sv\/#website","url":"https:\/\/lottohoy.com\/sv\/","name":"Lottohoy","description":"","potentialAction":[{"@type":"SearchAction","target":{"@type":"EntryPoint","urlTemplate":"https:\/\/lottohoy.com\/sv\/?s={search_term_string}"},"query-input":{"@type":"PropertyValueSpecification","valueRequired":true,"valueName":"search_term_string"}}],"inLanguage":"sv-SE"}]}},"_links":{"self":[{"href":"https:\/\/lottohoy.com\/sv\/wp-json\/wp\/v2\/pages\/16818","targetHints":{"allow":["GET"]}}],"collection":[{"href":"https:\/\/lottohoy.com\/sv\/wp-json\/wp\/v2\/pages"}],"about":[{"href":"https:\/\/lottohoy.com\/sv\/wp-json\/wp\/v2\/types\/page"}],"author":[{"embeddable":true,"href":"https:\/\/lottohoy.com\/sv\/wp-json\/wp\/v2\/users\/7"}],"replies":[{"embeddable":true,"href":"https:\/\/lottohoy.com\/sv\/wp-json\/wp\/v2\/comments?post=16818"}],"version-history":[{"count":1,"href":"https:\/\/lottohoy.com\/sv\/wp-json\/wp\/v2\/pages\/16818\/revisions"}],"predecessor-version":[{"id":16819,"href":"https:\/\/lottohoy.com\/sv\/wp-json\/wp\/v2\/pages\/16818\/revisions\/16819"}],"up":[{"embeddable":true,"href":"https:\/\/lottohoy.com\/sv\/wp-json\/wp\/v2\/pages\/16742"}],"wp:attachment":[{"href":"https:\/\/lottohoy.com\/sv\/wp-json\/wp\/v2\/media?parent=16818"}],"curies":[{"name":"wp","href":"https:\/\/api.w.org\/{rel}","templated":true}]}}