{"id":16816,"date":"2019-02-13T18:30:53","date_gmt":"2019-02-13T18:30:53","guid":{"rendered":"https:\/\/lottohoy.com\/faq-om-lotteri-online\/information-om-el-gordo-de-la-primitiva\/"},"modified":"2019-02-13T18:30:53","modified_gmt":"2019-02-13T18:30:53","slug":"information-om-el-gordo-de-la-primitiva","status":"publish","type":"page","link":"https:\/\/lottohoy.com\/sv\/faq-om-lotteri-online\/information-om-el-gordo-de-la-primitiva\/","title":{"rendered":"Information om El Gordo de la Primitiva"},"content":{"rendered":"<p>El Gordo de la Primitiva skapades av Loterias y Apuestas del Estado (LAE) i Spanien, som ett komplement till de tv\u00e5 andra lottospelen (Primitiva och BonoLoto).<\/p>\n<p>Den f\u00f6rsta dragningen h\u00f6lls den <sup>31<\/sup> oktober 1993, och ovanligt nog h\u00f6lls bara en enda m\u00e5natlig dragning, den sista s\u00f6ndagen i m\u00e5naden.<\/p>\n<p>Med ett startpris p\u00e5 500 pesetas (motsvarande idag 3,00 \u20ac) fick spelarna en dubbel chans att delta i spelet. Du kunde v\u00e4lja att k\u00f6pa en f\u00f6rtryckt biljett med kombinationen av de 5 huvudnumren, plus \u00e5terbetalningsnumret. Det andra alternativet gjorde det m\u00f6jligt f\u00f6r spelaren att v\u00e4lja sina egna nummer genom en lott i en annan f\u00e4rg.<\/p>\n<p>Detta system uppr\u00e4tth\u00f6lls fram till fyra \u00e5r senare, n\u00e4r i oktober 1997, dragningarna blev varje vecka p\u00e5 en s\u00f6ndag med n\u00e5gra betydande f\u00f6r\u00e4ndringar i dess regler.<\/p>\n<p>Eftersom dragningar best\u00e4ms och reserveras f\u00f6r vinnare i f\u00f6rsta kategorin, det \u00e4r bara m\u00f6jligt att f\u00e5 tillg\u00e5ng till en kumulativ jackpot om det inte finns n\u00e5gon vinnare i f\u00f6reg\u00e5ende dragning.<\/p>\n<p>Den <sup>31<\/sup> januari 2005, det skedde en betydande f\u00f6r\u00e4ndring av reglerna, med en garanterad minsta jackpot p\u00e5 \u20ac 5.000.000, och upp till \u00e5tta priskategorier, plus \u00e5terbetalningen. F\u00f6rv\u00e4ntningarna p\u00e5 att f\u00e5 pris \u00f6kade avsev\u00e4rt.<\/p>\n<h2><b>Vad \u00e4r El Gordo de la Primitiva?<\/b><\/h2>\n<p>El Gordo de la Primitiva \u00e4r i grunden ett hasardspel, d\u00e4r spelaren m\u00e5ste f\u00e5 s\u00e5 m\u00e5nga matchande nummer som m\u00f6jligt.<\/p>\n<p>N\u00e4r lotteriet h\u00e5lls dras fem bollar slumpm\u00e4ssigt fr\u00e5n en av de 54, med nummer mellan 1 och 54.<\/p>\n<p>P\u00e5 samma s\u00e4tt extraheras en boll fr\u00e5n en andra trumma, numrerad fr\u00e5n 0 till 9 som best\u00e5r av nyckelnumret eller \u00e5terbetalningen.<\/p>\n<p>Spelaren kan g\u00f6ra s\u00e5 m\u00e5nga satsningar som han eller hon vill och kan g\u00f6ra det manuellt genom att v\u00e4lja sina egna nummer eller genom att l\u00e5ta systemet v\u00e4lja en slumpm\u00e4ssig kombination.<\/p>\n<h2><strong>El Gordo de la Primitiva Pris<\/strong><\/h2>\n<p>Varje El Gordo-biljett kostar \u20ac 3, och du kan g\u00f6ra s\u00e5 m\u00e5nga satsningar som du vill.<\/p>\n<h2><b>Oddsen f\u00f6r att vinna El Gordo of la Primitiva<\/b><\/h2>\n<p>Oddsen f\u00f6r att vinna ett pris \u00e4r 1 i 19 (matchande tv\u00e5 huvudnummer), medan oddsen f\u00f6r att vinna det f\u00f6rsta kategoripriset minskar till 1 i 31,625,100.<\/p>\n<p>Det kan verka v\u00e4ldigt avl\u00e4gset om vi j\u00e4mf\u00f6r det med <strong>La Primitiva<\/strong> d\u00e4r oddsen \u00e4r 1 i 13.983.816, och mycket l\u00e4ttare \u00e4n Euromillions d\u00e4r oddsen \u00e4r 1 i 76.275.360<\/p>\n<h2>El Gordo mest tilldelade nummer<\/h2>\n<p>De 10 vanligaste extraherade vinnande siffrorna sedan den f\u00f6rsta dragningen, i stigande ordning, \u00e4r: 3, 6, 18, 21, 23, 11, 34, 27, 9 och 4<\/p>\n<p>\u00c5 andra sidan \u00e4r siffror som \u00e4r mest ovilliga att dyka upp i en dragning: 52, 50, 54, 51, 49, 46, 48, 47, 43 och 53.<\/p>\n<p>Nyfiken, eller hur? Siffror som \u00e4r minst ben\u00e4gna att dyka upp verkar vara av st\u00f6rre v\u00e4rde.<\/p>\n","protected":false},"excerpt":{"rendered":"<p>El Gordo de la Primitiva skapades av Loterias y Apuestas del Estado (LAE) i Spanien, som ett komplement till de tv\u00e5 andra lottospelen (Primitiva och BonoLoto). Den f\u00f6rsta dragningen h\u00f6lls den 31 oktober 1993, och ovanligt nog h\u00f6lls bara en enda m\u00e5natlig dragning, den sista s\u00f6ndagen i m\u00e5naden. Med ett startpris p\u00e5 500 pesetas (motsvarande [&hellip;]<\/p>\n","protected":false},"author":2,"featured_media":0,"parent":16742,"menu_order":6,"comment_status":"closed","ping_status":"closed","template":"el-gordo-info.php","meta":{"_et_pb_use_builder":"","_et_pb_old_content":"","_et_gb_content_width":"","exclude_from_search":false,"footnotes":""},"class_list":["post-16816","page","type-page","status-publish","hentry"],"yoast_head":"<!-- This site is optimized with the Yoast SEO plugin v23.7 - https:\/\/yoast.com\/wordpress\/plugins\/seo\/ -->\n<title>Information om El Gordo de la Primitiva - Lottohoy<\/title>\n<meta name=\"description\" content=\"Allt du beh\u00f6ver veta om El Gordo de la Primitiva, en av Spaniens mest k\u00e4nda lotterier, finns i v\u00e5r lotteriguide.\" \/>\n<meta name=\"robots\" content=\"index, follow, max-snippet:-1, max-image-preview:large, max-video-preview:-1\" \/>\n<link rel=\"canonical\" href=\"https:\/\/lottohoy.com\/sv\/faq-om-lotteri-online\/information-om-el-gordo-de-la-primitiva\/\" \/>\n<meta property=\"og:locale\" content=\"sv_SE\" \/>\n<meta property=\"og:type\" content=\"article\" \/>\n<meta property=\"og:title\" content=\"Information om El Gordo de la Primitiva - Lottohoy\" \/>\n<meta property=\"og:description\" content=\"Allt du beh\u00f6ver veta om El Gordo de la Primitiva, en av Spaniens mest k\u00e4nda lotterier, finns i v\u00e5r lotteriguide.\" \/>\n<meta property=\"og:url\" content=\"https:\/\/lottohoy.com\/sv\/faq-om-lotteri-online\/information-om-el-gordo-de-la-primitiva\/\" \/>\n<meta property=\"og:site_name\" content=\"Lottohoy\" \/>\n<meta name=\"twitter:card\" content=\"summary_large_image\" \/>\n<meta name=\"twitter:label1\" content=\"Ber\u00e4knad l\u00e4stid\" \/>\n\t<meta name=\"twitter:data1\" content=\"2 minuter\" \/>\n<script type=\"application\/ld+json\" class=\"yoast-schema-graph\">{\"@context\":\"https:\/\/schema.org\",\"@graph\":[{\"@type\":\"WebPage\",\"@id\":\"https:\/\/lottohoy.com\/sv\/faq-om-lotteri-online\/information-om-el-gordo-de-la-primitiva\/\",\"url\":\"https:\/\/lottohoy.com\/sv\/faq-om-lotteri-online\/information-om-el-gordo-de-la-primitiva\/\",\"name\":\"Information om El Gordo de la Primitiva - Lottohoy\",\"isPartOf\":{\"@id\":\"https:\/\/lottohoy.com\/sv\/#website\"},\"datePublished\":\"2019-02-13T18:30:53+00:00\",\"dateModified\":\"2019-02-13T18:30:53+00:00\",\"description\":\"Allt du beh\u00f6ver veta om El Gordo de la Primitiva, en av Spaniens mest k\u00e4nda lotterier, finns i v\u00e5r lotteriguide.\",\"breadcrumb\":{\"@id\":\"https:\/\/lottohoy.com\/sv\/faq-om-lotteri-online\/information-om-el-gordo-de-la-primitiva\/#breadcrumb\"},\"inLanguage\":\"sv-SE\",\"potentialAction\":[{\"@type\":\"ReadAction\",\"target\":[\"https:\/\/lottohoy.com\/sv\/faq-om-lotteri-online\/information-om-el-gordo-de-la-primitiva\/\"]}]},{\"@type\":\"BreadcrumbList\",\"@id\":\"https:\/\/lottohoy.com\/sv\/faq-om-lotteri-online\/information-om-el-gordo-de-la-primitiva\/#breadcrumb\",\"itemListElement\":[{\"@type\":\"ListItem\",\"position\":1,\"name\":\"Home\",\"item\":\"https:\/\/lottohoy.com\/sv\/\"},{\"@type\":\"ListItem\",\"position\":2,\"name\":\"FAQ om lotteri online\",\"item\":\"https:\/\/lottohoy.com\/sv\/faq-om-lotteri-online\/\"},{\"@type\":\"ListItem\",\"position\":3,\"name\":\"Information om El Gordo de la Primitiva\"}]},{\"@type\":\"WebSite\",\"@id\":\"https:\/\/lottohoy.com\/sv\/#website\",\"url\":\"https:\/\/lottohoy.com\/sv\/\",\"name\":\"Lottohoy\",\"description\":\"\",\"potentialAction\":[{\"@type\":\"SearchAction\",\"target\":{\"@type\":\"EntryPoint\",\"urlTemplate\":\"https:\/\/lottohoy.com\/sv\/?s={search_term_string}\"},\"query-input\":{\"@type\":\"PropertyValueSpecification\",\"valueRequired\":true,\"valueName\":\"search_term_string\"}}],\"inLanguage\":\"sv-SE\"}]}<\/script>\n<!-- \/ Yoast SEO plugin. -->","yoast_head_json":{"title":"Information om El Gordo de la Primitiva - Lottohoy","description":"Allt du beh\u00f6ver veta om El Gordo de la Primitiva, en av Spaniens mest k\u00e4nda lotterier, finns i v\u00e5r lotteriguide.","robots":{"index":"index","follow":"follow","max-snippet":"max-snippet:-1","max-image-preview":"max-image-preview:large","max-video-preview":"max-video-preview:-1"},"canonical":"https:\/\/lottohoy.com\/sv\/faq-om-lotteri-online\/information-om-el-gordo-de-la-primitiva\/","og_locale":"sv_SE","og_type":"article","og_title":"Information om El Gordo de la Primitiva - Lottohoy","og_description":"Allt du beh\u00f6ver veta om El Gordo de la Primitiva, en av Spaniens mest k\u00e4nda lotterier, finns i v\u00e5r lotteriguide.","og_url":"https:\/\/lottohoy.com\/sv\/faq-om-lotteri-online\/information-om-el-gordo-de-la-primitiva\/","og_site_name":"Lottohoy","twitter_card":"summary_large_image","twitter_misc":{"Ber\u00e4knad l\u00e4stid":"2 minuter"},"schema":{"@context":"https:\/\/schema.org","@graph":[{"@type":"WebPage","@id":"https:\/\/lottohoy.com\/sv\/faq-om-lotteri-online\/information-om-el-gordo-de-la-primitiva\/","url":"https:\/\/lottohoy.com\/sv\/faq-om-lotteri-online\/information-om-el-gordo-de-la-primitiva\/","name":"Information om El Gordo de la Primitiva - Lottohoy","isPartOf":{"@id":"https:\/\/lottohoy.com\/sv\/#website"},"datePublished":"2019-02-13T18:30:53+00:00","dateModified":"2019-02-13T18:30:53+00:00","description":"Allt du beh\u00f6ver veta om El Gordo de la Primitiva, en av Spaniens mest k\u00e4nda lotterier, finns i v\u00e5r lotteriguide.","breadcrumb":{"@id":"https:\/\/lottohoy.com\/sv\/faq-om-lotteri-online\/information-om-el-gordo-de-la-primitiva\/#breadcrumb"},"inLanguage":"sv-SE","potentialAction":[{"@type":"ReadAction","target":["https:\/\/lottohoy.com\/sv\/faq-om-lotteri-online\/information-om-el-gordo-de-la-primitiva\/"]}]},{"@type":"BreadcrumbList","@id":"https:\/\/lottohoy.com\/sv\/faq-om-lotteri-online\/information-om-el-gordo-de-la-primitiva\/#breadcrumb","itemListElement":[{"@type":"ListItem","position":1,"name":"Home","item":"https:\/\/lottohoy.com\/sv\/"},{"@type":"ListItem","position":2,"name":"FAQ om lotteri online","item":"https:\/\/lottohoy.com\/sv\/faq-om-lotteri-online\/"},{"@type":"ListItem","position":3,"name":"Information om El Gordo de la Primitiva"}]},{"@type":"WebSite","@id":"https:\/\/lottohoy.com\/sv\/#website","url":"https:\/\/lottohoy.com\/sv\/","name":"Lottohoy","description":"","potentialAction":[{"@type":"SearchAction","target":{"@type":"EntryPoint","urlTemplate":"https:\/\/lottohoy.com\/sv\/?s={search_term_string}"},"query-input":{"@type":"PropertyValueSpecification","valueRequired":true,"valueName":"search_term_string"}}],"inLanguage":"sv-SE"}]}},"_links":{"self":[{"href":"https:\/\/lottohoy.com\/sv\/wp-json\/wp\/v2\/pages\/16816","targetHints":{"allow":["GET"]}}],"collection":[{"href":"https:\/\/lottohoy.com\/sv\/wp-json\/wp\/v2\/pages"}],"about":[{"href":"https:\/\/lottohoy.com\/sv\/wp-json\/wp\/v2\/types\/page"}],"author":[{"embeddable":true,"href":"https:\/\/lottohoy.com\/sv\/wp-json\/wp\/v2\/users\/2"}],"replies":[{"embeddable":true,"href":"https:\/\/lottohoy.com\/sv\/wp-json\/wp\/v2\/comments?post=16816"}],"version-history":[{"count":0,"href":"https:\/\/lottohoy.com\/sv\/wp-json\/wp\/v2\/pages\/16816\/revisions"}],"up":[{"embeddable":true,"href":"https:\/\/lottohoy.com\/sv\/wp-json\/wp\/v2\/pages\/16742"}],"wp:attachment":[{"href":"https:\/\/lottohoy.com\/sv\/wp-json\/wp\/v2\/media?parent=16816"}],"curies":[{"name":"wp","href":"https:\/\/api.w.org\/{rel}","templated":true}]}}