{"id":16798,"date":"2018-05-03T14:23:35","date_gmt":"2018-05-03T13:23:35","guid":{"rendered":"https:\/\/lottohoy.com\/?page_id=16798"},"modified":"2025-03-25T12:48:13","modified_gmt":"2025-03-25T12:48:13","slug":"superenalotto-lotteri-faqsuperenalotto-lotteri-faq","status":"publish","type":"page","link":"https:\/\/lottohoy.com\/sv\/faq-om-lotteri-online\/superenalotto-lotteri-faqsuperenalotto-lotteri-faq\/","title":{"rendered":"SuperEnalotto lotteri FAQ"},"content":{"rendered":"<h2><strong>SuperEnalotto Italien<\/strong><\/h2>\n<p>SuperEnalotto har funnits sedan 1997, det \u00e5r d\u00e5 det ersatte Enalotto, dess f\u00f6reg\u00e5ngare. I b\u00f6rjan var valet av den vinnande kombinationen ganska komplicerat, eftersom det baserades p\u00e5 utvinningen av den f\u00f6rsta bollen fr\u00e5n var och en av trumman som firades i st\u00e4derna Bari, Florens, Milano, Rom, Neapel och Palermo.<\/p>\n<p>Det vill s\u00e4ga, var och en av dessa st\u00e4der gjorde ett eget lotteri, och den f\u00f6rsta bollen som extraherades fr\u00e5n varje trumma, var det som utgjorde den vinnande kombinationen av SuperEnalotto. I h\u00e4ndelse av att en av dessa bollar hade kommit ut med samma nummer som andra av trummorna, denna boll ersattes av den andra, tredje, etc.<\/p>\n<p>F\u00f6r att slutf\u00f6ra hela spelet fick den f\u00f6rsta bollen som togs fr\u00e5n Venedig-trumman kategorin Jolly, medan den f\u00f6rsta bollen som togs fr\u00e5n den nationella trumman valdes f\u00f6r att best\u00e4mma Super Star.<\/p>\n<p>All denna komplexitet f\u00f6renklades 2009 med den nya f\u00f6rordningen, som inneb\u00e4r att bollarna h\u00e4mtas direkt fr\u00e5n tv\u00e5 unika trummor. En av dem inneh\u00e5ller bollarna som kommer att best\u00e4mma kombinationen av sex nummer, plus en sjunde boll f\u00f6r Jolly, och den andra f\u00f6r att extrahera bollen f\u00f6r Super Star.<\/p>\n<h2><strong>Hur fungerar SuperEnalotto?<\/strong><\/h2>\n<p>SuperEnalotto \u00e4r en av de mest enkla lotterierna att spela. Du beh\u00f6ver bara v\u00e4lja 6 siffror som str\u00e4cker sig fr\u00e5n 1 till 90 och v\u00e4nta p\u00e5 resultaten.<\/p>\n<p>Att spela i LottoHoy, du beh\u00f6ver bara skapa ett konto och g\u00e5 till sidan <a href=\"https:\/\/lottohoy.com\/play\/superenalotto\/\"><strong>spela Superenalotto<\/strong><\/a> f\u00f6r att v\u00e4lja din favoritkombination. Sedan, efter dragningen f\u00e5r du information om de vinnande siffrorna, och dina priser krediteras ditt anv\u00e4ndarkonto.<\/p>\n<h2><strong>N\u00e4r dras SuperEnalotto?<\/strong><\/h2>\n<p>Det finns tre Superenalotto-dragningar per vecka: Tisdag, torsdag och l\u00f6rdag och de \u00e4ger rum kl 20:00 CET.<\/p>\n<p>Om dagen f\u00f6r dragningen \u00e4r en allm\u00e4n helgdag kan datumet \u00e4ndras. Detta kommer att meddelas i f\u00f6rv\u00e4g.<\/p>\n<h2><strong>Hur man spelar SuperEnalotto online<\/strong><\/h2>\n<p>Det finns m\u00e5nga f\u00f6rdelar med att spela superenalotto online:<\/p>\n<ul>\n<li>En av de stora f\u00f6rdelarna med att spela Superenalotto online \u00e4r att du kommer att kunna g\u00f6ra det n\u00e4r som helst p\u00e5 dagen eller natten, 24\/7, 365 dagar om \u00e5ret. Helt enkelt genom att ha en mobil enhet, en surfplatta eller dator, och var som helst i v\u00e4rlden.<\/li>\n<li>Icke-bosatta i Italien, genom LottoHoy.com har den verkliga m\u00f6jligheten att f\u00e5 tillg\u00e5ng till detta saftiga lotteri och dess stora jackpottar.<\/li>\n<li>Biljetten k\u00f6ps direkt fr\u00e5n den auktoriserade anl\u00e4ggningen och p\u00e5 det s\u00e4ttet \u00e4r deltagandet verkligt. Eller genom f\u00f6rs\u00e4kring.<\/li>\n<li>Ta emot dina vinster omedelbart efter att <a href=\"https:\/\/lottohoy.com\/results\/superenalotto\/\"><strong>Superenalotto-resultaten<\/strong><\/a> har publicerats.<\/li>\n<li>Information om alla utf\u00f6rda operationer.<\/li>\n<li>F\u00f6rvaring av de k\u00f6pta biljetterna, d\u00e4rmed undvika eventuella f\u00f6rluster eller f\u00f6rbiseenden.<\/li>\n<li>Punktlig information om alla jackpottar n\u00e4r de rullar \u00f6ver s\u00e5 att du inte missar chansen att delta i dem.<\/li>\n<li>Ett brett utbud av betalningsmetoder.<\/li>\n<\/ul>\n<h2><strong>Hur mycket kostar SuperEnalotto?<\/strong><\/h2>\n<p>P\u00e5 LottoHoy kan du spela SuperEnalotto fr\u00e5n startpriset p\u00e5 \u20ac 2. Detta \u00e4r det b\u00e4sta priset p\u00e5 internet f\u00f6r att f\u00e5 en s\u00e4ker och snabb upplevelse.<\/p>\n<h2><strong>Sannolikheter f\u00f6r att vinna ett pris i SuperEnalotto<\/strong><\/h2>\n<p>Kontrollera den genomsnittliga summan pengar som kan vinnas i var och en av kategorierna ut\u00f6ver den statistiska sannolikheten som du har f\u00f6r att tr\u00e4ffa n\u00e5got av priserna.<\/p>\n","protected":false},"excerpt":{"rendered":"<p>SuperEnalotto Italien SuperEnalotto har funnits sedan 1997, det \u00e5r d\u00e5 det ersatte Enalotto, dess f\u00f6reg\u00e5ngare. I b\u00f6rjan var valet av den vinnande kombinationen ganska komplicerat, eftersom det baserades p\u00e5 utvinningen av den f\u00f6rsta bollen fr\u00e5n var och en av trumman som firades i st\u00e4derna Bari, Florens, Milano, Rom, Neapel och Palermo. Det vill s\u00e4ga, var [&hellip;]<\/p>\n","protected":false},"author":7,"featured_media":0,"parent":16742,"menu_order":5,"comment_status":"closed","ping_status":"closed","template":"superenalotto-info.php","meta":{"_et_pb_use_builder":"","_et_pb_old_content":"","_et_gb_content_width":"","exclude_from_search":false,"footnotes":""},"class_list":["post-16798","page","type-page","status-publish","hentry"],"yoast_head":"<!-- This site is optimized with the Yoast SEO plugin v23.7 - https:\/\/yoast.com\/wordpress\/plugins\/seo\/ -->\n<title>\u25b7 SuperEnalotto FAQ - Italiens st\u00f6rsta lotteri<\/title>\n<meta name=\"description\" content=\"SuperEnalotto \u00e4r en av de b\u00e4sta lotterierna att spela. V\u00e4lj bara 6 siffror som str\u00e4cker sig fr\u00e5n 1 till 90 och v\u00e4nta p\u00e5 resultaten. Prova det online nu!\" \/>\n<meta name=\"robots\" content=\"index, follow, max-snippet:-1, max-image-preview:large, max-video-preview:-1\" \/>\n<link rel=\"canonical\" href=\"https:\/\/lottohoy.com\/sv\/faq-om-lotteri-online\/superenalotto-lotteri-faqsuperenalotto-lotteri-faq\/\" \/>\n<meta property=\"og:locale\" content=\"sv_SE\" \/>\n<meta property=\"og:type\" content=\"article\" \/>\n<meta property=\"og:title\" content=\"\u25b7 SuperEnalotto FAQ - Italiens st\u00f6rsta lotteri\" \/>\n<meta property=\"og:description\" content=\"SuperEnalotto \u00e4r en av de b\u00e4sta lotterierna att spela. V\u00e4lj bara 6 siffror som str\u00e4cker sig fr\u00e5n 1 till 90 och v\u00e4nta p\u00e5 resultaten. Prova det online nu!\" \/>\n<meta property=\"og:url\" content=\"https:\/\/lottohoy.com\/sv\/faq-om-lotteri-online\/superenalotto-lotteri-faqsuperenalotto-lotteri-faq\/\" \/>\n<meta property=\"og:site_name\" content=\"Lottohoy\" \/>\n<meta property=\"article:modified_time\" content=\"2025-03-25T12:48:13+00:00\" \/>\n<meta name=\"twitter:card\" content=\"summary_large_image\" \/>\n<meta name=\"twitter:label1\" content=\"Ber\u00e4knad l\u00e4stid\" \/>\n\t<meta name=\"twitter:data1\" content=\"3 minuter\" \/>\n<script type=\"application\/ld+json\" class=\"yoast-schema-graph\">{\"@context\":\"https:\/\/schema.org\",\"@graph\":[{\"@type\":\"WebPage\",\"@id\":\"https:\/\/lottohoy.com\/sv\/faq-om-lotteri-online\/superenalotto-lotteri-faqsuperenalotto-lotteri-faq\/\",\"url\":\"https:\/\/lottohoy.com\/sv\/faq-om-lotteri-online\/superenalotto-lotteri-faqsuperenalotto-lotteri-faq\/\",\"name\":\"\u25b7 SuperEnalotto FAQ - Italiens st\u00f6rsta lotteri\",\"isPartOf\":{\"@id\":\"https:\/\/lottohoy.com\/sv\/#website\"},\"datePublished\":\"2018-05-03T13:23:35+00:00\",\"dateModified\":\"2025-03-25T12:48:13+00:00\",\"description\":\"SuperEnalotto \u00e4r en av de b\u00e4sta lotterierna att spela. V\u00e4lj bara 6 siffror som str\u00e4cker sig fr\u00e5n 1 till 90 och v\u00e4nta p\u00e5 resultaten. Prova det online nu!\",\"breadcrumb\":{\"@id\":\"https:\/\/lottohoy.com\/sv\/faq-om-lotteri-online\/superenalotto-lotteri-faqsuperenalotto-lotteri-faq\/#breadcrumb\"},\"inLanguage\":\"sv-SE\",\"potentialAction\":[{\"@type\":\"ReadAction\",\"target\":[\"https:\/\/lottohoy.com\/sv\/faq-om-lotteri-online\/superenalotto-lotteri-faqsuperenalotto-lotteri-faq\/\"]}]},{\"@type\":\"BreadcrumbList\",\"@id\":\"https:\/\/lottohoy.com\/sv\/faq-om-lotteri-online\/superenalotto-lotteri-faqsuperenalotto-lotteri-faq\/#breadcrumb\",\"itemListElement\":[{\"@type\":\"ListItem\",\"position\":1,\"name\":\"Home\",\"item\":\"https:\/\/lottohoy.com\/sv\/\"},{\"@type\":\"ListItem\",\"position\":2,\"name\":\"FAQ om lotteri online\",\"item\":\"https:\/\/lottohoy.com\/sv\/faq-om-lotteri-online\/\"},{\"@type\":\"ListItem\",\"position\":3,\"name\":\"SuperEnalotto lotteri FAQ\"}]},{\"@type\":\"WebSite\",\"@id\":\"https:\/\/lottohoy.com\/sv\/#website\",\"url\":\"https:\/\/lottohoy.com\/sv\/\",\"name\":\"Lottohoy\",\"description\":\"\",\"potentialAction\":[{\"@type\":\"SearchAction\",\"target\":{\"@type\":\"EntryPoint\",\"urlTemplate\":\"https:\/\/lottohoy.com\/sv\/?s={search_term_string}\"},\"query-input\":{\"@type\":\"PropertyValueSpecification\",\"valueRequired\":true,\"valueName\":\"search_term_string\"}}],\"inLanguage\":\"sv-SE\"}]}<\/script>\n<!-- \/ Yoast SEO plugin. -->","yoast_head_json":{"title":"\u25b7 SuperEnalotto FAQ - Italiens st\u00f6rsta lotteri","description":"SuperEnalotto \u00e4r en av de b\u00e4sta lotterierna att spela. V\u00e4lj bara 6 siffror som str\u00e4cker sig fr\u00e5n 1 till 90 och v\u00e4nta p\u00e5 resultaten. Prova det online nu!","robots":{"index":"index","follow":"follow","max-snippet":"max-snippet:-1","max-image-preview":"max-image-preview:large","max-video-preview":"max-video-preview:-1"},"canonical":"https:\/\/lottohoy.com\/sv\/faq-om-lotteri-online\/superenalotto-lotteri-faqsuperenalotto-lotteri-faq\/","og_locale":"sv_SE","og_type":"article","og_title":"\u25b7 SuperEnalotto FAQ - Italiens st\u00f6rsta lotteri","og_description":"SuperEnalotto \u00e4r en av de b\u00e4sta lotterierna att spela. V\u00e4lj bara 6 siffror som str\u00e4cker sig fr\u00e5n 1 till 90 och v\u00e4nta p\u00e5 resultaten. Prova det online nu!","og_url":"https:\/\/lottohoy.com\/sv\/faq-om-lotteri-online\/superenalotto-lotteri-faqsuperenalotto-lotteri-faq\/","og_site_name":"Lottohoy","article_modified_time":"2025-03-25T12:48:13+00:00","twitter_card":"summary_large_image","twitter_misc":{"Ber\u00e4knad l\u00e4stid":"3 minuter"},"schema":{"@context":"https:\/\/schema.org","@graph":[{"@type":"WebPage","@id":"https:\/\/lottohoy.com\/sv\/faq-om-lotteri-online\/superenalotto-lotteri-faqsuperenalotto-lotteri-faq\/","url":"https:\/\/lottohoy.com\/sv\/faq-om-lotteri-online\/superenalotto-lotteri-faqsuperenalotto-lotteri-faq\/","name":"\u25b7 SuperEnalotto FAQ - Italiens st\u00f6rsta lotteri","isPartOf":{"@id":"https:\/\/lottohoy.com\/sv\/#website"},"datePublished":"2018-05-03T13:23:35+00:00","dateModified":"2025-03-25T12:48:13+00:00","description":"SuperEnalotto \u00e4r en av de b\u00e4sta lotterierna att spela. V\u00e4lj bara 6 siffror som str\u00e4cker sig fr\u00e5n 1 till 90 och v\u00e4nta p\u00e5 resultaten. Prova det online nu!","breadcrumb":{"@id":"https:\/\/lottohoy.com\/sv\/faq-om-lotteri-online\/superenalotto-lotteri-faqsuperenalotto-lotteri-faq\/#breadcrumb"},"inLanguage":"sv-SE","potentialAction":[{"@type":"ReadAction","target":["https:\/\/lottohoy.com\/sv\/faq-om-lotteri-online\/superenalotto-lotteri-faqsuperenalotto-lotteri-faq\/"]}]},{"@type":"BreadcrumbList","@id":"https:\/\/lottohoy.com\/sv\/faq-om-lotteri-online\/superenalotto-lotteri-faqsuperenalotto-lotteri-faq\/#breadcrumb","itemListElement":[{"@type":"ListItem","position":1,"name":"Home","item":"https:\/\/lottohoy.com\/sv\/"},{"@type":"ListItem","position":2,"name":"FAQ om lotteri online","item":"https:\/\/lottohoy.com\/sv\/faq-om-lotteri-online\/"},{"@type":"ListItem","position":3,"name":"SuperEnalotto lotteri FAQ"}]},{"@type":"WebSite","@id":"https:\/\/lottohoy.com\/sv\/#website","url":"https:\/\/lottohoy.com\/sv\/","name":"Lottohoy","description":"","potentialAction":[{"@type":"SearchAction","target":{"@type":"EntryPoint","urlTemplate":"https:\/\/lottohoy.com\/sv\/?s={search_term_string}"},"query-input":{"@type":"PropertyValueSpecification","valueRequired":true,"valueName":"search_term_string"}}],"inLanguage":"sv-SE"}]}},"_links":{"self":[{"href":"https:\/\/lottohoy.com\/sv\/wp-json\/wp\/v2\/pages\/16798","targetHints":{"allow":["GET"]}}],"collection":[{"href":"https:\/\/lottohoy.com\/sv\/wp-json\/wp\/v2\/pages"}],"about":[{"href":"https:\/\/lottohoy.com\/sv\/wp-json\/wp\/v2\/types\/page"}],"author":[{"embeddable":true,"href":"https:\/\/lottohoy.com\/sv\/wp-json\/wp\/v2\/users\/7"}],"replies":[{"embeddable":true,"href":"https:\/\/lottohoy.com\/sv\/wp-json\/wp\/v2\/comments?post=16798"}],"version-history":[{"count":1,"href":"https:\/\/lottohoy.com\/sv\/wp-json\/wp\/v2\/pages\/16798\/revisions"}],"predecessor-version":[{"id":16799,"href":"https:\/\/lottohoy.com\/sv\/wp-json\/wp\/v2\/pages\/16798\/revisions\/16799"}],"up":[{"embeddable":true,"href":"https:\/\/lottohoy.com\/sv\/wp-json\/wp\/v2\/pages\/16742"}],"wp:attachment":[{"href":"https:\/\/lottohoy.com\/sv\/wp-json\/wp\/v2\/media?parent=16798"}],"curies":[{"name":"wp","href":"https:\/\/api.w.org\/{rel}","templated":true}]}}