{"id":16796,"date":"2018-05-03T14:23:33","date_gmt":"2018-05-03T13:23:33","guid":{"rendered":"https:\/\/lottohoy.com\/faq-om-lotteri-online\/vanliga-fragor-om-eurojackpot-lotteriet\/"},"modified":"2018-05-03T14:23:33","modified_gmt":"2018-05-03T13:23:33","slug":"vanliga-fragor-om-eurojackpot-lotteriet","status":"publish","type":"page","link":"https:\/\/lottohoy.com\/sv\/faq-om-lotteri-online\/vanliga-fragor-om-eurojackpot-lotteriet\/","title":{"rendered":"Vanliga fr\u00e5gor om Eurojackpot-lotteriet"},"content":{"rendered":"<p>Eurojackpot-spelet har p\u00e5g\u00e5tt sedan 2012 och 17 europeiska l\u00e4nder deltar. Dragningen \u00e4ger rum varje tisdag och fredag; du kan k\u00f6pa biljetter b\u00e5de personligen och online genom att spela med oss.<\/p>\n<h2><strong>ONCE Eurojackpot-lotteri<\/strong><\/h2>\n<p>Eurojackpot-lotteriet i Spanien \u00e4r vanligtvis f\u00f6rknippat med ONCE (National Organization for the Blind in Spain) eftersom det \u00e4r en av de organisationer som deltar i lotteriet.<\/p>\n<p>I 2005, som ett resultat av <a href=\"https:\/\/lottohoy.com\/play\/euromillions\/\"><strong>Euromillions-lotteriets<\/strong><\/a>v\u00e4xande framg\u00e5ng , m\u00f6jligheten att skapa ett nytt europeiskt lotteri b\u00f6rjade ta form. Men det skulle dr\u00f6ja \u00e4nda till <strong>2011<\/strong> innan ett slutgiltigt avtal n\u00e5ddes om att lansera Eurojackpot.<\/p>\n<p>De l\u00e4nder som inledningsvis undertecknade avtalet var Tyskland, Danmark, Estland, Slovenien, Finland och Nederl\u00e4nderna. Senare ansl\u00f6t sig Italien, och det var inte f\u00f6rr\u00e4n den <sup>30<\/sup> juni 2012 som Spanien ansl\u00f6t sig.<\/p>\n<p>I februari 2013 var de deltagande l\u00e4nderna Kroatien, Island, Lettland, Litauen, Norge och Sverige. I oktober 2014 ansl\u00f6t sig Ungern och Tjeckien, Slovakien 2015 och slutligen Polen 2017, f\u00f6r att slutf\u00f6ra de nuvarande <strong>18 l\u00e4nderna som deltar i Eurojackpot<\/strong>.<\/p>\n<p>Med egenskaper som liknar Euromillions, detta lotteri skiljer sig fr\u00e4mst f\u00f6r att det begr\u00e4nsar den maximala jackpotten till <strong>120 miljoner euro<\/strong>, till skillnad fr\u00e5n EuroMillions, som \u00e4r begr\u00e4nsad till 250 miljon.<\/p>\n<h2><strong>Hur man spelar Eurojackpot online<\/strong><\/h2>\n<p>Att spela <strong>Eurojackpot-lotteriet<\/strong> p\u00e5 LottoHoy \u00e4r v\u00e4ldigt enkelt. Du beh\u00f6ver bara f\u00f6lja dessa steg:<\/p>\n<ul>\n<li style=\"list-style-type: none;\">\n<ul>\n<li>G\u00e5 till sidan <a href=\"https:\/\/lottohoy.com\/play\/eurojackpot\/\"><strong>spela Eurojackpot<\/strong><\/a>.<\/li>\n<li>V\u00e4lj <strong>fem nummer<\/strong> fr\u00e5n 1 till 50<\/li>\n<li>V\u00e4lj <strong>tv\u00e5 nummer<\/strong> fr\u00e5n 1 till 10<\/li>\n<li>G\u00f6r din betalning<\/li>\n<li>V\u00e4nta p\u00e5 n\u00e4sta Eurojackpot-dragning s\u00e5 kan du bara bli miljon\u00e4r!<\/li>\n<\/ul>\n<\/li>\n<\/ul>\n<p>Men f\u00f6rst m\u00e5ste du <a href=\"https:\/\/lottohoy.com\/signup\/\">\u00f6ppna ditt konto<\/a> p\u00e5 Lottohoy!<\/p>\n<h2><strong>N\u00e4r dras Eurojackpot?<\/strong><\/h2>\n<p>Eurojackpot dras <strong>tisdag och fredag kl 21:00 GMT<\/strong>, och h\u00e5lls i Helsingfors. Det finns m\u00e5nga l\u00e4nder som s\u00e4nder showen live, och andra som Spanien d\u00e4r det s\u00e4nds p\u00e5 fredagar med b\u00f6rjan kl 10:15 p.m.<\/p>\n<h2><strong>Eurojackpot-pris<\/strong><\/h2>\n<p>Det officiella priset f\u00f6r varje Eurojackpot-biljett i 16 av de 18 l\u00e4nder som ing\u00e5r i detta europeiska lotteri \u00e4r \u20ac 2 (p\u00e5 Island och Norge ber\u00e4knas detta pris i deras respektive valutor).<\/p>\n<p>P\u00e5 LottoHoy.com kan du spela Eurojackpot fr\u00e5n 3,5 \u20ac (m\u00f6jligen det l\u00e4gsta priset j\u00e4mf\u00f6rt med andra online-lotteriplattformar)<\/p>\n<p><strong>EuroJackpot-pris <\/strong>\u20ac 2<\/p>\n<p><strong>Eurojackpot-pris online <\/strong>\u20ac 3,50<\/p>\n<h2>Eurojackpot vs andra lotterier<\/h2>\n<p>Om du tittar i tabellen nedan f\u00e5r du veta <strong>varf\u00f6r Eurojackpot \u00e4r s\u00e5 k\u00e4nt<\/strong> bland lotterientusiaster <strong>.<\/strong><\/p>\n<p><b>Lotteri Pris Online Pris Jackpot Odds<\/b><\/p>\n<p>Eurojackpot 2,00 \u20ac 3,00 \u20ac 120.000.000 \u20ac 1 i 95.344.200<\/p>\n<p>Euromillions 2,50 \u20ac 3,30 \u20ac 250.000.000 \u20ac 1 i 139.838.160<\/p>\n<p>SuperEnalotto 1,00 \u20ac 3,00 \u20ac Ingen gr\u00e4ns 1 i 622.614.630<\/p>\n<p>PowerBall US 2,00 $ 3,00 \u20ac Ingen gr\u00e4ns 1 i 292.201.338<\/p>\n<p>MegaMillions 2,00 $ 3,00 \u20ac Ingen gr\u00e4ns 1 i 302.575.350<\/p>\n<p>La Primitiva 1,00 \u20ac 2,00 \u20ac Ingen gr\u00e4ns 1 i 139.838.160<\/p>\n<p>PowerBall AU 1,20 $ 1,50 \u20ac Ingen gr\u00e4ns 1 i 134.490.400<\/p>\n<p>UK Lottery 2,00 \u00a3 4,00 \u20ac 22.000.000 \u00a3 1 i 45.057.474<\/p>\n<p>Eurojackpot erbjuder inte bara m\u00f6jligheten att vinna <a href=\"https:\/\/lottohoy.com\/jackpots\/\">stora jackpottar<\/a> utan ocks\u00e5 n\u00e5gra av de <strong>b\u00e4sta oddsen<\/strong> j\u00e4mf\u00f6rt med andra lotterier.<\/p>\n<h2><strong>Oddsen f\u00f6r att vinna ett pris i Eurojackpot<\/strong><\/h2>\n<p>Vi har sammanst\u00e4llt den faktiska sannolikheten f\u00f6r att bli tilldelad i var och en av priskategorierna. Du kan ocks\u00e5 se % av det belopp som avsatts till priser som delas ut och den ber\u00e4knade summan pengar f\u00f6r varje niv\u00e5 p\u00e5 <a href=\"https:\/\/lottohoy.com\/results\/eurojackpot\/\">Eurojackpot-resultaten<\/a>.<\/p>\n","protected":false},"excerpt":{"rendered":"<p>Eurojackpot-spelet har p\u00e5g\u00e5tt sedan 2012 och 17 europeiska l\u00e4nder deltar. Dragningen \u00e4ger rum varje tisdag och fredag; du kan k\u00f6pa biljetter b\u00e5de personligen och online genom att spela med oss. ONCE Eurojackpot-lotteri Eurojackpot-lotteriet i Spanien \u00e4r vanligtvis f\u00f6rknippat med ONCE (National Organization for the Blind in Spain) eftersom det \u00e4r en av de organisationer som [&hellip;]<\/p>\n","protected":false},"author":2,"featured_media":0,"parent":16742,"menu_order":4,"comment_status":"closed","ping_status":"closed","template":"eurojackpot-info.php","meta":{"_et_pb_use_builder":"","_et_pb_old_content":"","_et_gb_content_width":"","exclude_from_search":false,"footnotes":""},"class_list":["post-16796","page","type-page","status-publish","hentry"],"yoast_head":"<!-- This site is optimized with the Yoast SEO plugin v23.7 - https:\/\/yoast.com\/wordpress\/plugins\/seo\/ -->\n<title>\u25b7 Eurojackpot Online\u3010Spela online lotteri\u3011- Lottohoy<\/title>\n<meta name=\"description\" content=\"Eurojackpot \u00e4r en av de b\u00e4sta lotterierna d\u00e4r ute p\u00e5 grund av dess massiva jackpottar. Skaffa din biljett nu och delta i n\u00e4sta dragning!\" \/>\n<meta name=\"robots\" content=\"index, follow, max-snippet:-1, max-image-preview:large, max-video-preview:-1\" \/>\n<link rel=\"canonical\" href=\"https:\/\/lottohoy.com\/sv\/faq-om-lotteri-online\/vanliga-fragor-om-eurojackpot-lotteriet\/\" \/>\n<meta property=\"og:locale\" content=\"sv_SE\" \/>\n<meta property=\"og:type\" content=\"article\" \/>\n<meta property=\"og:title\" content=\"\u25b7 Eurojackpot Online\u3010Spela online lotteri\u3011- Lottohoy\" \/>\n<meta property=\"og:description\" content=\"Eurojackpot \u00e4r en av de b\u00e4sta lotterierna d\u00e4r ute p\u00e5 grund av dess massiva jackpottar. Skaffa din biljett nu och delta i n\u00e4sta dragning!\" \/>\n<meta property=\"og:url\" content=\"https:\/\/lottohoy.com\/sv\/faq-om-lotteri-online\/vanliga-fragor-om-eurojackpot-lotteriet\/\" \/>\n<meta property=\"og:site_name\" content=\"Lottohoy\" \/>\n<meta name=\"twitter:card\" content=\"summary_large_image\" \/>\n<meta name=\"twitter:label1\" content=\"Ber\u00e4knad l\u00e4stid\" \/>\n\t<meta name=\"twitter:data1\" content=\"3 minuter\" \/>\n<script type=\"application\/ld+json\" class=\"yoast-schema-graph\">{\"@context\":\"https:\/\/schema.org\",\"@graph\":[{\"@type\":\"WebPage\",\"@id\":\"https:\/\/lottohoy.com\/sv\/faq-om-lotteri-online\/vanliga-fragor-om-eurojackpot-lotteriet\/\",\"url\":\"https:\/\/lottohoy.com\/sv\/faq-om-lotteri-online\/vanliga-fragor-om-eurojackpot-lotteriet\/\",\"name\":\"\u25b7 Eurojackpot Online\u3010Spela online lotteri\u3011- Lottohoy\",\"isPartOf\":{\"@id\":\"https:\/\/lottohoy.com\/sv\/#website\"},\"datePublished\":\"2018-05-03T13:23:33+00:00\",\"dateModified\":\"2018-05-03T13:23:33+00:00\",\"description\":\"Eurojackpot \u00e4r en av de b\u00e4sta lotterierna d\u00e4r ute p\u00e5 grund av dess massiva jackpottar. Skaffa din biljett nu och delta i n\u00e4sta dragning!\",\"breadcrumb\":{\"@id\":\"https:\/\/lottohoy.com\/sv\/faq-om-lotteri-online\/vanliga-fragor-om-eurojackpot-lotteriet\/#breadcrumb\"},\"inLanguage\":\"sv-SE\",\"potentialAction\":[{\"@type\":\"ReadAction\",\"target\":[\"https:\/\/lottohoy.com\/sv\/faq-om-lotteri-online\/vanliga-fragor-om-eurojackpot-lotteriet\/\"]}]},{\"@type\":\"BreadcrumbList\",\"@id\":\"https:\/\/lottohoy.com\/sv\/faq-om-lotteri-online\/vanliga-fragor-om-eurojackpot-lotteriet\/#breadcrumb\",\"itemListElement\":[{\"@type\":\"ListItem\",\"position\":1,\"name\":\"Home\",\"item\":\"https:\/\/lottohoy.com\/sv\/\"},{\"@type\":\"ListItem\",\"position\":2,\"name\":\"FAQ om lotteri online\",\"item\":\"https:\/\/lottohoy.com\/sv\/faq-om-lotteri-online\/\"},{\"@type\":\"ListItem\",\"position\":3,\"name\":\"Vanliga fr\u00e5gor om Eurojackpot-lotteriet\"}]},{\"@type\":\"WebSite\",\"@id\":\"https:\/\/lottohoy.com\/sv\/#website\",\"url\":\"https:\/\/lottohoy.com\/sv\/\",\"name\":\"Lottohoy\",\"description\":\"\",\"potentialAction\":[{\"@type\":\"SearchAction\",\"target\":{\"@type\":\"EntryPoint\",\"urlTemplate\":\"https:\/\/lottohoy.com\/sv\/?s={search_term_string}\"},\"query-input\":{\"@type\":\"PropertyValueSpecification\",\"valueRequired\":true,\"valueName\":\"search_term_string\"}}],\"inLanguage\":\"sv-SE\"}]}<\/script>\n<!-- \/ Yoast SEO plugin. -->","yoast_head_json":{"title":"\u25b7 Eurojackpot Online\u3010Spela online lotteri\u3011- Lottohoy","description":"Eurojackpot \u00e4r en av de b\u00e4sta lotterierna d\u00e4r ute p\u00e5 grund av dess massiva jackpottar. Skaffa din biljett nu och delta i n\u00e4sta dragning!","robots":{"index":"index","follow":"follow","max-snippet":"max-snippet:-1","max-image-preview":"max-image-preview:large","max-video-preview":"max-video-preview:-1"},"canonical":"https:\/\/lottohoy.com\/sv\/faq-om-lotteri-online\/vanliga-fragor-om-eurojackpot-lotteriet\/","og_locale":"sv_SE","og_type":"article","og_title":"\u25b7 Eurojackpot Online\u3010Spela online lotteri\u3011- Lottohoy","og_description":"Eurojackpot \u00e4r en av de b\u00e4sta lotterierna d\u00e4r ute p\u00e5 grund av dess massiva jackpottar. Skaffa din biljett nu och delta i n\u00e4sta dragning!","og_url":"https:\/\/lottohoy.com\/sv\/faq-om-lotteri-online\/vanliga-fragor-om-eurojackpot-lotteriet\/","og_site_name":"Lottohoy","twitter_card":"summary_large_image","twitter_misc":{"Ber\u00e4knad l\u00e4stid":"3 minuter"},"schema":{"@context":"https:\/\/schema.org","@graph":[{"@type":"WebPage","@id":"https:\/\/lottohoy.com\/sv\/faq-om-lotteri-online\/vanliga-fragor-om-eurojackpot-lotteriet\/","url":"https:\/\/lottohoy.com\/sv\/faq-om-lotteri-online\/vanliga-fragor-om-eurojackpot-lotteriet\/","name":"\u25b7 Eurojackpot Online\u3010Spela online lotteri\u3011- Lottohoy","isPartOf":{"@id":"https:\/\/lottohoy.com\/sv\/#website"},"datePublished":"2018-05-03T13:23:33+00:00","dateModified":"2018-05-03T13:23:33+00:00","description":"Eurojackpot \u00e4r en av de b\u00e4sta lotterierna d\u00e4r ute p\u00e5 grund av dess massiva jackpottar. Skaffa din biljett nu och delta i n\u00e4sta dragning!","breadcrumb":{"@id":"https:\/\/lottohoy.com\/sv\/faq-om-lotteri-online\/vanliga-fragor-om-eurojackpot-lotteriet\/#breadcrumb"},"inLanguage":"sv-SE","potentialAction":[{"@type":"ReadAction","target":["https:\/\/lottohoy.com\/sv\/faq-om-lotteri-online\/vanliga-fragor-om-eurojackpot-lotteriet\/"]}]},{"@type":"BreadcrumbList","@id":"https:\/\/lottohoy.com\/sv\/faq-om-lotteri-online\/vanliga-fragor-om-eurojackpot-lotteriet\/#breadcrumb","itemListElement":[{"@type":"ListItem","position":1,"name":"Home","item":"https:\/\/lottohoy.com\/sv\/"},{"@type":"ListItem","position":2,"name":"FAQ om lotteri online","item":"https:\/\/lottohoy.com\/sv\/faq-om-lotteri-online\/"},{"@type":"ListItem","position":3,"name":"Vanliga fr\u00e5gor om Eurojackpot-lotteriet"}]},{"@type":"WebSite","@id":"https:\/\/lottohoy.com\/sv\/#website","url":"https:\/\/lottohoy.com\/sv\/","name":"Lottohoy","description":"","potentialAction":[{"@type":"SearchAction","target":{"@type":"EntryPoint","urlTemplate":"https:\/\/lottohoy.com\/sv\/?s={search_term_string}"},"query-input":{"@type":"PropertyValueSpecification","valueRequired":true,"valueName":"search_term_string"}}],"inLanguage":"sv-SE"}]}},"_links":{"self":[{"href":"https:\/\/lottohoy.com\/sv\/wp-json\/wp\/v2\/pages\/16796","targetHints":{"allow":["GET"]}}],"collection":[{"href":"https:\/\/lottohoy.com\/sv\/wp-json\/wp\/v2\/pages"}],"about":[{"href":"https:\/\/lottohoy.com\/sv\/wp-json\/wp\/v2\/types\/page"}],"author":[{"embeddable":true,"href":"https:\/\/lottohoy.com\/sv\/wp-json\/wp\/v2\/users\/2"}],"replies":[{"embeddable":true,"href":"https:\/\/lottohoy.com\/sv\/wp-json\/wp\/v2\/comments?post=16796"}],"version-history":[{"count":0,"href":"https:\/\/lottohoy.com\/sv\/wp-json\/wp\/v2\/pages\/16796\/revisions"}],"up":[{"embeddable":true,"href":"https:\/\/lottohoy.com\/sv\/wp-json\/wp\/v2\/pages\/16742"}],"wp:attachment":[{"href":"https:\/\/lottohoy.com\/sv\/wp-json\/wp\/v2\/media?parent=16796"}],"curies":[{"name":"wp","href":"https:\/\/api.w.org\/{rel}","templated":true}]}}