{"id":16784,"date":"2018-05-03T14:23:36","date_gmt":"2018-05-03T13:23:36","guid":{"rendered":"https:\/\/lottohoy.com\/faq-om-lotteri-online\/vanliga-fragor-om-uk-lottery\/"},"modified":"2018-05-03T14:23:36","modified_gmt":"2018-05-03T13:23:36","slug":"vanliga-fragor-om-uk-lottery","status":"publish","type":"page","link":"https:\/\/lottohoy.com\/sv\/faq-om-lotteri-online\/vanliga-fragor-om-uk-lottery\/","title":{"rendered":"Vanliga fr\u00e5gor om UK Lottery"},"content":{"rendered":"<p>UK Lottery startades i 1994. Detta brittiska lotteri erbjuder en minsta jackpot p\u00e5 \u00a3 2.500.000.<\/p>\n<p>Dragningar h\u00e5lls p\u00e5 onsdagar och l\u00f6rdagar.<\/p>\n<h2><strong>Vad \u00e4r UK Lotto?<\/strong><\/h2>\n<p>Lotto UK \u00e4r det nationella lotteriet i Storbritannien. I Det skapades i 1994 och sedan dess har intresset f\u00f6r det \u00f6kat.<\/p>\n<p>Bollarna som best\u00e4mmer de vinnande kombinationerna, av vilka det finns 59 totalt, \u00e4r indelade i f\u00e4rger s\u00e5 att varje sekvens av tio nummer har en annan f\u00e4rg (1 till 9 \u00e4r vita, 10 till 19 bl\u00e5, sedan rosa, gr\u00f6n, gul och lila ).<\/p>\n<p>Dragningen best\u00e5r i att extrahera sex bollar + en sjunde som en \u201dbonus\u201d, varje insatsbiljett har en kod med bokst\u00e4ver och siffror bifogade f\u00f6r att delta i Millionaire Raffle utan kostnad, i fysiska administrationer.<\/p>\n<p>Den minsta garanterade jackpotten \u00e4r \u00a3 2 500 000, medan det maximala som kan n\u00e5s med olika rollover \u00e4r 22 miljoner pund.<\/p>\n<p>Det finns sex priskategorier f\u00f6r de <a href=\"https:\/\/lottohoy.com\/results\/lotto-uk\/\">brittiska lottoresultaten<\/a>:<\/p>\n<ul>\n<li>F\u00f6rsta kategorin: Genom att gissa 6 siffrorna f\u00f6r den extraherade kombinationen.<\/li>\n<li>Andra kategorin: Genom att gissa 5 siffror + bonusbollen, du vinner ett uppskattat pris p\u00e5 \u00a3 50 000.<\/li>\n<li>Tredje kategorin: Genom att gissa fem nummer, du vinner ett uppskattat pris p\u00e5 \u00a3 1 000.<\/li>\n<li>Fj\u00e4rde kategorin: Genom att sl\u00e5 fyra nummer, du vinner ett uppskattat pris p\u00e5 \u00a3 100.<\/li>\n<li>Femte kategorin: Genom att gissa tre nummer, du vinner 25 \u00a3.<\/li>\n<li>Sj\u00e4tte kategorin: Genom att sl\u00e5 tv\u00e5 nummer, vinn en gratis Lucky Lotto Lotto-biljett.<\/li>\n<\/ul>\n<h2><strong>Hur man spelar UK Lotto?<\/strong><\/h2>\n<p>Att spela UK Lotto p\u00e5 LottoHoy.com \u00e4r v\u00e4ldigt enkelt. I Om du redan har ett anv\u00e4ndarkonto, det handlar helt enkelt om att hitta Lotto UK-sidan, g\u00f6r de satsningar du vill ha och forts\u00e4tt till betalning.<\/p>\n<p>F\u00f6r de personer som \u00e4nnu inte har ett anv\u00e4ndarkonto, de kan registrera sig p\u00e5 n\u00e5gra sekunder ;intr\u00e4desproceduren \u00e4r densamma.<\/p>\n<p>En g\u00e5ng p\u00e5 UK Lotto spelsida, du kommer att se fem block eller kolumner med rutor numrerade 1 till 59 respektive, och du m\u00e5ste v\u00e4lja sex nummer fr\u00e5n den f\u00f6rsta kolumnen (en biljett) om du vill g\u00f6ra en enda satsning.<\/p>\n<p>Om du vill spela fler kolumner visar den h\u00e4r sidan upp till fem kolumner, men genom att klicka p\u00e5 rutan som s\u00e4ger FLER LINJER f\u00e5r du chansen att ha s\u00e5 m\u00e5nga biljetter som du vill.<\/p>\n<p>N\u00e4r du v\u00e4l har best\u00e4mt dig, klicka p\u00e5 FORTS\u00c4TT och g\u00f6r betalningen.<\/p>\n<h2><strong>Hur mycket kostar UK Lotto-biljetter?<\/strong><\/h2>\n<p>P\u00e5 LottoHoy kan du k\u00f6pa dina biljetter till det brittiska lotteriet fr\u00e5n ett startpris p\u00e5 4,75 \u20ac<\/p>\n<h2><strong>Sannolikheter f\u00f6r att vinna UK Lotto<\/strong><\/h2>\n<p>Vi vill alla vinna s\u00e5 mycket pengar som m\u00f6jligt n\u00e4r vi <a href=\"https:\/\/lottohoy.com\/play\/lotto-uk\/\"><strong>spelar UK Lotto<\/strong><\/a>. I f\u00f6ljande tabell kan du kontrollera hur troligt det \u00e4r att du vinner n\u00e5got av priserna.<\/p>\n","protected":false},"excerpt":{"rendered":"<p>UK Lottery startades i 1994. Detta brittiska lotteri erbjuder en minsta jackpot p\u00e5 \u00a3 2.500.000. Dragningar h\u00e5lls p\u00e5 onsdagar och l\u00f6rdagar. Vad \u00e4r UK Lotto? Lotto UK \u00e4r det nationella lotteriet i Storbritannien. I Det skapades i 1994 och sedan dess har intresset f\u00f6r det \u00f6kat. Bollarna som best\u00e4mmer de vinnande kombinationerna, av vilka det [&hellip;]<\/p>\n","protected":false},"author":2,"featured_media":0,"parent":16742,"menu_order":3,"comment_status":"closed","ping_status":"closed","template":"lotto-uk-info.php","meta":{"_et_pb_use_builder":"","_et_pb_old_content":"","_et_gb_content_width":"","exclude_from_search":false,"footnotes":""},"class_list":["post-16784","page","type-page","status-publish","hentry"],"yoast_head":"<!-- This site is optimized with the Yoast SEO plugin v23.7 - https:\/\/yoast.com\/wordpress\/plugins\/seo\/ -->\n<title>\u25b7 UK Lottery | Hur man spelar, jackpottar, priser - Lottohoy<\/title>\n<meta name=\"description\" content=\"Lotto UK \u00e4r en av de mest popul\u00e4ra lotterierna d\u00e4r ute. V\u00e4lj dina favoritnummer och f\u00e5 din biljett nu. Stora jackpottar v\u00e4ntar p\u00e5 dig.\" \/>\n<meta name=\"robots\" content=\"index, follow, max-snippet:-1, max-image-preview:large, max-video-preview:-1\" \/>\n<link rel=\"canonical\" href=\"https:\/\/lottohoy.com\/sv\/faq-om-lotteri-online\/vanliga-fragor-om-uk-lottery\/\" \/>\n<meta property=\"og:locale\" content=\"sv_SE\" \/>\n<meta property=\"og:type\" content=\"article\" \/>\n<meta property=\"og:title\" content=\"\u25b7 UK Lottery | Hur man spelar, jackpottar, priser - Lottohoy\" \/>\n<meta property=\"og:description\" content=\"Lotto UK \u00e4r en av de mest popul\u00e4ra lotterierna d\u00e4r ute. V\u00e4lj dina favoritnummer och f\u00e5 din biljett nu. Stora jackpottar v\u00e4ntar p\u00e5 dig.\" \/>\n<meta property=\"og:url\" content=\"https:\/\/lottohoy.com\/sv\/faq-om-lotteri-online\/vanliga-fragor-om-uk-lottery\/\" \/>\n<meta property=\"og:site_name\" content=\"Lottohoy\" \/>\n<meta name=\"twitter:card\" content=\"summary_large_image\" \/>\n<meta name=\"twitter:label1\" content=\"Ber\u00e4knad l\u00e4stid\" \/>\n\t<meta name=\"twitter:data1\" content=\"2 minuter\" \/>\n<script type=\"application\/ld+json\" class=\"yoast-schema-graph\">{\"@context\":\"https:\/\/schema.org\",\"@graph\":[{\"@type\":\"WebPage\",\"@id\":\"https:\/\/lottohoy.com\/sv\/faq-om-lotteri-online\/vanliga-fragor-om-uk-lottery\/\",\"url\":\"https:\/\/lottohoy.com\/sv\/faq-om-lotteri-online\/vanliga-fragor-om-uk-lottery\/\",\"name\":\"\u25b7 UK Lottery | Hur man spelar, jackpottar, priser - Lottohoy\",\"isPartOf\":{\"@id\":\"https:\/\/lottohoy.com\/sv\/#website\"},\"datePublished\":\"2018-05-03T13:23:36+00:00\",\"dateModified\":\"2018-05-03T13:23:36+00:00\",\"description\":\"Lotto UK \u00e4r en av de mest popul\u00e4ra lotterierna d\u00e4r ute. V\u00e4lj dina favoritnummer och f\u00e5 din biljett nu. Stora jackpottar v\u00e4ntar p\u00e5 dig.\",\"breadcrumb\":{\"@id\":\"https:\/\/lottohoy.com\/sv\/faq-om-lotteri-online\/vanliga-fragor-om-uk-lottery\/#breadcrumb\"},\"inLanguage\":\"sv-SE\",\"potentialAction\":[{\"@type\":\"ReadAction\",\"target\":[\"https:\/\/lottohoy.com\/sv\/faq-om-lotteri-online\/vanliga-fragor-om-uk-lottery\/\"]}]},{\"@type\":\"BreadcrumbList\",\"@id\":\"https:\/\/lottohoy.com\/sv\/faq-om-lotteri-online\/vanliga-fragor-om-uk-lottery\/#breadcrumb\",\"itemListElement\":[{\"@type\":\"ListItem\",\"position\":1,\"name\":\"Home\",\"item\":\"https:\/\/lottohoy.com\/sv\/\"},{\"@type\":\"ListItem\",\"position\":2,\"name\":\"FAQ om lotteri online\",\"item\":\"https:\/\/lottohoy.com\/sv\/faq-om-lotteri-online\/\"},{\"@type\":\"ListItem\",\"position\":3,\"name\":\"Vanliga fr\u00e5gor om UK Lottery\"}]},{\"@type\":\"WebSite\",\"@id\":\"https:\/\/lottohoy.com\/sv\/#website\",\"url\":\"https:\/\/lottohoy.com\/sv\/\",\"name\":\"Lottohoy\",\"description\":\"\",\"potentialAction\":[{\"@type\":\"SearchAction\",\"target\":{\"@type\":\"EntryPoint\",\"urlTemplate\":\"https:\/\/lottohoy.com\/sv\/?s={search_term_string}\"},\"query-input\":{\"@type\":\"PropertyValueSpecification\",\"valueRequired\":true,\"valueName\":\"search_term_string\"}}],\"inLanguage\":\"sv-SE\"}]}<\/script>\n<!-- \/ Yoast SEO plugin. -->","yoast_head_json":{"title":"\u25b7 UK Lottery | Hur man spelar, jackpottar, priser - Lottohoy","description":"Lotto UK \u00e4r en av de mest popul\u00e4ra lotterierna d\u00e4r ute. V\u00e4lj dina favoritnummer och f\u00e5 din biljett nu. Stora jackpottar v\u00e4ntar p\u00e5 dig.","robots":{"index":"index","follow":"follow","max-snippet":"max-snippet:-1","max-image-preview":"max-image-preview:large","max-video-preview":"max-video-preview:-1"},"canonical":"https:\/\/lottohoy.com\/sv\/faq-om-lotteri-online\/vanliga-fragor-om-uk-lottery\/","og_locale":"sv_SE","og_type":"article","og_title":"\u25b7 UK Lottery | Hur man spelar, jackpottar, priser - Lottohoy","og_description":"Lotto UK \u00e4r en av de mest popul\u00e4ra lotterierna d\u00e4r ute. V\u00e4lj dina favoritnummer och f\u00e5 din biljett nu. Stora jackpottar v\u00e4ntar p\u00e5 dig.","og_url":"https:\/\/lottohoy.com\/sv\/faq-om-lotteri-online\/vanliga-fragor-om-uk-lottery\/","og_site_name":"Lottohoy","twitter_card":"summary_large_image","twitter_misc":{"Ber\u00e4knad l\u00e4stid":"2 minuter"},"schema":{"@context":"https:\/\/schema.org","@graph":[{"@type":"WebPage","@id":"https:\/\/lottohoy.com\/sv\/faq-om-lotteri-online\/vanliga-fragor-om-uk-lottery\/","url":"https:\/\/lottohoy.com\/sv\/faq-om-lotteri-online\/vanliga-fragor-om-uk-lottery\/","name":"\u25b7 UK Lottery | Hur man spelar, jackpottar, priser - Lottohoy","isPartOf":{"@id":"https:\/\/lottohoy.com\/sv\/#website"},"datePublished":"2018-05-03T13:23:36+00:00","dateModified":"2018-05-03T13:23:36+00:00","description":"Lotto UK \u00e4r en av de mest popul\u00e4ra lotterierna d\u00e4r ute. V\u00e4lj dina favoritnummer och f\u00e5 din biljett nu. Stora jackpottar v\u00e4ntar p\u00e5 dig.","breadcrumb":{"@id":"https:\/\/lottohoy.com\/sv\/faq-om-lotteri-online\/vanliga-fragor-om-uk-lottery\/#breadcrumb"},"inLanguage":"sv-SE","potentialAction":[{"@type":"ReadAction","target":["https:\/\/lottohoy.com\/sv\/faq-om-lotteri-online\/vanliga-fragor-om-uk-lottery\/"]}]},{"@type":"BreadcrumbList","@id":"https:\/\/lottohoy.com\/sv\/faq-om-lotteri-online\/vanliga-fragor-om-uk-lottery\/#breadcrumb","itemListElement":[{"@type":"ListItem","position":1,"name":"Home","item":"https:\/\/lottohoy.com\/sv\/"},{"@type":"ListItem","position":2,"name":"FAQ om lotteri online","item":"https:\/\/lottohoy.com\/sv\/faq-om-lotteri-online\/"},{"@type":"ListItem","position":3,"name":"Vanliga fr\u00e5gor om UK Lottery"}]},{"@type":"WebSite","@id":"https:\/\/lottohoy.com\/sv\/#website","url":"https:\/\/lottohoy.com\/sv\/","name":"Lottohoy","description":"","potentialAction":[{"@type":"SearchAction","target":{"@type":"EntryPoint","urlTemplate":"https:\/\/lottohoy.com\/sv\/?s={search_term_string}"},"query-input":{"@type":"PropertyValueSpecification","valueRequired":true,"valueName":"search_term_string"}}],"inLanguage":"sv-SE"}]}},"_links":{"self":[{"href":"https:\/\/lottohoy.com\/sv\/wp-json\/wp\/v2\/pages\/16784","targetHints":{"allow":["GET"]}}],"collection":[{"href":"https:\/\/lottohoy.com\/sv\/wp-json\/wp\/v2\/pages"}],"about":[{"href":"https:\/\/lottohoy.com\/sv\/wp-json\/wp\/v2\/types\/page"}],"author":[{"embeddable":true,"href":"https:\/\/lottohoy.com\/sv\/wp-json\/wp\/v2\/users\/2"}],"replies":[{"embeddable":true,"href":"https:\/\/lottohoy.com\/sv\/wp-json\/wp\/v2\/comments?post=16784"}],"version-history":[{"count":0,"href":"https:\/\/lottohoy.com\/sv\/wp-json\/wp\/v2\/pages\/16784\/revisions"}],"up":[{"embeddable":true,"href":"https:\/\/lottohoy.com\/sv\/wp-json\/wp\/v2\/pages\/16742"}],"wp:attachment":[{"href":"https:\/\/lottohoy.com\/sv\/wp-json\/wp\/v2\/media?parent=16784"}],"curies":[{"name":"wp","href":"https:\/\/api.w.org\/{rel}","templated":true}]}}