{"id":16780,"date":"2018-05-03T14:23:33","date_gmt":"2018-05-03T13:23:33","guid":{"rendered":"https:\/\/lottohoy.com\/faq-om-lotteri-online\/vanliga-fragor-om-euromillions-lotteri\/"},"modified":"2018-05-03T14:23:33","modified_gmt":"2018-05-03T13:23:33","slug":"vanliga-fragor-om-euromillions-lotteri","status":"publish","type":"page","link":"https:\/\/lottohoy.com\/sv\/faq-om-lotteri-online\/vanliga-fragor-om-euromillions-lotteri\/","title":{"rendered":"Vanliga fr\u00e5gor om EuroMillions lotteri"},"content":{"rendered":"<h2>Vad \u00e4r Euromillions?<\/h2>\n<p>Euromillions \u00e4r ett <strong>lotterispel<\/strong> som h\u00e5lls varje tisdag och fredag kl. 21.30 i Paris. Det \u00e4r det viktigaste lotteriet i Europa, eftersom det samlar flest deltagare och delar ut de h\u00f6gsta priserna.<\/p>\n<p>Den f\u00f6rsta dragningen h\u00f6lls den 13 februari 2004, d\u00e4r tre l\u00e4nder var de viktigaste promotorerna f\u00f6r lotteriet, s\u00e4rskilt lotteribyr\u00e5er i Storbritannien (Nattional Lottery), Frankrike (La Fran\u00e7aise des Jeux) och Spanien (State Lotteries and Gambling). Bara n\u00e5gra m\u00e5nader efter denna f\u00f6rsta dragning ansl\u00f6t sig sex andra l\u00e4nder: \u00d6sterrike, Belgien, Irland, Luxemburg, Portugal och Schweiz.<\/p>\n<p>Vi talar om ett ganska ungt lotteri , eftersom det etablerades fr\u00e5n f\u00f6delsen av EU-valutan Euro (\u20ac). Under mer \u00e4n ett decennium unders\u00f6ktes m\u00f6jligheten att skapa ett gemensamt lotteri f\u00f6r de 500 miljoner inv\u00e5narna i EU.<\/p>\n<p>I detta EuroMillions-lotteri garanteras ett minimipris p\u00e5 20 000 000 euro f\u00f6r den f\u00f6rsta kategorin av vinnare, och ett f\u00f6r n\u00e4rvarande fastst\u00e4llt <del>maximum p\u00e5 upp till 190 000 000 euro<\/del> (detta belopp har hittills tilldelats vid <strong>tre tillf\u00e4llen<\/strong> ).<\/p>\n<p>P\u00e5 tisdag, Februari 4, 2020, nya f\u00f6r\u00e4ndringar i Euromillions tr\u00e4der i kraft. Taket som kan n\u00e5 prisbeloppet som \u00e4r avsett f\u00f6r den f\u00f6rsta kategorin g\u00e5r upp till <strong>200 miljoner euro<\/strong>, som gradvis kan n\u00e5 250 miljoner euro som h\u00f6gsta gr\u00e4ns. \u00c4ndringar till\u00e4mpas ocks\u00e5 p\u00e5 de procentsatser som \u00e4r avsedda f\u00f6r priser efter kategorier.<\/p>\n<h2>Hur man spelar Euromillions?<\/h2>\n<p>Det finns tre viktiga faktorer att ta h\u00e4nsyn till med Euromillions-spelet: Reglerna som reglerar spelet, priskategorierna, och pris och \u201djackpot\u201ddistribution.<\/p>\n<p>I grund och botten handlar det om att v\u00e4lja fem nummer mellan 1 och 50 och tv\u00e5 stj\u00e4rnor mellan 1 och 12. Ju fler nummer och stj\u00e4rnor du f\u00e5r r\u00e4tt, desto st\u00f6rre blir priset. Det \u00e4r s\u00e5 enkelt!<\/p>\n<p>N\u00e4r du g\u00e5r in i <strong>avsnittet Play Euromillions<\/strong>, du kommer att se en rad best\u00e5ende av fem kolumner, var och en best\u00e5r av 50 rutor numrerade fr\u00e5n 1 till 50, och en andra del som best\u00e5r av 12 rutor (lyckliga stj\u00e4rnor), numrerad fr\u00e5n 1 till 12.<\/p>\n<p>Som du kan se finns det inledningsvis en rad med fem spelkolumner att satsa p\u00e5, men antalet rader kan ut\u00f6kas genom att klicka p\u00e5 rutan MORE LINES.<\/p>\n<p>I var och en av dessa tabeller eller rader \u00e4r f\u00f6ruts\u00e4gelserna m\u00e5ste g\u00f6ras (fem siffror och tv\u00e5 stj\u00e4rnor). Dessutom kan det g\u00f6ras manuellt, v\u00e4lja f\u00f6redragna nummer, eller slumpm\u00e4ssigt med hj\u00e4lp av QUICK SELECTION-knappen som visas ovanf\u00f6r varje kolumn.<\/p>\n<p>N\u00e4r du har fyllt i alla biljetter du vill spela, du kommer att kunna konsultera det totala beloppet i det nedre h\u00f6gra h\u00f6rnet.<\/p>\n<p>Om du klickar p\u00e5 rutan FORTS\u00c4TT tar du dig f\u00f6r att bekr\u00e4fta best\u00e4llningen och g\u00f6ra betalningen, d\u00e4r du kan v\u00e4lja mellan att g\u00f6ra det med dina tidigare insatta medel eller med n\u00e5gon av de mer \u00e4n <strong>20 betalningsmetoder<\/strong> som vi erbjuder.<\/p>\n<h3>Euromillions satsningspris<\/h3>\n<p>Det officiella priset f\u00f6r varje insats varierar beroende p\u00e5 land och dess valuta. F\u00f6r att f\u00e5 en grov uppfattning j\u00e4mf\u00f6rs den med euron.<\/p>\n<p>Tillsammans med de totala Euromillions-insatserna har ett komplement etablerats i n\u00e5gra av de organiserande l\u00e4nderna f\u00f6r detta lotteri: <strong>theMillion<\/strong>.<\/p>\n<p>Denna dragning h\u00e5lls varje vecka i vart och ett av dessa l\u00e4nder med spel som k\u00f6ps p\u00e5 fredagar. En unik kod tillhandah\u00e5lls automatiskt och om det vinnande numret matchar din lott vinner du 1 000 000 euro oavsett om din kombination har tilldelats eller inte.<\/p>\n<h2>S\u00e4rskilda Euromillions-dragningar<\/h2>\n<p><strong>Kompletterande Euromillions-dragningar<\/strong> h\u00e5lls i de olika organiserande l\u00e4nderna. I vissa fall med samma belopp som Euromillions-insatserna, och i andra fall med ett separat belopp.<\/p>\n<h4><em>\u201dRegnet av miljoner\u201d<\/em><\/h4>\n<p><strong>Euromillions-regnet \u00e4r en dragning <\/strong>d\u00e4r alla deltagande l\u00e4nder spelar och skapar flera miljon\u00e4rer inom en enda dragning.<\/p>\n<p>Vinnarna kommer att v\u00e4ljas slumpm\u00e4ssigt fr\u00e5n alla biljetter som ing\u00e5r i dragningen under detta speciella evenemang som kommer att \u00e4ga rum vid utsedda tillf\u00e4llen under hela \u00e5ret.<\/p>\n<p><b><em>\u201dSuperdragningen\u201d:<\/em><\/b><\/p>\n<p>Detta \u00e4r n\u00e4r de deltagande lotteriorganisationerna beslutar att erbjuda en <strong>speciell garanterad fond<\/strong> f\u00f6r den f\u00f6rsta kategorin (jackpot), n\u00e4rvarande i varje dragning som meddelats.<\/p>\n<p>Sedan 2017 har tv\u00e5 s\u00e5dana dragningar h\u00e5llits varje \u00e5r, med ett prisbelopp p\u00e5 \u20ac 130.000.000. <strong>Fr\u00e5n 1 februari 2020 kommer det att finnas tre \u201dsuperdragningar\u201d varje \u00e5r<\/strong>, och i princip f\u00f6rutsp\u00e5s det garanterade beloppet att \u00f6ka, oavsett f\u00f6reg\u00e5ende dragningsv\u00e4rde, oavsett om det vinns eller inte.<\/p>\n<p>Om det inte finns n\u00e5gon vinnare i f\u00f6rsta kategorin, jackpotten kommer att ackumuleras f\u00f6r n\u00e4sta dragning tills maximalt 190.000.000 \u20ac har uppn\u00e5tts.<\/p>\n<h4><em>De speciella dragningarna:<\/em><\/h4>\n<p>\u00c4ven kallad <strong>Big Friday<\/strong>, dessa \u00e4r dragningar med en garanterad minsta jackpott p\u00e5 nio siffror och fungerar med exakt samma regler som vanliga dragningar.<\/p>\n<p>Euromillions <strong>Big Friday<\/strong> -jackpottfonden best\u00e5r av 4,8% av den gemensamma prisfonden f\u00f6r de f\u00f6rsta ackumuleringarna efter att jackpotten startar om med det garanterade minimibeloppet. Efter \u00e5tta dragningar d\u00e4refter betalas 21% till Fund Booster.<\/p>\n<h3>Oddsen f\u00f6r att vinna Euromillion<\/h3>\n<p>Nedan kan du se en tabell d\u00e4r vi har sammanst\u00e4llt alla odds f\u00f6r att vinna ett pris i var och en av kategorierna. Kombinera dessa odds med de senaste <strong>resultaten fr\u00e5n Euromillions<\/strong> f\u00f6r att \u00f6ka dina chanser att vinna ett pris.<\/p>\n","protected":false},"excerpt":{"rendered":"<p>Vad \u00e4r Euromillions? Euromillions \u00e4r ett lotterispel som h\u00e5lls varje tisdag och fredag kl. 21.30 i Paris. Det \u00e4r det viktigaste lotteriet i Europa, eftersom det samlar flest deltagare och delar ut de h\u00f6gsta priserna. Den f\u00f6rsta dragningen h\u00f6lls den 13 februari 2004, d\u00e4r tre l\u00e4nder var de viktigaste promotorerna f\u00f6r lotteriet, s\u00e4rskilt lotteribyr\u00e5er i [&hellip;]<\/p>\n","protected":false},"author":2,"featured_media":0,"parent":16742,"menu_order":3,"comment_status":"closed","ping_status":"closed","template":"euromillions-at-info.php","meta":{"_et_pb_use_builder":"","_et_pb_old_content":"","_et_gb_content_width":"","exclude_from_search":false,"footnotes":""},"class_list":["post-16780","page","type-page","status-publish","hentry"],"yoast_head":"<!-- This site is optimized with the Yoast SEO plugin v23.7 - https:\/\/yoast.com\/wordpress\/plugins\/seo\/ -->\n<title>\u25b7 Euromillions Lottery Guide\u30102021\u3011 Hur man spelar p\u00e5 Lottohoy<\/title>\n<meta name=\"description\" content=\"Euromillions \u00e4r det st\u00f6rsta och mest popul\u00e4ra lotteriet i Europa. L\u00e4r dig mer om regler, prisf\u00f6rdelning och jackpot\u00f6verg\u00e5ngar p\u00e5 v\u00e5r FAQ-sida.\" \/>\n<meta name=\"robots\" content=\"index, follow, max-snippet:-1, max-image-preview:large, max-video-preview:-1\" \/>\n<link rel=\"canonical\" href=\"https:\/\/lottohoy.com\/sv\/faq-om-lotteri-online\/vanliga-fragor-om-euromillions-lotteri\/\" \/>\n<meta property=\"og:locale\" content=\"sv_SE\" \/>\n<meta property=\"og:type\" content=\"article\" \/>\n<meta property=\"og:title\" content=\"\u25b7 Euromillions Lottery Guide\u30102021\u3011 Hur man spelar p\u00e5 Lottohoy\" \/>\n<meta property=\"og:description\" content=\"Euromillions \u00e4r det st\u00f6rsta och mest popul\u00e4ra lotteriet i Europa. L\u00e4r dig mer om regler, prisf\u00f6rdelning och jackpot\u00f6verg\u00e5ngar p\u00e5 v\u00e5r FAQ-sida.\" \/>\n<meta property=\"og:url\" content=\"https:\/\/lottohoy.com\/sv\/faq-om-lotteri-online\/vanliga-fragor-om-euromillions-lotteri\/\" \/>\n<meta property=\"og:site_name\" content=\"Lottohoy\" \/>\n<meta name=\"twitter:card\" content=\"summary_large_image\" \/>\n<meta name=\"twitter:label1\" content=\"Ber\u00e4knad l\u00e4stid\" \/>\n\t<meta name=\"twitter:data1\" content=\"4 minuter\" \/>\n<script type=\"application\/ld+json\" class=\"yoast-schema-graph\">{\"@context\":\"https:\/\/schema.org\",\"@graph\":[{\"@type\":\"WebPage\",\"@id\":\"https:\/\/lottohoy.com\/sv\/faq-om-lotteri-online\/vanliga-fragor-om-euromillions-lotteri\/\",\"url\":\"https:\/\/lottohoy.com\/sv\/faq-om-lotteri-online\/vanliga-fragor-om-euromillions-lotteri\/\",\"name\":\"\u25b7 Euromillions Lottery Guide\u30102021\u3011 Hur man spelar p\u00e5 Lottohoy\",\"isPartOf\":{\"@id\":\"https:\/\/lottohoy.com\/sv\/#website\"},\"datePublished\":\"2018-05-03T13:23:33+00:00\",\"dateModified\":\"2018-05-03T13:23:33+00:00\",\"description\":\"Euromillions \u00e4r det st\u00f6rsta och mest popul\u00e4ra lotteriet i Europa. L\u00e4r dig mer om regler, prisf\u00f6rdelning och jackpot\u00f6verg\u00e5ngar p\u00e5 v\u00e5r FAQ-sida.\",\"breadcrumb\":{\"@id\":\"https:\/\/lottohoy.com\/sv\/faq-om-lotteri-online\/vanliga-fragor-om-euromillions-lotteri\/#breadcrumb\"},\"inLanguage\":\"sv-SE\",\"potentialAction\":[{\"@type\":\"ReadAction\",\"target\":[\"https:\/\/lottohoy.com\/sv\/faq-om-lotteri-online\/vanliga-fragor-om-euromillions-lotteri\/\"]}]},{\"@type\":\"BreadcrumbList\",\"@id\":\"https:\/\/lottohoy.com\/sv\/faq-om-lotteri-online\/vanliga-fragor-om-euromillions-lotteri\/#breadcrumb\",\"itemListElement\":[{\"@type\":\"ListItem\",\"position\":1,\"name\":\"Home\",\"item\":\"https:\/\/lottohoy.com\/sv\/\"},{\"@type\":\"ListItem\",\"position\":2,\"name\":\"FAQ om lotteri online\",\"item\":\"https:\/\/lottohoy.com\/sv\/faq-om-lotteri-online\/\"},{\"@type\":\"ListItem\",\"position\":3,\"name\":\"Vanliga fr\u00e5gor om EuroMillions lotteri\"}]},{\"@type\":\"WebSite\",\"@id\":\"https:\/\/lottohoy.com\/sv\/#website\",\"url\":\"https:\/\/lottohoy.com\/sv\/\",\"name\":\"Lottohoy\",\"description\":\"\",\"potentialAction\":[{\"@type\":\"SearchAction\",\"target\":{\"@type\":\"EntryPoint\",\"urlTemplate\":\"https:\/\/lottohoy.com\/sv\/?s={search_term_string}\"},\"query-input\":{\"@type\":\"PropertyValueSpecification\",\"valueRequired\":true,\"valueName\":\"search_term_string\"}}],\"inLanguage\":\"sv-SE\"}]}<\/script>\n<!-- \/ Yoast SEO plugin. -->","yoast_head_json":{"title":"\u25b7 Euromillions Lottery Guide\u30102021\u3011 Hur man spelar p\u00e5 Lottohoy","description":"Euromillions \u00e4r det st\u00f6rsta och mest popul\u00e4ra lotteriet i Europa. L\u00e4r dig mer om regler, prisf\u00f6rdelning och jackpot\u00f6verg\u00e5ngar p\u00e5 v\u00e5r FAQ-sida.","robots":{"index":"index","follow":"follow","max-snippet":"max-snippet:-1","max-image-preview":"max-image-preview:large","max-video-preview":"max-video-preview:-1"},"canonical":"https:\/\/lottohoy.com\/sv\/faq-om-lotteri-online\/vanliga-fragor-om-euromillions-lotteri\/","og_locale":"sv_SE","og_type":"article","og_title":"\u25b7 Euromillions Lottery Guide\u30102021\u3011 Hur man spelar p\u00e5 Lottohoy","og_description":"Euromillions \u00e4r det st\u00f6rsta och mest popul\u00e4ra lotteriet i Europa. L\u00e4r dig mer om regler, prisf\u00f6rdelning och jackpot\u00f6verg\u00e5ngar p\u00e5 v\u00e5r FAQ-sida.","og_url":"https:\/\/lottohoy.com\/sv\/faq-om-lotteri-online\/vanliga-fragor-om-euromillions-lotteri\/","og_site_name":"Lottohoy","twitter_card":"summary_large_image","twitter_misc":{"Ber\u00e4knad l\u00e4stid":"4 minuter"},"schema":{"@context":"https:\/\/schema.org","@graph":[{"@type":"WebPage","@id":"https:\/\/lottohoy.com\/sv\/faq-om-lotteri-online\/vanliga-fragor-om-euromillions-lotteri\/","url":"https:\/\/lottohoy.com\/sv\/faq-om-lotteri-online\/vanliga-fragor-om-euromillions-lotteri\/","name":"\u25b7 Euromillions Lottery Guide\u30102021\u3011 Hur man spelar p\u00e5 Lottohoy","isPartOf":{"@id":"https:\/\/lottohoy.com\/sv\/#website"},"datePublished":"2018-05-03T13:23:33+00:00","dateModified":"2018-05-03T13:23:33+00:00","description":"Euromillions \u00e4r det st\u00f6rsta och mest popul\u00e4ra lotteriet i Europa. L\u00e4r dig mer om regler, prisf\u00f6rdelning och jackpot\u00f6verg\u00e5ngar p\u00e5 v\u00e5r FAQ-sida.","breadcrumb":{"@id":"https:\/\/lottohoy.com\/sv\/faq-om-lotteri-online\/vanliga-fragor-om-euromillions-lotteri\/#breadcrumb"},"inLanguage":"sv-SE","potentialAction":[{"@type":"ReadAction","target":["https:\/\/lottohoy.com\/sv\/faq-om-lotteri-online\/vanliga-fragor-om-euromillions-lotteri\/"]}]},{"@type":"BreadcrumbList","@id":"https:\/\/lottohoy.com\/sv\/faq-om-lotteri-online\/vanliga-fragor-om-euromillions-lotteri\/#breadcrumb","itemListElement":[{"@type":"ListItem","position":1,"name":"Home","item":"https:\/\/lottohoy.com\/sv\/"},{"@type":"ListItem","position":2,"name":"FAQ om lotteri online","item":"https:\/\/lottohoy.com\/sv\/faq-om-lotteri-online\/"},{"@type":"ListItem","position":3,"name":"Vanliga fr\u00e5gor om EuroMillions lotteri"}]},{"@type":"WebSite","@id":"https:\/\/lottohoy.com\/sv\/#website","url":"https:\/\/lottohoy.com\/sv\/","name":"Lottohoy","description":"","potentialAction":[{"@type":"SearchAction","target":{"@type":"EntryPoint","urlTemplate":"https:\/\/lottohoy.com\/sv\/?s={search_term_string}"},"query-input":{"@type":"PropertyValueSpecification","valueRequired":true,"valueName":"search_term_string"}}],"inLanguage":"sv-SE"}]}},"_links":{"self":[{"href":"https:\/\/lottohoy.com\/sv\/wp-json\/wp\/v2\/pages\/16780","targetHints":{"allow":["GET"]}}],"collection":[{"href":"https:\/\/lottohoy.com\/sv\/wp-json\/wp\/v2\/pages"}],"about":[{"href":"https:\/\/lottohoy.com\/sv\/wp-json\/wp\/v2\/types\/page"}],"author":[{"embeddable":true,"href":"https:\/\/lottohoy.com\/sv\/wp-json\/wp\/v2\/users\/2"}],"replies":[{"embeddable":true,"href":"https:\/\/lottohoy.com\/sv\/wp-json\/wp\/v2\/comments?post=16780"}],"version-history":[{"count":0,"href":"https:\/\/lottohoy.com\/sv\/wp-json\/wp\/v2\/pages\/16780\/revisions"}],"up":[{"embeddable":true,"href":"https:\/\/lottohoy.com\/sv\/wp-json\/wp\/v2\/pages\/16742"}],"wp:attachment":[{"href":"https:\/\/lottohoy.com\/sv\/wp-json\/wp\/v2\/media?parent=16780"}],"curies":[{"name":"wp","href":"https:\/\/api.w.org\/{rel}","templated":true}]}}