{"id":16756,"date":"2018-05-03T14:23:34","date_gmt":"2018-05-03T13:23:34","guid":{"rendered":"https:\/\/lottohoy.com\/faq-om-lotteri-online\/vanliga-fragor-om-powerball-lotteri\/"},"modified":"2018-05-03T14:23:34","modified_gmt":"2018-05-03T13:23:34","slug":"vanliga-fragor-om-powerball-lotteri","status":"publish","type":"page","link":"https:\/\/lottohoy.com\/sv\/faq-om-lotteri-online\/vanliga-fragor-om-powerball-lotteri\/","title":{"rendered":"Vanliga fr\u00e5gor om Powerball-lotteri"},"content":{"rendered":"<p>Powerball \u00e4r det viktigaste lotteriet i Amerika (tillsammans med <a href=\"https:\/\/lottohoy.com\/play\/mega-millions\/\">MegaMillions<\/a>) Det spelas i 44 stater, f\u00f6rutom Puerto Rico och Amerikanska Jungfru\u00f6arna. Och fr\u00e5n och med nu kan du ocks\u00e5 <a href=\"https:\/\/lottohoy.com\/play\/powerball\/\">k\u00f6pa Powerball online<\/a> p\u00e5 LottoHoy.<\/p>\n<h2><strong>Powerball lotteri<\/strong><\/h2>\n<p>Det mest karakteristiska med Powerball \u00e4r att den har en initial <strong>minsta jackpot p\u00e5 40 miljoner dollar<\/strong> som kommer att \u00f6kas obegr\u00e4nsat i fall att det inte finns n\u00e5gra vinnare i den f\u00f6rsta kategorin.<\/p>\n<p>Vinnarna i specialkategorin kan v\u00e4lja att samla in kontantpriset p\u00e5 en g\u00e5ng (exklusive skatter och utgifter) eller f\u00e5 det f\u00f6rdelat i 30 livr\u00e4ntor.<\/p>\n<h2><strong>Hur fungerar Powerball-lotteri?<\/strong><\/h2>\n<p>Att<a href=\"https:\/\/lottohoy.com\/play\/powerball\/\"><strong>spela Powerball<\/strong><\/a> \u00e4r s\u00e5 enkelt som att v\u00e4lja <strong>fem nummer<\/strong>som str\u00e4cker sig fr\u00e5n 1 till 69 vita bollar och <strong>ett nummer<\/strong> som str\u00e4cker sig fr\u00e5n 1 till 26 r\u00f6da bollar).<\/p>\n<p>De <strong>vinnande siffrorna<\/strong> v\u00e4ljs med hj\u00e4lp av tv\u00e5 bollmaskiner. Fr\u00e5n den f\u00f6rsta maskinen extraheras fem vita bollar, och fr\u00e5n den andra maskinen, de r\u00f6da bollarna.<\/p>\n<p>F\u00f6r att <strong>vinna ett pris<\/strong>, du m\u00e5ste matcha \u00e5tminstone Powerball, detta kommer att ge dig det l\u00e4gsta priset. Det finns totalt nio priskategorier beroende p\u00e5 hur m\u00e5nga nummer du har matchat.<\/p>\n<h2><strong>N\u00e4r drar Powerball?<\/strong><\/h2>\n<p>De officiella Powerball-dragningarna h\u00e5lls varje <strong>m\u00e5ndag,<\/strong> <strong>onsdag och l\u00f6rdag kl 22:59 ET<\/strong> i Florida, USA (4:59 CET p\u00e5 torsdag och s\u00f6ndag).<\/p>\n<p>Dragningarna s\u00e4nds p\u00e5 TV f\u00f6r hela USA, och strax efter, n\u00e4r den slutliga granskningen har avslutats, du kan se <a href=\"https:\/\/lottohoy.com\/results\/powerball\/\"><strong>resultatet av den officiella Powerball-dragningen<\/strong><\/a> i v\u00e5r onlineplattform.<\/p>\n<h2><strong>Hur mycket kostar Powerball-biljetter?<\/strong><\/h2>\n<p>Du kan spela Powerball online p\u00e5 LottoHoy fr\u00e5n \u20ac 3,95 Detta \u00e4r det <strong>b\u00e4sta alternativet<\/strong> som n\u00e5gon onlineagent erbjuder.<\/p>\n<p>Kom ih\u00e5g att spela Powerball p\u00e5 LottoHoy \u00e4r som att g\u00f6ra det i USA direkt. Vi agerar p\u00e5 uppdrag av dig, k\u00f6pa biljetten fr\u00e5n en <strong>officiell \u00e5terf\u00f6rs\u00e4ljare<\/strong> s\u00e5 att du <strong>garanterat<\/strong> f\u00e5r dina vinster.<\/p>\n<h2><strong>Var kan man k\u00f6pa Powerball-biljetter online?<\/strong><\/h2>\n<p>Du kan <strong>k\u00f6pa dina Powerball-biljetter<\/strong> p\u00e5 LottoHoy. Det finns m\u00e5nga f\u00f6rdelar med att spela med i motsats till att g\u00f6ra det genom fysiska f\u00f6rs\u00e4ljningsst\u00e4llen. H\u00e4r \u00e4r n\u00e5gra av dem:<\/p>\n<ul>\n<li style=\"list-style-type: none;\">\n<ul>\n<li>Bekv\u00e4mligheten med att kunna <strong>spela n\u00e4r som helst p\u00e5<\/strong> dagen eller natten, 24\/7.<\/li>\n<li>Det kan spelas fr\u00e5n <strong>vilken mobil enhet som helst,<\/strong> surfplatta eller dator.<\/li>\n<li><strong>Vem som helst kan spela<\/strong> fr\u00e5n vilken geografisk plats som helst med grundl\u00e4ggande internetanslutning.<\/li>\n<li>Det \u00e4r <strong>100% s\u00e4kert<\/strong>. Biljetten k\u00f6ps direkt fr\u00e5n den auktoriserade anl\u00e4ggningen (eller enheten som erbjuder tj\u00e4nsten) och d\u00e4rmed \u00e4r deltagandet <strong>verkligt<\/strong>.<\/li>\n<li><strong>Priserna s\u00e4tts automatiskt<\/strong> in p\u00e5 ditt anv\u00e4ndarkonto efter varje dragning.<\/li>\n<li>Du kan se alla transaktioner som utf\u00f6rts i din <strong>anv\u00e4ndarprofil<\/strong>.<\/li>\n<li>V\u00e4lj bland <strong>ett brett utbud av betalningsmetoder<\/strong>, inkomster och uttag.<\/li>\n<li>\u00a0<\/li>\n<\/ul>\n<\/li>\n<\/ul>\n<h2><strong>Vilka Powerball-nummer kommer mest upp?<\/strong><\/h2>\n<p>Som ni vet, p\u00e5 v\u00e5r <a href=\"https:\/\/lottohoy.com\/results\/powerball\/\"><strong>Powerball- resultatsida<\/strong><\/a> har vi resultaten av dragningar fr\u00e5n de senaste tv\u00e5 \u00e5ren. Att analysera de <strong>vinnande siffrorna<\/strong> kan hj\u00e4lpa dig att \u00f6ka dina chanser att f\u00e5 ett pris.<\/p>\n<p>De nummer som v\u00e4ljs oftast \u00e4r <strong>8, 26, 22, 23, och 36.<\/strong> I motsats till detta \u00e4r de nummer som har valts minst <strong>15, 51, 37, 47, 12, 4 och 24<\/strong>.<\/p>\n<h2><strong>Chanser att vinna PowerBall<\/strong><\/h2>\n<p>Nedan kan du se <strong>sannolikheten f\u00f6r att vinna<\/strong> i var och en av Powerball-kategorierna.<\/p>\n","protected":false},"excerpt":{"rendered":"<p>Powerball \u00e4r det viktigaste lotteriet i Amerika (tillsammans med MegaMillions) Det spelas i 44 stater, f\u00f6rutom Puerto Rico och Amerikanska Jungfru\u00f6arna. Och fr\u00e5n och med nu kan du ocks\u00e5 k\u00f6pa Powerball online p\u00e5 LottoHoy. Powerball lotteri Det mest karakteristiska med Powerball \u00e4r att den har en initial minsta jackpot p\u00e5 40 miljoner dollar som kommer [&hellip;]<\/p>\n","protected":false},"author":2,"featured_media":0,"parent":16742,"menu_order":1,"comment_status":"closed","ping_status":"closed","template":"powerball-usa-info.php","meta":{"_et_pb_use_builder":"","_et_pb_old_content":"","_et_gb_content_width":"","exclude_from_search":false,"footnotes":""},"class_list":["post-16756","page","type-page","status-publish","hentry"],"yoast_head":"<!-- This site is optimized with the Yoast SEO plugin v23.7 - https:\/\/yoast.com\/wordpress\/plugins\/seo\/ -->\n<title>\u25b7 Powerball FAQ och Online Lottery Guide | Lottohoy<\/title>\n<meta name=\"description\" content=\"Komplett guide om Powerball, en av de mest popul\u00e4ra lotterierna i Amerika. K\u00f6p din Powerball-biljett online nu och g\u00f6r dina dr\u00f6mmar till verklighet!\" \/>\n<meta name=\"robots\" content=\"index, follow, max-snippet:-1, max-image-preview:large, max-video-preview:-1\" \/>\n<link rel=\"canonical\" href=\"https:\/\/lottohoy.com\/sv\/faq-om-lotteri-online\/vanliga-fragor-om-powerball-lotteri\/\" \/>\n<meta property=\"og:locale\" content=\"sv_SE\" \/>\n<meta property=\"og:type\" content=\"article\" \/>\n<meta property=\"og:title\" content=\"\u25b7 Powerball FAQ och Online Lottery Guide | Lottohoy\" \/>\n<meta property=\"og:description\" content=\"Komplett guide om Powerball, en av de mest popul\u00e4ra lotterierna i Amerika. K\u00f6p din Powerball-biljett online nu och g\u00f6r dina dr\u00f6mmar till verklighet!\" \/>\n<meta property=\"og:url\" content=\"https:\/\/lottohoy.com\/sv\/faq-om-lotteri-online\/vanliga-fragor-om-powerball-lotteri\/\" \/>\n<meta property=\"og:site_name\" content=\"Lottohoy\" \/>\n<meta name=\"twitter:card\" content=\"summary_large_image\" \/>\n<meta name=\"twitter:label1\" content=\"Ber\u00e4knad l\u00e4stid\" \/>\n\t<meta name=\"twitter:data1\" content=\"3 minuter\" \/>\n<script type=\"application\/ld+json\" class=\"yoast-schema-graph\">{\"@context\":\"https:\/\/schema.org\",\"@graph\":[{\"@type\":\"WebPage\",\"@id\":\"https:\/\/lottohoy.com\/sv\/faq-om-lotteri-online\/vanliga-fragor-om-powerball-lotteri\/\",\"url\":\"https:\/\/lottohoy.com\/sv\/faq-om-lotteri-online\/vanliga-fragor-om-powerball-lotteri\/\",\"name\":\"\u25b7 Powerball FAQ och Online Lottery Guide | Lottohoy\",\"isPartOf\":{\"@id\":\"https:\/\/lottohoy.com\/sv\/#website\"},\"datePublished\":\"2018-05-03T13:23:34+00:00\",\"dateModified\":\"2018-05-03T13:23:34+00:00\",\"description\":\"Komplett guide om Powerball, en av de mest popul\u00e4ra lotterierna i Amerika. K\u00f6p din Powerball-biljett online nu och g\u00f6r dina dr\u00f6mmar till verklighet!\",\"breadcrumb\":{\"@id\":\"https:\/\/lottohoy.com\/sv\/faq-om-lotteri-online\/vanliga-fragor-om-powerball-lotteri\/#breadcrumb\"},\"inLanguage\":\"sv-SE\",\"potentialAction\":[{\"@type\":\"ReadAction\",\"target\":[\"https:\/\/lottohoy.com\/sv\/faq-om-lotteri-online\/vanliga-fragor-om-powerball-lotteri\/\"]}]},{\"@type\":\"BreadcrumbList\",\"@id\":\"https:\/\/lottohoy.com\/sv\/faq-om-lotteri-online\/vanliga-fragor-om-powerball-lotteri\/#breadcrumb\",\"itemListElement\":[{\"@type\":\"ListItem\",\"position\":1,\"name\":\"Home\",\"item\":\"https:\/\/lottohoy.com\/sv\/\"},{\"@type\":\"ListItem\",\"position\":2,\"name\":\"FAQ om lotteri online\",\"item\":\"https:\/\/lottohoy.com\/sv\/faq-om-lotteri-online\/\"},{\"@type\":\"ListItem\",\"position\":3,\"name\":\"Vanliga fr\u00e5gor om Powerball-lotteri\"}]},{\"@type\":\"WebSite\",\"@id\":\"https:\/\/lottohoy.com\/sv\/#website\",\"url\":\"https:\/\/lottohoy.com\/sv\/\",\"name\":\"Lottohoy\",\"description\":\"\",\"potentialAction\":[{\"@type\":\"SearchAction\",\"target\":{\"@type\":\"EntryPoint\",\"urlTemplate\":\"https:\/\/lottohoy.com\/sv\/?s={search_term_string}\"},\"query-input\":{\"@type\":\"PropertyValueSpecification\",\"valueRequired\":true,\"valueName\":\"search_term_string\"}}],\"inLanguage\":\"sv-SE\"}]}<\/script>\n<!-- \/ Yoast SEO plugin. -->","yoast_head_json":{"title":"\u25b7 Powerball FAQ och Online Lottery Guide | Lottohoy","description":"Komplett guide om Powerball, en av de mest popul\u00e4ra lotterierna i Amerika. K\u00f6p din Powerball-biljett online nu och g\u00f6r dina dr\u00f6mmar till verklighet!","robots":{"index":"index","follow":"follow","max-snippet":"max-snippet:-1","max-image-preview":"max-image-preview:large","max-video-preview":"max-video-preview:-1"},"canonical":"https:\/\/lottohoy.com\/sv\/faq-om-lotteri-online\/vanliga-fragor-om-powerball-lotteri\/","og_locale":"sv_SE","og_type":"article","og_title":"\u25b7 Powerball FAQ och Online Lottery Guide | Lottohoy","og_description":"Komplett guide om Powerball, en av de mest popul\u00e4ra lotterierna i Amerika. K\u00f6p din Powerball-biljett online nu och g\u00f6r dina dr\u00f6mmar till verklighet!","og_url":"https:\/\/lottohoy.com\/sv\/faq-om-lotteri-online\/vanliga-fragor-om-powerball-lotteri\/","og_site_name":"Lottohoy","twitter_card":"summary_large_image","twitter_misc":{"Ber\u00e4knad l\u00e4stid":"3 minuter"},"schema":{"@context":"https:\/\/schema.org","@graph":[{"@type":"WebPage","@id":"https:\/\/lottohoy.com\/sv\/faq-om-lotteri-online\/vanliga-fragor-om-powerball-lotteri\/","url":"https:\/\/lottohoy.com\/sv\/faq-om-lotteri-online\/vanliga-fragor-om-powerball-lotteri\/","name":"\u25b7 Powerball FAQ och Online Lottery Guide | Lottohoy","isPartOf":{"@id":"https:\/\/lottohoy.com\/sv\/#website"},"datePublished":"2018-05-03T13:23:34+00:00","dateModified":"2018-05-03T13:23:34+00:00","description":"Komplett guide om Powerball, en av de mest popul\u00e4ra lotterierna i Amerika. K\u00f6p din Powerball-biljett online nu och g\u00f6r dina dr\u00f6mmar till verklighet!","breadcrumb":{"@id":"https:\/\/lottohoy.com\/sv\/faq-om-lotteri-online\/vanliga-fragor-om-powerball-lotteri\/#breadcrumb"},"inLanguage":"sv-SE","potentialAction":[{"@type":"ReadAction","target":["https:\/\/lottohoy.com\/sv\/faq-om-lotteri-online\/vanliga-fragor-om-powerball-lotteri\/"]}]},{"@type":"BreadcrumbList","@id":"https:\/\/lottohoy.com\/sv\/faq-om-lotteri-online\/vanliga-fragor-om-powerball-lotteri\/#breadcrumb","itemListElement":[{"@type":"ListItem","position":1,"name":"Home","item":"https:\/\/lottohoy.com\/sv\/"},{"@type":"ListItem","position":2,"name":"FAQ om lotteri online","item":"https:\/\/lottohoy.com\/sv\/faq-om-lotteri-online\/"},{"@type":"ListItem","position":3,"name":"Vanliga fr\u00e5gor om Powerball-lotteri"}]},{"@type":"WebSite","@id":"https:\/\/lottohoy.com\/sv\/#website","url":"https:\/\/lottohoy.com\/sv\/","name":"Lottohoy","description":"","potentialAction":[{"@type":"SearchAction","target":{"@type":"EntryPoint","urlTemplate":"https:\/\/lottohoy.com\/sv\/?s={search_term_string}"},"query-input":{"@type":"PropertyValueSpecification","valueRequired":true,"valueName":"search_term_string"}}],"inLanguage":"sv-SE"}]}},"_links":{"self":[{"href":"https:\/\/lottohoy.com\/sv\/wp-json\/wp\/v2\/pages\/16756","targetHints":{"allow":["GET"]}}],"collection":[{"href":"https:\/\/lottohoy.com\/sv\/wp-json\/wp\/v2\/pages"}],"about":[{"href":"https:\/\/lottohoy.com\/sv\/wp-json\/wp\/v2\/types\/page"}],"author":[{"embeddable":true,"href":"https:\/\/lottohoy.com\/sv\/wp-json\/wp\/v2\/users\/2"}],"replies":[{"embeddable":true,"href":"https:\/\/lottohoy.com\/sv\/wp-json\/wp\/v2\/comments?post=16756"}],"version-history":[{"count":0,"href":"https:\/\/lottohoy.com\/sv\/wp-json\/wp\/v2\/pages\/16756\/revisions"}],"up":[{"embeddable":true,"href":"https:\/\/lottohoy.com\/sv\/wp-json\/wp\/v2\/pages\/16742"}],"wp:attachment":[{"href":"https:\/\/lottohoy.com\/sv\/wp-json\/wp\/v2\/media?parent=16756"}],"curies":[{"name":"wp","href":"https:\/\/api.w.org\/{rel}","templated":true}]}}