{"id":16742,"date":"2018-05-03T14:23:32","date_gmt":"2018-05-03T13:23:32","guid":{"rendered":"https:\/\/lottohoy.com\/faq-om-lotteri-online\/"},"modified":"2018-05-03T14:23:32","modified_gmt":"2018-05-03T13:23:32","slug":"faq-om-lotteri-online","status":"publish","type":"page","link":"https:\/\/lottohoy.com\/sv\/faq-om-lotteri-online\/","title":{"rendered":"FAQ om lotteri online"},"content":{"rendered":"<p>Vi lever i en ny tid och traditioner \u00f6vertr\u00e4ffas av innovationer. Allt f\u00f6r\u00e4ndras och allt blir snabbare och enklare f\u00f6r att du ska kunna uppn\u00e5 mer och f\u00e5 ut det mesta av livet.<\/p>\n<p>Detta inkluderar lotteriet , och nuf\u00f6rtiden, <a href=\"https:\/\/lottohoy.com\/play\/\"><strong>spela online lotteri<\/strong><\/a> \u00e4r tillg\u00e4ngligt f\u00f6r alla \u00f6ver hela v\u00e4rlden via internet.<\/p>\n<h2><b>Vad \u00e4r online-lotteri?<\/b><\/h2>\n<p><strong>Online-lotteriet<\/strong> \u00e4r fortfarande det \u201dtypiska\u201d lotteriet f\u00f6rutom att ink\u00f6p g\u00f6rs online via internet. N\u00e4stan alla lotterier i v\u00e4rlden \u00e4r tillg\u00e4ngliga fr\u00e5n var som helst i v\u00e4rlden!<\/p>\n<p>Var du \u00e4n befinner dig kommer du att kunna spela de mest k\u00e4nda lotterierna fr\u00e5n andra sidan v\u00e4rlden. Samma priser, samma m\u00f6jligheter. En spelare fr\u00e5n Filippinerna kunde spela det amerikanska <a href=\"https:\/\/lottohoy.com\/play\/mega-millions\/\"><strong>MegaMillions-lotteriet<\/strong><\/a>, eller en kanadensisk spelare kunde .<\/p>\n<h2>Hur man g\u00f6r anspr\u00e5k p\u00e5 prispengar?<\/h2>\n<p>I h\u00e4ndelse av en total eller partiell matchning med kombinationen av dina valda nummer eller bollar med det <a href=\"https:\/\/lottohoy.com\/results\/\"><strong>officiella lotteriresultatet<\/strong><\/a> som spelats, motsvarande pris deponeras direkt p\u00e5 anv\u00e4ndarens konto. Dessa medel \u00e4r tillg\u00e4ngliga fr\u00e5n det \u00f6gonblicket.<\/p>\n<h2>Kan lotteriet spelas online?<\/h2>\n<p>Sj\u00e4lvklart, det \u00e4r v\u00e4ldigt enkelt. <a href=\"\u201dhttps:\/\/lottohoy.com\/signup\/\u201d\"><strong>Registrera<\/strong><\/a> dig helt enkelt <a href=\"\u201dhttps:\/\/lottohoy.com\/signup\/\u201d\"><strong>p\u00e5 LottoHoy<\/strong><\/a> med din mobil, b\u00e4rbara dator eller station\u00e4ra dator och b\u00f6rja spela dina favoritspel, oavsett var du befinner dig .<\/p>\n<h2><b>Hur man k\u00f6per lotter online<\/b><\/h2>\n<p>N\u00e4r du g\u00e5r in p\u00e5 LottoHoy m\u00e5ste du v\u00e4lja det lotteri som du vill spela i. F\u00f6lj instruktionerna som anges f\u00f6r att v\u00e4lja din kombination och fyll i s\u00e5 m\u00e5nga kolumner som du vill.<\/p>\n<p>Sedan beh\u00f6ver du bara g\u00f6ra betalningen med en av de olika betalningsmetoderna vi erbjuder och lotteriet eller biljetterna blir omedelbart din.<\/p>\n<h2><b>Vilket online-lotteri \u00e4r b\u00e4st?<\/b><\/h2>\n<p>Varje lotteri har sina f\u00f6rdelar, du m\u00e5ste helt enkelt hitta vilken som erbjuder de funktioner som passar dig b\u00e4st. .<\/p>\n<p>Vissa lotterier har <a href=\"https:\/\/lottohoy.com\/jackpots\/\"><strong>enorma jackpottar<\/strong><\/a> f\u00f6r vinnare i f\u00f6rsta kategorin, d\u00e4r tidigare dragjackpottar utan vinnare har ackumulerats. Vissa har n\u00e5tt penningbelopp p\u00e5 upp till 10 siffror (<del>den st\u00f6rsta jackpotten som hittills tilldelats var <\/del><strong><del>1,5 miljarder dollar<\/del><\/strong>). Det var i oktober 2023, men idag har den siffran \u00f6verskridits vid 2 tillf\u00e4llen, med de tv\u00e5 amerikanska lotterierna som \u00e4r de som har de st\u00f6rsta priserna fram till idag, den f\u00f6rsta dagen i \u00e5ret 2025.<\/p>\n<p><strong>Powerball-lotteri med rekord p\u00e5 $2,040M, och n\u00e4r det g\u00e4ller Megamillions-lotteriet med $1,602M<\/strong><\/p>\n<p>Det finns ytterligare lotterier som distribuerar prisdragningar mellan olika kategorier, s\u00e5 att det kan finnas m\u00e5nga fler vinnare med mindre summor.<\/p>\n","protected":false},"excerpt":{"rendered":"<p>Vi lever i en ny tid och traditioner \u00f6vertr\u00e4ffas av innovationer. Allt f\u00f6r\u00e4ndras och allt blir snabbare och enklare f\u00f6r att du ska kunna uppn\u00e5 mer och f\u00e5 ut det mesta av livet. Detta inkluderar lotteriet , och nuf\u00f6rtiden, spela online lotteri \u00e4r tillg\u00e4ngligt f\u00f6r alla \u00f6ver hela v\u00e4rlden via internet. Vad \u00e4r online-lotteri? Online-lotteriet [&hellip;]<\/p>\n","protected":false},"author":2,"featured_media":0,"parent":0,"menu_order":3,"comment_status":"closed","ping_status":"closed","template":"Information.php","meta":{"_et_pb_use_builder":"","_et_pb_old_content":"","_et_gb_content_width":"","exclude_from_search":false,"footnotes":""},"class_list":["post-16742","page","type-page","status-publish","hentry"],"yoast_head":"<!-- This site is optimized with the Yoast SEO plugin v23.7 - https:\/\/yoast.com\/wordpress\/plugins\/seo\/ -->\n<title>FAQ om online-lotteri - Lottohoy<\/title>\n<meta name=\"description\" content=\"Allt du beh\u00f6ver veta om online-lotteri! Hitta svaret p\u00e5 de vanligaste fr\u00e5gorna och g\u00f6r dina dr\u00f6mmar till verklighet p\u00e5 Lottohoy.\" \/>\n<meta name=\"robots\" content=\"index, follow, max-snippet:-1, max-image-preview:large, max-video-preview:-1\" \/>\n<link rel=\"canonical\" href=\"https:\/\/lottohoy.com\/sv\/faq-om-lotteri-online\/\" \/>\n<meta property=\"og:locale\" content=\"sv_SE\" \/>\n<meta property=\"og:type\" content=\"article\" \/>\n<meta property=\"og:title\" content=\"FAQ om online-lotteri - Lottohoy\" \/>\n<meta property=\"og:description\" content=\"Allt du beh\u00f6ver veta om online-lotteri! Hitta svaret p\u00e5 de vanligaste fr\u00e5gorna och g\u00f6r dina dr\u00f6mmar till verklighet p\u00e5 Lottohoy.\" \/>\n<meta property=\"og:url\" content=\"https:\/\/lottohoy.com\/sv\/faq-om-lotteri-online\/\" \/>\n<meta property=\"og:site_name\" content=\"Lottohoy\" \/>\n<meta name=\"twitter:card\" content=\"summary_large_image\" \/>\n<meta name=\"twitter:label1\" content=\"Ber\u00e4knad l\u00e4stid\" \/>\n\t<meta name=\"twitter:data1\" content=\"2 minuter\" \/>\n<script type=\"application\/ld+json\" class=\"yoast-schema-graph\">{\"@context\":\"https:\/\/schema.org\",\"@graph\":[{\"@type\":\"WebPage\",\"@id\":\"https:\/\/lottohoy.com\/sv\/faq-om-lotteri-online\/\",\"url\":\"https:\/\/lottohoy.com\/sv\/faq-om-lotteri-online\/\",\"name\":\"FAQ om online-lotteri - Lottohoy\",\"isPartOf\":{\"@id\":\"https:\/\/lottohoy.com\/sv\/#website\"},\"datePublished\":\"2018-05-03T13:23:32+00:00\",\"dateModified\":\"2018-05-03T13:23:32+00:00\",\"description\":\"Allt du beh\u00f6ver veta om online-lotteri! Hitta svaret p\u00e5 de vanligaste fr\u00e5gorna och g\u00f6r dina dr\u00f6mmar till verklighet p\u00e5 Lottohoy.\",\"breadcrumb\":{\"@id\":\"https:\/\/lottohoy.com\/sv\/faq-om-lotteri-online\/#breadcrumb\"},\"inLanguage\":\"sv-SE\",\"potentialAction\":[{\"@type\":\"ReadAction\",\"target\":[\"https:\/\/lottohoy.com\/sv\/faq-om-lotteri-online\/\"]}]},{\"@type\":\"BreadcrumbList\",\"@id\":\"https:\/\/lottohoy.com\/sv\/faq-om-lotteri-online\/#breadcrumb\",\"itemListElement\":[{\"@type\":\"ListItem\",\"position\":1,\"name\":\"Home\",\"item\":\"https:\/\/lottohoy.com\/sv\/\"},{\"@type\":\"ListItem\",\"position\":2,\"name\":\"FAQ om lotteri online\"}]},{\"@type\":\"WebSite\",\"@id\":\"https:\/\/lottohoy.com\/sv\/#website\",\"url\":\"https:\/\/lottohoy.com\/sv\/\",\"name\":\"Lottohoy\",\"description\":\"\",\"potentialAction\":[{\"@type\":\"SearchAction\",\"target\":{\"@type\":\"EntryPoint\",\"urlTemplate\":\"https:\/\/lottohoy.com\/sv\/?s={search_term_string}\"},\"query-input\":{\"@type\":\"PropertyValueSpecification\",\"valueRequired\":true,\"valueName\":\"search_term_string\"}}],\"inLanguage\":\"sv-SE\"}]}<\/script>\n<!-- \/ Yoast SEO plugin. -->","yoast_head_json":{"title":"FAQ om online-lotteri - Lottohoy","description":"Allt du beh\u00f6ver veta om online-lotteri! Hitta svaret p\u00e5 de vanligaste fr\u00e5gorna och g\u00f6r dina dr\u00f6mmar till verklighet p\u00e5 Lottohoy.","robots":{"index":"index","follow":"follow","max-snippet":"max-snippet:-1","max-image-preview":"max-image-preview:large","max-video-preview":"max-video-preview:-1"},"canonical":"https:\/\/lottohoy.com\/sv\/faq-om-lotteri-online\/","og_locale":"sv_SE","og_type":"article","og_title":"FAQ om online-lotteri - Lottohoy","og_description":"Allt du beh\u00f6ver veta om online-lotteri! Hitta svaret p\u00e5 de vanligaste fr\u00e5gorna och g\u00f6r dina dr\u00f6mmar till verklighet p\u00e5 Lottohoy.","og_url":"https:\/\/lottohoy.com\/sv\/faq-om-lotteri-online\/","og_site_name":"Lottohoy","twitter_card":"summary_large_image","twitter_misc":{"Ber\u00e4knad l\u00e4stid":"2 minuter"},"schema":{"@context":"https:\/\/schema.org","@graph":[{"@type":"WebPage","@id":"https:\/\/lottohoy.com\/sv\/faq-om-lotteri-online\/","url":"https:\/\/lottohoy.com\/sv\/faq-om-lotteri-online\/","name":"FAQ om online-lotteri - Lottohoy","isPartOf":{"@id":"https:\/\/lottohoy.com\/sv\/#website"},"datePublished":"2018-05-03T13:23:32+00:00","dateModified":"2018-05-03T13:23:32+00:00","description":"Allt du beh\u00f6ver veta om online-lotteri! Hitta svaret p\u00e5 de vanligaste fr\u00e5gorna och g\u00f6r dina dr\u00f6mmar till verklighet p\u00e5 Lottohoy.","breadcrumb":{"@id":"https:\/\/lottohoy.com\/sv\/faq-om-lotteri-online\/#breadcrumb"},"inLanguage":"sv-SE","potentialAction":[{"@type":"ReadAction","target":["https:\/\/lottohoy.com\/sv\/faq-om-lotteri-online\/"]}]},{"@type":"BreadcrumbList","@id":"https:\/\/lottohoy.com\/sv\/faq-om-lotteri-online\/#breadcrumb","itemListElement":[{"@type":"ListItem","position":1,"name":"Home","item":"https:\/\/lottohoy.com\/sv\/"},{"@type":"ListItem","position":2,"name":"FAQ om lotteri online"}]},{"@type":"WebSite","@id":"https:\/\/lottohoy.com\/sv\/#website","url":"https:\/\/lottohoy.com\/sv\/","name":"Lottohoy","description":"","potentialAction":[{"@type":"SearchAction","target":{"@type":"EntryPoint","urlTemplate":"https:\/\/lottohoy.com\/sv\/?s={search_term_string}"},"query-input":{"@type":"PropertyValueSpecification","valueRequired":true,"valueName":"search_term_string"}}],"inLanguage":"sv-SE"}]}},"_links":{"self":[{"href":"https:\/\/lottohoy.com\/sv\/wp-json\/wp\/v2\/pages\/16742","targetHints":{"allow":["GET"]}}],"collection":[{"href":"https:\/\/lottohoy.com\/sv\/wp-json\/wp\/v2\/pages"}],"about":[{"href":"https:\/\/lottohoy.com\/sv\/wp-json\/wp\/v2\/types\/page"}],"author":[{"embeddable":true,"href":"https:\/\/lottohoy.com\/sv\/wp-json\/wp\/v2\/users\/2"}],"replies":[{"embeddable":true,"href":"https:\/\/lottohoy.com\/sv\/wp-json\/wp\/v2\/comments?post=16742"}],"version-history":[{"count":0,"href":"https:\/\/lottohoy.com\/sv\/wp-json\/wp\/v2\/pages\/16742\/revisions"}],"wp:attachment":[{"href":"https:\/\/lottohoy.com\/sv\/wp-json\/wp\/v2\/media?parent=16742"}],"curies":[{"name":"wp","href":"https:\/\/api.w.org\/{rel}","templated":true}]}}