{"id":16740,"date":"2018-08-23T10:30:41","date_gmt":"2018-08-23T09:30:41","guid":{"rendered":"https:\/\/lottohoy.com\/spela\/spela-lordagslotto\/"},"modified":"2018-08-23T10:30:41","modified_gmt":"2018-08-23T09:30:41","slug":"spela-lordagslotto","status":"publish","type":"page","link":"https:\/\/lottohoy.com\/sv\/spela\/spela-lordagslotto\/","title":{"rendered":"Spela l\u00f6rdagslotto"},"content":{"rendered":"<p>F\u00f6r att slutf\u00f6ra det veckovisa utbudet av lotteritrekningar i Australien skapades Saturday Lotto. Detta \u00e4r ett spel som f\u00f6r n\u00e4rvarande liknar europeiska lotterier och best\u00e5r av ett system med bollar som dras fr\u00e5n en trumma, f\u00f6r att skapa en kombination av sex nummer.<\/p>\n<p>Detta lotteri har en serie exceptionella lotterier, kallas \u201dsuperdraw\u201d med ett pris p\u00e5 upp till AUD $ 20.000.000 som realiseras var sj\u00e4tte eller sjunde vanliga lotterier.<\/p>\n<p>Dessutom har de ocks\u00e5 andra speciallotterier, \u201dmegadraw\u201d, vanligtvis runt jul och ny\u00e5r, med en ber\u00e4knad jackpot p\u00e5 upp till AUD $ 30.000.000.<\/p>\n<h2><strong>Hur man spelar Saturday Lotto i Australien<\/strong><\/h2>\n<p>Att g\u00f6ra en Saturday Lotto-satsning, spelaren m\u00e5ste v\u00e4lja sex nummer fr\u00e5n bordet som best\u00e5r av 45 numrerade rutor fr\u00e5n 1 till 45 respektive.<\/p>\n<p>N\u00e4r dragningen h\u00e5lls, sex huvudbollar extraheras plus tv\u00e5 extra som kallas \u201dkompletterande\u201d. Dessa bollar har funktionen att l\u00e4gga till ett plus till vinnarna i den andra och femte kategorin. Det \u00e4r viktigt att matcha dessa tv\u00e5 bollar tillsammans med minst en av huvudbollarna f\u00f6r att kvalificera sig f\u00f6r det sj\u00e4tte kategoripriset.<\/p>\n<h2><strong>N\u00e4r \u00e4r dragningen f\u00f6r Saturday Lotto AU?<\/strong><\/h2>\n<p>En enda veckotombola h\u00e5lls varje l\u00f6rdag kl 8:30 Australien lokal tid. Biljettf\u00f6rs\u00e4ljningen st\u00e4ngs en timme f\u00f6re dragningen, och n\u00e4r dragningen \u00e4r klar \u00f6ppnas f\u00f6rs\u00e4ljningen igen f\u00f6r n\u00e4sta veckas dragning.<\/p>\n<h2><strong>Hur mycket kostar Saturday Lotto?<\/strong><\/h2>\n<p>P\u00e5 LottoHoy kan du spela Saturday Lotto fr\u00e5n \u20ac 1,50 per spelad kolumn. (Detta belopp kan variera beroende p\u00e5 v\u00e4xelkursen f\u00f6r dollarn mot euron). Detta l\u00e5ga pris g\u00f6r det till ett av de mest attraktiva att spela varje vecka.<\/p>\n<h2><strong>Hur man k\u00f6per Saturday Lotto<\/strong><\/h2>\n<p>Om du inte \u00e4r bosatt i Australien, eller inte kan vara i landet fysiskt, att f\u00f6rv\u00e4rva lotteriet via v\u00e5r onlineplattform \u00e4r enkelt och praktiskt.<\/p>\n<p>Du m\u00e5ste bara f\u00f6lja dessa steg:<\/p>\n<ol>\n<li>G\u00e5 in p\u00e5 spelsidan f\u00f6r Saturday Lotto.<\/li>\n<li>I varje kolumn eller rad, du m\u00e5ste v\u00e4lja sex nummer fr\u00e5n 45 tillg\u00e4ngliga.<\/li>\n<li>Du kan ut\u00f6ka antalet kolumner att spela genom att klicka p\u00e5 \u201d<strong>Fler ra<\/strong>der \u201d.<\/li>\n<li>Klicka sedan p\u00e5 \u201dForts\u00e4tt\u201d f\u00f6r att komma till betalningssidan.<\/li>\n<li>P\u00e5 betalningssk\u00e4rmen visas ett brett utbud av betalningsmetoder, allt fr\u00e5n kredit- \/ betalkort och v\u00e4lk\u00e4nda system som Skrill eller Neteller, och en l\u00e5ng lista med andra betalningsmetoder.<\/li>\n<\/ol>\n","protected":false},"excerpt":{"rendered":"<p>F\u00f6r att slutf\u00f6ra det veckovisa utbudet av lotteritrekningar i Australien skapades Saturday Lotto. Detta \u00e4r ett spel som f\u00f6r n\u00e4rvarande liknar europeiska lotterier och best\u00e5r av ett system med bollar som dras fr\u00e5n en trumma, f\u00f6r att skapa en kombination av sex nummer. Detta lotteri har en serie exceptionella lotterier, kallas \u201dsuperdraw\u201d med ett pris [&hellip;]<\/p>\n","protected":false},"author":2,"featured_media":0,"parent":16589,"menu_order":19,"comment_status":"closed","ping_status":"closed","template":"saturday-lotto.php","meta":{"_et_pb_use_builder":"","_et_pb_old_content":"","_et_gb_content_width":"","exclude_from_search":false,"footnotes":""},"class_list":["post-16740","page","type-page","status-publish","hentry"],"yoast_head":"<!-- This site is optimized with the Yoast SEO plugin v23.7 - https:\/\/yoast.com\/wordpress\/plugins\/seo\/ -->\n<title>Spela Saturday Lotto online - Sl\u00e5 aussie jackpotten idag!<\/title>\n<meta name=\"description\" content=\"F\u00f6r att g\u00f6ra en Saturday Lotto-satsning m\u00e5ste du v\u00e4lja din 6 favoritnummer fr\u00e5n tabellen som best\u00e5r av 45. Spela nu och bli miljon\u00e4r idag!\" \/>\n<meta name=\"robots\" content=\"index, follow, max-snippet:-1, max-image-preview:large, max-video-preview:-1\" \/>\n<link rel=\"canonical\" href=\"https:\/\/lottohoy.com\/sv\/spela\/spela-lordagslotto\/\" \/>\n<meta property=\"og:locale\" content=\"sv_SE\" \/>\n<meta property=\"og:type\" content=\"article\" \/>\n<meta property=\"og:title\" content=\"Spela Saturday Lotto online - Sl\u00e5 aussie jackpotten idag!\" \/>\n<meta property=\"og:description\" content=\"F\u00f6r att g\u00f6ra en Saturday Lotto-satsning m\u00e5ste du v\u00e4lja din 6 favoritnummer fr\u00e5n tabellen som best\u00e5r av 45. Spela nu och bli miljon\u00e4r idag!\" \/>\n<meta property=\"og:url\" content=\"https:\/\/lottohoy.com\/sv\/spela\/spela-lordagslotto\/\" \/>\n<meta property=\"og:site_name\" content=\"Lottohoy\" \/>\n<meta name=\"twitter:card\" content=\"summary_large_image\" \/>\n<meta name=\"twitter:label1\" content=\"Ber\u00e4knad l\u00e4stid\" \/>\n\t<meta name=\"twitter:data1\" content=\"2 minuter\" \/>\n<script type=\"application\/ld+json\" class=\"yoast-schema-graph\">{\"@context\":\"https:\/\/schema.org\",\"@graph\":[{\"@type\":\"WebPage\",\"@id\":\"https:\/\/lottohoy.com\/sv\/spela\/spela-lordagslotto\/\",\"url\":\"https:\/\/lottohoy.com\/sv\/spela\/spela-lordagslotto\/\",\"name\":\"Spela Saturday Lotto online - Sl\u00e5 aussie jackpotten idag!\",\"isPartOf\":{\"@id\":\"https:\/\/lottohoy.com\/sv\/#website\"},\"datePublished\":\"2018-08-23T09:30:41+00:00\",\"dateModified\":\"2018-08-23T09:30:41+00:00\",\"description\":\"F\u00f6r att g\u00f6ra en Saturday Lotto-satsning m\u00e5ste du v\u00e4lja din 6 favoritnummer fr\u00e5n tabellen som best\u00e5r av 45. Spela nu och bli miljon\u00e4r idag!\",\"breadcrumb\":{\"@id\":\"https:\/\/lottohoy.com\/sv\/spela\/spela-lordagslotto\/#breadcrumb\"},\"inLanguage\":\"sv-SE\",\"potentialAction\":[{\"@type\":\"ReadAction\",\"target\":[\"https:\/\/lottohoy.com\/sv\/spela\/spela-lordagslotto\/\"]}]},{\"@type\":\"BreadcrumbList\",\"@id\":\"https:\/\/lottohoy.com\/sv\/spela\/spela-lordagslotto\/#breadcrumb\",\"itemListElement\":[{\"@type\":\"ListItem\",\"position\":1,\"name\":\"Home\",\"item\":\"https:\/\/lottohoy.com\/sv\/\"},{\"@type\":\"ListItem\",\"position\":2,\"name\":\"Spela lotteri online\",\"item\":\"https:\/\/lottohoy.com\/sv\/spela\/\"},{\"@type\":\"ListItem\",\"position\":3,\"name\":\"Spela l\u00f6rdagslotto\"}]},{\"@type\":\"WebSite\",\"@id\":\"https:\/\/lottohoy.com\/sv\/#website\",\"url\":\"https:\/\/lottohoy.com\/sv\/\",\"name\":\"Lottohoy\",\"description\":\"\",\"potentialAction\":[{\"@type\":\"SearchAction\",\"target\":{\"@type\":\"EntryPoint\",\"urlTemplate\":\"https:\/\/lottohoy.com\/sv\/?s={search_term_string}\"},\"query-input\":{\"@type\":\"PropertyValueSpecification\",\"valueRequired\":true,\"valueName\":\"search_term_string\"}}],\"inLanguage\":\"sv-SE\"}]}<\/script>\n<!-- \/ Yoast SEO plugin. -->","yoast_head_json":{"title":"Spela Saturday Lotto online - Sl\u00e5 aussie jackpotten idag!","description":"F\u00f6r att g\u00f6ra en Saturday Lotto-satsning m\u00e5ste du v\u00e4lja din 6 favoritnummer fr\u00e5n tabellen som best\u00e5r av 45. Spela nu och bli miljon\u00e4r idag!","robots":{"index":"index","follow":"follow","max-snippet":"max-snippet:-1","max-image-preview":"max-image-preview:large","max-video-preview":"max-video-preview:-1"},"canonical":"https:\/\/lottohoy.com\/sv\/spela\/spela-lordagslotto\/","og_locale":"sv_SE","og_type":"article","og_title":"Spela Saturday Lotto online - Sl\u00e5 aussie jackpotten idag!","og_description":"F\u00f6r att g\u00f6ra en Saturday Lotto-satsning m\u00e5ste du v\u00e4lja din 6 favoritnummer fr\u00e5n tabellen som best\u00e5r av 45. Spela nu och bli miljon\u00e4r idag!","og_url":"https:\/\/lottohoy.com\/sv\/spela\/spela-lordagslotto\/","og_site_name":"Lottohoy","twitter_card":"summary_large_image","twitter_misc":{"Ber\u00e4knad l\u00e4stid":"2 minuter"},"schema":{"@context":"https:\/\/schema.org","@graph":[{"@type":"WebPage","@id":"https:\/\/lottohoy.com\/sv\/spela\/spela-lordagslotto\/","url":"https:\/\/lottohoy.com\/sv\/spela\/spela-lordagslotto\/","name":"Spela Saturday Lotto online - Sl\u00e5 aussie jackpotten idag!","isPartOf":{"@id":"https:\/\/lottohoy.com\/sv\/#website"},"datePublished":"2018-08-23T09:30:41+00:00","dateModified":"2018-08-23T09:30:41+00:00","description":"F\u00f6r att g\u00f6ra en Saturday Lotto-satsning m\u00e5ste du v\u00e4lja din 6 favoritnummer fr\u00e5n tabellen som best\u00e5r av 45. Spela nu och bli miljon\u00e4r idag!","breadcrumb":{"@id":"https:\/\/lottohoy.com\/sv\/spela\/spela-lordagslotto\/#breadcrumb"},"inLanguage":"sv-SE","potentialAction":[{"@type":"ReadAction","target":["https:\/\/lottohoy.com\/sv\/spela\/spela-lordagslotto\/"]}]},{"@type":"BreadcrumbList","@id":"https:\/\/lottohoy.com\/sv\/spela\/spela-lordagslotto\/#breadcrumb","itemListElement":[{"@type":"ListItem","position":1,"name":"Home","item":"https:\/\/lottohoy.com\/sv\/"},{"@type":"ListItem","position":2,"name":"Spela lotteri online","item":"https:\/\/lottohoy.com\/sv\/spela\/"},{"@type":"ListItem","position":3,"name":"Spela l\u00f6rdagslotto"}]},{"@type":"WebSite","@id":"https:\/\/lottohoy.com\/sv\/#website","url":"https:\/\/lottohoy.com\/sv\/","name":"Lottohoy","description":"","potentialAction":[{"@type":"SearchAction","target":{"@type":"EntryPoint","urlTemplate":"https:\/\/lottohoy.com\/sv\/?s={search_term_string}"},"query-input":{"@type":"PropertyValueSpecification","valueRequired":true,"valueName":"search_term_string"}}],"inLanguage":"sv-SE"}]}},"_links":{"self":[{"href":"https:\/\/lottohoy.com\/sv\/wp-json\/wp\/v2\/pages\/16740","targetHints":{"allow":["GET"]}}],"collection":[{"href":"https:\/\/lottohoy.com\/sv\/wp-json\/wp\/v2\/pages"}],"about":[{"href":"https:\/\/lottohoy.com\/sv\/wp-json\/wp\/v2\/types\/page"}],"author":[{"embeddable":true,"href":"https:\/\/lottohoy.com\/sv\/wp-json\/wp\/v2\/users\/2"}],"replies":[{"embeddable":true,"href":"https:\/\/lottohoy.com\/sv\/wp-json\/wp\/v2\/comments?post=16740"}],"version-history":[{"count":0,"href":"https:\/\/lottohoy.com\/sv\/wp-json\/wp\/v2\/pages\/16740\/revisions"}],"up":[{"embeddable":true,"href":"https:\/\/lottohoy.com\/sv\/wp-json\/wp\/v2\/pages\/16589"}],"wp:attachment":[{"href":"https:\/\/lottohoy.com\/sv\/wp-json\/wp\/v2\/media?parent=16740"}],"curies":[{"name":"wp","href":"https:\/\/api.w.org\/{rel}","templated":true}]}}