{"id":16729,"date":"2018-08-22T10:27:06","date_gmt":"2018-08-22T09:27:06","guid":{"rendered":"https:\/\/lottohoy.com\/spela\/spela-powerball-au\/"},"modified":"2018-08-22T10:27:06","modified_gmt":"2018-08-22T09:27:06","slug":"spela-powerball-au","status":"publish","type":"page","link":"https:\/\/lottohoy.com\/sv\/spela\/spela-powerball-au\/","title":{"rendered":"Spela Powerball AU"},"content":{"rendered":"<p>Powerball AU skapades 1996 och \u00f6vervakas officiellt av Australiens regering, \u00e4ven om den drivs av Tatts Group.<\/p>\n<p>I april 2018, en betydande f\u00f6r\u00e4ndring gjordes i dess regler f\u00f6r att tillgodose erbjudandet fr\u00e5n andra v\u00e4rldslotterier, och p\u00e5 detta s\u00e4tt \u00f6ka sannolikheten f\u00f6r att vinna st\u00f6rre jackpottar.<\/p>\n<p>F\u00f6rv\u00e4xla inte AU Powerball med US Powerball, f\u00f6r \u00e4ven om de har likheter, det finns betydande skillnader.<\/p>\n<p>N\u00e5gra f\u00f6rdelar som \u00e4r v\u00e4rda att ta h\u00e4nsyn till, n\u00e4r du satsar p\u00e5 Powerball AU \u00e4r:<\/p>\n<ul>\n<li>Det inneh\u00e5ller inte skatt fr\u00e5n priserna<\/li>\n<li>Vinnarna f\u00e5r de totala prispengarna som erh\u00e5llits, medan US Powerball till\u00e5ter insamling i livr\u00e4nta eller om du v\u00e4ljer en enda betalning, du m\u00e5ste m\u00f6ta en betydande m\u00e4ngd federala, stat, och provinsiella skatter.<\/li>\n<li>Systemet f\u00f6r utdelning av priser f\u00f6r l\u00e4gre kategorier st\u00e5r i proportion till insamlingen, ist\u00e4llet f\u00f6r att ange fasta belopp som i USA.<\/li>\n<\/ul>\n<h2><strong>Hur man spelar Australia PowerBall ?<\/strong><\/h2>\n<p>Liksom m\u00e5nga lotterispel baserade p\u00e5 siffror, PowerBall AU best\u00e5r av tv\u00e5 olika sektioner i varje spelkolumn:<\/p>\n<p>Den f\u00f6rsta best\u00e5r av siffror mellan 1 och 35 inklusive, d\u00e4r du m\u00e5ste v\u00e4lja sju nummer. L\u00e4ngst ner finns den andra sektionen d\u00e4r vi m\u00e5ste v\u00e4lja Powerball-numret mellan 1 till 20.<\/p>\n<p>F\u00f6r att kvalificera sig f\u00f6r ett minimipris m\u00e5ste spelaren sl\u00e5 tv\u00e5 nummer och powerball.<\/p>\n<h2><strong>N\u00e4r dras Australia PowerBall?<\/strong><\/h2>\n<p>Det finns bara en veckodragning, och den h\u00e5lls varje torsdag kl 9:30 lokal tid. Biljettf\u00f6rs\u00e4ljningen st\u00e4nger en timme f\u00f6re dragningen, och n\u00e4r dragningen \u00e4r klar \u00f6ppnas den igen f\u00f6r n\u00e4sta veckas dragning.<\/p>\n<h2><strong>Hur mycket kostar Australia PowerBall?<\/strong><\/h2>\n<p>I LottoHoy kan du spela Australian Powerball fr\u00e5n \u20ac 2 per kolumn. I detta lotteri \u00e4r det obligatoriskt att spela minst fyra kolumner. (Detta belopp kan variera beroende p\u00e5 v\u00e4xelkursen f\u00f6r dollarn mot euron)<\/p>\n<h2><strong>Hur man spelar AU: s PowerBall<\/strong><\/h2>\n<p>Att k\u00f6pa Australiens PowerBall-biljetter och delta i alla dragningar \u00e4r verkligen enkelt och anv\u00e4ndarv\u00e4nligt via v\u00e5r onlineplattform.<\/p>\n<p>N\u00e4r vi g\u00e5r in p\u00e5 spelsidan, plattformen har fem kolumner (<em>kallas ocks\u00e5 linjer<\/em>), men du kan expandera s\u00e5 m\u00e5nga g\u00e5nger du vill genom att helt enkelt klicka p\u00e5 rutan \u201d<strong>Fler linjer<\/strong>\u201d<\/p>\n<p>Du kan satsa p\u00e5 varje kolumn och fylla i s\u00e5 m\u00e5nga kolumner som du vill. F\u00f6r att st\u00e4lla in insatsen,Jag m\u00e5ste markera sju rutor i varje kolumn i den f\u00f6rsta gruppen, och en rund ruta i den andra gruppen.<\/p>\n<p>Du har ocks\u00e5 m\u00f6jlighet att l\u00e5ta systemet sj\u00e4lv v\u00e4lja slumpm\u00e4ssiga kombinationer f\u00f6r spelaren. Detta slumpm\u00e4ssiga urval g\u00f6rs genom att f\u00f6ra mark\u00f6ren \u00f6ver kolumnen och en \u00f6vre ruta som indikerar \u201dSnabbval\u201d visas.<\/p>\n<p>N\u00e4r \u00f6nskat antal kolumner (satsningar) har placerats, en gr\u00f6n ruta med ordet \u201dForts\u00e4tt\u201d visas. Genom att klicka p\u00e5 den kommer du till kontrollsk\u00e4rmen d\u00e4r du forts\u00e4tter med betalningen genom att klicka i rutan \u201dBetala nu\u201d.<\/p>\n<p>En ny sk\u00e4rm visar dig tillg\u00e4ngliga betalningsmetoder. Fr\u00e5n kreditkort och system som kallas Skrill eller Neteller, till en m\u00e4ngd olika metoder, inklusive kryptovalutor.<\/p>\n","protected":false},"excerpt":{"rendered":"<p>Powerball AU skapades 1996 och \u00f6vervakas officiellt av Australiens regering, \u00e4ven om den drivs av Tatts Group. I april 2018, en betydande f\u00f6r\u00e4ndring gjordes i dess regler f\u00f6r att tillgodose erbjudandet fr\u00e5n andra v\u00e4rldslotterier, och p\u00e5 detta s\u00e4tt \u00f6ka sannolikheten f\u00f6r att vinna st\u00f6rre jackpottar. F\u00f6rv\u00e4xla inte AU Powerball med US Powerball, f\u00f6r \u00e4ven om [&hellip;]<\/p>\n","protected":false},"author":2,"featured_media":0,"parent":16589,"menu_order":17,"comment_status":"closed","ping_status":"closed","template":"powerball-au.php","meta":{"_et_pb_use_builder":"","_et_pb_old_content":"","_et_gb_content_width":"","exclude_from_search":false,"footnotes":""},"class_list":["post-16729","page","type-page","status-publish","hentry"],"yoast_head":"<!-- This site is optimized with the Yoast SEO plugin v23.7 - https:\/\/yoast.com\/wordpress\/plugins\/seo\/ -->\n<title>Spela PowerBall AU - Vinn jackpotten p\u00e5 aussie-lotto<\/title>\n<meta name=\"description\" content=\"V\u00e4lj dina favoriter 7 siffror fr\u00e5n 1 och 35 inklusive, och v\u00e4lj Powerball-numret fr\u00e5n 1 till 20. \u00c4r det l\u00e4tt att bli miljon\u00e4r!\" \/>\n<meta name=\"robots\" content=\"index, follow, max-snippet:-1, max-image-preview:large, max-video-preview:-1\" \/>\n<link rel=\"canonical\" href=\"https:\/\/lottohoy.com\/sv\/spela\/spela-powerball-au\/\" \/>\n<meta property=\"og:locale\" content=\"sv_SE\" \/>\n<meta property=\"og:type\" content=\"article\" \/>\n<meta property=\"og:title\" content=\"Spela PowerBall AU - Vinn jackpotten p\u00e5 aussie-lotto\" \/>\n<meta property=\"og:description\" content=\"V\u00e4lj dina favoriter 7 siffror fr\u00e5n 1 och 35 inklusive, och v\u00e4lj Powerball-numret fr\u00e5n 1 till 20. \u00c4r det l\u00e4tt att bli miljon\u00e4r!\" \/>\n<meta property=\"og:url\" content=\"https:\/\/lottohoy.com\/sv\/spela\/spela-powerball-au\/\" \/>\n<meta property=\"og:site_name\" content=\"Lottohoy\" \/>\n<meta name=\"twitter:card\" content=\"summary_large_image\" \/>\n<meta name=\"twitter:label1\" content=\"Ber\u00e4knad l\u00e4stid\" \/>\n\t<meta name=\"twitter:data1\" content=\"3 minuter\" \/>\n<script type=\"application\/ld+json\" class=\"yoast-schema-graph\">{\"@context\":\"https:\/\/schema.org\",\"@graph\":[{\"@type\":\"WebPage\",\"@id\":\"https:\/\/lottohoy.com\/sv\/spela\/spela-powerball-au\/\",\"url\":\"https:\/\/lottohoy.com\/sv\/spela\/spela-powerball-au\/\",\"name\":\"Spela PowerBall AU - Vinn jackpotten p\u00e5 aussie-lotto\",\"isPartOf\":{\"@id\":\"https:\/\/lottohoy.com\/sv\/#website\"},\"datePublished\":\"2018-08-22T09:27:06+00:00\",\"dateModified\":\"2018-08-22T09:27:06+00:00\",\"description\":\"V\u00e4lj dina favoriter 7 siffror fr\u00e5n 1 och 35 inklusive, och v\u00e4lj Powerball-numret fr\u00e5n 1 till 20. \u00c4r det l\u00e4tt att bli miljon\u00e4r!\",\"breadcrumb\":{\"@id\":\"https:\/\/lottohoy.com\/sv\/spela\/spela-powerball-au\/#breadcrumb\"},\"inLanguage\":\"sv-SE\",\"potentialAction\":[{\"@type\":\"ReadAction\",\"target\":[\"https:\/\/lottohoy.com\/sv\/spela\/spela-powerball-au\/\"]}]},{\"@type\":\"BreadcrumbList\",\"@id\":\"https:\/\/lottohoy.com\/sv\/spela\/spela-powerball-au\/#breadcrumb\",\"itemListElement\":[{\"@type\":\"ListItem\",\"position\":1,\"name\":\"Home\",\"item\":\"https:\/\/lottohoy.com\/sv\/\"},{\"@type\":\"ListItem\",\"position\":2,\"name\":\"Spela lotteri online\",\"item\":\"https:\/\/lottohoy.com\/sv\/spela\/\"},{\"@type\":\"ListItem\",\"position\":3,\"name\":\"Spela Powerball AU\"}]},{\"@type\":\"WebSite\",\"@id\":\"https:\/\/lottohoy.com\/sv\/#website\",\"url\":\"https:\/\/lottohoy.com\/sv\/\",\"name\":\"Lottohoy\",\"description\":\"\",\"potentialAction\":[{\"@type\":\"SearchAction\",\"target\":{\"@type\":\"EntryPoint\",\"urlTemplate\":\"https:\/\/lottohoy.com\/sv\/?s={search_term_string}\"},\"query-input\":{\"@type\":\"PropertyValueSpecification\",\"valueRequired\":true,\"valueName\":\"search_term_string\"}}],\"inLanguage\":\"sv-SE\"}]}<\/script>\n<!-- \/ Yoast SEO plugin. -->","yoast_head_json":{"title":"Spela PowerBall AU - Vinn jackpotten p\u00e5 aussie-lotto","description":"V\u00e4lj dina favoriter 7 siffror fr\u00e5n 1 och 35 inklusive, och v\u00e4lj Powerball-numret fr\u00e5n 1 till 20. \u00c4r det l\u00e4tt att bli miljon\u00e4r!","robots":{"index":"index","follow":"follow","max-snippet":"max-snippet:-1","max-image-preview":"max-image-preview:large","max-video-preview":"max-video-preview:-1"},"canonical":"https:\/\/lottohoy.com\/sv\/spela\/spela-powerball-au\/","og_locale":"sv_SE","og_type":"article","og_title":"Spela PowerBall AU - Vinn jackpotten p\u00e5 aussie-lotto","og_description":"V\u00e4lj dina favoriter 7 siffror fr\u00e5n 1 och 35 inklusive, och v\u00e4lj Powerball-numret fr\u00e5n 1 till 20. \u00c4r det l\u00e4tt att bli miljon\u00e4r!","og_url":"https:\/\/lottohoy.com\/sv\/spela\/spela-powerball-au\/","og_site_name":"Lottohoy","twitter_card":"summary_large_image","twitter_misc":{"Ber\u00e4knad l\u00e4stid":"3 minuter"},"schema":{"@context":"https:\/\/schema.org","@graph":[{"@type":"WebPage","@id":"https:\/\/lottohoy.com\/sv\/spela\/spela-powerball-au\/","url":"https:\/\/lottohoy.com\/sv\/spela\/spela-powerball-au\/","name":"Spela PowerBall AU - Vinn jackpotten p\u00e5 aussie-lotto","isPartOf":{"@id":"https:\/\/lottohoy.com\/sv\/#website"},"datePublished":"2018-08-22T09:27:06+00:00","dateModified":"2018-08-22T09:27:06+00:00","description":"V\u00e4lj dina favoriter 7 siffror fr\u00e5n 1 och 35 inklusive, och v\u00e4lj Powerball-numret fr\u00e5n 1 till 20. \u00c4r det l\u00e4tt att bli miljon\u00e4r!","breadcrumb":{"@id":"https:\/\/lottohoy.com\/sv\/spela\/spela-powerball-au\/#breadcrumb"},"inLanguage":"sv-SE","potentialAction":[{"@type":"ReadAction","target":["https:\/\/lottohoy.com\/sv\/spela\/spela-powerball-au\/"]}]},{"@type":"BreadcrumbList","@id":"https:\/\/lottohoy.com\/sv\/spela\/spela-powerball-au\/#breadcrumb","itemListElement":[{"@type":"ListItem","position":1,"name":"Home","item":"https:\/\/lottohoy.com\/sv\/"},{"@type":"ListItem","position":2,"name":"Spela lotteri online","item":"https:\/\/lottohoy.com\/sv\/spela\/"},{"@type":"ListItem","position":3,"name":"Spela Powerball AU"}]},{"@type":"WebSite","@id":"https:\/\/lottohoy.com\/sv\/#website","url":"https:\/\/lottohoy.com\/sv\/","name":"Lottohoy","description":"","potentialAction":[{"@type":"SearchAction","target":{"@type":"EntryPoint","urlTemplate":"https:\/\/lottohoy.com\/sv\/?s={search_term_string}"},"query-input":{"@type":"PropertyValueSpecification","valueRequired":true,"valueName":"search_term_string"}}],"inLanguage":"sv-SE"}]}},"_links":{"self":[{"href":"https:\/\/lottohoy.com\/sv\/wp-json\/wp\/v2\/pages\/16729","targetHints":{"allow":["GET"]}}],"collection":[{"href":"https:\/\/lottohoy.com\/sv\/wp-json\/wp\/v2\/pages"}],"about":[{"href":"https:\/\/lottohoy.com\/sv\/wp-json\/wp\/v2\/types\/page"}],"author":[{"embeddable":true,"href":"https:\/\/lottohoy.com\/sv\/wp-json\/wp\/v2\/users\/2"}],"replies":[{"embeddable":true,"href":"https:\/\/lottohoy.com\/sv\/wp-json\/wp\/v2\/comments?post=16729"}],"version-history":[{"count":0,"href":"https:\/\/lottohoy.com\/sv\/wp-json\/wp\/v2\/pages\/16729\/revisions"}],"up":[{"embeddable":true,"href":"https:\/\/lottohoy.com\/sv\/wp-json\/wp\/v2\/pages\/16589"}],"wp:attachment":[{"href":"https:\/\/lottohoy.com\/sv\/wp-json\/wp\/v2\/media?parent=16729"}],"curies":[{"name":"wp","href":"https:\/\/api.w.org\/{rel}","templated":true}]}}