{"id":16728,"date":"2020-08-10T15:56:27","date_gmt":"2020-08-10T14:56:27","guid":{"rendered":"https:\/\/lottohoy.com\/spela\/spela-mega-sena\/"},"modified":"2020-08-10T15:56:27","modified_gmt":"2020-08-10T14:56:27","slug":"spela-mega-sena","status":"publish","type":"page","link":"https:\/\/lottohoy.com\/sv\/spela\/spela-mega-sena\/","title":{"rendered":"Spela Mega Sena"},"content":{"rendered":"<h2>Spela Mega Sena online<\/h2>\n<p>Mega-Sena \u00e4r det st\u00f6rsta lotteriet i Brasilien och i hela Sydamerika. Det organiseras av den federala banken Caixa Economica, sedan mars 1996.<\/p>\n<p>Att spela Mega Sena-lotteriet online, spelaren kan g\u00f6ra det direkt via lotteriplattformar som v\u00e5r. F\u00f6r att spela Mega Sena \u00e4r det oumb\u00e4rligt att vara \u00f6ver 18 \u00e5r gammal, kr\u00e4vs av arrang\u00f6ren.<\/p>\n<p>N\u00e4r du v\u00e4l har \u00f6ppnat Mega Sena-spelsidan via v\u00e5r plattform, en mall visas med olika kolumner (kallas ocks\u00e5 linjer) spela d\u00e4r du m\u00e5ste ange det spel du vill g\u00f6ra (Varje kolumn eller rad motsvarar en satsning). Dessa f\u00f6rsta kolumner kan f\u00f6rstoras genom att klicka p\u00e5 rutan FLER LINJER, och andra kolumner visas, d\u00e4r du kan placera fler insatser p\u00e5 samma spel.<\/p>\n<p>Detta kan upprepas lika m\u00e5nga g\u00e5nger som antalet kolumner eller linjer som du vill satsa p\u00e5.<\/p>\n<p>F\u00f6r att satsa p\u00e5 en kolumn m\u00e5ste 6 av de 60 rutorna i den f\u00f6rsta rutan vara markerade.<\/p>\n<p>Detta drag kan g\u00f6ras manuellt, det vill s\u00e4ga genom att markera direkt p\u00e5 vart och ett av de nummer som du vill vara en del av din satsningskombination. Och ocks\u00e5, om du vill, du kan l\u00e5ta systemet sj\u00e4lv v\u00e4lja vadkombinationen p\u00e5 ett slumpm\u00e4ssigt s\u00e4tt.<\/p>\n<p>Om vadet tilldelas, prisbeloppet krediteras automatiskt till anv\u00e4ndarkontot.<\/p>\n<h2>Vilka dagar h\u00e5lls dragningarna?<\/h2>\n<p>Mega Sena firar tv\u00e5 dragningar varje vecka, onsdagar och l\u00f6rdagar kl 20:00h. lokal tid. (UTC-3)<\/p>\n<p>Onlinebiljettintaget st\u00e4ngs officiellt ungef\u00e4r 3 timmar f\u00f6re den officiella tiden f\u00f6r och \u00f6ppnas igen i slutet av dragningen, f\u00f6r att validera biljetter f\u00f6r nya dragningar.<\/p>\n<h2>F\u00f6rdelar med att k\u00f6pa Mega Sena online<\/h2>\n<p>Det finns m\u00e5nga f\u00f6rdelar med att g\u00f6ra Mega Sena-satsningar online, genom v\u00e5r plattform, vilket g\u00f6r det m\u00f6jligt f\u00f6r spelare fr\u00e5n hela v\u00e4rlden, att k\u00f6pa sina biljetter, oavsett vilket land de bor i.<\/p>\n<p>Bland m\u00e5nga andra \u00e4r detta n\u00e5gra av de st\u00f6rsta f\u00f6rdelarna med att spela genom LottoHoy:<\/p>\n<ul>\n<li>S\u00e4kerhet i transaktionerna.<\/li>\n<li>24\/7 \u00e5tkomst varje dag p\u00e5 \u00e5ret f\u00f6r ink\u00f6p och vadslagning. .<\/li>\n<li>K\u00f6p dina biljetter var som helst i v\u00e4rlden, utan k\u00f6er eller resor.<\/li>\n<li>Med onlinek\u00f6pet undviks f\u00f6rlust eller felplacering, biljetten f\u00f6rblir alltid s\u00e4kert p\u00e5 anv\u00e4ndarens konto.<\/li>\n<li>De vunna priserna anges omedelbart i ditt anv\u00e4ndarkonto, och tillg\u00e4nglig fr\u00e5n f\u00f6rsta stund, efter firandet av dragningen och n\u00e4r de officiella resultaten publiceras, de vunna prisbeloppen anges i anv\u00e4ndarkontot.<\/li>\n<li>Bli informerad om de ackumulerade jackpottarna och extraordin\u00e4ra dragningar.<\/li>\n<\/ul>\n","protected":false},"excerpt":{"rendered":"<p>Spela Mega Sena online Mega-Sena \u00e4r det st\u00f6rsta lotteriet i Brasilien och i hela Sydamerika. Det organiseras av den federala banken Caixa Economica, sedan mars 1996. Att spela Mega Sena-lotteriet online, spelaren kan g\u00f6ra det direkt via lotteriplattformar som v\u00e5r. F\u00f6r att spela Mega Sena \u00e4r det oumb\u00e4rligt att vara \u00f6ver 18 \u00e5r gammal, kr\u00e4vs [&hellip;]<\/p>\n","protected":false},"author":2,"featured_media":0,"parent":16589,"menu_order":16,"comment_status":"closed","ping_status":"closed","template":"megasena.php","meta":{"_et_pb_use_builder":"","_et_pb_old_content":"","_et_gb_content_width":"","exclude_from_search":false,"footnotes":""},"class_list":["post-16728","page","type-page","status-publish","hentry"],"yoast_head":"<!-- This site is optimized with the Yoast SEO plugin v23.7 - https:\/\/yoast.com\/wordpress\/plugins\/seo\/ -->\n<title>Spela Mega Sena-lotteriet online - LottoHoy.com<\/title>\n<meta name=\"description\" content=\"Satsa n\u00e4r som helst p\u00e5 dagen eller natten, spela Mega Sena-lotteriet online, utan att k\u00f6a och utan att beh\u00f6va resa\" \/>\n<meta name=\"robots\" content=\"index, follow, max-snippet:-1, max-image-preview:large, max-video-preview:-1\" \/>\n<link rel=\"canonical\" href=\"https:\/\/lottohoy.com\/sv\/spela\/spela-mega-sena\/\" \/>\n<meta property=\"og:locale\" content=\"sv_SE\" \/>\n<meta property=\"og:type\" content=\"article\" \/>\n<meta property=\"og:title\" content=\"Spela Mega Sena-lotteriet online - LottoHoy.com\" \/>\n<meta property=\"og:description\" content=\"Satsa n\u00e4r som helst p\u00e5 dagen eller natten, spela Mega Sena-lotteriet online, utan att k\u00f6a och utan att beh\u00f6va resa\" \/>\n<meta property=\"og:url\" content=\"https:\/\/lottohoy.com\/sv\/spela\/spela-mega-sena\/\" \/>\n<meta property=\"og:site_name\" content=\"Lottohoy\" \/>\n<meta name=\"twitter:card\" content=\"summary_large_image\" \/>\n<meta name=\"twitter:label1\" content=\"Ber\u00e4knad l\u00e4stid\" \/>\n\t<meta name=\"twitter:data1\" content=\"2 minuter\" \/>\n<script type=\"application\/ld+json\" class=\"yoast-schema-graph\">{\"@context\":\"https:\/\/schema.org\",\"@graph\":[{\"@type\":\"WebPage\",\"@id\":\"https:\/\/lottohoy.com\/sv\/spela\/spela-mega-sena\/\",\"url\":\"https:\/\/lottohoy.com\/sv\/spela\/spela-mega-sena\/\",\"name\":\"Spela Mega Sena-lotteriet online - LottoHoy.com\",\"isPartOf\":{\"@id\":\"https:\/\/lottohoy.com\/sv\/#website\"},\"datePublished\":\"2020-08-10T14:56:27+00:00\",\"dateModified\":\"2020-08-10T14:56:27+00:00\",\"description\":\"Satsa n\u00e4r som helst p\u00e5 dagen eller natten, spela Mega Sena-lotteriet online, utan att k\u00f6a och utan att beh\u00f6va resa\",\"breadcrumb\":{\"@id\":\"https:\/\/lottohoy.com\/sv\/spela\/spela-mega-sena\/#breadcrumb\"},\"inLanguage\":\"sv-SE\",\"potentialAction\":[{\"@type\":\"ReadAction\",\"target\":[\"https:\/\/lottohoy.com\/sv\/spela\/spela-mega-sena\/\"]}]},{\"@type\":\"BreadcrumbList\",\"@id\":\"https:\/\/lottohoy.com\/sv\/spela\/spela-mega-sena\/#breadcrumb\",\"itemListElement\":[{\"@type\":\"ListItem\",\"position\":1,\"name\":\"Home\",\"item\":\"https:\/\/lottohoy.com\/sv\/\"},{\"@type\":\"ListItem\",\"position\":2,\"name\":\"Spela lotteri online\",\"item\":\"https:\/\/lottohoy.com\/sv\/spela\/\"},{\"@type\":\"ListItem\",\"position\":3,\"name\":\"Spela Mega Sena\"}]},{\"@type\":\"WebSite\",\"@id\":\"https:\/\/lottohoy.com\/sv\/#website\",\"url\":\"https:\/\/lottohoy.com\/sv\/\",\"name\":\"Lottohoy\",\"description\":\"\",\"potentialAction\":[{\"@type\":\"SearchAction\",\"target\":{\"@type\":\"EntryPoint\",\"urlTemplate\":\"https:\/\/lottohoy.com\/sv\/?s={search_term_string}\"},\"query-input\":{\"@type\":\"PropertyValueSpecification\",\"valueRequired\":true,\"valueName\":\"search_term_string\"}}],\"inLanguage\":\"sv-SE\"}]}<\/script>\n<!-- \/ Yoast SEO plugin. -->","yoast_head_json":{"title":"Spela Mega Sena-lotteriet online - LottoHoy.com","description":"Satsa n\u00e4r som helst p\u00e5 dagen eller natten, spela Mega Sena-lotteriet online, utan att k\u00f6a och utan att beh\u00f6va resa","robots":{"index":"index","follow":"follow","max-snippet":"max-snippet:-1","max-image-preview":"max-image-preview:large","max-video-preview":"max-video-preview:-1"},"canonical":"https:\/\/lottohoy.com\/sv\/spela\/spela-mega-sena\/","og_locale":"sv_SE","og_type":"article","og_title":"Spela Mega Sena-lotteriet online - LottoHoy.com","og_description":"Satsa n\u00e4r som helst p\u00e5 dagen eller natten, spela Mega Sena-lotteriet online, utan att k\u00f6a och utan att beh\u00f6va resa","og_url":"https:\/\/lottohoy.com\/sv\/spela\/spela-mega-sena\/","og_site_name":"Lottohoy","twitter_card":"summary_large_image","twitter_misc":{"Ber\u00e4knad l\u00e4stid":"2 minuter"},"schema":{"@context":"https:\/\/schema.org","@graph":[{"@type":"WebPage","@id":"https:\/\/lottohoy.com\/sv\/spela\/spela-mega-sena\/","url":"https:\/\/lottohoy.com\/sv\/spela\/spela-mega-sena\/","name":"Spela Mega Sena-lotteriet online - LottoHoy.com","isPartOf":{"@id":"https:\/\/lottohoy.com\/sv\/#website"},"datePublished":"2020-08-10T14:56:27+00:00","dateModified":"2020-08-10T14:56:27+00:00","description":"Satsa n\u00e4r som helst p\u00e5 dagen eller natten, spela Mega Sena-lotteriet online, utan att k\u00f6a och utan att beh\u00f6va resa","breadcrumb":{"@id":"https:\/\/lottohoy.com\/sv\/spela\/spela-mega-sena\/#breadcrumb"},"inLanguage":"sv-SE","potentialAction":[{"@type":"ReadAction","target":["https:\/\/lottohoy.com\/sv\/spela\/spela-mega-sena\/"]}]},{"@type":"BreadcrumbList","@id":"https:\/\/lottohoy.com\/sv\/spela\/spela-mega-sena\/#breadcrumb","itemListElement":[{"@type":"ListItem","position":1,"name":"Home","item":"https:\/\/lottohoy.com\/sv\/"},{"@type":"ListItem","position":2,"name":"Spela lotteri online","item":"https:\/\/lottohoy.com\/sv\/spela\/"},{"@type":"ListItem","position":3,"name":"Spela Mega Sena"}]},{"@type":"WebSite","@id":"https:\/\/lottohoy.com\/sv\/#website","url":"https:\/\/lottohoy.com\/sv\/","name":"Lottohoy","description":"","potentialAction":[{"@type":"SearchAction","target":{"@type":"EntryPoint","urlTemplate":"https:\/\/lottohoy.com\/sv\/?s={search_term_string}"},"query-input":{"@type":"PropertyValueSpecification","valueRequired":true,"valueName":"search_term_string"}}],"inLanguage":"sv-SE"}]}},"_links":{"self":[{"href":"https:\/\/lottohoy.com\/sv\/wp-json\/wp\/v2\/pages\/16728","targetHints":{"allow":["GET"]}}],"collection":[{"href":"https:\/\/lottohoy.com\/sv\/wp-json\/wp\/v2\/pages"}],"about":[{"href":"https:\/\/lottohoy.com\/sv\/wp-json\/wp\/v2\/types\/page"}],"author":[{"embeddable":true,"href":"https:\/\/lottohoy.com\/sv\/wp-json\/wp\/v2\/users\/2"}],"replies":[{"embeddable":true,"href":"https:\/\/lottohoy.com\/sv\/wp-json\/wp\/v2\/comments?post=16728"}],"version-history":[{"count":0,"href":"https:\/\/lottohoy.com\/sv\/wp-json\/wp\/v2\/pages\/16728\/revisions"}],"up":[{"embeddable":true,"href":"https:\/\/lottohoy.com\/sv\/wp-json\/wp\/v2\/pages\/16589"}],"wp:attachment":[{"href":"https:\/\/lottohoy.com\/sv\/wp-json\/wp\/v2\/media?parent=16728"}],"curies":[{"name":"wp","href":"https:\/\/api.w.org\/{rel}","templated":true}]}}