{"id":16717,"date":"2020-08-10T21:38:27","date_gmt":"2020-08-10T20:38:27","guid":{"rendered":"https:\/\/lottohoy.com\/spela\/spela-lotto-america\/"},"modified":"2020-08-10T21:38:27","modified_gmt":"2020-08-10T20:38:27","slug":"spela-lotto-america","status":"publish","type":"page","link":"https:\/\/lottohoy.com\/sv\/spela\/spela-lotto-america\/","title":{"rendered":"Spela Lotto America"},"content":{"rendered":"<h2>Hur spelar du Lotto America online?<\/h2>\n<p>Spelkolumnen best\u00e5r av 52 l\u00e5dor numrerade fr\u00e5n 1 till 52, f\u00f6r huvudnumren, och en andra l\u00e5da numrerad fr\u00e5n 1 till 10 respektive, f\u00f6r stj\u00e4rnbollen (Lotto America Star Ball)<\/p>\n<p>Spelaren m\u00e5ste v\u00e4lja 5 huvudramsnummer mellan 1 och 52, och en annan mellan de listade fr\u00e5n 1 till 10 f\u00f6r Star Ball.<\/p>\n<p>Detta val kan g\u00f6ras manuellt genom att v\u00e4lja och markera i kolumnen 5+1 siffror f\u00f6r kombinationen att spela, eller genom att v\u00e4lja rutan \u201dSnabbval\u201d som visas n\u00e4r mark\u00f6ren passerar \u00f6ver toppen av kolumnen, och d\u00e4rmed l\u00e5ta systemet sj\u00e4lv slumpm\u00e4ssigt v\u00e4lja kombinationen att spela.<\/p>\n<h2>Vilka dagar spelar du Lotto America?<\/h2>\n<p>Lotto America-dragningar h\u00e5lls i Tallahassee, Florida, varje onsdag och l\u00f6rdag runt 11:15pm \/ 10:15pm lokal tid, beroende p\u00e5 stat.<\/p>\n<p>Online biljettf\u00f6rs\u00e4ljning st\u00e4nger vanligtvis 2 timmar f\u00f6re dragningen f\u00f6r plattformsadministration och s\u00e4kerhet med samarbetande agenter.<\/p>\n<h2>Hur mycket kostar Lotto America-biljetter?<\/h2>\n<p>P\u00e5 Lottohoy kan du k\u00f6pa dina officiella Lotto America-biljetter fr\u00e5n s\u00e5 lite som 2 \u20ac, (Detta belopp kan variera beroende p\u00e5 v\u00e4xelkursen mellan dollar och euro)<\/p>\n<h2>Hur man k\u00f6per Lotto America online<\/h2>\n<p>Att k\u00f6pa biljetter och spela Lotto America-lotteriet \u00e4r v\u00e4ldigt enkelt och bekv\u00e4mt via v\u00e5r onlineplattform.<\/p>\n<p>P\u00e5 Lotto America-spelsidan kan du placera vilken insats du vill. En 5-kolumnmall (kallas ocks\u00e5 linjer) visas, men du kan ut\u00f6ka det s\u00e5 m\u00e5nga g\u00e5nger du vill genom att helt enkelt klicka p\u00e5 rutan \u201dFler linjer\u201d.<\/p>\n<p>I varje kolumn m\u00e5ste du markera 5 rutor mellan 1 och 51, och 1 mellan 1 och 10 i rutan nedan<\/p>\n<p>Detta val kan g\u00f6ras manuellt genom att markera varje ruta eller genom att l\u00e5ta systemet slumpm\u00e4ssigt v\u00e4lja en kombination.<\/p>\n<p>Genom att klicka p\u00e5 \u201dForts\u00e4tt\u201d kommer du till betalningssidan. Spelaren kan bekr\u00e4fta eller l\u00e4gga till fler biljetter till sina satsningar.<\/p>\n<h2>Lotto America priser<\/h2>\n<p>En minsta jackpot p\u00e5 $ 2.000.000 antas, som ackumuleras f\u00f6r efterf\u00f6ljande ritningar i h\u00e4ndelse av att det inte finns n\u00e5gra f\u00f6rstklassiga vinnare.<\/p>\n<p>Det finns 9 priskategorier<\/p>\n<p>&#8211; Den f\u00f6rsta kategorin, f\u00f6r dem som matchar den fullst\u00e4ndiga vinnande kombinationen (5 huvudnummer + Star Ball).<\/p>\n<p>&#8211; Andra kategorin, f\u00f6r dem som matchar de 5 huvudnumren<\/p>\n<p>&#8211; Tredje kategorin, f\u00f6r de 4 huvudnumren + Star Ball<\/p>\n<p>&#8211; Fj\u00e4rde kategorin, f\u00f6r dem som har 4 huvudnummer<\/p>\n<p>&#8211; Femte kategorin. F\u00f6r 3 huvudnummer + Star Ball-vinnare<\/p>\n<p>&#8211; Sj\u00e4tte kategorin. F\u00f6r de 3-numrerade lyckliga vinnarna,<\/p>\n<p>&#8211; Sjunde kategorin. F\u00f6r 2 huvudnummer + Stj\u00e4rnboll<\/p>\n<p>&#8211; \u00c5ttonde kategorin. F\u00f6r 1 huvudnummer + Star Ball vinnare<\/p>\n<p>&#8211; Nionde kategorin: F\u00f6r dem som bara har Star Ball<\/p>\n","protected":false},"excerpt":{"rendered":"<p>Hur spelar du Lotto America online? Spelkolumnen best\u00e5r av 52 l\u00e5dor numrerade fr\u00e5n 1 till 52, f\u00f6r huvudnumren, och en andra l\u00e5da numrerad fr\u00e5n 1 till 10 respektive, f\u00f6r stj\u00e4rnbollen (Lotto America Star Ball) Spelaren m\u00e5ste v\u00e4lja 5 huvudramsnummer mellan 1 och 52, och en annan mellan de listade fr\u00e5n 1 till 10 f\u00f6r Star [&hellip;]<\/p>\n","protected":false},"author":2,"featured_media":0,"parent":16589,"menu_order":15,"comment_status":"closed","ping_status":"closed","template":"lotto-america.php","meta":{"_et_pb_use_builder":"","_et_pb_old_content":"","_et_gb_content_width":"","exclude_from_search":false,"footnotes":""},"class_list":["post-16717","page","type-page","status-publish","hentry"],"yoast_head":"<!-- This site is optimized with the Yoast SEO plugin v23.7 - https:\/\/yoast.com\/wordpress\/plugins\/seo\/ -->\n<title>Spela Lotto America, ett USA-lotteri - LottoHoy.com<\/title>\n<meta name=\"description\" content=\"Bland det stora utbudet av USA-lotterier, vi f\u00f6resl\u00e5r att spela Lotto America, och njut av dess 9 kategorier av priser\" \/>\n<meta name=\"robots\" content=\"index, follow, max-snippet:-1, max-image-preview:large, max-video-preview:-1\" \/>\n<link rel=\"canonical\" href=\"https:\/\/lottohoy.com\/sv\/spela\/spela-lotto-america\/\" \/>\n<meta property=\"og:locale\" content=\"sv_SE\" \/>\n<meta property=\"og:type\" content=\"article\" \/>\n<meta property=\"og:title\" content=\"Spela Lotto America, ett USA-lotteri - LottoHoy.com\" \/>\n<meta property=\"og:description\" content=\"Bland det stora utbudet av USA-lotterier, vi f\u00f6resl\u00e5r att spela Lotto America, och njut av dess 9 kategorier av priser\" \/>\n<meta property=\"og:url\" content=\"https:\/\/lottohoy.com\/sv\/spela\/spela-lotto-america\/\" \/>\n<meta property=\"og:site_name\" content=\"Lottohoy\" \/>\n<meta name=\"twitter:card\" content=\"summary_large_image\" \/>\n<meta name=\"twitter:label1\" content=\"Ber\u00e4knad l\u00e4stid\" \/>\n\t<meta name=\"twitter:data1\" content=\"2 minuter\" \/>\n<script type=\"application\/ld+json\" class=\"yoast-schema-graph\">{\"@context\":\"https:\/\/schema.org\",\"@graph\":[{\"@type\":\"WebPage\",\"@id\":\"https:\/\/lottohoy.com\/sv\/spela\/spela-lotto-america\/\",\"url\":\"https:\/\/lottohoy.com\/sv\/spela\/spela-lotto-america\/\",\"name\":\"Spela Lotto America, ett USA-lotteri - LottoHoy.com\",\"isPartOf\":{\"@id\":\"https:\/\/lottohoy.com\/sv\/#website\"},\"datePublished\":\"2020-08-10T20:38:27+00:00\",\"dateModified\":\"2020-08-10T20:38:27+00:00\",\"description\":\"Bland det stora utbudet av USA-lotterier, vi f\u00f6resl\u00e5r att spela Lotto America, och njut av dess 9 kategorier av priser\",\"breadcrumb\":{\"@id\":\"https:\/\/lottohoy.com\/sv\/spela\/spela-lotto-america\/#breadcrumb\"},\"inLanguage\":\"sv-SE\",\"potentialAction\":[{\"@type\":\"ReadAction\",\"target\":[\"https:\/\/lottohoy.com\/sv\/spela\/spela-lotto-america\/\"]}]},{\"@type\":\"BreadcrumbList\",\"@id\":\"https:\/\/lottohoy.com\/sv\/spela\/spela-lotto-america\/#breadcrumb\",\"itemListElement\":[{\"@type\":\"ListItem\",\"position\":1,\"name\":\"Home\",\"item\":\"https:\/\/lottohoy.com\/sv\/\"},{\"@type\":\"ListItem\",\"position\":2,\"name\":\"Spela lotteri online\",\"item\":\"https:\/\/lottohoy.com\/sv\/spela\/\"},{\"@type\":\"ListItem\",\"position\":3,\"name\":\"Spela Lotto America\"}]},{\"@type\":\"WebSite\",\"@id\":\"https:\/\/lottohoy.com\/sv\/#website\",\"url\":\"https:\/\/lottohoy.com\/sv\/\",\"name\":\"Lottohoy\",\"description\":\"\",\"potentialAction\":[{\"@type\":\"SearchAction\",\"target\":{\"@type\":\"EntryPoint\",\"urlTemplate\":\"https:\/\/lottohoy.com\/sv\/?s={search_term_string}\"},\"query-input\":{\"@type\":\"PropertyValueSpecification\",\"valueRequired\":true,\"valueName\":\"search_term_string\"}}],\"inLanguage\":\"sv-SE\"}]}<\/script>\n<!-- \/ Yoast SEO plugin. -->","yoast_head_json":{"title":"Spela Lotto America, ett USA-lotteri - LottoHoy.com","description":"Bland det stora utbudet av USA-lotterier, vi f\u00f6resl\u00e5r att spela Lotto America, och njut av dess 9 kategorier av priser","robots":{"index":"index","follow":"follow","max-snippet":"max-snippet:-1","max-image-preview":"max-image-preview:large","max-video-preview":"max-video-preview:-1"},"canonical":"https:\/\/lottohoy.com\/sv\/spela\/spela-lotto-america\/","og_locale":"sv_SE","og_type":"article","og_title":"Spela Lotto America, ett USA-lotteri - LottoHoy.com","og_description":"Bland det stora utbudet av USA-lotterier, vi f\u00f6resl\u00e5r att spela Lotto America, och njut av dess 9 kategorier av priser","og_url":"https:\/\/lottohoy.com\/sv\/spela\/spela-lotto-america\/","og_site_name":"Lottohoy","twitter_card":"summary_large_image","twitter_misc":{"Ber\u00e4knad l\u00e4stid":"2 minuter"},"schema":{"@context":"https:\/\/schema.org","@graph":[{"@type":"WebPage","@id":"https:\/\/lottohoy.com\/sv\/spela\/spela-lotto-america\/","url":"https:\/\/lottohoy.com\/sv\/spela\/spela-lotto-america\/","name":"Spela Lotto America, ett USA-lotteri - LottoHoy.com","isPartOf":{"@id":"https:\/\/lottohoy.com\/sv\/#website"},"datePublished":"2020-08-10T20:38:27+00:00","dateModified":"2020-08-10T20:38:27+00:00","description":"Bland det stora utbudet av USA-lotterier, vi f\u00f6resl\u00e5r att spela Lotto America, och njut av dess 9 kategorier av priser","breadcrumb":{"@id":"https:\/\/lottohoy.com\/sv\/spela\/spela-lotto-america\/#breadcrumb"},"inLanguage":"sv-SE","potentialAction":[{"@type":"ReadAction","target":["https:\/\/lottohoy.com\/sv\/spela\/spela-lotto-america\/"]}]},{"@type":"BreadcrumbList","@id":"https:\/\/lottohoy.com\/sv\/spela\/spela-lotto-america\/#breadcrumb","itemListElement":[{"@type":"ListItem","position":1,"name":"Home","item":"https:\/\/lottohoy.com\/sv\/"},{"@type":"ListItem","position":2,"name":"Spela lotteri online","item":"https:\/\/lottohoy.com\/sv\/spela\/"},{"@type":"ListItem","position":3,"name":"Spela Lotto America"}]},{"@type":"WebSite","@id":"https:\/\/lottohoy.com\/sv\/#website","url":"https:\/\/lottohoy.com\/sv\/","name":"Lottohoy","description":"","potentialAction":[{"@type":"SearchAction","target":{"@type":"EntryPoint","urlTemplate":"https:\/\/lottohoy.com\/sv\/?s={search_term_string}"},"query-input":{"@type":"PropertyValueSpecification","valueRequired":true,"valueName":"search_term_string"}}],"inLanguage":"sv-SE"}]}},"_links":{"self":[{"href":"https:\/\/lottohoy.com\/sv\/wp-json\/wp\/v2\/pages\/16717","targetHints":{"allow":["GET"]}}],"collection":[{"href":"https:\/\/lottohoy.com\/sv\/wp-json\/wp\/v2\/pages"}],"about":[{"href":"https:\/\/lottohoy.com\/sv\/wp-json\/wp\/v2\/types\/page"}],"author":[{"embeddable":true,"href":"https:\/\/lottohoy.com\/sv\/wp-json\/wp\/v2\/users\/2"}],"replies":[{"embeddable":true,"href":"https:\/\/lottohoy.com\/sv\/wp-json\/wp\/v2\/comments?post=16717"}],"version-history":[{"count":0,"href":"https:\/\/lottohoy.com\/sv\/wp-json\/wp\/v2\/pages\/16717\/revisions"}],"up":[{"embeddable":true,"href":"https:\/\/lottohoy.com\/sv\/wp-json\/wp\/v2\/pages\/16589"}],"wp:attachment":[{"href":"https:\/\/lottohoy.com\/sv\/wp-json\/wp\/v2\/media?parent=16717"}],"curies":[{"name":"wp","href":"https:\/\/api.w.org\/{rel}","templated":true}]}}