{"id":16716,"date":"2020-08-10T22:50:30","date_gmt":"2020-08-10T21:50:30","guid":{"rendered":"https:\/\/lottohoy.com\/spela\/spela-lotto-6aus49\/"},"modified":"2020-08-10T22:50:30","modified_gmt":"2020-08-10T21:50:30","slug":"spela-lotto-6aus49","status":"publish","type":"page","link":"https:\/\/lottohoy.com\/sv\/spela\/spela-lotto-6aus49\/","title":{"rendered":"Spela Lotto 6aus49"},"content":{"rendered":"<h2>Spela Lotto 6aus49 online<\/h2>\n<p>6aus49 \u00e4r det mest k\u00e4nda lotteriet i Tyskland, \u00e4ven k\u00e4nd som den tyska lotto. Reglerna \u00e4r mycket enkla, spelare m\u00e5ste v\u00e4lja fr\u00e5n ett bord som best\u00e5r av 49 l\u00e5dor, numrerad fr\u00e5n 1 till 49, den 6 siffror i huvudkombinationen, plus ett speciellt bonusnummer som kallas Superzahl, fr\u00e5n en lista numrerad fr\u00e5n 0 till 9<\/p>\n<p>Utvinningen av dessa nummer g\u00f6rs av tv\u00e5 maskiner. Fr\u00e5n den f\u00f6rsta maskinen extraheras de numrerade bollarna (6 huvud) och fr\u00e5n den andra maskinen extraheras en boll f\u00f6r att best\u00e4mma S\u00fapezahl-numret.<\/p>\n<h2>Hur man spelar 6aus49 online?<\/h2>\n<p>Spela tysk lotto 6aus49 online \u00e4r v\u00e4ldigt enkelt, du m\u00e5ste bara skapa ett anv\u00e4ndarkonto i LottoHoy f\u00f6r att kunna komma \u00e5t all information om betalningar, prenumerationer, k\u00f6pta biljetter, statistik etc, och att v\u00e4lja de dragningar du vill spela.<\/p>\n<p>P\u00e5 samma spelsida finns det fem kolumner med satsningar (kallas ocks\u00e5 linjer), var och en av de 5 kolumnerna har rutor numrerade fr\u00e5n 1 till 49) och du kan fylla i s\u00e5 m\u00e5nga du vill. Varje kolumn h\u00e4nvisar till en enda insats vars pris \u00e4r 2,50 \u20ac.<\/p>\n<p>Det \u00e4r i dessa kolumner eller rader med 49 nummer som den \u00f6nskade kombinationen m\u00e5ste v\u00e4ljas, f\u00f6rutsatt att 6 nummer m\u00e5ste markeras f\u00f6r ett enkelt spel.<\/p>\n<p>Systemet till\u00e5ter oss att fylla i dessa rutor manuellt eller genom snabbvalsalternativet, som visas ovanf\u00f6r varje br\u00e4da, l\u00e5t systemet sj\u00e4lv p\u00e5 ett slumpm\u00e4ssigt s\u00e4tt v\u00e4lja kombinationen av v\u00e5r insats.<\/p>\n<p>N\u00e4r valet av nummer i en eller flera kolumner \u00e4r klart, g\u00e5 till rutan FORTS\u00c4TT, och forts\u00e4tt till betalningen. Det \u00e4r s\u00e5 enkelt.<\/p>\n<h2>Vilka priser ger 6aus49 ut?<\/h2>\n<p>Lotto 6aus49 har nio olika prisniv\u00e5er. F\u00f6r att vinna jackpotten, du m\u00e5ste matcha alla sex huvudnumren och Superzahl. Dina totala odds f\u00f6r att vinna n\u00e5got Lotto 6aus 9 priset \u00e4r 1 i 31. Den tyska lotto erbjuder en mycket bra chans att vinna.<\/p>\n<p>Det finns nio kategorier f\u00f6r 6aus49-resultat<\/p>\n<p>&#8211; F\u00f6rsta kategorin: F\u00f6r 6 nummer + Superzahl-vinnare.<\/p>\n<p>&#8211; Andra kategorin: 6 tr\u00e4ffar av huvudkombinationen.<\/p>\n<p>&#8211; Tredje kategorin:5 kombinationstr\u00e4ffar + Superzahl.<\/p>\n<p>&#8211; Fj\u00e4rde kategorin: 5 tr\u00e4ffar av kombinationen.<\/p>\n<p>&#8211; Femte kategorin: 4 kombinationstr\u00e4ffar + Superzahl.<\/p>\n<p>&#8211; Sj\u00e4tte kategorin: 4 tr\u00e4ffar huvudkombination.<\/p>\n<p>&#8211; Sjunde kategorin: 3 tr\u00e4ffar + Superzahl.<\/p>\n<p>&#8211; \u00c5ttonde kategorin: 3 tr\u00e4ffar.<\/p>\n<p>&#8211; Nionde kategorin: 2 tr\u00e4ffar + Superzahl.<\/p>\n<h2>N\u00e4r lottas 6aus49 ut?<\/h2>\n<p>Dragningarna av 6aus49-lotteriet h\u00e5lls varje onsdag kl 18:25 h. (CET), och p\u00e5 l\u00f6rdagar kl 19:25 h. (CET).<\/p>\n<p>Att spela lotto 6aus49 online, antagningen av ink\u00f6p \u00e4r st\u00e4ngd 2 timmar f\u00f6re firandet av dragningarna, f\u00f6r administrations- och s\u00e4kerhetsfr\u00e5gor.<\/p>\n<h2>Hur mycket kostar det att spela 6aus49?<\/h2>\n<p>Priset f\u00f6r varje 6aus49-biljett i LottoHoy \u00e4r fr\u00e5n 2,50 Euro och inkluderar alla kostnader f\u00f6r hantering och ink\u00f6pshantering via officiella s\u00e4ljare och \/ eller liknande.<\/p>\n","protected":false},"excerpt":{"rendered":"<p>Spela Lotto 6aus49 online 6aus49 \u00e4r det mest k\u00e4nda lotteriet i Tyskland, \u00e4ven k\u00e4nd som den tyska lotto. Reglerna \u00e4r mycket enkla, spelare m\u00e5ste v\u00e4lja fr\u00e5n ett bord som best\u00e5r av 49 l\u00e5dor, numrerad fr\u00e5n 1 till 49, den 6 siffror i huvudkombinationen, plus ett speciellt bonusnummer som kallas Superzahl, fr\u00e5n en lista numrerad fr\u00e5n [&hellip;]<\/p>\n","protected":false},"author":2,"featured_media":0,"parent":16589,"menu_order":13,"comment_status":"closed","ping_status":"closed","template":"lotto-german.php","meta":{"_et_pb_use_builder":"","_et_pb_old_content":"","_et_gb_content_width":"","exclude_from_search":false,"footnotes":""},"class_list":["post-16716","page","type-page","status-publish","hentry"],"yoast_head":"<!-- This site is optimized with the Yoast SEO plugin v23.7 - https:\/\/yoast.com\/wordpress\/plugins\/seo\/ -->\n<title>Spela Lotto 6aus49, Tyskt lotteri - LottoHoy.com<\/title>\n<meta name=\"description\" content=\"Ett intressant alternativ \u00e4r att spela lotto 6aus49, det tyska lotteriet som genererar nya lyckliga och glada vinnare varje vecka.\" \/>\n<meta name=\"robots\" content=\"index, follow, max-snippet:-1, max-image-preview:large, max-video-preview:-1\" \/>\n<link rel=\"canonical\" href=\"https:\/\/lottohoy.com\/sv\/spela\/spela-lotto-6aus49\/\" \/>\n<meta property=\"og:locale\" content=\"sv_SE\" \/>\n<meta property=\"og:type\" content=\"article\" \/>\n<meta property=\"og:title\" content=\"Spela Lotto 6aus49, Tyskt lotteri - LottoHoy.com\" \/>\n<meta property=\"og:description\" content=\"Ett intressant alternativ \u00e4r att spela lotto 6aus49, det tyska lotteriet som genererar nya lyckliga och glada vinnare varje vecka.\" \/>\n<meta property=\"og:url\" content=\"https:\/\/lottohoy.com\/sv\/spela\/spela-lotto-6aus49\/\" \/>\n<meta property=\"og:site_name\" content=\"Lottohoy\" \/>\n<meta name=\"twitter:card\" content=\"summary_large_image\" \/>\n<meta name=\"twitter:label1\" content=\"Ber\u00e4knad l\u00e4stid\" \/>\n\t<meta name=\"twitter:data1\" content=\"2 minuter\" \/>\n<script type=\"application\/ld+json\" class=\"yoast-schema-graph\">{\"@context\":\"https:\/\/schema.org\",\"@graph\":[{\"@type\":\"WebPage\",\"@id\":\"https:\/\/lottohoy.com\/sv\/spela\/spela-lotto-6aus49\/\",\"url\":\"https:\/\/lottohoy.com\/sv\/spela\/spela-lotto-6aus49\/\",\"name\":\"Spela Lotto 6aus49, Tyskt lotteri - LottoHoy.com\",\"isPartOf\":{\"@id\":\"https:\/\/lottohoy.com\/sv\/#website\"},\"datePublished\":\"2020-08-10T21:50:30+00:00\",\"dateModified\":\"2020-08-10T21:50:30+00:00\",\"description\":\"Ett intressant alternativ \u00e4r att spela lotto 6aus49, det tyska lotteriet som genererar nya lyckliga och glada vinnare varje vecka.\",\"breadcrumb\":{\"@id\":\"https:\/\/lottohoy.com\/sv\/spela\/spela-lotto-6aus49\/#breadcrumb\"},\"inLanguage\":\"sv-SE\",\"potentialAction\":[{\"@type\":\"ReadAction\",\"target\":[\"https:\/\/lottohoy.com\/sv\/spela\/spela-lotto-6aus49\/\"]}]},{\"@type\":\"BreadcrumbList\",\"@id\":\"https:\/\/lottohoy.com\/sv\/spela\/spela-lotto-6aus49\/#breadcrumb\",\"itemListElement\":[{\"@type\":\"ListItem\",\"position\":1,\"name\":\"Home\",\"item\":\"https:\/\/lottohoy.com\/sv\/\"},{\"@type\":\"ListItem\",\"position\":2,\"name\":\"Spela lotteri online\",\"item\":\"https:\/\/lottohoy.com\/sv\/spela\/\"},{\"@type\":\"ListItem\",\"position\":3,\"name\":\"Spela Lotto 6aus49\"}]},{\"@type\":\"WebSite\",\"@id\":\"https:\/\/lottohoy.com\/sv\/#website\",\"url\":\"https:\/\/lottohoy.com\/sv\/\",\"name\":\"Lottohoy\",\"description\":\"\",\"potentialAction\":[{\"@type\":\"SearchAction\",\"target\":{\"@type\":\"EntryPoint\",\"urlTemplate\":\"https:\/\/lottohoy.com\/sv\/?s={search_term_string}\"},\"query-input\":{\"@type\":\"PropertyValueSpecification\",\"valueRequired\":true,\"valueName\":\"search_term_string\"}}],\"inLanguage\":\"sv-SE\"}]}<\/script>\n<!-- \/ Yoast SEO plugin. -->","yoast_head_json":{"title":"Spela Lotto 6aus49, Tyskt lotteri - LottoHoy.com","description":"Ett intressant alternativ \u00e4r att spela lotto 6aus49, det tyska lotteriet som genererar nya lyckliga och glada vinnare varje vecka.","robots":{"index":"index","follow":"follow","max-snippet":"max-snippet:-1","max-image-preview":"max-image-preview:large","max-video-preview":"max-video-preview:-1"},"canonical":"https:\/\/lottohoy.com\/sv\/spela\/spela-lotto-6aus49\/","og_locale":"sv_SE","og_type":"article","og_title":"Spela Lotto 6aus49, Tyskt lotteri - LottoHoy.com","og_description":"Ett intressant alternativ \u00e4r att spela lotto 6aus49, det tyska lotteriet som genererar nya lyckliga och glada vinnare varje vecka.","og_url":"https:\/\/lottohoy.com\/sv\/spela\/spela-lotto-6aus49\/","og_site_name":"Lottohoy","twitter_card":"summary_large_image","twitter_misc":{"Ber\u00e4knad l\u00e4stid":"2 minuter"},"schema":{"@context":"https:\/\/schema.org","@graph":[{"@type":"WebPage","@id":"https:\/\/lottohoy.com\/sv\/spela\/spela-lotto-6aus49\/","url":"https:\/\/lottohoy.com\/sv\/spela\/spela-lotto-6aus49\/","name":"Spela Lotto 6aus49, Tyskt lotteri - LottoHoy.com","isPartOf":{"@id":"https:\/\/lottohoy.com\/sv\/#website"},"datePublished":"2020-08-10T21:50:30+00:00","dateModified":"2020-08-10T21:50:30+00:00","description":"Ett intressant alternativ \u00e4r att spela lotto 6aus49, det tyska lotteriet som genererar nya lyckliga och glada vinnare varje vecka.","breadcrumb":{"@id":"https:\/\/lottohoy.com\/sv\/spela\/spela-lotto-6aus49\/#breadcrumb"},"inLanguage":"sv-SE","potentialAction":[{"@type":"ReadAction","target":["https:\/\/lottohoy.com\/sv\/spela\/spela-lotto-6aus49\/"]}]},{"@type":"BreadcrumbList","@id":"https:\/\/lottohoy.com\/sv\/spela\/spela-lotto-6aus49\/#breadcrumb","itemListElement":[{"@type":"ListItem","position":1,"name":"Home","item":"https:\/\/lottohoy.com\/sv\/"},{"@type":"ListItem","position":2,"name":"Spela lotteri online","item":"https:\/\/lottohoy.com\/sv\/spela\/"},{"@type":"ListItem","position":3,"name":"Spela Lotto 6aus49"}]},{"@type":"WebSite","@id":"https:\/\/lottohoy.com\/sv\/#website","url":"https:\/\/lottohoy.com\/sv\/","name":"Lottohoy","description":"","potentialAction":[{"@type":"SearchAction","target":{"@type":"EntryPoint","urlTemplate":"https:\/\/lottohoy.com\/sv\/?s={search_term_string}"},"query-input":{"@type":"PropertyValueSpecification","valueRequired":true,"valueName":"search_term_string"}}],"inLanguage":"sv-SE"}]}},"_links":{"self":[{"href":"https:\/\/lottohoy.com\/sv\/wp-json\/wp\/v2\/pages\/16716","targetHints":{"allow":["GET"]}}],"collection":[{"href":"https:\/\/lottohoy.com\/sv\/wp-json\/wp\/v2\/pages"}],"about":[{"href":"https:\/\/lottohoy.com\/sv\/wp-json\/wp\/v2\/types\/page"}],"author":[{"embeddable":true,"href":"https:\/\/lottohoy.com\/sv\/wp-json\/wp\/v2\/users\/2"}],"replies":[{"embeddable":true,"href":"https:\/\/lottohoy.com\/sv\/wp-json\/wp\/v2\/comments?post=16716"}],"version-history":[{"count":0,"href":"https:\/\/lottohoy.com\/sv\/wp-json\/wp\/v2\/pages\/16716\/revisions"}],"up":[{"embeddable":true,"href":"https:\/\/lottohoy.com\/sv\/wp-json\/wp\/v2\/pages\/16589"}],"wp:attachment":[{"href":"https:\/\/lottohoy.com\/sv\/wp-json\/wp\/v2\/media?parent=16716"}],"curies":[{"name":"wp","href":"https:\/\/api.w.org\/{rel}","templated":true}]}}