{"id":16699,"date":"2019-03-22T15:50:45","date_gmt":"2019-03-22T15:50:45","guid":{"rendered":"https:\/\/lottohoy.com\/?page_id=16699"},"modified":"2025-03-25T10:24:23","modified_gmt":"2025-03-25T10:24:23","slug":"spela-franska-lotto","status":"publish","type":"page","link":"https:\/\/lottohoy.com\/sv\/spela\/spela-franska-lotto\/","title":{"rendered":"Spela franska Lotto"},"content":{"rendered":"<h2>Spela franska Lotto online<\/h2>\n<p>Det franska lotteriet \u00e4r ett av de mest popul\u00e4ra spelen som erbjuds av Fran\u00e7aise des Jeux (FDJ), operat\u00f6ren av alla lotterispel i Frankrike.<\/p>\n<p>Liksom de flesta lotterier \u00f6ver hela v\u00e4rlden \u00e4r den franska lotto reserverad f\u00f6r spelare i deras lagliga \u00e5lder. I det h\u00e4r fallet, Frankrike har fastst\u00e4llt 18 \u00e5rs \u00e5lder f\u00f6r att kunna delta och samla priser i alla sina spel.<\/p>\n<h2>Hur man spelar den franska lotto<\/h2>\n<p>Att spela den franska Lotto online, det finns i princip tv\u00e5 m\u00f6jligheter: g\u00f6r det direkt via La Fran\u00e7aise des Jeux webbplats som finns i Frankrike eller via LottoHoy.<\/p>\n<p>N\u00e4r den franska Lotto-spelsidan n\u00e5s via LottoHoy.com, en mall med fem kolumner eller spellinjer visas d\u00e4r varje kolumn kommer att motsvara en insats. Till dessa fem f\u00f6rsta kolumner kan fler l\u00e4ggas till genom att klicka p\u00e5 knappen MORE LINES, och ytterligare fem kolumner visas d\u00e4r du kan placera fler satsningar p\u00e5 samma spel.<\/p>\n<p>Detta kan upprepas lika m\u00e5nga g\u00e5nger som antalet kolumner eller linjer som du vill satsa p\u00e5.<\/p>\n<p>F\u00f6r att placera insatsen i en kolumn m\u00e5ste du <strong>v\u00e4lja fem nummer av de 49 som visas i den f\u00f6rsta kvadranten och ett annat nummer i den andra rutan mellan cirklarna numrerade 1 till 10.<\/strong><\/p>\n<p>Detta kan g\u00f6ras manuellt genom att markera direkt p\u00e5 vart och ett av de nummer som du vill ska ing\u00e5 i din spelkombination. Dessutom, om du vill, kan du l\u00e5ta systemet sj\u00e4lv v\u00e4lja kombinationen slumpm\u00e4ssigt.<\/p>\n<p>Om insatsen tilldelas, prisbeloppet s\u00e4tts automatiskt in p\u00e5 anv\u00e4ndarens konto.<\/p>\n<h2>Vilka dagar spelas den franska Lotto?<\/h2>\n<p>Den franska Lotto-dragningen h\u00e5lls tre dragningar varje vecka: p\u00e5 m\u00e5ndagar, Onsdagar och l\u00f6rdagar kl 8:35 p.m. lokal tid.<\/p>\n<p>Biljettintag \u00e4r officiellt st\u00e4ngt kl 6:00 p.m. lokal tid och \u00f6ppnas igen i slutet av dragningen f\u00f6r att acceptera biljetter till nya dragningar.<\/p>\n<h2>F\u00f6rdelar med att k\u00f6pa French Lotto online<\/h2>\n<p>Det finns m\u00e5nga f\u00f6rdelar med att g\u00f6ra franska Lotto-spel online, s\u00e4rskilt med h\u00e4nsyn till konsumenttrender och den involverade l\u00e4ttheten.<\/p>\n<p>Bland m\u00e5nga andra \u00e4r dessa n\u00e5gra av de st\u00f6rsta f\u00f6rdelarna med att spela genom LottoHoy:<\/p>\n<ul>\n<li>S\u00e4kerhet i transaktioner.<\/li>\n<li>M\u00f6jlighet att komma \u00e5t 24\/7 varje dag p\u00e5 \u00e5ret f\u00f6r ink\u00f6p och vadslagning.<\/li>\n<li>K\u00f6p dina biljetter var som helst i v\u00e4rlden, utan k\u00f6er eller resor.<\/li>\n<li>Med online, k\u00f6p biljetten \u00e4r alltid s\u00e4ker i ditt anv\u00e4ndarkonto.<\/li>\n<li>De vunna priserna s\u00e4tts in omedelbart p\u00e5 ditt anv\u00e4ndarkonto efter genomf\u00f6randet av dragningen och n\u00e4r <a href=\"https:\/\/lottohoy.com\/results\/lotto-fr\/\"><strong>resultaten av French Lotto<\/strong><\/a> publiceras.<\/li>\n<li>Bli informerad om rollovers och exceptionella dragningar.<\/li>\n<\/ul>\n","protected":false},"excerpt":{"rendered":"<p>Spela franska Lotto online Det franska lotteriet \u00e4r ett av de mest popul\u00e4ra spelen som erbjuds av Fran\u00e7aise des Jeux (FDJ), operat\u00f6ren av alla lotterispel i Frankrike. Liksom de flesta lotterier \u00f6ver hela v\u00e4rlden \u00e4r den franska lotto reserverad f\u00f6r spelare i deras lagliga \u00e5lder. I det h\u00e4r fallet, Frankrike har fastst\u00e4llt 18 \u00e5rs \u00e5lder [&hellip;]<\/p>\n","protected":false},"author":7,"featured_media":0,"parent":16589,"menu_order":12,"comment_status":"closed","ping_status":"closed","template":"lotto-fr.php","meta":{"_et_pb_use_builder":"","_et_pb_old_content":"","_et_gb_content_width":"","exclude_from_search":false,"footnotes":""},"class_list":["post-16699","page","type-page","status-publish","hentry"],"yoast_head":"<!-- This site is optimized with the Yoast SEO plugin v23.7 - https:\/\/yoast.com\/wordpress\/plugins\/seo\/ -->\n<title>Spela French Lott<\/title>\n<meta name=\"description\" content=\"\u00c4ntligen tillg\u00e4ngligt p\u00e5 LottoHoy det mest importerade lotteriet i Frankrike. K\u00f6p dina biljetter var som helst och k\u00e4nn sp\u00e4nningen att vinna den franska Lotto.\" \/>\n<meta name=\"robots\" content=\"index, follow, max-snippet:-1, max-image-preview:large, max-video-preview:-1\" \/>\n<link rel=\"canonical\" href=\"https:\/\/lottohoy.com\/sv\/spela\/spela-franska-lotto\/\" \/>\n<meta property=\"og:locale\" content=\"sv_SE\" \/>\n<meta property=\"og:type\" content=\"article\" \/>\n<meta property=\"og:title\" content=\"Spela French Lott\" \/>\n<meta property=\"og:description\" content=\"\u00c4ntligen tillg\u00e4ngligt p\u00e5 LottoHoy det mest importerade lotteriet i Frankrike. K\u00f6p dina biljetter var som helst och k\u00e4nn sp\u00e4nningen att vinna den franska Lotto.\" \/>\n<meta property=\"og:url\" content=\"https:\/\/lottohoy.com\/sv\/spela\/spela-franska-lotto\/\" \/>\n<meta property=\"og:site_name\" content=\"Lottohoy\" \/>\n<meta property=\"article:modified_time\" content=\"2025-03-25T10:24:23+00:00\" \/>\n<meta name=\"twitter:card\" content=\"summary_large_image\" \/>\n<meta name=\"twitter:label1\" content=\"Ber\u00e4knad l\u00e4stid\" \/>\n\t<meta name=\"twitter:data1\" content=\"2 minuter\" \/>\n<script type=\"application\/ld+json\" class=\"yoast-schema-graph\">{\"@context\":\"https:\/\/schema.org\",\"@graph\":[{\"@type\":\"WebPage\",\"@id\":\"https:\/\/lottohoy.com\/sv\/spela\/spela-franska-lotto\/\",\"url\":\"https:\/\/lottohoy.com\/sv\/spela\/spela-franska-lotto\/\",\"name\":\"Spela French Lott\",\"isPartOf\":{\"@id\":\"https:\/\/lottohoy.com\/sv\/#website\"},\"datePublished\":\"2019-03-22T15:50:45+00:00\",\"dateModified\":\"2025-03-25T10:24:23+00:00\",\"description\":\"\u00c4ntligen tillg\u00e4ngligt p\u00e5 LottoHoy det mest importerade lotteriet i Frankrike. K\u00f6p dina biljetter var som helst och k\u00e4nn sp\u00e4nningen att vinna den franska Lotto.\",\"breadcrumb\":{\"@id\":\"https:\/\/lottohoy.com\/sv\/spela\/spela-franska-lotto\/#breadcrumb\"},\"inLanguage\":\"sv-SE\",\"potentialAction\":[{\"@type\":\"ReadAction\",\"target\":[\"https:\/\/lottohoy.com\/sv\/spela\/spela-franska-lotto\/\"]}]},{\"@type\":\"BreadcrumbList\",\"@id\":\"https:\/\/lottohoy.com\/sv\/spela\/spela-franska-lotto\/#breadcrumb\",\"itemListElement\":[{\"@type\":\"ListItem\",\"position\":1,\"name\":\"Home\",\"item\":\"https:\/\/lottohoy.com\/sv\/\"},{\"@type\":\"ListItem\",\"position\":2,\"name\":\"Spela lotteri online\",\"item\":\"https:\/\/lottohoy.com\/sv\/spela\/\"},{\"@type\":\"ListItem\",\"position\":3,\"name\":\"Spela franska Lotto\"}]},{\"@type\":\"WebSite\",\"@id\":\"https:\/\/lottohoy.com\/sv\/#website\",\"url\":\"https:\/\/lottohoy.com\/sv\/\",\"name\":\"Lottohoy\",\"description\":\"\",\"potentialAction\":[{\"@type\":\"SearchAction\",\"target\":{\"@type\":\"EntryPoint\",\"urlTemplate\":\"https:\/\/lottohoy.com\/sv\/?s={search_term_string}\"},\"query-input\":{\"@type\":\"PropertyValueSpecification\",\"valueRequired\":true,\"valueName\":\"search_term_string\"}}],\"inLanguage\":\"sv-SE\"}]}<\/script>\n<!-- \/ Yoast SEO plugin. -->","yoast_head_json":{"title":"Spela French Lott","description":"\u00c4ntligen tillg\u00e4ngligt p\u00e5 LottoHoy det mest importerade lotteriet i Frankrike. K\u00f6p dina biljetter var som helst och k\u00e4nn sp\u00e4nningen att vinna den franska Lotto.","robots":{"index":"index","follow":"follow","max-snippet":"max-snippet:-1","max-image-preview":"max-image-preview:large","max-video-preview":"max-video-preview:-1"},"canonical":"https:\/\/lottohoy.com\/sv\/spela\/spela-franska-lotto\/","og_locale":"sv_SE","og_type":"article","og_title":"Spela French Lott","og_description":"\u00c4ntligen tillg\u00e4ngligt p\u00e5 LottoHoy det mest importerade lotteriet i Frankrike. K\u00f6p dina biljetter var som helst och k\u00e4nn sp\u00e4nningen att vinna den franska Lotto.","og_url":"https:\/\/lottohoy.com\/sv\/spela\/spela-franska-lotto\/","og_site_name":"Lottohoy","article_modified_time":"2025-03-25T10:24:23+00:00","twitter_card":"summary_large_image","twitter_misc":{"Ber\u00e4knad l\u00e4stid":"2 minuter"},"schema":{"@context":"https:\/\/schema.org","@graph":[{"@type":"WebPage","@id":"https:\/\/lottohoy.com\/sv\/spela\/spela-franska-lotto\/","url":"https:\/\/lottohoy.com\/sv\/spela\/spela-franska-lotto\/","name":"Spela French Lott","isPartOf":{"@id":"https:\/\/lottohoy.com\/sv\/#website"},"datePublished":"2019-03-22T15:50:45+00:00","dateModified":"2025-03-25T10:24:23+00:00","description":"\u00c4ntligen tillg\u00e4ngligt p\u00e5 LottoHoy det mest importerade lotteriet i Frankrike. K\u00f6p dina biljetter var som helst och k\u00e4nn sp\u00e4nningen att vinna den franska Lotto.","breadcrumb":{"@id":"https:\/\/lottohoy.com\/sv\/spela\/spela-franska-lotto\/#breadcrumb"},"inLanguage":"sv-SE","potentialAction":[{"@type":"ReadAction","target":["https:\/\/lottohoy.com\/sv\/spela\/spela-franska-lotto\/"]}]},{"@type":"BreadcrumbList","@id":"https:\/\/lottohoy.com\/sv\/spela\/spela-franska-lotto\/#breadcrumb","itemListElement":[{"@type":"ListItem","position":1,"name":"Home","item":"https:\/\/lottohoy.com\/sv\/"},{"@type":"ListItem","position":2,"name":"Spela lotteri online","item":"https:\/\/lottohoy.com\/sv\/spela\/"},{"@type":"ListItem","position":3,"name":"Spela franska Lotto"}]},{"@type":"WebSite","@id":"https:\/\/lottohoy.com\/sv\/#website","url":"https:\/\/lottohoy.com\/sv\/","name":"Lottohoy","description":"","potentialAction":[{"@type":"SearchAction","target":{"@type":"EntryPoint","urlTemplate":"https:\/\/lottohoy.com\/sv\/?s={search_term_string}"},"query-input":{"@type":"PropertyValueSpecification","valueRequired":true,"valueName":"search_term_string"}}],"inLanguage":"sv-SE"}]}},"_links":{"self":[{"href":"https:\/\/lottohoy.com\/sv\/wp-json\/wp\/v2\/pages\/16699","targetHints":{"allow":["GET"]}}],"collection":[{"href":"https:\/\/lottohoy.com\/sv\/wp-json\/wp\/v2\/pages"}],"about":[{"href":"https:\/\/lottohoy.com\/sv\/wp-json\/wp\/v2\/types\/page"}],"author":[{"embeddable":true,"href":"https:\/\/lottohoy.com\/sv\/wp-json\/wp\/v2\/users\/7"}],"replies":[{"embeddable":true,"href":"https:\/\/lottohoy.com\/sv\/wp-json\/wp\/v2\/comments?post=16699"}],"version-history":[{"count":1,"href":"https:\/\/lottohoy.com\/sv\/wp-json\/wp\/v2\/pages\/16699\/revisions"}],"predecessor-version":[{"id":16700,"href":"https:\/\/lottohoy.com\/sv\/wp-json\/wp\/v2\/pages\/16699\/revisions\/16700"}],"up":[{"embeddable":true,"href":"https:\/\/lottohoy.com\/sv\/wp-json\/wp\/v2\/pages\/16589"}],"wp:attachment":[{"href":"https:\/\/lottohoy.com\/sv\/wp-json\/wp\/v2\/media?parent=16699"}],"curies":[{"name":"wp","href":"https:\/\/api.w.org\/{rel}","templated":true}]}}