{"id":16697,"date":"2020-08-10T17:04:41","date_gmt":"2020-08-10T16:04:41","guid":{"rendered":"https:\/\/lottohoy.com\/spela\/play-set-for-life-storbritannien\/"},"modified":"2020-08-10T17:04:41","modified_gmt":"2020-08-10T16:04:41","slug":"play-set-for-life-storbritannien","status":"publish","type":"page","link":"https:\/\/lottohoy.com\/sv\/spela\/play-set-for-life-storbritannien\/","title":{"rendered":"Play Set For Life (Storbritannien)"},"content":{"rendered":"<h2>Spela Set for Life (Storbritannien)<\/h2>\n<p>Set for Life \u00e4r ett lotteri fr\u00e5n The National Lottery, som drivs av Camelot och erbjuder chansen att vinna 10 000 \u00a3 per m\u00e5nad i 30 \u00e5r till toppspelare. Men f\u00f6r icke-brittiska spelare kommer Camelot att tillhandah\u00e5lla ett totalt kontantalternativ som motsvarar vad du skulle ha beh\u00f6vt betala i livr\u00e4nta eller det ackumulerade beloppet f\u00f6r den dragningen i din f\u00f6rsta kategori S\u00e4ttet att spela \u00e4r v\u00e4ldigt enkelt, spelare m\u00e5ste v\u00e4lja fr\u00e5n ett bord som best\u00e5r av 47 rutor, numrerad fr\u00e5n 1 till 47, de 5 siffrorna i huvudkombinationen, plus ett speciellt bonusnummer som kallas Life Ball fr\u00e5n en lista numrerad fr\u00e5n 1 till 10<\/p>\n<h2>Hur man spelar Set for Life (UK) online?<\/h2>\n<p>Att spela Set for Life (UK) online \u00e4r v\u00e4ldigt enkelt, du beh\u00f6ver bara skapa ett anv\u00e4ndarkonto p\u00e5 LottoHoy f\u00f6r att kunna komma \u00e5t all information om samlingar, betalningar, prenumerationer, k\u00f6pta biljetter, statistik etc &#8230; P\u00e5 spelsidan, fem kolumner med vad (kallas ocks\u00e5 linjer) visas, var och en av 5 kolumner har l\u00e5dor numrerade fr\u00e5n 1 till 47 som huvudnummer, och v\u00e4lj ett annat nummer l\u00e4ngst ner i kolumnen med cirklarna numrerade fr\u00e5n 1 till 10) och Du kan fylla i s\u00e5 m\u00e5nga kolumner eller rader med vad du vill. Om du klickar p\u00e5 rutan \u201dfler rader\u201d visas ytterligare fem kolumner och s\u00e5 vidare tills du vill. Varje kolumn h\u00e4nvisar till en enda satsning vars pris \u00e4r 4 euro, beroende p\u00e5 v\u00e4xelkursen med det brittiska pundet Systemet l\u00e5ter dig fylla i dessa rutor manuellt eller med hj\u00e4lp av snabbvalsl\u00e5dan, som visas ovanf\u00f6r varje br\u00e4da, l\u00e5t systemet sj\u00e4lv slumpm\u00e4ssigt v\u00e4lja kombinationen av v\u00e5r insats. N\u00e4r valet av nummer i en eller flera kolumner har gjorts, g\u00e5 till rutan FORTS\u00c4TT, och forts\u00e4tt till betalningen av densamma. Det \u00e4r s\u00e5 enkelt.<\/p>\n<h2>Vilka priser ger Set for Life (UK) ut?<\/h2>\n<p>Set for Life (UK) har \u00e5tta (8) olika priskategorier. F\u00f6r att vinna toppriset m\u00e5ste du matcha de fem b\u00e4sta numren och Life Ball. Det finns \u00e5tta kategorier f\u00f6r Set for Life (UK) resultat &#8211; F\u00f6rsta kategorin: F\u00f6r de 5 numren + Life Ball &#8211; Andra kategorin: 5 huvudkombinationsplattor &#8211; Tredje kategorin:4 kombinationstr\u00e4ffar + Livsboll &#8211; Fj\u00e4rde kategorin: 4 tr\u00e4ffar av kombinationen. &#8211; Femte kategorin: 3 kombinationstr\u00e4ffar + Life Ball &#8211; Sj\u00e4tte kategorin: 3 tr\u00e4ffar huvudkombination &#8211; Sjunde kategorin: 2 tr\u00e4ffar + Life Ball &#8211; \u00c5ttonde kategorin: 2 tr\u00e4ffar<\/p>\n<h2>N\u00e4r \u00e4r Set for Life (UK) lottas ut?<\/h2>\n<p>Vanligtvis, Set for Life (UK) lotteritrekningar h\u00e5lls varje m\u00e5ndag och torsdag, b\u00e5da kl 20:00 GMT F\u00f6r onlinef\u00f6rs\u00e4ljningen, antagningen av ink\u00f6p \u00e4r st\u00e4ngd 2 timmar f\u00f6re firandet av dragningarna, f\u00f6r administrations- och s\u00e4kerhetsfr\u00e5gor.<\/p>\n<h2>Hur mycket kostar det att spela Set for Life (UK)?<\/h2>\n<p>Priset p\u00e5 varje Set for Life (UK) biljett i LottoHoy \u00e4r fr\u00e5n 4 \u20ac och inkluderar alla kostnader f\u00f6r hantering och hantering av ink\u00f6p via officiella leverant\u00f6rer och \/ eller liknande.<\/p>\n","protected":false},"excerpt":{"rendered":"<p>Spela Set for Life (Storbritannien) Set for Life \u00e4r ett lotteri fr\u00e5n The National Lottery, som drivs av Camelot och erbjuder chansen att vinna 10 000 \u00a3 per m\u00e5nad i 30 \u00e5r till toppspelare. Men f\u00f6r icke-brittiska spelare kommer Camelot att tillhandah\u00e5lla ett totalt kontantalternativ som motsvarar vad du skulle ha beh\u00f6vt betala i livr\u00e4nta [&hellip;]<\/p>\n","protected":false},"author":2,"featured_media":0,"parent":16589,"menu_order":11,"comment_status":"closed","ping_status":"closed","template":"set-for-life.php","meta":{"_et_pb_use_builder":"","_et_pb_old_content":"","_et_gb_content_width":"","exclude_from_search":false,"footnotes":""},"class_list":["post-16697","page","type-page","status-publish","hentry"],"yoast_head":"<!-- This site is optimized with the Yoast SEO plugin v23.7 - https:\/\/yoast.com\/wordpress\/plugins\/seo\/ -->\n<title>F\u00e5 tur att spela Set For Life-lotteri (UK) -LottoHoy.com<\/title>\n<meta name=\"description\" content=\"Du kan enkelt v\u00e4lja nummer och spela Set for Life (UK) online i alla dragningar du vill ha, utan att missa n\u00e5got\" \/>\n<meta name=\"robots\" content=\"index, follow, max-snippet:-1, max-image-preview:large, max-video-preview:-1\" \/>\n<link rel=\"canonical\" href=\"https:\/\/lottohoy.com\/sv\/spela\/play-set-for-life-storbritannien\/\" \/>\n<meta property=\"og:locale\" content=\"sv_SE\" \/>\n<meta property=\"og:type\" content=\"article\" \/>\n<meta property=\"og:title\" content=\"F\u00e5 tur att spela Set For Life-lotteri (UK) -LottoHoy.com\" \/>\n<meta property=\"og:description\" content=\"Du kan enkelt v\u00e4lja nummer och spela Set for Life (UK) online i alla dragningar du vill ha, utan att missa n\u00e5got\" \/>\n<meta property=\"og:url\" content=\"https:\/\/lottohoy.com\/sv\/spela\/play-set-for-life-storbritannien\/\" \/>\n<meta property=\"og:site_name\" content=\"Lottohoy\" \/>\n<meta name=\"twitter:card\" content=\"summary_large_image\" \/>\n<meta name=\"twitter:label1\" content=\"Ber\u00e4knad l\u00e4stid\" \/>\n\t<meta name=\"twitter:data1\" content=\"3 minuter\" \/>\n<script type=\"application\/ld+json\" class=\"yoast-schema-graph\">{\"@context\":\"https:\/\/schema.org\",\"@graph\":[{\"@type\":\"WebPage\",\"@id\":\"https:\/\/lottohoy.com\/sv\/spela\/play-set-for-life-storbritannien\/\",\"url\":\"https:\/\/lottohoy.com\/sv\/spela\/play-set-for-life-storbritannien\/\",\"name\":\"F\u00e5 tur att spela Set For Life-lotteri (UK) -LottoHoy.com\",\"isPartOf\":{\"@id\":\"https:\/\/lottohoy.com\/sv\/#website\"},\"datePublished\":\"2020-08-10T16:04:41+00:00\",\"dateModified\":\"2020-08-10T16:04:41+00:00\",\"description\":\"Du kan enkelt v\u00e4lja nummer och spela Set for Life (UK) online i alla dragningar du vill ha, utan att missa n\u00e5got\",\"breadcrumb\":{\"@id\":\"https:\/\/lottohoy.com\/sv\/spela\/play-set-for-life-storbritannien\/#breadcrumb\"},\"inLanguage\":\"sv-SE\",\"potentialAction\":[{\"@type\":\"ReadAction\",\"target\":[\"https:\/\/lottohoy.com\/sv\/spela\/play-set-for-life-storbritannien\/\"]}]},{\"@type\":\"BreadcrumbList\",\"@id\":\"https:\/\/lottohoy.com\/sv\/spela\/play-set-for-life-storbritannien\/#breadcrumb\",\"itemListElement\":[{\"@type\":\"ListItem\",\"position\":1,\"name\":\"Home\",\"item\":\"https:\/\/lottohoy.com\/sv\/\"},{\"@type\":\"ListItem\",\"position\":2,\"name\":\"Spela lotteri online\",\"item\":\"https:\/\/lottohoy.com\/sv\/spela\/\"},{\"@type\":\"ListItem\",\"position\":3,\"name\":\"Play Set For Life (Storbritannien)\"}]},{\"@type\":\"WebSite\",\"@id\":\"https:\/\/lottohoy.com\/sv\/#website\",\"url\":\"https:\/\/lottohoy.com\/sv\/\",\"name\":\"Lottohoy\",\"description\":\"\",\"potentialAction\":[{\"@type\":\"SearchAction\",\"target\":{\"@type\":\"EntryPoint\",\"urlTemplate\":\"https:\/\/lottohoy.com\/sv\/?s={search_term_string}\"},\"query-input\":{\"@type\":\"PropertyValueSpecification\",\"valueRequired\":true,\"valueName\":\"search_term_string\"}}],\"inLanguage\":\"sv-SE\"}]}<\/script>\n<!-- \/ Yoast SEO plugin. -->","yoast_head_json":{"title":"F\u00e5 tur att spela Set For Life-lotteri (UK) -LottoHoy.com","description":"Du kan enkelt v\u00e4lja nummer och spela Set for Life (UK) online i alla dragningar du vill ha, utan att missa n\u00e5got","robots":{"index":"index","follow":"follow","max-snippet":"max-snippet:-1","max-image-preview":"max-image-preview:large","max-video-preview":"max-video-preview:-1"},"canonical":"https:\/\/lottohoy.com\/sv\/spela\/play-set-for-life-storbritannien\/","og_locale":"sv_SE","og_type":"article","og_title":"F\u00e5 tur att spela Set For Life-lotteri (UK) -LottoHoy.com","og_description":"Du kan enkelt v\u00e4lja nummer och spela Set for Life (UK) online i alla dragningar du vill ha, utan att missa n\u00e5got","og_url":"https:\/\/lottohoy.com\/sv\/spela\/play-set-for-life-storbritannien\/","og_site_name":"Lottohoy","twitter_card":"summary_large_image","twitter_misc":{"Ber\u00e4knad l\u00e4stid":"3 minuter"},"schema":{"@context":"https:\/\/schema.org","@graph":[{"@type":"WebPage","@id":"https:\/\/lottohoy.com\/sv\/spela\/play-set-for-life-storbritannien\/","url":"https:\/\/lottohoy.com\/sv\/spela\/play-set-for-life-storbritannien\/","name":"F\u00e5 tur att spela Set For Life-lotteri (UK) -LottoHoy.com","isPartOf":{"@id":"https:\/\/lottohoy.com\/sv\/#website"},"datePublished":"2020-08-10T16:04:41+00:00","dateModified":"2020-08-10T16:04:41+00:00","description":"Du kan enkelt v\u00e4lja nummer och spela Set for Life (UK) online i alla dragningar du vill ha, utan att missa n\u00e5got","breadcrumb":{"@id":"https:\/\/lottohoy.com\/sv\/spela\/play-set-for-life-storbritannien\/#breadcrumb"},"inLanguage":"sv-SE","potentialAction":[{"@type":"ReadAction","target":["https:\/\/lottohoy.com\/sv\/spela\/play-set-for-life-storbritannien\/"]}]},{"@type":"BreadcrumbList","@id":"https:\/\/lottohoy.com\/sv\/spela\/play-set-for-life-storbritannien\/#breadcrumb","itemListElement":[{"@type":"ListItem","position":1,"name":"Home","item":"https:\/\/lottohoy.com\/sv\/"},{"@type":"ListItem","position":2,"name":"Spela lotteri online","item":"https:\/\/lottohoy.com\/sv\/spela\/"},{"@type":"ListItem","position":3,"name":"Play Set For Life (Storbritannien)"}]},{"@type":"WebSite","@id":"https:\/\/lottohoy.com\/sv\/#website","url":"https:\/\/lottohoy.com\/sv\/","name":"Lottohoy","description":"","potentialAction":[{"@type":"SearchAction","target":{"@type":"EntryPoint","urlTemplate":"https:\/\/lottohoy.com\/sv\/?s={search_term_string}"},"query-input":{"@type":"PropertyValueSpecification","valueRequired":true,"valueName":"search_term_string"}}],"inLanguage":"sv-SE"}]}},"_links":{"self":[{"href":"https:\/\/lottohoy.com\/sv\/wp-json\/wp\/v2\/pages\/16697","targetHints":{"allow":["GET"]}}],"collection":[{"href":"https:\/\/lottohoy.com\/sv\/wp-json\/wp\/v2\/pages"}],"about":[{"href":"https:\/\/lottohoy.com\/sv\/wp-json\/wp\/v2\/types\/page"}],"author":[{"embeddable":true,"href":"https:\/\/lottohoy.com\/sv\/wp-json\/wp\/v2\/users\/2"}],"replies":[{"embeddable":true,"href":"https:\/\/lottohoy.com\/sv\/wp-json\/wp\/v2\/comments?post=16697"}],"version-history":[{"count":0,"href":"https:\/\/lottohoy.com\/sv\/wp-json\/wp\/v2\/pages\/16697\/revisions"}],"up":[{"embeddable":true,"href":"https:\/\/lottohoy.com\/sv\/wp-json\/wp\/v2\/pages\/16589"}],"wp:attachment":[{"href":"https:\/\/lottohoy.com\/sv\/wp-json\/wp\/v2\/media?parent=16697"}],"curies":[{"name":"wp","href":"https:\/\/api.w.org\/{rel}","templated":true}]}}