{"id":16691,"date":"2020-08-10T17:39:45","date_gmt":"2020-08-10T16:39:45","guid":{"rendered":"https:\/\/lottohoy.com\/spela\/spela-thunderball\/"},"modified":"2020-08-10T17:39:45","modified_gmt":"2020-08-10T16:39:45","slug":"spela-thunderball","status":"publish","type":"page","link":"https:\/\/lottohoy.com\/sv\/spela\/spela-thunderball\/","title":{"rendered":"Spela Thunderball"},"content":{"rendered":"<h2>Spela Thunderball online<\/h2>\n<p>Thunderball \u00e4r ett atypiskt lotteri med ett fast pris p\u00e5 \u00a3 500.000 f\u00f6r var och en av de b\u00e4sta vinnarna, som drivs av The National Lottery genom Camelot. F\u00f6r att spela Thunderball-lotteriet online kan du anv\u00e4nda en online-lotteriplattform som v\u00e5r, vilket ger all bekv\u00e4mlighet i hemmet och tillf\u00f6rlitligheten hos data och transaktioner krypterade f\u00f6r s\u00e4kerhet. Som i de allra flesta lotterier kr\u00e4vs det att den person som spelar \u00e4r myndig f\u00f6r att kunna h\u00e4mta ut priserna, om s\u00e5 \u00e4r fallet. N\u00e4r du har \u00f6ppnat spelsidan f\u00f6r Thunderball via v\u00e5r plattform visas en mall med olika kolumner d\u00e4r du kan placera dina insatser, vi kallar dem ocks\u00e5 spellinjer. Varje kolumn eller linje motsvarar en insats. Dessa f\u00f6rsta kolumner kan f\u00f6rstoras genom att klicka p\u00e5 rutan FLER LINJER, och andra kolumner visas d\u00e4r du kan placera fler insatser p\u00e5 samma spel. Detta kan upprepas lika m\u00e5nga g\u00e5nger som antalet kolumner eller linjer som du vill satsa p\u00e5. F\u00f6r att satsa p\u00e5 en kolumn m\u00e5ste 5 av de 39 rutorna i den f\u00f6rsta rutan markeras plus ett antal cirklar numrerade mellan 1 och 14 Satsningen kan g\u00f6ras p\u00e5 tv\u00e5 s\u00e4tt, manuellt, dvs. genom att direkt markera rutan f\u00f6r varje nummer som du vill ska ing\u00e5 i din spelkombination. Eller, om du vill, du kan l\u00e5ta systemet sj\u00e4lv v\u00e4lja vadslagningskombinationen slumpm\u00e4ssigt, passera mark\u00f6ren \u00f6ver toppen av kolumnen d\u00e4r en ruta som s\u00e4ger \u201dsnabbval\u201d kommer att visas och klicka p\u00e5 rutan I h\u00e4ndelse av att vadet tilldelas krediteras prisbeloppet automatiskt till anv\u00e4ndarkontot.<\/p>\n<h2>N\u00e4r lottas Thunderball ut?<\/h2>\n<p>Ursprungligen var det bara en dragning p\u00e5 l\u00f6rdagar, nu dras Thunderball varje tisdag, onsdag, fredag och l\u00f6rdag kl 20:00 GMT Tilltr\u00e4de till onlinebiljetter via v\u00e5r plattform, st\u00e4nger ungef\u00e4r 2 timmar f\u00f6re den officiella tiden f\u00f6r dragningen och \u00f6ppnas igen i slutet av dragningen, f\u00f6r att validera biljetter till n\u00e4sta dragning.<\/p>\n<h2>Vilka \u00e4r f\u00f6rdelarna med att k\u00f6pa Thunderball online?<\/h2>\n<p>K\u00f6p Thunderball online, genom v\u00e5r plattform, till\u00e5ter spelare fr\u00e5n hela v\u00e4rlden att k\u00f6pa sina biljetter, oavsett vilket land de bor i och fr\u00e5n vilken situation som helst, med en enkel internetanslutning och via vilken enhet som helst, surfplatta, mobil eller PC Bland m\u00e5nga andra, det h\u00e4r \u00e4r n\u00e5gra av de st\u00f6rsta f\u00f6rdelarna med att spela genom LottoHoy: &#8211; S\u00e4kerhet i alla ekonomiska och datatransaktioner &#8211; 24\/7 tillg\u00e5ng varje dag p\u00e5 \u00e5ret f\u00f6r dina ink\u00f6p och satsningar. &#8211; K\u00f6p dina biljetter var som helst i v\u00e4rlden, utan k\u00f6er eller resor och n\u00e4r som helst p\u00e5 dagen eller natten &#8211; Med onlinek\u00f6pet undviks f\u00f6rlust eller felplacering, biljetten f\u00f6rblir alltid s\u00e4kert p\u00e5 anv\u00e4ndarens konto, och den officiella biljetten i s\u00e4kerhetskameran. &#8211; De vunna priserna deponeras omedelbart p\u00e5 anv\u00e4ndarkontot, och tillg\u00e4nglig fr\u00e5n f\u00f6rsta stund. Efter att dragningen har \u00e4gt rum och de officiella resultaten har publicerats, de vunna prisbeloppen matas in p\u00e5 anv\u00e4ndarkontot. &#8211; Bli informerad om de ackumulerade jackpottarna och extraordin\u00e4ra dragningar.<\/p>\n","protected":false},"excerpt":{"rendered":"<p>Spela Thunderball online Thunderball \u00e4r ett atypiskt lotteri med ett fast pris p\u00e5 \u00a3 500.000 f\u00f6r var och en av de b\u00e4sta vinnarna, som drivs av The National Lottery genom Camelot. F\u00f6r att spela Thunderball-lotteriet online kan du anv\u00e4nda en online-lotteriplattform som v\u00e5r, vilket ger all bekv\u00e4mlighet i hemmet och tillf\u00f6rlitligheten hos data och transaktioner [&hellip;]<\/p>\n","protected":false},"author":2,"featured_media":0,"parent":16589,"menu_order":10,"comment_status":"closed","ping_status":"closed","template":"thunderball.php","meta":{"_et_pb_use_builder":"","_et_pb_old_content":"","_et_gb_content_width":"","exclude_from_search":false,"footnotes":""},"class_list":["post-16691","page","type-page","status-publish","hentry"],"yoast_head":"<!-- This site is optimized with the Yoast SEO plugin v23.7 - https:\/\/yoast.com\/wordpress\/plugins\/seo\/ -->\n<title>Satsa p\u00e5 Thunderball-lotteriet online - Lottohoy.com<\/title>\n<meta name=\"description\" content=\"Att spela detta lotteri online g\u00f6r det enkelt f\u00f6r m\u00e5nga spelare att f\u00e5 tillg\u00e5ng till sina fasta priser i alla kategorier\" \/>\n<meta name=\"robots\" content=\"index, follow, max-snippet:-1, max-image-preview:large, max-video-preview:-1\" \/>\n<link rel=\"canonical\" href=\"https:\/\/lottohoy.com\/sv\/spela\/spela-thunderball\/\" \/>\n<meta property=\"og:locale\" content=\"sv_SE\" \/>\n<meta property=\"og:type\" content=\"article\" \/>\n<meta property=\"og:title\" content=\"Satsa p\u00e5 Thunderball-lotteriet online - Lottohoy.com\" \/>\n<meta property=\"og:description\" content=\"Att spela detta lotteri online g\u00f6r det enkelt f\u00f6r m\u00e5nga spelare att f\u00e5 tillg\u00e5ng till sina fasta priser i alla kategorier\" \/>\n<meta property=\"og:url\" content=\"https:\/\/lottohoy.com\/sv\/spela\/spela-thunderball\/\" \/>\n<meta property=\"og:site_name\" content=\"Lottohoy\" \/>\n<meta name=\"twitter:card\" content=\"summary_large_image\" \/>\n<meta name=\"twitter:label1\" content=\"Ber\u00e4knad l\u00e4stid\" \/>\n\t<meta name=\"twitter:data1\" content=\"3 minuter\" \/>\n<script type=\"application\/ld+json\" class=\"yoast-schema-graph\">{\"@context\":\"https:\/\/schema.org\",\"@graph\":[{\"@type\":\"WebPage\",\"@id\":\"https:\/\/lottohoy.com\/sv\/spela\/spela-thunderball\/\",\"url\":\"https:\/\/lottohoy.com\/sv\/spela\/spela-thunderball\/\",\"name\":\"Satsa p\u00e5 Thunderball-lotteriet online - Lottohoy.com\",\"isPartOf\":{\"@id\":\"https:\/\/lottohoy.com\/sv\/#website\"},\"datePublished\":\"2020-08-10T16:39:45+00:00\",\"dateModified\":\"2020-08-10T16:39:45+00:00\",\"description\":\"Att spela detta lotteri online g\u00f6r det enkelt f\u00f6r m\u00e5nga spelare att f\u00e5 tillg\u00e5ng till sina fasta priser i alla kategorier\",\"breadcrumb\":{\"@id\":\"https:\/\/lottohoy.com\/sv\/spela\/spela-thunderball\/#breadcrumb\"},\"inLanguage\":\"sv-SE\",\"potentialAction\":[{\"@type\":\"ReadAction\",\"target\":[\"https:\/\/lottohoy.com\/sv\/spela\/spela-thunderball\/\"]}]},{\"@type\":\"BreadcrumbList\",\"@id\":\"https:\/\/lottohoy.com\/sv\/spela\/spela-thunderball\/#breadcrumb\",\"itemListElement\":[{\"@type\":\"ListItem\",\"position\":1,\"name\":\"Home\",\"item\":\"https:\/\/lottohoy.com\/sv\/\"},{\"@type\":\"ListItem\",\"position\":2,\"name\":\"Spela lotteri online\",\"item\":\"https:\/\/lottohoy.com\/sv\/spela\/\"},{\"@type\":\"ListItem\",\"position\":3,\"name\":\"Spela Thunderball\"}]},{\"@type\":\"WebSite\",\"@id\":\"https:\/\/lottohoy.com\/sv\/#website\",\"url\":\"https:\/\/lottohoy.com\/sv\/\",\"name\":\"Lottohoy\",\"description\":\"\",\"potentialAction\":[{\"@type\":\"SearchAction\",\"target\":{\"@type\":\"EntryPoint\",\"urlTemplate\":\"https:\/\/lottohoy.com\/sv\/?s={search_term_string}\"},\"query-input\":{\"@type\":\"PropertyValueSpecification\",\"valueRequired\":true,\"valueName\":\"search_term_string\"}}],\"inLanguage\":\"sv-SE\"}]}<\/script>\n<!-- \/ Yoast SEO plugin. -->","yoast_head_json":{"title":"Satsa p\u00e5 Thunderball-lotteriet online - Lottohoy.com","description":"Att spela detta lotteri online g\u00f6r det enkelt f\u00f6r m\u00e5nga spelare att f\u00e5 tillg\u00e5ng till sina fasta priser i alla kategorier","robots":{"index":"index","follow":"follow","max-snippet":"max-snippet:-1","max-image-preview":"max-image-preview:large","max-video-preview":"max-video-preview:-1"},"canonical":"https:\/\/lottohoy.com\/sv\/spela\/spela-thunderball\/","og_locale":"sv_SE","og_type":"article","og_title":"Satsa p\u00e5 Thunderball-lotteriet online - Lottohoy.com","og_description":"Att spela detta lotteri online g\u00f6r det enkelt f\u00f6r m\u00e5nga spelare att f\u00e5 tillg\u00e5ng till sina fasta priser i alla kategorier","og_url":"https:\/\/lottohoy.com\/sv\/spela\/spela-thunderball\/","og_site_name":"Lottohoy","twitter_card":"summary_large_image","twitter_misc":{"Ber\u00e4knad l\u00e4stid":"3 minuter"},"schema":{"@context":"https:\/\/schema.org","@graph":[{"@type":"WebPage","@id":"https:\/\/lottohoy.com\/sv\/spela\/spela-thunderball\/","url":"https:\/\/lottohoy.com\/sv\/spela\/spela-thunderball\/","name":"Satsa p\u00e5 Thunderball-lotteriet online - Lottohoy.com","isPartOf":{"@id":"https:\/\/lottohoy.com\/sv\/#website"},"datePublished":"2020-08-10T16:39:45+00:00","dateModified":"2020-08-10T16:39:45+00:00","description":"Att spela detta lotteri online g\u00f6r det enkelt f\u00f6r m\u00e5nga spelare att f\u00e5 tillg\u00e5ng till sina fasta priser i alla kategorier","breadcrumb":{"@id":"https:\/\/lottohoy.com\/sv\/spela\/spela-thunderball\/#breadcrumb"},"inLanguage":"sv-SE","potentialAction":[{"@type":"ReadAction","target":["https:\/\/lottohoy.com\/sv\/spela\/spela-thunderball\/"]}]},{"@type":"BreadcrumbList","@id":"https:\/\/lottohoy.com\/sv\/spela\/spela-thunderball\/#breadcrumb","itemListElement":[{"@type":"ListItem","position":1,"name":"Home","item":"https:\/\/lottohoy.com\/sv\/"},{"@type":"ListItem","position":2,"name":"Spela lotteri online","item":"https:\/\/lottohoy.com\/sv\/spela\/"},{"@type":"ListItem","position":3,"name":"Spela Thunderball"}]},{"@type":"WebSite","@id":"https:\/\/lottohoy.com\/sv\/#website","url":"https:\/\/lottohoy.com\/sv\/","name":"Lottohoy","description":"","potentialAction":[{"@type":"SearchAction","target":{"@type":"EntryPoint","urlTemplate":"https:\/\/lottohoy.com\/sv\/?s={search_term_string}"},"query-input":{"@type":"PropertyValueSpecification","valueRequired":true,"valueName":"search_term_string"}}],"inLanguage":"sv-SE"}]}},"_links":{"self":[{"href":"https:\/\/lottohoy.com\/sv\/wp-json\/wp\/v2\/pages\/16691","targetHints":{"allow":["GET"]}}],"collection":[{"href":"https:\/\/lottohoy.com\/sv\/wp-json\/wp\/v2\/pages"}],"about":[{"href":"https:\/\/lottohoy.com\/sv\/wp-json\/wp\/v2\/types\/page"}],"author":[{"embeddable":true,"href":"https:\/\/lottohoy.com\/sv\/wp-json\/wp\/v2\/users\/2"}],"replies":[{"embeddable":true,"href":"https:\/\/lottohoy.com\/sv\/wp-json\/wp\/v2\/comments?post=16691"}],"version-history":[{"count":0,"href":"https:\/\/lottohoy.com\/sv\/wp-json\/wp\/v2\/pages\/16691\/revisions"}],"up":[{"embeddable":true,"href":"https:\/\/lottohoy.com\/sv\/wp-json\/wp\/v2\/pages\/16589"}],"wp:attachment":[{"href":"https:\/\/lottohoy.com\/sv\/wp-json\/wp\/v2\/media?parent=16691"}],"curies":[{"name":"wp","href":"https:\/\/api.w.org\/{rel}","templated":true}]}}