{"id":16680,"date":"2018-05-03T14:23:28","date_gmt":"2018-05-03T13:23:28","guid":{"rendered":"https:\/\/lottohoy.com\/spela\/spela-uk-lottery\/"},"modified":"2018-05-03T14:23:28","modified_gmt":"2018-05-03T13:23:28","slug":"spela-uk-lottery","status":"publish","type":"page","link":"https:\/\/lottohoy.com\/sv\/spela\/spela-uk-lottery\/","title":{"rendered":"Spela UK Lottery"},"content":{"rendered":"<h2><strong>Spela Lotto UK online<\/strong><\/h2>\n<p>UK Lotto \u00e4r det nationella lotteriet i Storbritannien, reglerna indikerar att de \u00f6ver 18 \u00e5r \u00e4r ber\u00e4ttigade att spela och samla in priser och m\u00e5ste vara bosatta i Storbritannien eller Isle of Man. Lyckligtvis \u00e4r det ocks\u00e5 m\u00f6jligt att spela detta lotteri via onlineplattformar som LottoHoy.com.<\/p>\n<p>I h\u00e4ndelse av att vinna prisbeloppet f\u00f6rs automatiskt in p\u00e5 anv\u00e4ndarkontot, och om det \u00e4r ett mycket h\u00f6gt belopp, vi erbjuder allt n\u00f6dv\u00e4ndigt st\u00f6d f\u00f6r att kunna samla in priset p\u00e5 det enklaste s\u00e4ttet.<\/p>\n<h2><strong>Hur man spelar UK Lotto online?<\/strong><\/h2>\n<p>F\u00f6rst och fr\u00e4mst, \u00f6ppna UK Lotto-spelsidan d\u00e4r du ser en rad med fem spelbiljetter. Var och en av dem har 59 celler numrerade 1 till 59 respektive.<\/p>\n<p>F\u00f6r att g\u00f6ra en satsning m\u00e5ste du v\u00e4lja sex av de 59 nummer som erbjuds och upprepa denna \u00e5tg\u00e4rd i s\u00e5 m\u00e5nga kolumner som du vill spela. Kostnaden f\u00f6r en enda satsning \u00e4r 4,06 EUR.<\/p>\n<p>Varje kolumn motsvarar en insats, och d\u00e4rf\u00f6r kommer det belopp som ska betalas att vara resultatet av att multiplicera insatsbeloppet med antalet spelade block.<\/p>\n<h2><strong>Vilka dagar dras UK Lotto?<\/strong><\/h2>\n<p>De brittiska lottodragningarna h\u00e5lls varje onsdag kl 8:00 p.m. GMT och l\u00f6rdagar kl 8:30 p.m. GMT. Biljettf\u00f6rs\u00e4ljningen st\u00e4nger officiellt kl 7:30 p.m. GMT.<\/p>\n<h2><strong>F\u00f6rdelar med att spela UK lotto online<\/strong><\/h2>\n<p>Det finns m\u00e5nga f\u00f6rdelar med att k\u00f6pa Lotto UK online, s\u00e4rskilt med tanke p\u00e5 nya konsumenttrender och l\u00e4tthet involverad.<\/p>\n<p>Det h\u00e4r \u00e4r n\u00e5gra av de st\u00f6rsta f\u00f6rdelarna med att spela p\u00e5 LottoHoy:<\/p>\n<ul>\n<li>S\u00e4kerhet i transaktioner med HTTPS-protokoll.<\/li>\n<li>Du kan k\u00f6pa biljetter 24\/7 varje dag p\u00e5 \u00e5ret. Det \u00e4r inte l\u00e4ngre n\u00f6dv\u00e4ndigt att oroa sig, om f\u00f6rs\u00e4ljningsst\u00e4llenas \u00f6ppettider.<\/li>\n<li>Fr\u00e5n var som helst, utan k\u00f6er eller utan att l\u00e4mna huset. Helt enkelt att ha en mobil enhet, en surfplatta eller en dator med internetanslutning. Det finns inga geografiska hinder f\u00f6r att spela UK Lotto.<\/li>\n<li>Med onlinek\u00f6pet kommer du aldrig att f\u00f6rlora biljetten, det kommer alltid att finnas p\u00e5 ditt konto. Genom v\u00e5r plattform kommer du inte bara att h\u00e5lla reda p\u00e5 den k\u00f6pta biljetten, men i h\u00e4ndelse av att du vinner kommer du att informeras omedelbart via ditt anv\u00e4ndarkonto.<\/li>\n<li>Du f\u00e5r omedelbart de priser du vunnit p\u00e5 ditt anv\u00e4ndarkonto. Efter genomf\u00f6randet av dragningen och n\u00e4r motsvarande officiella <a href=\"https:\/\/lottohoy.com\/results\/lotto-uk\/\"><strong>resultat av UK-lotto<\/strong><\/a> har publicerats, det belopp som vunnits kommer att f\u00f6ras in p\u00e5 ditt anv\u00e4ndarkonto.<\/li>\n<li>H\u00e5ll dig informerad om de ackumulerade jackpottarna och extraordin\u00e4ra dragningar. P\u00e5 det h\u00e4r s\u00e4ttet kan du i f\u00f6rv\u00e4g k\u00e4nna till de viktigaste jackpottarna och du kan justera din insats f\u00f6r att f\u00e5 en supermiljon\u00e4rjackpott.<\/li>\n<\/ul>\n","protected":false},"excerpt":{"rendered":"<p>Spela Lotto UK online UK Lotto \u00e4r det nationella lotteriet i Storbritannien, reglerna indikerar att de \u00f6ver 18 \u00e5r \u00e4r ber\u00e4ttigade att spela och samla in priser och m\u00e5ste vara bosatta i Storbritannien eller Isle of Man. Lyckligtvis \u00e4r det ocks\u00e5 m\u00f6jligt att spela detta lotteri via onlineplattformar som LottoHoy.com. I h\u00e4ndelse av att vinna [&hellip;]<\/p>\n","protected":false},"author":2,"featured_media":0,"parent":16589,"menu_order":9,"comment_status":"closed","ping_status":"closed","template":"lotto-uk.php","meta":{"_et_pb_use_builder":"","_et_pb_old_content":"","_et_gb_content_width":"","exclude_from_search":false,"footnotes":""},"class_list":["post-16680","page","type-page","status-publish","hentry"],"yoast_head":"<!-- This site is optimized with the Yoast SEO plugin v23.7 - https:\/\/yoast.com\/wordpress\/plugins\/seo\/ -->\n<title>Spela UK Lottery Online - Storbritanniens st\u00f6rsta Lotto - LottoHoy<\/title>\n<meta name=\"description\" content=\"V\u00e4lj bara 6 av 59 nummer som erbjuds och i s\u00e5 m\u00e5nga kolumner som du vill spela. Spela s\u00e4kert p\u00e5 Lottohoy och bli n\u00e4sta miljon\u00e4r!\" \/>\n<meta name=\"robots\" content=\"index, follow, max-snippet:-1, max-image-preview:large, max-video-preview:-1\" \/>\n<link rel=\"canonical\" href=\"https:\/\/lottohoy.com\/sv\/spela\/spela-uk-lottery\/\" \/>\n<meta property=\"og:locale\" content=\"sv_SE\" \/>\n<meta property=\"og:type\" content=\"article\" \/>\n<meta property=\"og:title\" content=\"Spela UK Lottery Online - Storbritanniens st\u00f6rsta Lotto - LottoHoy\" \/>\n<meta property=\"og:description\" content=\"V\u00e4lj bara 6 av 59 nummer som erbjuds och i s\u00e5 m\u00e5nga kolumner som du vill spela. Spela s\u00e4kert p\u00e5 Lottohoy och bli n\u00e4sta miljon\u00e4r!\" \/>\n<meta property=\"og:url\" content=\"https:\/\/lottohoy.com\/sv\/spela\/spela-uk-lottery\/\" \/>\n<meta property=\"og:site_name\" content=\"Lottohoy\" \/>\n<meta name=\"twitter:card\" content=\"summary_large_image\" \/>\n<meta name=\"twitter:label1\" content=\"Ber\u00e4knad l\u00e4stid\" \/>\n\t<meta name=\"twitter:data1\" content=\"2 minuter\" \/>\n<script type=\"application\/ld+json\" class=\"yoast-schema-graph\">{\"@context\":\"https:\/\/schema.org\",\"@graph\":[{\"@type\":\"WebPage\",\"@id\":\"https:\/\/lottohoy.com\/sv\/spela\/spela-uk-lottery\/\",\"url\":\"https:\/\/lottohoy.com\/sv\/spela\/spela-uk-lottery\/\",\"name\":\"Spela UK Lottery Online - Storbritanniens st\u00f6rsta Lotto - LottoHoy\",\"isPartOf\":{\"@id\":\"https:\/\/lottohoy.com\/sv\/#website\"},\"datePublished\":\"2018-05-03T13:23:28+00:00\",\"dateModified\":\"2018-05-03T13:23:28+00:00\",\"description\":\"V\u00e4lj bara 6 av 59 nummer som erbjuds och i s\u00e5 m\u00e5nga kolumner som du vill spela. Spela s\u00e4kert p\u00e5 Lottohoy och bli n\u00e4sta miljon\u00e4r!\",\"breadcrumb\":{\"@id\":\"https:\/\/lottohoy.com\/sv\/spela\/spela-uk-lottery\/#breadcrumb\"},\"inLanguage\":\"sv-SE\",\"potentialAction\":[{\"@type\":\"ReadAction\",\"target\":[\"https:\/\/lottohoy.com\/sv\/spela\/spela-uk-lottery\/\"]}]},{\"@type\":\"BreadcrumbList\",\"@id\":\"https:\/\/lottohoy.com\/sv\/spela\/spela-uk-lottery\/#breadcrumb\",\"itemListElement\":[{\"@type\":\"ListItem\",\"position\":1,\"name\":\"Home\",\"item\":\"https:\/\/lottohoy.com\/sv\/\"},{\"@type\":\"ListItem\",\"position\":2,\"name\":\"Spela lotteri online\",\"item\":\"https:\/\/lottohoy.com\/sv\/spela\/\"},{\"@type\":\"ListItem\",\"position\":3,\"name\":\"Spela UK Lottery\"}]},{\"@type\":\"WebSite\",\"@id\":\"https:\/\/lottohoy.com\/sv\/#website\",\"url\":\"https:\/\/lottohoy.com\/sv\/\",\"name\":\"Lottohoy\",\"description\":\"\",\"potentialAction\":[{\"@type\":\"SearchAction\",\"target\":{\"@type\":\"EntryPoint\",\"urlTemplate\":\"https:\/\/lottohoy.com\/sv\/?s={search_term_string}\"},\"query-input\":{\"@type\":\"PropertyValueSpecification\",\"valueRequired\":true,\"valueName\":\"search_term_string\"}}],\"inLanguage\":\"sv-SE\"}]}<\/script>\n<!-- \/ Yoast SEO plugin. -->","yoast_head_json":{"title":"Spela UK Lottery Online - Storbritanniens st\u00f6rsta Lotto - LottoHoy","description":"V\u00e4lj bara 6 av 59 nummer som erbjuds och i s\u00e5 m\u00e5nga kolumner som du vill spela. Spela s\u00e4kert p\u00e5 Lottohoy och bli n\u00e4sta miljon\u00e4r!","robots":{"index":"index","follow":"follow","max-snippet":"max-snippet:-1","max-image-preview":"max-image-preview:large","max-video-preview":"max-video-preview:-1"},"canonical":"https:\/\/lottohoy.com\/sv\/spela\/spela-uk-lottery\/","og_locale":"sv_SE","og_type":"article","og_title":"Spela UK Lottery Online - Storbritanniens st\u00f6rsta Lotto - LottoHoy","og_description":"V\u00e4lj bara 6 av 59 nummer som erbjuds och i s\u00e5 m\u00e5nga kolumner som du vill spela. Spela s\u00e4kert p\u00e5 Lottohoy och bli n\u00e4sta miljon\u00e4r!","og_url":"https:\/\/lottohoy.com\/sv\/spela\/spela-uk-lottery\/","og_site_name":"Lottohoy","twitter_card":"summary_large_image","twitter_misc":{"Ber\u00e4knad l\u00e4stid":"2 minuter"},"schema":{"@context":"https:\/\/schema.org","@graph":[{"@type":"WebPage","@id":"https:\/\/lottohoy.com\/sv\/spela\/spela-uk-lottery\/","url":"https:\/\/lottohoy.com\/sv\/spela\/spela-uk-lottery\/","name":"Spela UK Lottery Online - Storbritanniens st\u00f6rsta Lotto - LottoHoy","isPartOf":{"@id":"https:\/\/lottohoy.com\/sv\/#website"},"datePublished":"2018-05-03T13:23:28+00:00","dateModified":"2018-05-03T13:23:28+00:00","description":"V\u00e4lj bara 6 av 59 nummer som erbjuds och i s\u00e5 m\u00e5nga kolumner som du vill spela. Spela s\u00e4kert p\u00e5 Lottohoy och bli n\u00e4sta miljon\u00e4r!","breadcrumb":{"@id":"https:\/\/lottohoy.com\/sv\/spela\/spela-uk-lottery\/#breadcrumb"},"inLanguage":"sv-SE","potentialAction":[{"@type":"ReadAction","target":["https:\/\/lottohoy.com\/sv\/spela\/spela-uk-lottery\/"]}]},{"@type":"BreadcrumbList","@id":"https:\/\/lottohoy.com\/sv\/spela\/spela-uk-lottery\/#breadcrumb","itemListElement":[{"@type":"ListItem","position":1,"name":"Home","item":"https:\/\/lottohoy.com\/sv\/"},{"@type":"ListItem","position":2,"name":"Spela lotteri online","item":"https:\/\/lottohoy.com\/sv\/spela\/"},{"@type":"ListItem","position":3,"name":"Spela UK Lottery"}]},{"@type":"WebSite","@id":"https:\/\/lottohoy.com\/sv\/#website","url":"https:\/\/lottohoy.com\/sv\/","name":"Lottohoy","description":"","potentialAction":[{"@type":"SearchAction","target":{"@type":"EntryPoint","urlTemplate":"https:\/\/lottohoy.com\/sv\/?s={search_term_string}"},"query-input":{"@type":"PropertyValueSpecification","valueRequired":true,"valueName":"search_term_string"}}],"inLanguage":"sv-SE"}]}},"_links":{"self":[{"href":"https:\/\/lottohoy.com\/sv\/wp-json\/wp\/v2\/pages\/16680","targetHints":{"allow":["GET"]}}],"collection":[{"href":"https:\/\/lottohoy.com\/sv\/wp-json\/wp\/v2\/pages"}],"about":[{"href":"https:\/\/lottohoy.com\/sv\/wp-json\/wp\/v2\/types\/page"}],"author":[{"embeddable":true,"href":"https:\/\/lottohoy.com\/sv\/wp-json\/wp\/v2\/users\/2"}],"replies":[{"embeddable":true,"href":"https:\/\/lottohoy.com\/sv\/wp-json\/wp\/v2\/comments?post=16680"}],"version-history":[{"count":0,"href":"https:\/\/lottohoy.com\/sv\/wp-json\/wp\/v2\/pages\/16680\/revisions"}],"up":[{"embeddable":true,"href":"https:\/\/lottohoy.com\/sv\/wp-json\/wp\/v2\/pages\/16589"}],"wp:attachment":[{"href":"https:\/\/lottohoy.com\/sv\/wp-json\/wp\/v2\/media?parent=16680"}],"curies":[{"name":"wp","href":"https:\/\/api.w.org\/{rel}","templated":true}]}}