{"id":16675,"date":"2018-08-21T10:08:33","date_gmt":"2018-08-21T09:08:33","guid":{"rendered":"https:\/\/lottohoy.com\/spela\/spela-la-primitiva\/"},"modified":"2018-08-21T10:08:33","modified_gmt":"2018-08-21T09:08:33","slug":"spela-la-primitiva","status":"publish","type":"page","link":"https:\/\/lottohoy.com\/sv\/spela\/spela-la-primitiva\/","title":{"rendered":"Spela La Primitiva"},"content":{"rendered":"<p>Det som vi idag k\u00e4nner som \u201dLa primitiva\u201d \u00e4r det \u00e4ldsta lotterispelet i Spanien. Sedan det skapades 1763, dess utveckling var mycket lik det nuvarande systemet, erbjuder valet av fyra nummer av totalt 90, av den anledningen var det k\u00e4nt som \u201dLotteri med siffror\u201d. Detta lotteri kallades definitivt La Primitiva, som ett resultat av skapandet av ett nytt lotteri som marknadsf\u00f6rdes genom biljetter som hade skrivit ut ett nummer som de deltog i dragningarna med. vi k\u00e4nner det idag som National Lottery. I 1862, regeringen beslutade att undertrycka de tidigare Primitiva-dragningarna f\u00f6r att l\u00e4gga st\u00f6rre vikt vid lotteriet med siffror, eftersom det hade en stor acceptans; och det skulle inte vara f\u00f6rr\u00e4n mer \u00e4n ett sekel efter, i 1985, n\u00e4r Primitiva-lotteriet kom tillbaka till livet med hj\u00e4lp av <b><strong>Loter\u00edas y Apuestas del Estado (LAE)<\/strong><\/b>, det organ som ansvarar f\u00f6r lotterier i Spanien.<\/p>\n<h2>Variationer i best\u00e4mmelserna fram till idag<\/h2>\n<ul>\n<li>La Primitiva gick fr\u00e5n en dragning i veckan till tv\u00e5 dragningar (<i><em>torsdag och l\u00f6rdag, sedan maj 1990<\/em><\/i>).<\/li>\n<li>Det ursprungliga priset var 25 Ptas. (Cirka \u20ac 0,15) och har \u00f6kat lite efter lite, upp till sitt nuvarande pris.<\/li>\n<li>I 1991 den extra bollen \u201d<b><strong>ers\u00e4ttning<\/strong><\/b>\u201d skapades.<\/li>\n<li>I 2012 lades till ytterligare en chans att spela i dragningen av Primitiva med en valfri dragning associerad med samma biljett till Primitiva, \u201d<b><strong>Jokern<\/strong><\/b>.<\/li>\n<\/ul>\n<h2>Hur man spelar Primitiva<\/h2>\n<p>F\u00f6r att spela Primitiva beh\u00f6ver du bara v\u00e4lja sex nummer i en kolumn som best\u00e5r av totalt 49 (numrerad fr\u00e5n 1 till 49). Det finns flera s\u00e4tt att placera en insats: Enkel, multipel och reducerad insats.<\/p>\n<ul>\n<li><b><strong>Enkelinsats: <\/strong><\/b>Anv\u00e4nd s\u00e5 m\u00e5nga spelkolumner du vill med minst 1 och h\u00f6gst 8 kolumner. Om du spelar online kan du satsa p\u00e5 s\u00e5 m\u00e5nga kolumner som spelaren \u00f6nskar.<\/li>\n<li><b><strong>Multipelinsats: <\/strong><\/b>I det h\u00e4r fallet anv\u00e4nds endast den f\u00f6rsta kolumnen p\u00e5 kupongen och du kan v\u00e4lja mellan 7 och 11 nummer. Ju fler nummer \u00e4r markerade, ju st\u00f6rre antal satsningar du deltar i.<\/li>\n<li><b><strong>Reducerad<\/strong><\/b> insats: Denna insats tillhandah\u00e5lls av sj\u00e4lva systemet, och anv\u00e4nds vanligtvis uteslutande i den fysiska biljetten.<\/li>\n<\/ul>\n<p>En enda satsningskostnad p\u00e5 Lottohoy \u00e4r bara 2.00 Euro.<\/p>\n<h3>Hur fungerar Primitiva-dragningen?<\/h3>\n<p>Dragningen h\u00e5lls med hj\u00e4lp av tv\u00e5 trummor. I en av trummorna finns de 49 numrerade bollar fr\u00e5n vilka 6 siffror kommer att extraheras f\u00f6r den vinnande kombinationen, plus en sjunde boll som kommer att kallas \u201dkomplementet\u201d. Detta kompletterande nummer v\u00e4ljs inte p\u00e5 biljetten, och som namnet antyder tj\u00e4nar det till att komplettera de satsningar som matchar fem av de sex siffrorna i den vinnande kombinationen. Pris till den andra kategorin av fem nummer plus komplementet. \u00c5terbetalningsbollen extraheras fr\u00e5n den andra trumman. Detta \u00e5terbetalningsnummer tj\u00e4nar till att bel\u00f6na uteslutande de spelare som tr\u00e4ffar detta nummer, f\u00e5r som pris beloppet f\u00f6r den enda insatsen.<\/p>\n<h2>N\u00e4r spelas La Primitiva?<\/h2>\n<p>Primitiva genomf\u00f6rs tv\u00e5 g\u00e5nger i veckan, p\u00e5 torsdagar och l\u00f6rdagar. Dragningen \u00e4ger rum kl 9:40 p.m. Spansk tid, vid en offentlig ceremoni i Loter\u00edas y Apuestas del Estado (LAE) dragningsrum i Madrid. Primitivas regler f\u00f6reskriver m\u00f6jligheten att \u00e4ndra platsen, datum och tid f\u00f6r firandet av en dragning eller en \u00e4ndring av datum.<\/p>\n<h2>Hur mycket kostar en Primitiva-biljett?<\/h2>\n<p>P\u00e5 LottoHoy kan du spela Primitiva fr\u00e5n ett startpris p\u00e5 2,5 \u20ac per kolumn. \u00c4ven officiellt, endast inv\u00e5nare i Spanien kan komma \u00e5t det h\u00e4r spelet, nuf\u00f6rtiden och via onlineplattformar, du kan komma \u00e5t k\u00f6p av biljetter och delta i dragningarna fr\u00e5n vilket land som helst.<\/p>\n<h2>Hur man k\u00f6per La Primitiva online?<\/h2>\n<p>K\u00f6p och deltagande i Primitiva-lotterierna via v\u00e5r plattform \u00e4r v\u00e4ldigt enkelt, enkelt och bekv\u00e4mt. N\u00e4r du \u00f6ppnar spelsidan, du kan placera den satsning eller de satsningar du vill anv\u00e4nda kolumnerna (\u00e4ven kallade linjer) som visas. Ursprungligen kommer fem kolumner att visas, men de kan ut\u00f6kas s\u00e5 m\u00e5nga g\u00e5nger som \u00f6nskas genom att helt enkelt klicka p\u00e5 rutan \u201d<b><strong>Fler linjer<\/strong><\/b>\u201d. I varje kolumn kommer sex nummer att v\u00e4ljas f\u00f6r att konfigurera ditt spel. Denna kombination kan g\u00f6ras manuellt eller genom att l\u00e5ta systemet sj\u00e4lvt v\u00e4lja en slumpm\u00e4ssig kombination f\u00f6r spelaren. Detta slumpm\u00e4ssiga urval g\u00f6rs genom att placera mark\u00f6ren p\u00e5 kolumnen och en \u00f6vre ruta som indikerar \u201dsnabbval\u201d visas. N\u00e4r antalet kolumner (satsningar) har best\u00e4mts och spelaren \u00e4r redo att spela visas en gr\u00f6n ruta med texten \u201dforts\u00e4tt\u201d. V\u00e4l i kundvagnen visas en ny sk\u00e4rm som visar en rad olika betalningsmetoder: fr\u00e5n kreditkort och system som kallas Skrill eller Neteller, till ett brett utbud av nationella betalningsmetoder, inklusive genom kryptovalutor.<\/p>\n<h2>Priser av Primitiva<\/h2>\n<p>Femtiofem procent av varje dragningssamling g\u00e5r till betalning av priser, 10% \u00e4r avsedd f\u00f6r betalning av ers\u00e4ttningen, och av 35% \u00e5terst\u00e5ende belopp som motsvarar den fasta betalningen av 8 \u20ac kommer att separeras f\u00f6r varje femte kategorivinnare, och resten \u00e4r uppdelad mellan de fyra huvudkategorierna plus specialkategorin.<\/p>\n<ul>\n<li>En <b><strong>specialkategori<\/strong><\/b> f\u00f6r dem som tr\u00e4ffar den fullst\u00e4ndiga vinnande kombinationen (sex nummer + \u00e5terbetalningen). Denna kategori tar cirka 6,18% av int\u00e4kterna plus beloppet f\u00f6r den ackumulerade potten om n\u00e5gon. Minst tv\u00e5 miljoner euro garanteras.<\/li>\n<li><b><strong>F\u00f6rsta kategorin<\/strong><\/b>, f\u00f6r vinnarna av huvudkombinationen av de sex siffrorna. Till denna kategori 12,04% av samlingen \u00e4r avsedd som den kommer att f\u00f6rdelas mellan alla framg\u00e5ngsrika anv\u00e4ndare av denna kategori.<\/li>\n<li><b><strong>Andra kategorin<\/strong><\/b>, f\u00f6r fem matchande nummer plus det kompletterande. I denna kategori f\u00f6rdelas vinnarna 1,80% av samlingen.<\/li>\n<li><b><strong>Tredje kategorin<\/strong><\/b>, f\u00f6r vinnarna av fem nummer, de delar 3,91%.<\/li>\n<li><b><strong>Fj\u00e4rde kategorin<\/strong><\/b>, f\u00f6r vinnarna av fyra nummer,de delar 6,32%.<\/li>\n<li><b><strong>Femte kategorin<\/strong><\/b>, f\u00f6r vinnarna av tre nummer, har ett fast pris, av 8 \u20ac vardera och det betyder ungef\u00e4r 14,12% av samlingen.<\/li>\n<li><b><strong>\u00c5terbetalningen<\/strong><\/b>, f\u00f6r vinnarna av numret som betraktas som \u00e5terbetalning, en fond skapades med 10% av insamlingen av varje dragning f\u00f6r att g\u00f6ra den fasta betalningen motsvarande beloppet f\u00f6r en enkel satsning.<\/li>\n<\/ul>\n<p>Beloppet f\u00f6r de erh\u00e5llna priserna matas in direkt p\u00e5 de registrerade anv\u00e4ndarnas konton.<\/p>\n","protected":false},"excerpt":{"rendered":"<p>Det som vi idag k\u00e4nner som \u201dLa primitiva\u201d \u00e4r det \u00e4ldsta lotterispelet i Spanien. Sedan det skapades 1763, dess utveckling var mycket lik det nuvarande systemet, erbjuder valet av fyra nummer av totalt 90, av den anledningen var det k\u00e4nt som \u201dLotteri med siffror\u201d. Detta lotteri kallades definitivt La Primitiva, som ett resultat av skapandet [&hellip;]<\/p>\n","protected":false},"author":2,"featured_media":0,"parent":16589,"menu_order":6,"comment_status":"closed","ping_status":"closed","template":"la-primitiva.php","meta":{"_et_pb_use_builder":"","_et_pb_old_content":"","_et_gb_content_width":"","exclude_from_search":false,"footnotes":""},"class_list":["post-16675","page","type-page","status-publish","hentry"],"yoast_head":"<!-- This site is optimized with the Yoast SEO plugin v23.7 - https:\/\/yoast.com\/wordpress\/plugins\/seo\/ -->\n<title>Spela La Primitiva Online - Spanskt online-lotteri - Lottohoy<\/title>\n<meta name=\"description\" content=\"F\u00f6r att spela Primitiva beh\u00f6ver du bara v\u00e4lja 6 siffror i en kolumn som best\u00e5r av totalt 49 (numrerad fr\u00e5n 1 till 49). Spela nu och vinn!\" \/>\n<meta name=\"robots\" content=\"index, follow, max-snippet:-1, max-image-preview:large, max-video-preview:-1\" \/>\n<link rel=\"canonical\" href=\"https:\/\/lottohoy.com\/sv\/spela\/spela-la-primitiva\/\" \/>\n<meta property=\"og:locale\" content=\"sv_SE\" \/>\n<meta property=\"og:type\" content=\"article\" \/>\n<meta property=\"og:title\" content=\"Spela La Primitiva Online - Spanskt online-lotteri - Lottohoy\" \/>\n<meta property=\"og:description\" content=\"F\u00f6r att spela Primitiva beh\u00f6ver du bara v\u00e4lja 6 siffror i en kolumn som best\u00e5r av totalt 49 (numrerad fr\u00e5n 1 till 49). Spela nu och vinn!\" \/>\n<meta property=\"og:url\" content=\"https:\/\/lottohoy.com\/sv\/spela\/spela-la-primitiva\/\" \/>\n<meta property=\"og:site_name\" content=\"Lottohoy\" \/>\n<meta name=\"twitter:card\" content=\"summary_large_image\" \/>\n<meta name=\"twitter:label1\" content=\"Ber\u00e4knad l\u00e4stid\" \/>\n\t<meta name=\"twitter:data1\" content=\"5 minuter\" \/>\n<script type=\"application\/ld+json\" class=\"yoast-schema-graph\">{\"@context\":\"https:\/\/schema.org\",\"@graph\":[{\"@type\":\"WebPage\",\"@id\":\"https:\/\/lottohoy.com\/sv\/spela\/spela-la-primitiva\/\",\"url\":\"https:\/\/lottohoy.com\/sv\/spela\/spela-la-primitiva\/\",\"name\":\"Spela La Primitiva Online - Spanskt online-lotteri - Lottohoy\",\"isPartOf\":{\"@id\":\"https:\/\/lottohoy.com\/sv\/#website\"},\"datePublished\":\"2018-08-21T09:08:33+00:00\",\"dateModified\":\"2018-08-21T09:08:33+00:00\",\"description\":\"F\u00f6r att spela Primitiva beh\u00f6ver du bara v\u00e4lja 6 siffror i en kolumn som best\u00e5r av totalt 49 (numrerad fr\u00e5n 1 till 49). Spela nu och vinn!\",\"breadcrumb\":{\"@id\":\"https:\/\/lottohoy.com\/sv\/spela\/spela-la-primitiva\/#breadcrumb\"},\"inLanguage\":\"sv-SE\",\"potentialAction\":[{\"@type\":\"ReadAction\",\"target\":[\"https:\/\/lottohoy.com\/sv\/spela\/spela-la-primitiva\/\"]}]},{\"@type\":\"BreadcrumbList\",\"@id\":\"https:\/\/lottohoy.com\/sv\/spela\/spela-la-primitiva\/#breadcrumb\",\"itemListElement\":[{\"@type\":\"ListItem\",\"position\":1,\"name\":\"Home\",\"item\":\"https:\/\/lottohoy.com\/sv\/\"},{\"@type\":\"ListItem\",\"position\":2,\"name\":\"Spela lotteri online\",\"item\":\"https:\/\/lottohoy.com\/sv\/spela\/\"},{\"@type\":\"ListItem\",\"position\":3,\"name\":\"Spela La Primitiva\"}]},{\"@type\":\"WebSite\",\"@id\":\"https:\/\/lottohoy.com\/sv\/#website\",\"url\":\"https:\/\/lottohoy.com\/sv\/\",\"name\":\"Lottohoy\",\"description\":\"\",\"potentialAction\":[{\"@type\":\"SearchAction\",\"target\":{\"@type\":\"EntryPoint\",\"urlTemplate\":\"https:\/\/lottohoy.com\/sv\/?s={search_term_string}\"},\"query-input\":{\"@type\":\"PropertyValueSpecification\",\"valueRequired\":true,\"valueName\":\"search_term_string\"}}],\"inLanguage\":\"sv-SE\"}]}<\/script>\n<!-- \/ Yoast SEO plugin. -->","yoast_head_json":{"title":"Spela La Primitiva Online - Spanskt online-lotteri - Lottohoy","description":"F\u00f6r att spela Primitiva beh\u00f6ver du bara v\u00e4lja 6 siffror i en kolumn som best\u00e5r av totalt 49 (numrerad fr\u00e5n 1 till 49). Spela nu och vinn!","robots":{"index":"index","follow":"follow","max-snippet":"max-snippet:-1","max-image-preview":"max-image-preview:large","max-video-preview":"max-video-preview:-1"},"canonical":"https:\/\/lottohoy.com\/sv\/spela\/spela-la-primitiva\/","og_locale":"sv_SE","og_type":"article","og_title":"Spela La Primitiva Online - Spanskt online-lotteri - Lottohoy","og_description":"F\u00f6r att spela Primitiva beh\u00f6ver du bara v\u00e4lja 6 siffror i en kolumn som best\u00e5r av totalt 49 (numrerad fr\u00e5n 1 till 49). Spela nu och vinn!","og_url":"https:\/\/lottohoy.com\/sv\/spela\/spela-la-primitiva\/","og_site_name":"Lottohoy","twitter_card":"summary_large_image","twitter_misc":{"Ber\u00e4knad l\u00e4stid":"5 minuter"},"schema":{"@context":"https:\/\/schema.org","@graph":[{"@type":"WebPage","@id":"https:\/\/lottohoy.com\/sv\/spela\/spela-la-primitiva\/","url":"https:\/\/lottohoy.com\/sv\/spela\/spela-la-primitiva\/","name":"Spela La Primitiva Online - Spanskt online-lotteri - Lottohoy","isPartOf":{"@id":"https:\/\/lottohoy.com\/sv\/#website"},"datePublished":"2018-08-21T09:08:33+00:00","dateModified":"2018-08-21T09:08:33+00:00","description":"F\u00f6r att spela Primitiva beh\u00f6ver du bara v\u00e4lja 6 siffror i en kolumn som best\u00e5r av totalt 49 (numrerad fr\u00e5n 1 till 49). Spela nu och vinn!","breadcrumb":{"@id":"https:\/\/lottohoy.com\/sv\/spela\/spela-la-primitiva\/#breadcrumb"},"inLanguage":"sv-SE","potentialAction":[{"@type":"ReadAction","target":["https:\/\/lottohoy.com\/sv\/spela\/spela-la-primitiva\/"]}]},{"@type":"BreadcrumbList","@id":"https:\/\/lottohoy.com\/sv\/spela\/spela-la-primitiva\/#breadcrumb","itemListElement":[{"@type":"ListItem","position":1,"name":"Home","item":"https:\/\/lottohoy.com\/sv\/"},{"@type":"ListItem","position":2,"name":"Spela lotteri online","item":"https:\/\/lottohoy.com\/sv\/spela\/"},{"@type":"ListItem","position":3,"name":"Spela La Primitiva"}]},{"@type":"WebSite","@id":"https:\/\/lottohoy.com\/sv\/#website","url":"https:\/\/lottohoy.com\/sv\/","name":"Lottohoy","description":"","potentialAction":[{"@type":"SearchAction","target":{"@type":"EntryPoint","urlTemplate":"https:\/\/lottohoy.com\/sv\/?s={search_term_string}"},"query-input":{"@type":"PropertyValueSpecification","valueRequired":true,"valueName":"search_term_string"}}],"inLanguage":"sv-SE"}]}},"_links":{"self":[{"href":"https:\/\/lottohoy.com\/sv\/wp-json\/wp\/v2\/pages\/16675","targetHints":{"allow":["GET"]}}],"collection":[{"href":"https:\/\/lottohoy.com\/sv\/wp-json\/wp\/v2\/pages"}],"about":[{"href":"https:\/\/lottohoy.com\/sv\/wp-json\/wp\/v2\/types\/page"}],"author":[{"embeddable":true,"href":"https:\/\/lottohoy.com\/sv\/wp-json\/wp\/v2\/users\/2"}],"replies":[{"embeddable":true,"href":"https:\/\/lottohoy.com\/sv\/wp-json\/wp\/v2\/comments?post=16675"}],"version-history":[{"count":0,"href":"https:\/\/lottohoy.com\/sv\/wp-json\/wp\/v2\/pages\/16675\/revisions"}],"up":[{"embeddable":true,"href":"https:\/\/lottohoy.com\/sv\/wp-json\/wp\/v2\/pages\/16589"}],"wp:attachment":[{"href":"https:\/\/lottohoy.com\/sv\/wp-json\/wp\/v2\/media?parent=16675"}],"curies":[{"name":"wp","href":"https:\/\/api.w.org\/{rel}","templated":true}]}}