{"id":16669,"date":"2019-02-13T18:44:38","date_gmt":"2019-02-13T18:44:38","guid":{"rendered":"https:\/\/lottohoy.com\/spela\/spela-el-gordo-de-la-primitiva\/"},"modified":"2019-02-13T18:44:38","modified_gmt":"2019-02-13T18:44:38","slug":"spela-el-gordo-de-la-primitiva","status":"publish","type":"page","link":"https:\/\/lottohoy.com\/sv\/spela\/spela-el-gordo-de-la-primitiva\/","title":{"rendered":"Spela El Gordo de la Primitiva"},"content":{"rendered":"<h2>Spela el Gordo online<\/h2>\n<p>Den <sup>31<\/sup> oktober 1993, den f\u00f6rsta Gordo de la Primitiva-dragningen \u00e4gde rum, en dragning som f\u00f6r n\u00e4rvarande h\u00e5lls varje s\u00f6ndag, \u00e4ven om de f\u00f6rsta dragningarna bara h\u00f6lls en g\u00e5ng i m\u00e5naden, den sista s\u00f6ndagen i m\u00e5naden. Denna tombolastruktur beh\u00f6lls fram till dragningen den <sup>12<\/sup> oktober 1997. Numera \u00e4r det v\u00e4ldigt enkelt att spela Gordo de la Primitiva online. Vi erbjuder dig chansen att k\u00f6pa dina biljetter varje dag i veckan, 24 timmar om dygnet.<\/p>\n<h2>Hur man spelar Gordo de la Primitiva?<\/h2>\n<p>Att spela el Gordo best\u00e5r av att v\u00e4lja fem nummer fr\u00e5n en tabell med 54 positioner numrerade fr\u00e5n 1 till 54. Dessutom \u00e4r det n\u00f6dv\u00e4ndigt att v\u00e4lja ett nyckelnummer fr\u00e5n en andra tabell numrerad 0 till 9. Det finns i princip tv\u00e5 s\u00e4tt att spela el Gordo: den enkla insatsen och den multipla insatsen. Den <b><strong>enkla insatsen<\/strong><\/b>, best\u00e5r av att v\u00e4lja fem nummer p\u00e5 det f\u00f6rsta bordet som inneh\u00e5ller 54 rutor numrerade 1 till 54 respektive, och ett nyckelnummer (\u00e4ven kallat ers\u00e4ttning) p\u00e5 ett andra bord som erbjuder biljetten och inneh\u00e5ller 10 numrerade rutor fr\u00e5n 0 till 9. En biljett kostar bara 3 EUR om du f\u00f6rv\u00e4rvar den p\u00e5 Lottohoy. Detta nyckelnummer eller \u00e5terbetalning \u00e4r gemensamt f\u00f6r alla satsningar eller block som spelas p\u00e5 enkelbiljetten. <b><strong>Multipelinsatsen <\/strong><\/b>g\u00f6rs uteslutande i biljettens f\u00f6rsta block, och du kan markera ett minimum av 6 rutor, och h\u00f6gst 11 av det f\u00f6rsta bordet, plus nyckelnumret eller \u00e5terbetalningen av den bifogade tabellen. N\u00e4r du fyller i en multipelinsats, antalet nummer som \u00e4r markerade och kommer att vara direkt kopplade till de satsningar som g\u00f6rs och deras kostnader.<\/p>\n<p><b>Uppringt Totalt antal satsningar<\/b><\/p>\n<p>6 6<\/p>\n<p>7 21<\/p>\n<p>8 56<\/p>\n<p>9 126<\/p>\n<p>10 252<\/p>\n<p>11 462<\/p>\n<h2>Vilken dag dras el Gordo de la Primitiva?<\/h2>\n<p>El Gordo de la Primitiva har en enda veckodragning, varje s\u00f6ndag och \u00e4ger rum kl 9:30 p.m. (CET) i Madrid. F\u00f6r att f\u00e5 tillg\u00e5ng till dessa dragningar, du m\u00e5ste ta h\u00e4nsyn till avbrottstiderna. Spelar online, det normaliserade schemat \u00e4r runt 1:00 p.m. beroende p\u00e5 vilket land det spelas (rekommenderas att konsultera tidigare).<\/p>\n<h2>Spela Gordo de la Primitiva online<\/h2>\n<p>Att spela Gordo de la Primitiva online har m\u00e5nga f\u00f6rdelar j\u00e4mf\u00f6rt med det traditionella spelet som validerar biljetten p\u00e5 en fysisk lotteriadministration. Med tillkomsten av ny teknik har m\u00e5nga aktiviteter underl\u00e4ttats f\u00f6r att uppn\u00e5 komfort, vinna tid och s\u00e4kerhet. Oddsen f\u00f6r att vinna n\u00e5got pris av Gordo de la Primitiva som spelar online \u00e4r exakt desamma som att g\u00f6ra det n\u00e4r man k\u00f6per en fysisk biljett i en lotterif\u00f6rvaltning, och online-lotteriplattformar som v\u00e5ra g\u00f6r det v\u00e4ldigt enkelt. Du m\u00e5ste helt enkelt skapa ett anv\u00e4ndarkonto i LottoHoy, och p\u00e5 detta s\u00e4tt f\u00e5 tillg\u00e5ng till all information om samlingar, och betalningar med total s\u00e4kerhet. N\u00e4r du \u00f6ppnar spelavsnittet i Gordo de la Primitiva p\u00e5 v\u00e5r plattform, h\u00f6gst upp finns en menyrad med fyra alternativ:<\/p>\n<ul>\n<li><b><strong>Spela Gordo de la Primitiva<\/strong><\/b>: Avsnitt d\u00e4r du kan v\u00e4lja dina favoritnummer i alla kolumner du vill ha. I princip, fem kolumner visas, men din insats kan ut\u00f6kas till s\u00e5 m\u00e5nga kolumner som du vill, helt enkelt genom att klicka p\u00e5 rutan under den f\u00f6rsta kolumnen som s\u00e4ger \u201dfler linjer\u201d<\/li>\n<li><b><strong>Resultat av Gordo de la Primitiva:<\/strong><\/b> Med informationen om den sista dragningen h\u00f6ll den vinnande kombinationen, och f\u00f6rdelningen av priser i de olika kategorierna. Du kan ocks\u00e5 komma \u00e5t informationen om tidigare dragningar och beloppen f\u00f6r deras priser.<\/li>\n<li><b><strong>Information om Gordo de la Primitiva:<\/strong><\/b> All information relaterad till detta spel, kategorierna av priser, procentsatserna f\u00f6r insamling som tilldelats varje kategori och m\u00f6jligheterna till vinst i varje kategori.<\/li>\n<li><b><strong>Nyheter om Gordo de la Primitiva<\/strong><\/b>: Allt om nyheterna om denna typ av lotteri.<\/li>\n<\/ul>\n<p>Strax nedan visas den f\u00f6rsta spellinjen, best\u00e5ende av fem kolumner (eller biljetter). Du kan spela en enda kolumn eller s\u00e5 m\u00e5nga du vill, du kan till och med l\u00e4gga till fler rader och spela fler nummer. Var och en av kolumnerna eller raderna \u00e4r numrerade fr\u00e5n 1 till 54 och det \u00e4r d\u00e4r den \u00f6nskade f\u00f6ruts\u00e4gelsen m\u00e5ste g\u00f6ras, med utg\u00e5ngspunkt fr\u00e5n basen att <b><strong>fem rutor eller siffror m\u00e5ste markeras <\/strong><\/b>f\u00f6r ett enkelt drag. Systemet l\u00e5ter dig fylla i dessa rutor manuellt med dina favoritnummer, eller genom det snabbvalsalternativ som visas ovanf\u00f6r varje tabell. P\u00e5 detta s\u00e4tt \u00e4r det sj\u00e4lva systemet som slumpm\u00e4ssigt v\u00e4ljer den kombination som ska spelas.<\/p>\n","protected":false},"excerpt":{"rendered":"<p>Spela el Gordo online Den 31 oktober 1993, den f\u00f6rsta Gordo de la Primitiva-dragningen \u00e4gde rum, en dragning som f\u00f6r n\u00e4rvarande h\u00e5lls varje s\u00f6ndag, \u00e4ven om de f\u00f6rsta dragningarna bara h\u00f6lls en g\u00e5ng i m\u00e5naden, den sista s\u00f6ndagen i m\u00e5naden. Denna tombolastruktur beh\u00f6lls fram till dragningen den 12 oktober 1997. Numera \u00e4r det v\u00e4ldigt enkelt [&hellip;]<\/p>\n","protected":false},"author":2,"featured_media":0,"parent":16589,"menu_order":6,"comment_status":"closed","ping_status":"closed","template":"el-gordo.php","meta":{"_et_pb_use_builder":"","_et_pb_old_content":"","_et_gb_content_width":"","exclude_from_search":false,"footnotes":""},"class_list":["post-16669","page","type-page","status-publish","hentry"],"yoast_head":"<!-- This site is optimized with the Yoast SEO plugin v23.7 - https:\/\/yoast.com\/wordpress\/plugins\/seo\/ -->\n<title>Spanskt lotteri online<\/title>\n<meta name=\"description\" content=\"Spela nu El Gordo de La Primitiva, en av Spaniens mest k\u00e4nda lotteridragningar med fantastiska priser och jackpottar som kan f\u00f6r\u00e4ndra ditt liv f\u00f6r alltid.\" \/>\n<meta name=\"robots\" content=\"index, follow, max-snippet:-1, max-image-preview:large, max-video-preview:-1\" \/>\n<link rel=\"canonical\" href=\"https:\/\/lottohoy.com\/sv\/spela\/spela-el-gordo-de-la-primitiva\/\" \/>\n<meta property=\"og:locale\" content=\"sv_SE\" \/>\n<meta property=\"og:type\" content=\"article\" \/>\n<meta property=\"og:title\" content=\"Spanskt lotteri online\" \/>\n<meta property=\"og:description\" content=\"Spela nu El Gordo de La Primitiva, en av Spaniens mest k\u00e4nda lotteridragningar med fantastiska priser och jackpottar som kan f\u00f6r\u00e4ndra ditt liv f\u00f6r alltid.\" \/>\n<meta property=\"og:url\" content=\"https:\/\/lottohoy.com\/sv\/spela\/spela-el-gordo-de-la-primitiva\/\" \/>\n<meta property=\"og:site_name\" content=\"Lottohoy\" \/>\n<meta name=\"twitter:card\" content=\"summary_large_image\" \/>\n<meta name=\"twitter:label1\" content=\"Ber\u00e4knad l\u00e4stid\" \/>\n\t<meta name=\"twitter:data1\" content=\"4 minuter\" \/>\n<script type=\"application\/ld+json\" class=\"yoast-schema-graph\">{\"@context\":\"https:\/\/schema.org\",\"@graph\":[{\"@type\":\"WebPage\",\"@id\":\"https:\/\/lottohoy.com\/sv\/spela\/spela-el-gordo-de-la-primitiva\/\",\"url\":\"https:\/\/lottohoy.com\/sv\/spela\/spela-el-gordo-de-la-primitiva\/\",\"name\":\"Spanskt lotteri online\",\"isPartOf\":{\"@id\":\"https:\/\/lottohoy.com\/sv\/#website\"},\"datePublished\":\"2019-02-13T18:44:38+00:00\",\"dateModified\":\"2019-02-13T18:44:38+00:00\",\"description\":\"Spela nu El Gordo de La Primitiva, en av Spaniens mest k\u00e4nda lotteridragningar med fantastiska priser och jackpottar som kan f\u00f6r\u00e4ndra ditt liv f\u00f6r alltid.\",\"breadcrumb\":{\"@id\":\"https:\/\/lottohoy.com\/sv\/spela\/spela-el-gordo-de-la-primitiva\/#breadcrumb\"},\"inLanguage\":\"sv-SE\",\"potentialAction\":[{\"@type\":\"ReadAction\",\"target\":[\"https:\/\/lottohoy.com\/sv\/spela\/spela-el-gordo-de-la-primitiva\/\"]}]},{\"@type\":\"BreadcrumbList\",\"@id\":\"https:\/\/lottohoy.com\/sv\/spela\/spela-el-gordo-de-la-primitiva\/#breadcrumb\",\"itemListElement\":[{\"@type\":\"ListItem\",\"position\":1,\"name\":\"Home\",\"item\":\"https:\/\/lottohoy.com\/sv\/\"},{\"@type\":\"ListItem\",\"position\":2,\"name\":\"Spela lotteri online\",\"item\":\"https:\/\/lottohoy.com\/sv\/spela\/\"},{\"@type\":\"ListItem\",\"position\":3,\"name\":\"Spela El Gordo de la Primitiva\"}]},{\"@type\":\"WebSite\",\"@id\":\"https:\/\/lottohoy.com\/sv\/#website\",\"url\":\"https:\/\/lottohoy.com\/sv\/\",\"name\":\"Lottohoy\",\"description\":\"\",\"potentialAction\":[{\"@type\":\"SearchAction\",\"target\":{\"@type\":\"EntryPoint\",\"urlTemplate\":\"https:\/\/lottohoy.com\/sv\/?s={search_term_string}\"},\"query-input\":{\"@type\":\"PropertyValueSpecification\",\"valueRequired\":true,\"valueName\":\"search_term_string\"}}],\"inLanguage\":\"sv-SE\"}]}<\/script>\n<!-- \/ Yoast SEO plugin. -->","yoast_head_json":{"title":"Spanskt lotteri online","description":"Spela nu El Gordo de La Primitiva, en av Spaniens mest k\u00e4nda lotteridragningar med fantastiska priser och jackpottar som kan f\u00f6r\u00e4ndra ditt liv f\u00f6r alltid.","robots":{"index":"index","follow":"follow","max-snippet":"max-snippet:-1","max-image-preview":"max-image-preview:large","max-video-preview":"max-video-preview:-1"},"canonical":"https:\/\/lottohoy.com\/sv\/spela\/spela-el-gordo-de-la-primitiva\/","og_locale":"sv_SE","og_type":"article","og_title":"Spanskt lotteri online","og_description":"Spela nu El Gordo de La Primitiva, en av Spaniens mest k\u00e4nda lotteridragningar med fantastiska priser och jackpottar som kan f\u00f6r\u00e4ndra ditt liv f\u00f6r alltid.","og_url":"https:\/\/lottohoy.com\/sv\/spela\/spela-el-gordo-de-la-primitiva\/","og_site_name":"Lottohoy","twitter_card":"summary_large_image","twitter_misc":{"Ber\u00e4knad l\u00e4stid":"4 minuter"},"schema":{"@context":"https:\/\/schema.org","@graph":[{"@type":"WebPage","@id":"https:\/\/lottohoy.com\/sv\/spela\/spela-el-gordo-de-la-primitiva\/","url":"https:\/\/lottohoy.com\/sv\/spela\/spela-el-gordo-de-la-primitiva\/","name":"Spanskt lotteri online","isPartOf":{"@id":"https:\/\/lottohoy.com\/sv\/#website"},"datePublished":"2019-02-13T18:44:38+00:00","dateModified":"2019-02-13T18:44:38+00:00","description":"Spela nu El Gordo de La Primitiva, en av Spaniens mest k\u00e4nda lotteridragningar med fantastiska priser och jackpottar som kan f\u00f6r\u00e4ndra ditt liv f\u00f6r alltid.","breadcrumb":{"@id":"https:\/\/lottohoy.com\/sv\/spela\/spela-el-gordo-de-la-primitiva\/#breadcrumb"},"inLanguage":"sv-SE","potentialAction":[{"@type":"ReadAction","target":["https:\/\/lottohoy.com\/sv\/spela\/spela-el-gordo-de-la-primitiva\/"]}]},{"@type":"BreadcrumbList","@id":"https:\/\/lottohoy.com\/sv\/spela\/spela-el-gordo-de-la-primitiva\/#breadcrumb","itemListElement":[{"@type":"ListItem","position":1,"name":"Home","item":"https:\/\/lottohoy.com\/sv\/"},{"@type":"ListItem","position":2,"name":"Spela lotteri online","item":"https:\/\/lottohoy.com\/sv\/spela\/"},{"@type":"ListItem","position":3,"name":"Spela El Gordo de la Primitiva"}]},{"@type":"WebSite","@id":"https:\/\/lottohoy.com\/sv\/#website","url":"https:\/\/lottohoy.com\/sv\/","name":"Lottohoy","description":"","potentialAction":[{"@type":"SearchAction","target":{"@type":"EntryPoint","urlTemplate":"https:\/\/lottohoy.com\/sv\/?s={search_term_string}"},"query-input":{"@type":"PropertyValueSpecification","valueRequired":true,"valueName":"search_term_string"}}],"inLanguage":"sv-SE"}]}},"_links":{"self":[{"href":"https:\/\/lottohoy.com\/sv\/wp-json\/wp\/v2\/pages\/16669","targetHints":{"allow":["GET"]}}],"collection":[{"href":"https:\/\/lottohoy.com\/sv\/wp-json\/wp\/v2\/pages"}],"about":[{"href":"https:\/\/lottohoy.com\/sv\/wp-json\/wp\/v2\/types\/page"}],"author":[{"embeddable":true,"href":"https:\/\/lottohoy.com\/sv\/wp-json\/wp\/v2\/users\/2"}],"replies":[{"embeddable":true,"href":"https:\/\/lottohoy.com\/sv\/wp-json\/wp\/v2\/comments?post=16669"}],"version-history":[{"count":0,"href":"https:\/\/lottohoy.com\/sv\/wp-json\/wp\/v2\/pages\/16669\/revisions"}],"up":[{"embeddable":true,"href":"https:\/\/lottohoy.com\/sv\/wp-json\/wp\/v2\/pages\/16589"}],"wp:attachment":[{"href":"https:\/\/lottohoy.com\/sv\/wp-json\/wp\/v2\/media?parent=16669"}],"curies":[{"name":"wp","href":"https:\/\/api.w.org\/{rel}","templated":true}]}}