{"id":16663,"date":"2018-05-03T14:23:27","date_gmt":"2018-05-03T13:23:27","guid":{"rendered":"https:\/\/lottohoy.com\/spela\/spela-superenalotto\/"},"modified":"2018-05-03T14:23:27","modified_gmt":"2018-05-03T13:23:27","slug":"spela-superenalotto","status":"publish","type":"page","link":"https:\/\/lottohoy.com\/sv\/spela\/spela-superenalotto\/","title":{"rendered":"Spela SuperEnalotto"},"content":{"rendered":"<p>Spelar SuperEnalotto online, \u00e4r v\u00e4ldigt enkelt, du m\u00e5ste bara skapa ett anv\u00e4ndarkonto i LottoHoy f\u00f6r att f\u00e5 tillg\u00e5ng till all information om spel, betalningar, prenumerationer, k\u00f6pta biljetter, statistik etc. P\u00e5 samma sida finns det fem kolumner (biljetter), var och en av dessa fem kolumner har rutor numrerade fr\u00e5n 1 till 90, och du kan fylla s\u00e5 m\u00e5nga du vill. Du beh\u00f6ver bara v\u00e4lja sex nummer f\u00f6r en enkel satsning. Plattformen till\u00e5ter oss att manuellt fylla i dessa rutor eller anv\u00e4nda snabbvalsfunktionen och l\u00e5ta systemet sj\u00e4lv slumpm\u00e4ssigt v\u00e4lja kombinationen av v\u00e5r insats. N\u00e4r valet av nummer har gjorts, g\u00e5 till FORTS\u00c4TT-knappen, och forts\u00e4tt till betalningen. Det \u00e4r s\u00e5 enkelt som det.<\/p>\n<h2><b><strong>SuperEnalotto jackpot<\/strong><\/b><\/h2>\n<p>SuperEnalotto har en minsta garanterad jackpot p\u00e5 \u20ac 2.000.000 (2 miljoner euro). Det kan tyckas vara en liten garanti, men den \u00f6kar snabbt eftersom 60% av de medel som samlas in vid varje dragning tilldelas priser. En av de viktigaste egenskaperna hos detta lotteri \u00e4r att det inte finns n\u00e5got tak p\u00e5 toppriset. Detta, i kombination med det faktum att jackpotten \u00f6kar snabbt, skapa mycket intressanta multimillion\u00e4rjackpottar.<\/p>\n<h2><b><strong>SuperEnalotto prisuppdelning<\/strong><\/b><\/h2>\n<p>SuperEnalotto har olika prisniv\u00e5er, upp till totalt 15, mellan huvudpriserna, Super Star och Instant Win-priserna. Det totala beloppet f\u00f6r de priser som ska delas ut varierar beroende p\u00e5 de insamlade beloppen. H\u00e4r kommer vi att fokusera p\u00e5 de huvudpriser som kan n\u00e5s fr\u00e5n onlineplattformen. Se f\u00f6ljande tabell:<\/p>\n<h2><b><strong>Hur man vinner SuperEnalotto<\/strong><\/b><\/h2>\n<p>Vi har samlat de mest anv\u00e4ndbara knepen och r\u00e5den f\u00f6r att \u00f6ka dina chanser att vinna SuperEnalotto. Det finns ingen magisk strategi, men s\u00e4kert kommer du att bli n\u00f6jd med resultaten av dessa steg:<\/p>\n<ul>\n<li>Balansera j\u00e4mna och udda siffror: Blanda dina nummer mellan j\u00e4mna och udda som bara 3% av de kombinationer som har vunnit var alla j\u00e4mna eller alla udda.<\/li>\n<li>Blanda h\u00f6ga och l\u00e5ga siffror: Fokusera inte bara p\u00e5 l\u00e5ga nummer (som datum), de flesta m\u00e4nniskor g\u00f6r det h\u00e4r.<\/li>\n<li>Spela balanserade nummer: V\u00e4lj dina nummer och summera dem alla tillsammans, resultatet b\u00f6r vara mellan 140 och 240. Cirka 70 procent av tidigare vinnande kombinationer var balanserade.<\/li>\n<li>V\u00e4lj inte p\u00e5 varandra f\u00f6ljande sekvenser av siffror.<\/li>\n<li>Undvik tidigare vinnande sekvenser: Om din kombination har tilldelats nyligen, f\u00f6rs\u00f6k att v\u00e4lja en ny.<\/li>\n<li>Kontrollera de vanligaste siffrorna: Du kan bes\u00f6ka v\u00e5r <a href=\"https:\/\/lottohoy.com\/results\/superenalotto\/\"><b><strong>SuperEnalotto-resultatsida<\/strong><\/b><\/a> f\u00f6r att se vilka nummer som har valts oftare.<\/li>\n<\/ul>\n<h2><b><strong>Vem kan spela SuperEnalotto?<\/strong><\/b><\/h2>\n<p>Spelare, fr\u00e5n hela v\u00e4rlden \u00e4r v\u00e4lkomna att spela SuperEnalotto p\u00e5 LottoHoy. Det finns inget behov av att vara i Italien f\u00f6r att spela i en fysisk butik. Nu kan du k\u00f6pa dina officiella biljetter hos oss. En enkel biljett kostar bara 3,00 euro, s\u00e5 varf\u00f6r inte prova lyckan?<\/p>\n","protected":false},"excerpt":{"rendered":"<p>Spelar SuperEnalotto online, \u00e4r v\u00e4ldigt enkelt, du m\u00e5ste bara skapa ett anv\u00e4ndarkonto i LottoHoy f\u00f6r att f\u00e5 tillg\u00e5ng till all information om spel, betalningar, prenumerationer, k\u00f6pta biljetter, statistik etc. P\u00e5 samma sida finns det fem kolumner (biljetter), var och en av dessa fem kolumner har rutor numrerade fr\u00e5n 1 till 90, och du kan fylla [&hellip;]<\/p>\n","protected":false},"author":2,"featured_media":0,"parent":16589,"menu_order":5,"comment_status":"closed","ping_status":"closed","template":"superenalotto.php","meta":{"_et_pb_use_builder":"","_et_pb_old_content":"","_et_gb_content_width":"","exclude_from_search":false,"footnotes":""},"class_list":["post-16663","page","type-page","status-publish","hentry"],"yoast_head":"<!-- This site is optimized with the Yoast SEO plugin v23.7 - https:\/\/yoast.com\/wordpress\/plugins\/seo\/ -->\n<title>Spela SuperEnalotto online - Italiens st\u00f6rsta lotteri - LottoHoy<\/title>\n<meta name=\"description\" content=\"Att spela Superenalotto kunde inte vara enklare. Registrera dig bara, v\u00e4lj dina favoritnummer och bli n\u00e4sta miljon\u00e4r! ??\" \/>\n<meta name=\"robots\" content=\"index, follow, max-snippet:-1, max-image-preview:large, max-video-preview:-1\" \/>\n<link rel=\"canonical\" href=\"https:\/\/lottohoy.com\/sv\/spela\/spela-superenalotto\/\" \/>\n<meta property=\"og:locale\" content=\"sv_SE\" \/>\n<meta property=\"og:type\" content=\"article\" \/>\n<meta property=\"og:title\" content=\"Spela SuperEnalotto online - Italiens st\u00f6rsta lotteri - LottoHoy\" \/>\n<meta property=\"og:description\" content=\"Att spela Superenalotto kunde inte vara enklare. Registrera dig bara, v\u00e4lj dina favoritnummer och bli n\u00e4sta miljon\u00e4r! ??\" \/>\n<meta property=\"og:url\" content=\"https:\/\/lottohoy.com\/sv\/spela\/spela-superenalotto\/\" \/>\n<meta property=\"og:site_name\" content=\"Lottohoy\" \/>\n<meta name=\"twitter:card\" content=\"summary_large_image\" \/>\n<meta name=\"twitter:label1\" content=\"Ber\u00e4knad l\u00e4stid\" \/>\n\t<meta name=\"twitter:data1\" content=\"2 minuter\" \/>\n<script type=\"application\/ld+json\" class=\"yoast-schema-graph\">{\"@context\":\"https:\/\/schema.org\",\"@graph\":[{\"@type\":\"WebPage\",\"@id\":\"https:\/\/lottohoy.com\/sv\/spela\/spela-superenalotto\/\",\"url\":\"https:\/\/lottohoy.com\/sv\/spela\/spela-superenalotto\/\",\"name\":\"Spela SuperEnalotto online - Italiens st\u00f6rsta lotteri - LottoHoy\",\"isPartOf\":{\"@id\":\"https:\/\/lottohoy.com\/sv\/#website\"},\"datePublished\":\"2018-05-03T13:23:27+00:00\",\"dateModified\":\"2018-05-03T13:23:27+00:00\",\"description\":\"Att spela Superenalotto kunde inte vara enklare. Registrera dig bara, v\u00e4lj dina favoritnummer och bli n\u00e4sta miljon\u00e4r! ??\",\"breadcrumb\":{\"@id\":\"https:\/\/lottohoy.com\/sv\/spela\/spela-superenalotto\/#breadcrumb\"},\"inLanguage\":\"sv-SE\",\"potentialAction\":[{\"@type\":\"ReadAction\",\"target\":[\"https:\/\/lottohoy.com\/sv\/spela\/spela-superenalotto\/\"]}]},{\"@type\":\"BreadcrumbList\",\"@id\":\"https:\/\/lottohoy.com\/sv\/spela\/spela-superenalotto\/#breadcrumb\",\"itemListElement\":[{\"@type\":\"ListItem\",\"position\":1,\"name\":\"Home\",\"item\":\"https:\/\/lottohoy.com\/sv\/\"},{\"@type\":\"ListItem\",\"position\":2,\"name\":\"Spela lotteri online\",\"item\":\"https:\/\/lottohoy.com\/sv\/spela\/\"},{\"@type\":\"ListItem\",\"position\":3,\"name\":\"Spela SuperEnalotto\"}]},{\"@type\":\"WebSite\",\"@id\":\"https:\/\/lottohoy.com\/sv\/#website\",\"url\":\"https:\/\/lottohoy.com\/sv\/\",\"name\":\"Lottohoy\",\"description\":\"\",\"potentialAction\":[{\"@type\":\"SearchAction\",\"target\":{\"@type\":\"EntryPoint\",\"urlTemplate\":\"https:\/\/lottohoy.com\/sv\/?s={search_term_string}\"},\"query-input\":{\"@type\":\"PropertyValueSpecification\",\"valueRequired\":true,\"valueName\":\"search_term_string\"}}],\"inLanguage\":\"sv-SE\"}]}<\/script>\n<!-- \/ Yoast SEO plugin. -->","yoast_head_json":{"title":"Spela SuperEnalotto online - Italiens st\u00f6rsta lotteri - LottoHoy","description":"Att spela Superenalotto kunde inte vara enklare. Registrera dig bara, v\u00e4lj dina favoritnummer och bli n\u00e4sta miljon\u00e4r! ??","robots":{"index":"index","follow":"follow","max-snippet":"max-snippet:-1","max-image-preview":"max-image-preview:large","max-video-preview":"max-video-preview:-1"},"canonical":"https:\/\/lottohoy.com\/sv\/spela\/spela-superenalotto\/","og_locale":"sv_SE","og_type":"article","og_title":"Spela SuperEnalotto online - Italiens st\u00f6rsta lotteri - LottoHoy","og_description":"Att spela Superenalotto kunde inte vara enklare. Registrera dig bara, v\u00e4lj dina favoritnummer och bli n\u00e4sta miljon\u00e4r! ??","og_url":"https:\/\/lottohoy.com\/sv\/spela\/spela-superenalotto\/","og_site_name":"Lottohoy","twitter_card":"summary_large_image","twitter_misc":{"Ber\u00e4knad l\u00e4stid":"2 minuter"},"schema":{"@context":"https:\/\/schema.org","@graph":[{"@type":"WebPage","@id":"https:\/\/lottohoy.com\/sv\/spela\/spela-superenalotto\/","url":"https:\/\/lottohoy.com\/sv\/spela\/spela-superenalotto\/","name":"Spela SuperEnalotto online - Italiens st\u00f6rsta lotteri - LottoHoy","isPartOf":{"@id":"https:\/\/lottohoy.com\/sv\/#website"},"datePublished":"2018-05-03T13:23:27+00:00","dateModified":"2018-05-03T13:23:27+00:00","description":"Att spela Superenalotto kunde inte vara enklare. Registrera dig bara, v\u00e4lj dina favoritnummer och bli n\u00e4sta miljon\u00e4r! ??","breadcrumb":{"@id":"https:\/\/lottohoy.com\/sv\/spela\/spela-superenalotto\/#breadcrumb"},"inLanguage":"sv-SE","potentialAction":[{"@type":"ReadAction","target":["https:\/\/lottohoy.com\/sv\/spela\/spela-superenalotto\/"]}]},{"@type":"BreadcrumbList","@id":"https:\/\/lottohoy.com\/sv\/spela\/spela-superenalotto\/#breadcrumb","itemListElement":[{"@type":"ListItem","position":1,"name":"Home","item":"https:\/\/lottohoy.com\/sv\/"},{"@type":"ListItem","position":2,"name":"Spela lotteri online","item":"https:\/\/lottohoy.com\/sv\/spela\/"},{"@type":"ListItem","position":3,"name":"Spela SuperEnalotto"}]},{"@type":"WebSite","@id":"https:\/\/lottohoy.com\/sv\/#website","url":"https:\/\/lottohoy.com\/sv\/","name":"Lottohoy","description":"","potentialAction":[{"@type":"SearchAction","target":{"@type":"EntryPoint","urlTemplate":"https:\/\/lottohoy.com\/sv\/?s={search_term_string}"},"query-input":{"@type":"PropertyValueSpecification","valueRequired":true,"valueName":"search_term_string"}}],"inLanguage":"sv-SE"}]}},"_links":{"self":[{"href":"https:\/\/lottohoy.com\/sv\/wp-json\/wp\/v2\/pages\/16663","targetHints":{"allow":["GET"]}}],"collection":[{"href":"https:\/\/lottohoy.com\/sv\/wp-json\/wp\/v2\/pages"}],"about":[{"href":"https:\/\/lottohoy.com\/sv\/wp-json\/wp\/v2\/types\/page"}],"author":[{"embeddable":true,"href":"https:\/\/lottohoy.com\/sv\/wp-json\/wp\/v2\/users\/2"}],"replies":[{"embeddable":true,"href":"https:\/\/lottohoy.com\/sv\/wp-json\/wp\/v2\/comments?post=16663"}],"version-history":[{"count":0,"href":"https:\/\/lottohoy.com\/sv\/wp-json\/wp\/v2\/pages\/16663\/revisions"}],"up":[{"embeddable":true,"href":"https:\/\/lottohoy.com\/sv\/wp-json\/wp\/v2\/pages\/16589"}],"wp:attachment":[{"href":"https:\/\/lottohoy.com\/sv\/wp-json\/wp\/v2\/media?parent=16663"}],"curies":[{"name":"wp","href":"https:\/\/api.w.org\/{rel}","templated":true}]}}