{"id":16656,"date":"2018-05-03T14:23:25","date_gmt":"2018-05-03T13:23:25","guid":{"rendered":"https:\/\/lottohoy.com\/?page_id=16656"},"modified":"2025-03-25T09:20:45","modified_gmt":"2025-03-25T09:20:45","slug":"spela-eurojackpot","status":"publish","type":"page","link":"https:\/\/lottohoy.com\/sv\/spela\/spela-eurojackpot\/","title":{"rendered":"Spela Eurojackpot"},"content":{"rendered":"<h2><b><strong>Hur man spelar Eurojackpot?<\/strong><\/b><\/h2>\n<p><b><strong>Eurojackpot-lotteriet<\/strong><\/b> \u00e4r ett av de st\u00f6rsta lotterierna i Europa och \u00e4r ett spel som \u00e4r mycket likt <a href=\"\u201dhttps:\/\/lottohoy.com\/play\/euromillions\/\u201d\"><b><strong>EuroMillions-lotteriet<\/strong><\/b><\/a>. Det best\u00e5r av att v\u00e4lja \u00e5tminstone 5 tal, numrerade fr\u00e5n 1 till 50. P\u00e5 samma s\u00e4tt beh\u00f6vs 2 extra nummer, kallade \u201dsoles\u201d, p\u00e5 den andra delen av lotten, numrerade fr\u00e5n 1 till 12. Ju fler nummer och sulor du tr\u00e4ffar, desto <b><strong>st\u00f6rre blir priset du vinner<\/strong><\/b>. Det f\u00f6rsta kategoripriset tilldelas biljetten med fem nummer och tv\u00e5 sulor (<a href=\"https:\/\/lottohoy.com\/jackpots\/\"><b><strong>jackpottpriset<\/strong><\/b><\/a>), och sedan finns det andra 11 kategorier av underordnade priser. <b><strong>Eurojackpot<\/strong><\/b> \u00e4r ett europeiskt lotteri som spelas av 18 deltagande l\u00e4nder: Tyskland, Kroatien, Danmark, Slovakien, Slovenien, Spanien, Estland, Finland, Ungern, Italien, Island, Litauen, Lettland, Norge, Nederl\u00e4nderna, Polen, Tjeckien och Sverige. Och nu kan alla lotterispelare spela hemifr\u00e5n.<\/p>\n<h2><b><strong>Hur mycket kostar Eurojackpot-biljetter?<\/strong><\/b><\/h2>\n<p>Du kan k\u00f6pa biljetter till <b><strong>online-spel Eurojackpot online<\/strong><\/b> fr\u00e5n ett startpris p\u00e5 <b><strong>3,95 \u20ac<\/strong><\/b> per biljett. P\u00e5 LottoHoy erbjuder vi det b\u00e4sta priset internetpriset f\u00f6r att spela p\u00e5 den s\u00e4kraste plattformen. <a href=\"https:\/\/lottohoy.com\/signup\/\"><b><strong>\u00d6ppna ditt konto<\/strong><\/b><\/a> nu och b\u00f6rja k\u00f6pa officiella lotter och spela Eurojackpot.<\/p>\n<h2><b><strong>Hur man vinner p\u00e5 Eurojackpot<\/strong><\/b><\/h2>\n<p>Det finns ingen strategi som kan garantera att du blir n\u00e4sta Eurojackpot-vinnare. Med det sagt kan du f\u00f6lja n\u00e5gra enkla r\u00e5d som \u00f6kar dina odds f\u00f6r att vinna och tr\u00e4ffa n\u00e5gon av prisniv\u00e5erna:<\/p>\n<ul>\n<li style=\"list-style-type: none;\">\n<ul>\n<li><b><strong>Blanda udda och j\u00e4mna siffror<\/strong><\/b>: Alla j\u00e4mna eller alla udda nummerkombinationer dras s\u00e4llan, statistiskt mindre \u00e4n 3%.<\/li>\n<\/ul>\n<\/li>\n<\/ul>\n<ul>\n<li style=\"list-style-type: none;\">\n<ul>\n<li><b><strong>Lotteri nummer grupper<\/strong><\/b>: Undvik att v\u00e4lja alla nummer som tillh\u00f6r samma grupp (20-talet, 30-talet &#8230;). Du kan till och med kontrollera med den grupp som har dragits oftare.<\/li>\n<\/ul>\n<\/li>\n<\/ul>\n<ul>\n<li style=\"list-style-type: none;\">\n<ul>\n<li>Kontrollera de <b><strong>vanligaste siffrorna<\/strong><\/b>: Du kan kolla v\u00e5r <a href=\"https:\/\/lottohoy.com\/results\/eurojackpot\/\"><b><strong>resultatsida f\u00f6r Eurojackpot<\/strong><\/b><\/a> och ta ut listan \u00f6ver de nummer som har valts oftare.<\/li>\n<li><b><strong>Summan av dina nummer<\/strong><\/b>: N\u00e4r du har valt dina fem nummer ska du se till att l\u00e4gga ihop dem och att summan av dem alla \u00e4r mellan 90 och 160. Sjuttio procent av de vinnande kombinationerna faller inom det intervallet.<\/li>\n<\/ul>\n<\/li>\n<\/ul>\n<ul>\n<li style=\"list-style-type: none;\">\n<ul>\n<li><b><strong>Blanda h\u00f6ga och l\u00e5ga nummer<\/strong><\/b>: Sextiofyra procent av de vinnande kombinationerna har en blandning mellan tv\u00e5 l\u00e5ga nummer och tre h\u00f6ga nummer, eller vice versa<\/li>\n<li>Leta efter de vanligaste konsekutiva och de vanligaste okonsekutiva kombinationerna.<\/li>\n<li><\/li>\n<\/ul>\n<\/li>\n<\/ul>\n<h2><b><strong>Spela Eurojackpot online<\/strong><\/b><\/h2>\n<p>Att <b><strong>satsa i Eurojackpot-dragningen<\/strong><\/b> \u00e4r mycket enkelt. Du beh\u00f6ver bara v\u00e4lja dina fem favoritnummer mellan 1 och 50, och de andra tv\u00e5 numren mellan 1 och 12 (kallas \u201dsoles\u201d). P\u00e5 <a href=\"https:\/\/lottohoy.com\/play\/eurojackpot\/\"><b><strong>sidan spela Eurojackpot<\/strong><\/b><\/a>, vi har fem inledande kolumner per rad (kan ut\u00f6kas till \u00e5tta, genom alternativet FLER LINJER).<\/p>\n<p>Niv\u00e5 #x + x Pris aprox<\/p>\n<p>I 5+2 Jackpot<\/p>\n<p>II 5+1 811.146 EURO<\/p>\n<p>III 5+0 150,558 EURO<\/p>\n<p>IV 4+2 4.733 \u20ac.<\/p>\n<p>V 4+1 249\u20ac<\/p>\n<p>VI 4+0 111 EURO<\/p>\n<p>VII 3+2 61 EURO<\/p>\n<p>VIII 2+2 22 EURO<\/p>\n<p>IX 3+1 18 EURO<\/p>\n<p>X 3+0 15\u20ac<\/p>\n<p>XI 1+2 10 EURO<\/p>\n<p>XII 2+1 8 EURO<\/p>\n<p>Du kan v\u00e4lja numren i din kombination <b><strong>manuellt eller l\u00e5ta systemet v\u00e4lja dem slumpm\u00e4ssigt<\/strong><\/b> med hj\u00e4lp av den snabbfunktion som vi har utvecklat. Om du bara v\u00e4ljer en kolumn spelar du ett enda spel, s\u00e5 kom ih\u00e5g att spela s\u00e5 m\u00e5nga kolumner som du vill. Nu kan du ocks\u00e5 v\u00e4lja hur m\u00e5nga dragningar du vill spela, fr\u00e5n 1 dragning upp till 16, s\u00e5 att du inte missar n\u00e5gon chans att vinna en av de st\u00f6rsta jackpottarna i de europeiska lotterierna. N\u00e4r du har valt den eller de kolumner som du vill delta i, beh\u00f6ver du bara <b><strong>klicka p\u00e5 forts\u00e4tt<\/strong><\/b> och forts\u00e4tta att betala f\u00f6r dina Eurojackpot-biljetter.<\/p>\n<h3>Flera satsningar p\u00e5 Eurojackpot<\/h3>\n<p>En skillnad fr\u00e5n den enkla insatsen d\u00e4r 5 + 2 nummer markeras i var och en av kolumnerna eller biljetterna d\u00e4r du vill spela, i multipelinsatsen kommer endast den f\u00f6rsta kolumnen p\u00e5 biljetten att anv\u00e4ndas, och 5, 6, 7, 8, 9 eller 10 nummer kommer att markeras i rutorna mellan 1 och 50 i huvudmatrisen. Du kan ocks\u00e5 markera 2, 3, 4 eller 5 siffror i den f\u00f6rsta kolumnen men fr\u00e5n den sekund\u00e4ra matrisen, solarna. F\u00f6ljande tabell visar de m\u00f6jliga kombinationerna och de totala insatserna som utg\u00f6r varje kombination av siffror och solar.<\/p>\n<p>Stj\u00e4rnor Siffror<\/p>\n<p>5 6 7 8 9 10<\/p>\n<p>2 &#8211; 6 21 56 126 252<\/p>\n<p>3 3 18 63 168 378 756<\/p>\n<p>4 6 36 126 336 756 1.512<\/p>\n<p>5 10 60 210 560 1.260 2.520<\/p>\n<h1><b><strong>Eurojackpot jackpottar<\/strong><\/b><\/h1>\n<p>Eurojackpot-lotterispelet fastst\u00e4ller en minsta jackpot p\u00e5 10 miljoner euro f\u00f6r utbetalning av f\u00f6rstklassiga priser. P\u00e5 samma s\u00e4tt anger f\u00f6rordningarna att priset f\u00f6r f\u00f6rsta kategorin med ackumulerade jackpottar inte f\u00e5r \u00f6verstiga 120 miljoner euro. Om detta belopp \u00f6verskrids i en dragning, det \u00f6verskridna beloppet kommer att anv\u00e4ndas f\u00f6r att \u00f6ka priset till den andra kategorin av priser. Om det i 12 p\u00e5 varandra f\u00f6ljande dragningar inte finns n\u00e5gon f\u00f6rstklassig vinnare, i n\u00e4sta dragning kommer den totala jackpotten som ackumulerats fram till det datumet att delas ut p\u00e5 obligatorisk basis. Den f\u00f6rsta Eurojackpot-jackpotten vanns av en tysk medborgare den 11 maj 2012, tar hem det snygga beloppet p\u00e5 19,2 miljoner euro.<\/p>\n<p>* Fredagen den 6 december 2024 120 000 000 euro * Tisdagen den 4 juni 2024 120 000 000 euro * Tisdagen den 23 april 2024 120 000 000 euro * Tisdagen den 16 januari 2024 120 000 000 euro * Fredagen den 23 juni 2023 120 000 000 euro * Tisdagen den 8 november 2022 120 000 000 euro * Fredagen den 22 juli 2022 120 000 000 euro * Fredagen den 13 augusti 2021 90 000 000 euro<\/p>\n<p>Nedan f\u00f6ljer n\u00e5gra av de st\u00f6rsta lotterijackpottarna som tilldelats fr\u00e5n Eurojackpot:Och \u00e4ven spelare fr\u00e5n Argentina, Brasilien, Chile, Costa Rica, El Salvador, Honduras, Panama, Paraguay, Peru, Uruguay, Venezuela &#8230; \u00e4r redan en del av LottoHoy.com-familjen. V\u00e5ra tj\u00e4nster \u00e4r tillg\u00e4ngliga f\u00f6r spelare i Latinamerika, f\u00f6r att erbjuda dem m\u00f6jligheten att delta i olika v\u00e4rldslotterier, och \u00e4ven Eurojackpot-lotteriet. Nu kan du g\u00f6ra dina biljettk\u00f6p och spela online i Eurojackpot-lotteriet, vara en av vinnarna, och f\u00e5 miljoner euro med jackpottpriset.<\/p>\n","protected":false},"excerpt":{"rendered":"<p>Hur man spelar Eurojackpot? Eurojackpot-lotteriet \u00e4r ett av de st\u00f6rsta lotterierna i Europa och \u00e4r ett spel som \u00e4r mycket likt EuroMillions-lotteriet. Det best\u00e5r av att v\u00e4lja \u00e5tminstone 5 tal, numrerade fr\u00e5n 1 till 50. P\u00e5 samma s\u00e4tt beh\u00f6vs 2 extra nummer, kallade \u201dsoles\u201d, p\u00e5 den andra delen av lotten, numrerade fr\u00e5n 1 till 12. [&hellip;]<\/p>\n","protected":false},"author":7,"featured_media":0,"parent":16589,"menu_order":4,"comment_status":"closed","ping_status":"closed","template":"eurojackpot.php","meta":{"_et_pb_use_builder":"","_et_pb_old_content":"","_et_gb_content_width":"","exclude_from_search":false,"footnotes":""},"class_list":["post-16656","page","type-page","status-publish","hentry"],"yoast_head":"<!-- This site is optimized with the Yoast SEO plugin v23.7 - https:\/\/yoast.com\/wordpress\/plugins\/seo\/ -->\n<title>Eurojackpot - Spela Eurojackpot online - Enkelt och snabbt!<\/title>\n<meta name=\"description\" content=\"V\u00e4lj minst 5 nummer och tv\u00e5 \u201dsoles\u201d och f\u00e5 din biljett till n\u00e4sta Eurojackpor-dragning. Du kan vinna fantastiska priser!\" \/>\n<meta name=\"robots\" content=\"index, follow, max-snippet:-1, max-image-preview:large, max-video-preview:-1\" \/>\n<link rel=\"canonical\" href=\"https:\/\/lottohoy.com\/sv\/spela\/spela-eurojackpot\/\" \/>\n<meta property=\"og:locale\" content=\"sv_SE\" \/>\n<meta property=\"og:type\" content=\"article\" \/>\n<meta property=\"og:title\" content=\"Eurojackpot - Spela Eurojackpot online - Enkelt och snabbt!\" \/>\n<meta property=\"og:description\" content=\"V\u00e4lj minst 5 nummer och tv\u00e5 \u201dsoles\u201d och f\u00e5 din biljett till n\u00e4sta Eurojackpor-dragning. Du kan vinna fantastiska priser!\" \/>\n<meta property=\"og:url\" content=\"https:\/\/lottohoy.com\/sv\/spela\/spela-eurojackpot\/\" \/>\n<meta property=\"og:site_name\" content=\"Lottohoy\" \/>\n<meta property=\"article:modified_time\" content=\"2025-03-25T09:20:45+00:00\" \/>\n<meta name=\"twitter:card\" content=\"summary_large_image\" \/>\n<meta name=\"twitter:label1\" content=\"Ber\u00e4knad l\u00e4stid\" \/>\n\t<meta name=\"twitter:data1\" content=\"5 minuter\" \/>\n<script type=\"application\/ld+json\" class=\"yoast-schema-graph\">{\"@context\":\"https:\/\/schema.org\",\"@graph\":[{\"@type\":\"WebPage\",\"@id\":\"https:\/\/lottohoy.com\/sv\/spela\/spela-eurojackpot\/\",\"url\":\"https:\/\/lottohoy.com\/sv\/spela\/spela-eurojackpot\/\",\"name\":\"Eurojackpot - Spela Eurojackpot online - Enkelt och snabbt!\",\"isPartOf\":{\"@id\":\"https:\/\/lottohoy.com\/sv\/#website\"},\"datePublished\":\"2018-05-03T13:23:25+00:00\",\"dateModified\":\"2025-03-25T09:20:45+00:00\",\"description\":\"V\u00e4lj minst 5 nummer och tv\u00e5 \u201dsoles\u201d och f\u00e5 din biljett till n\u00e4sta Eurojackpor-dragning. Du kan vinna fantastiska priser!\",\"breadcrumb\":{\"@id\":\"https:\/\/lottohoy.com\/sv\/spela\/spela-eurojackpot\/#breadcrumb\"},\"inLanguage\":\"sv-SE\",\"potentialAction\":[{\"@type\":\"ReadAction\",\"target\":[\"https:\/\/lottohoy.com\/sv\/spela\/spela-eurojackpot\/\"]}]},{\"@type\":\"BreadcrumbList\",\"@id\":\"https:\/\/lottohoy.com\/sv\/spela\/spela-eurojackpot\/#breadcrumb\",\"itemListElement\":[{\"@type\":\"ListItem\",\"position\":1,\"name\":\"Home\",\"item\":\"https:\/\/lottohoy.com\/sv\/\"},{\"@type\":\"ListItem\",\"position\":2,\"name\":\"Spela lotteri online\",\"item\":\"https:\/\/lottohoy.com\/sv\/spela\/\"},{\"@type\":\"ListItem\",\"position\":3,\"name\":\"Spela Eurojackpot\"}]},{\"@type\":\"WebSite\",\"@id\":\"https:\/\/lottohoy.com\/sv\/#website\",\"url\":\"https:\/\/lottohoy.com\/sv\/\",\"name\":\"Lottohoy\",\"description\":\"\",\"potentialAction\":[{\"@type\":\"SearchAction\",\"target\":{\"@type\":\"EntryPoint\",\"urlTemplate\":\"https:\/\/lottohoy.com\/sv\/?s={search_term_string}\"},\"query-input\":{\"@type\":\"PropertyValueSpecification\",\"valueRequired\":true,\"valueName\":\"search_term_string\"}}],\"inLanguage\":\"sv-SE\"}]}<\/script>\n<!-- \/ Yoast SEO plugin. -->","yoast_head_json":{"title":"Eurojackpot - Spela Eurojackpot online - Enkelt och snabbt!","description":"V\u00e4lj minst 5 nummer och tv\u00e5 \u201dsoles\u201d och f\u00e5 din biljett till n\u00e4sta Eurojackpor-dragning. Du kan vinna fantastiska priser!","robots":{"index":"index","follow":"follow","max-snippet":"max-snippet:-1","max-image-preview":"max-image-preview:large","max-video-preview":"max-video-preview:-1"},"canonical":"https:\/\/lottohoy.com\/sv\/spela\/spela-eurojackpot\/","og_locale":"sv_SE","og_type":"article","og_title":"Eurojackpot - Spela Eurojackpot online - Enkelt och snabbt!","og_description":"V\u00e4lj minst 5 nummer och tv\u00e5 \u201dsoles\u201d och f\u00e5 din biljett till n\u00e4sta Eurojackpor-dragning. Du kan vinna fantastiska priser!","og_url":"https:\/\/lottohoy.com\/sv\/spela\/spela-eurojackpot\/","og_site_name":"Lottohoy","article_modified_time":"2025-03-25T09:20:45+00:00","twitter_card":"summary_large_image","twitter_misc":{"Ber\u00e4knad l\u00e4stid":"5 minuter"},"schema":{"@context":"https:\/\/schema.org","@graph":[{"@type":"WebPage","@id":"https:\/\/lottohoy.com\/sv\/spela\/spela-eurojackpot\/","url":"https:\/\/lottohoy.com\/sv\/spela\/spela-eurojackpot\/","name":"Eurojackpot - Spela Eurojackpot online - Enkelt och snabbt!","isPartOf":{"@id":"https:\/\/lottohoy.com\/sv\/#website"},"datePublished":"2018-05-03T13:23:25+00:00","dateModified":"2025-03-25T09:20:45+00:00","description":"V\u00e4lj minst 5 nummer och tv\u00e5 \u201dsoles\u201d och f\u00e5 din biljett till n\u00e4sta Eurojackpor-dragning. Du kan vinna fantastiska priser!","breadcrumb":{"@id":"https:\/\/lottohoy.com\/sv\/spela\/spela-eurojackpot\/#breadcrumb"},"inLanguage":"sv-SE","potentialAction":[{"@type":"ReadAction","target":["https:\/\/lottohoy.com\/sv\/spela\/spela-eurojackpot\/"]}]},{"@type":"BreadcrumbList","@id":"https:\/\/lottohoy.com\/sv\/spela\/spela-eurojackpot\/#breadcrumb","itemListElement":[{"@type":"ListItem","position":1,"name":"Home","item":"https:\/\/lottohoy.com\/sv\/"},{"@type":"ListItem","position":2,"name":"Spela lotteri online","item":"https:\/\/lottohoy.com\/sv\/spela\/"},{"@type":"ListItem","position":3,"name":"Spela Eurojackpot"}]},{"@type":"WebSite","@id":"https:\/\/lottohoy.com\/sv\/#website","url":"https:\/\/lottohoy.com\/sv\/","name":"Lottohoy","description":"","potentialAction":[{"@type":"SearchAction","target":{"@type":"EntryPoint","urlTemplate":"https:\/\/lottohoy.com\/sv\/?s={search_term_string}"},"query-input":{"@type":"PropertyValueSpecification","valueRequired":true,"valueName":"search_term_string"}}],"inLanguage":"sv-SE"}]}},"_links":{"self":[{"href":"https:\/\/lottohoy.com\/sv\/wp-json\/wp\/v2\/pages\/16656","targetHints":{"allow":["GET"]}}],"collection":[{"href":"https:\/\/lottohoy.com\/sv\/wp-json\/wp\/v2\/pages"}],"about":[{"href":"https:\/\/lottohoy.com\/sv\/wp-json\/wp\/v2\/types\/page"}],"author":[{"embeddable":true,"href":"https:\/\/lottohoy.com\/sv\/wp-json\/wp\/v2\/users\/7"}],"replies":[{"embeddable":true,"href":"https:\/\/lottohoy.com\/sv\/wp-json\/wp\/v2\/comments?post=16656"}],"version-history":[{"count":1,"href":"https:\/\/lottohoy.com\/sv\/wp-json\/wp\/v2\/pages\/16656\/revisions"}],"predecessor-version":[{"id":16657,"href":"https:\/\/lottohoy.com\/sv\/wp-json\/wp\/v2\/pages\/16656\/revisions\/16657"}],"up":[{"embeddable":true,"href":"https:\/\/lottohoy.com\/sv\/wp-json\/wp\/v2\/pages\/16589"}],"wp:attachment":[{"href":"https:\/\/lottohoy.com\/sv\/wp-json\/wp\/v2\/media?parent=16656"}],"curies":[{"name":"wp","href":"https:\/\/api.w.org\/{rel}","templated":true}]}}